{"id":10277,"date":"2025-09-09T07:27:01","date_gmt":"2025-09-09T07:27:01","guid":{"rendered":"https:\/\/www.cdcargo.cz\/projekte\/cef-2-2024\/"},"modified":"2025-09-10T07:57:49","modified_gmt":"2025-09-10T07:57:49","slug":"cef-2-2024","status":"publish","type":"page","link":"https:\/\/www.cdcargo.cz\/de\/projekte\/cef-2-2024\/","title":{"rendered":"CEF 2 2024"},"content":{"rendered":"\t\t<div data-elementor-type=\"wp-page\" data-elementor-id=\"10277\" class=\"elementor elementor-10277 elementor-10250\" data-elementor-post-type=\"page\">\n\t\t\t\t<div data-particle_enable=\"false\" data-particle-mobile-disabled=\"false\" class=\"elementor-element elementor-element-b4fbe20 e-flex e-con-boxed e-con e-parent\" data-id=\"b4fbe20\" data-element_type=\"container\" data-e-type=\"container\" data-settings=\"{&quot;background_background&quot;:&quot;classic&quot;}\">\n\t\t\t\t\t<div class=\"e-con-inner\">\n\t\t\t\t<div class=\"elementor-element elementor-element-c610d40 elementor-widget elementor-widget-heading\" data-id=\"c610d40\" data-element_type=\"widget\" data-e-type=\"widget\" data-widget_type=\"heading.default\">\n\t\t\t\t<div class=\"elementor-widget-container\">\n\t\t\t\t\t<h1 class=\"elementor-heading-title elementor-size-default\">Projekte<\/h1>\t\t\t\t<\/div>\n\t\t\t\t<\/div>\n\t\t\t\t<div class=\"elementor-element elementor-element-3d5746e no-icon elementor-widget elementor-widget-heading\" data-id=\"3d5746e\" data-element_type=\"widget\" data-e-type=\"widget\" data-widget_type=\"heading.default\">\n\t\t\t\t<div class=\"elementor-widget-container\">\n\t\t\t\t\t<h2 class=\"elementor-heading-title elementor-size-default\">CEF 2 2024<\/h2>\t\t\t\t<\/div>\n\t\t\t\t<\/div>\n\t\t\t\t<div class=\"elementor-element elementor-element-157ba8f elementor-widget__width-initial elementor-widget elementor-widget-text-editor\" data-id=\"157ba8f\" data-element_type=\"widget\" data-e-type=\"widget\" data-widget_type=\"text-editor.default\">\n\t\t\t\t<div class=\"elementor-widget-container\">\n\t\t\t\t\t\t\t\t\t<p>Die \u010cD Cargo hat im Rahmen des Programms Connecting Europe Facility (CEF) Transport bedeutende Erfolge erzielt. Sie war mit zwei Projekten zur Modernisierung des Fuhrparks erfolgreich, die aus den EU-Fonds gef\u00f6rdert werden. Dank dieser Unterst\u00fctzung gelingt es, fast 80 Lokomotiven mit dem modernen Zugsicherungssystem ETCS (European Train Control System) auszustatten.  <\/p><p>Diese Investitionen werden die Sicherheit des Eisenbahnverkehrs erh\u00f6hen, die Wettbewerbsf\u00e4higkeit der \u010cD Cargo st\u00e4rken und zu einer besseren Verkn\u00fcpfung der europ\u00e4ischen Eisenbahnnetze beitragen.<\/p>\t\t\t\t\t\t\t\t<\/div>\n\t\t\t\t<\/div>\n\t\t\t\t\t<\/div>\n\t\t\t\t<\/div>\n\t\t<div data-particle_enable=\"false\" data-particle-mobile-disabled=\"false\" class=\"elementor-element elementor-element-ef44a59 e-flex e-con-boxed e-con e-parent\" data-id=\"ef44a59\" data-element_type=\"container\" data-e-type=\"container\">\n\t\t\t\t\t<div class=\"e-con-inner\">\n\t\t\t\t<div class=\"elementor-element elementor-element-a77d191 elementor-widget elementor-widget-heading\" data-id=\"a77d191\" data-element_type=\"widget\" data-e-type=\"widget\" data-widget_type=\"heading.default\">\n\t\t\t\t<div class=\"elementor-widget-container\">\n\t\t\t\t\t<h4 class=\"elementor-heading-title elementor-size-default\">Beschreibung des Programms<\/h4>\t\t\t\t<\/div>\n\t\t\t\t<\/div>\n\t\t\t\t<div class=\"elementor-element elementor-element-0c722cf elementor-widget elementor-widget-text-editor\" data-id=\"0c722cf\" data-element_type=\"widget\" data-e-type=\"widget\" data-widget_type=\"text-editor.default\">\n\t\t\t\t<div class=\"elementor-widget-container\">\n\t\t\t\t\t\t\t\t\t<p>Das Programm CEF Transport zielt darauf ab, finanzielle Unterst\u00fctzung der Europ\u00e4ischen Union f\u00fcr die Entwicklung der transeurop\u00e4ischen Netze bereitzustellen, indem Projekte von gemeinsamem Interesse in den Bereichen Verkehr, Telekommunikation und Energieinfrastruktur unterst\u00fctzt und potenzielle Synergien zwischen diesen Branchen genutzt werden.<\/p><p>Das Programm CEF im Bereich Verkehr konzentriert sich auf die Unterst\u00fctzung von Investitionen in den Bau der neuen Verkehrsinfrastruktur sowie auf die Sanierung und Modernisierung der bestehenden Infrastruktur. Dabei legt es das Gewicht auf die grenz\u00fcberschreitenden Abschnitte, die Beseitigung von Engp\u00e4ssen und fehlenden Teilen des TEN-T-Kernnetzes und des Globalnetzes sowie auf die Gew\u00e4hrleistung einer sicheren Infrastruktur. Ferner ist es auch m\u00f6glich, die Unterst\u00fctzung f\u00fcr die Anpassung des TEN-T-Netzes an milit\u00e4rische Mobilit\u00e4tsanforderungen zu erhalten.  <\/p><p>Das Programm CEF wird von der Europ\u00e4ischen Exekutivagentur f\u00fcr Klima, Infrastruktur und Umwelt (nachfolgend als \u201eCINEA&#8220;) mit Sitz in Br\u00fcssel verwaltet. CINEA verwaltet Programme der Europ\u00e4ischen Kommission, die zur Dekarbonisierung und zum nachhaltigen Wachstum beitragen. <\/p>\t\t\t\t\t\t\t\t<\/div>\n\t\t\t\t<\/div>\n\t\t\t\t<div class=\"elementor-element elementor-element-c19d4a8 elementor-widget elementor-widget-heading\" data-id=\"c19d4a8\" data-element_type=\"widget\" data-e-type=\"widget\" data-widget_type=\"heading.default\">\n\t\t\t\t<div class=\"elementor-widget-container\">\n\t\t\t\t\t<h3 class=\"elementor-heading-title elementor-size-default\">Projekt zur Implementierung von 50 ETCS L2B3-Fahrzeugger\u00e4ten auf ausgew\u00e4hlten Triebfahrzeugen im Rahmen von CEF 2 2024 <\/h3>\t\t\t\t<\/div>\n\t\t\t\t<\/div>\n\t\t\t\t<div class=\"elementor-element elementor-element-7396da9 elementor-widget elementor-widget-text-editor\" data-id=\"7396da9\" data-element_type=\"widget\" data-e-type=\"widget\" data-widget_type=\"text-editor.default\">\n\t\t\t\t<div class=\"elementor-widget-container\">\n\t\t\t\t\t\t\t\t\t<p><strong>\u00d6ffentliches F\u00f6rderprogramm:<\/strong> Connecting Europe Facility Transport (nachfolgend als \u201eCEF\u201c)<\/p><p><strong>Titel der Aufforderung:<\/strong> CEF-T-2024-SIMOBCOEN-ERTMS-UNITS<\/p><p><strong>Name des Projekts:<\/strong> Implementation of the ETCS on-board units L2B3 into selected traction vehicles of CD Cargo, a.s. (nachfolgend nur \u201eProjekt\u201c)<\/p><p><strong>Projekt-Reg.-Nr. <\/strong>  101232883<\/p>\t\t\t\t\t\t\t\t<\/div>\n\t\t\t\t<\/div>\n\t\t\t\t<div class=\"elementor-element elementor-element-f6f4374 elementor-widget elementor-widget-image\" data-id=\"f6f4374\" data-element_type=\"widget\" data-e-type=\"widget\" data-widget_type=\"image.default\">\n\t\t\t\t<div class=\"elementor-widget-container\">\n\t\t\t\t\t\t\t\t\t\t\t\t\t\t\t<img fetchpriority=\"high\" decoding=\"async\" width=\"1387\" height=\"326\" src=\"https:\/\/www.cdcargo.cz\/wp-content\/uploads\/2025\/07\/CEF_2_2021.webp\" class=\"attachment-2048x2048 size-2048x2048 wp-image-2012\" alt=\"\" \/>\t\t\t\t\t\t\t\t\t\t\t\t\t\t\t<\/div>\n\t\t\t\t<\/div>\n\t\t\t\t<div class=\"elementor-element elementor-element-e980df2 elementor-widget elementor-widget-heading\" data-id=\"e980df2\" data-element_type=\"widget\" data-e-type=\"widget\" data-widget_type=\"heading.default\">\n\t\t\t\t<div class=\"elementor-widget-container\">\n\t\t\t\t\t<h4 class=\"elementor-heading-title elementor-size-default\">Beschreibung des Projekts<\/h4>\t\t\t\t<\/div>\n\t\t\t\t<\/div>\n\t\t\t\t<div class=\"elementor-element elementor-element-f72d189 elementor-widget elementor-widget-text-editor\" data-id=\"f72d189\" data-element_type=\"widget\" data-e-type=\"widget\" data-widget_type=\"text-editor.default\">\n\t\t\t\t<div class=\"elementor-widget-container\">\n\t\t\t\t\t\t\t\t\t<p>Das Ziel des Projekts ist es, bis zu 50 Triebfahrzeuge mit ETCS-Fahrzeugger\u00e4ten auszustatten, die dem Level 2 Baseline 3 entsprechen.<\/p><p>Das Projekt ist in 2 Arbeitspakete unterteilt:<\/p><ol><li>Projektleitung<\/li><li>Nachr\u00fcstung (Retrofitting) \u2013 serienm\u00e4\u00dfige Implementierung von ETCS auf bis zu 50 Triebfahrzeugen der Baureihe 742.7<\/li><\/ol><p><br>Die einzelnen Arbeitspakete gew\u00e4hrleisten eine gr\u00fcndliche Planung und eine kontinuierliche \u00dcberwachung der durchgef\u00fchrten T\u00e4tigkeiten. Einen Bestandteil der Leitung bilden auch die fr\u00fchzeitige und entsprechende Identifizierung und Abschw\u00e4chung von Risiken, und zwar sowohl aus technischer als auch aus gesch\u00e4ftlicher Sicht des Projekts. <\/p><p>Die maximale finanzielle Unterst\u00fctzung f\u00fcr die Projektfinanzierung wird in Form eines festen Einheitsbeitrags festgelegt. Der Beitrag bel\u00e4uft sich auf 190 000 \u20ac pro Serienlokomotive. Die Umr\u00fcstung wird bis zu 50 Serienlokomotiven der Baureihe 742.7 betreffen.  <\/p><p>Dieses Projekt wird dazu beitragen, die Einf\u00fchrung des Europ\u00e4ischen Zugbeeinflussungssystems ETCS in den Triebfahrzeugen der \u010cD Cargo zu beschleunigen und die Betriebsbereitschaft ausschlie\u00dflich unter ihrer Aufsicht zu erreichen. Gleichzeitig kommt es zur Erh\u00f6hung der Sicherheit des Eisenbahnverkehrs und zur Verbesserung der Interoperabilit\u00e4t, was zu einem effizienteren und einheitlicheren Eisenbahnraum nicht nur in der Tschechischen Republik beitragen wird. <\/p><p>Die Durchf\u00fchrung des Projekts begann am 30. 1. 2025 mit der voraussichtlichen Fertigstellung bis 29. 1. 2029.<\/p>\t\t\t\t\t\t\t\t<\/div>\n\t\t\t\t<\/div>\n\t\t\t\t<div class=\"elementor-element elementor-element-f7fba75 elementor-widget elementor-widget-heading\" data-id=\"f7fba75\" data-element_type=\"widget\" data-e-type=\"widget\" data-widget_type=\"heading.default\">\n\t\t\t\t<div class=\"elementor-widget-container\">\n\t\t\t\t\t<h3 class=\"elementor-heading-title elementor-size-default\">Projekt f\u00fcr die Lieferung und den Einbau von ETCS-Fahrzeugger\u00e4ten in 26 Lokomotiven im Rahmen des Programms CEF 2 2024<\/h3>\t\t\t\t<\/div>\n\t\t\t\t<\/div>\n\t\t\t\t<div class=\"elementor-element elementor-element-21f8dee elementor-widget elementor-widget-text-editor\" data-id=\"21f8dee\" data-element_type=\"widget\" data-e-type=\"widget\" data-widget_type=\"text-editor.default\">\n\t\t\t\t<div class=\"elementor-widget-container\">\n\t\t\t\t\t\t\t\t\t<p><strong>\u00d6ffentliches F\u00f6rderprogramm:<\/strong> Connecting Europe Facility Transport (nachfolgend als \u201eCEF\u201c)<\/p><p><strong>Titel der Aufforderung:<\/strong> CEF-T-2024-SIMOBCOEN-ERTMS-UNITS<\/p><p><strong>Name des Projekts:<\/strong> Delivery and installation of the ETCS on-board units L2B3 into selected traction vehicles of CD Cargo, a.s. (nachfolgend nur \u201eProjekt\u201c)<\/p><p><strong>Projekt-Reg.-Nr.:  <\/strong>101232885<\/p>\t\t\t\t\t\t\t\t<\/div>\n\t\t\t\t<\/div>\n\t\t\t\t<div class=\"elementor-element elementor-element-e3c8104 elementor-widget elementor-widget-image\" data-id=\"e3c8104\" data-element_type=\"widget\" data-e-type=\"widget\" data-widget_type=\"image.default\">\n\t\t\t\t<div class=\"elementor-widget-container\">\n\t\t\t\t\t\t\t\t\t\t\t\t\t\t\t<img fetchpriority=\"high\" decoding=\"async\" width=\"1387\" height=\"326\" src=\"https:\/\/www.cdcargo.cz\/wp-content\/uploads\/2025\/07\/CEF_2_2021.webp\" class=\"attachment-2048x2048 size-2048x2048 wp-image-2012\" alt=\"\" \/>\t\t\t\t\t\t\t\t\t\t\t\t\t\t\t<\/div>\n\t\t\t\t<\/div>\n\t\t\t\t<div class=\"elementor-element elementor-element-8eb6f7d elementor-widget elementor-widget-heading\" data-id=\"8eb6f7d\" data-element_type=\"widget\" data-e-type=\"widget\" data-widget_type=\"heading.default\">\n\t\t\t\t<div class=\"elementor-widget-container\">\n\t\t\t\t\t<h4 class=\"elementor-heading-title elementor-size-default\">Beschreibung des Projekts<\/h4>\t\t\t\t<\/div>\n\t\t\t\t<\/div>\n\t\t\t\t<div class=\"elementor-element elementor-element-2dbd0fc elementor-widget elementor-widget-text-editor\" data-id=\"2dbd0fc\" data-element_type=\"widget\" data-e-type=\"widget\" data-widget_type=\"text-editor.default\">\n\t\t\t\t<div class=\"elementor-widget-container\">\n\t\t\t\t\t\t\t\t\t<p>Das Ziel des Projekts ist es, bis zu 26 Lokomotiven mit ETCS-Komponenten auszustatten, die dem Level 2 Baseline 3 entsprechen.<\/p><p>Das Projekt ist in 3 Arbeitspakete unterteilt:<\/p><ol><li>Projektleitung<\/li><li>Nachr\u00fcstung (Retrofitting) \u2013 Serienausstattung von bis zu 24 Lokomotiven der Baureihe 363 mit dem ETCS-System<\/li><li>Nachr\u00fcstung (Retrofitting) \u2013 Serienausstattung von 2 Lokomotiven der Baureihe 753.6 mit dem ETCS-System<\/li><\/ol><p><br>Die detaillierte Projektplanung und die kontinuierliche \u00dcberwachung der durchgef\u00fchrten Aktivit\u00e4ten werden in den einzelnen Arbeitspaketen sichergestellt. Einen Bestandteil der Leitung werden auch die fr\u00fchzeitige Erkennung und Abmilderung technischer und gesch\u00e4ftlicher Risiken bilden, um die Auswirkungen auf den Projektzeitplan und das Projektbudget zu minimieren. <\/p><p>Die Finanzierung des Projekts erfolgt in Form eines festen Einheitsbeitrags, wobei die maximale H\u00f6he der F\u00f6rderung 190 000 \u20ac pro Serienfahrzeug betr\u00e4gt. Das Projekt umfasst die Nachr\u00fcstung von bis zu 24 Serienlokomotiven der Baureihe 363 und 2 Serienlokomotiven der Baureihe 753.6. <\/p><p>Dank dieses Projekts wird die Implementierung des europ\u00e4ischen Zugbeeinflussungssystems in den Triebfahrzeugen des Fuhrparks der \u010cD Cargo beschleunigt. Gleichzeitig werden die Sicherheit und die Interoperabilit\u00e4t des Eisenbahnverkehrs erh\u00f6ht, was zu\u202feinem effizienteren einheitlichen Eisenbahnraum nicht nur in der Tschechischen Republik f\u00fchren wird.<\/p><p>Die Durchf\u00fchrung des Projekts beginnt am 31. 10. 2025 mit\u202fder voraussichtlichen Fertigstellung bis 30. 3. 2028.<\/p>\t\t\t\t\t\t\t\t<\/div>\n\t\t\t\t<\/div>\n\t\t\t\t\t<\/div>\n\t\t\t\t<\/div>\n\t\t\t\t<\/div>\n\t\t","protected":false},"excerpt":{"rendered":"<p>Projekte CEF 2 2024 Die \u010cD Cargo hat im Rahmen des Programms Connecting Europe Facility (CEF) Transport bedeutende Erfolge erzielt. Sie war mit zwei Projekten zur Modernisierung des Fuhrparks erfolgreich, die aus den EU-Fonds gef\u00f6rdert werden. Dank dieser Unterst\u00fctzung gelingt es, fast 80 Lokomotiven mit dem modernen Zugsicherungssystem ETCS (European Train Control System) auszustatten. Diese [&hellip;]<\/p>\n","protected":false},"author":14,"featured_media":1443,"parent":1653,"menu_order":0,"comment_status":"closed","ping_status":"closed","template":"","meta":{"_acf_changed":false,"footnotes":""},"class_list":["post-10277","page","type-page","status-publish","has-post-thumbnail","hentry"],"acf":[],"_links":{"self":[{"href":"https:\/\/www.cdcargo.cz\/de\/wp-json\/wp\/v2\/pages\/10277","targetHints":{"allow":["GET"]}}],"collection":[{"href":"https:\/\/www.cdcargo.cz\/de\/wp-json\/wp\/v2\/pages"}],"about":[{"href":"https:\/\/www.cdcargo.cz\/de\/wp-json\/wp\/v2\/types\/page"}],"author":[{"embeddable":true,"href":"https:\/\/www.cdcargo.cz\/de\/wp-json\/wp\/v2\/users\/14"}],"replies":[{"embeddable":true,"href":"https:\/\/www.cdcargo.cz\/de\/wp-json\/wp\/v2\/comments?post=10277"}],"version-history":[{"count":0,"href":"https:\/\/www.cdcargo.cz\/de\/wp-json\/wp\/v2\/pages\/10277\/revisions"}],"up":[{"embeddable":true,"href":"https:\/\/www.cdcargo.cz\/de\/wp-json\/wp\/v2\/pages\/1653"}],"wp:featuredmedia":[{"embeddable":true,"href":"https:\/\/www.cdcargo.cz\/de\/wp-json\/wp\/v2\/media\/1443"}],"wp:attachment":[{"href":"https:\/\/www.cdcargo.cz\/de\/wp-json\/wp\/v2\/media?parent=10277"}],"curies":[{"name":"wp","href":"https:\/\/api.w.org\/{rel}","templated":true}]}}