{"id":11167,"date":"2025-07-19T07:55:11","date_gmt":"2025-07-19T07:55:11","guid":{"rendered":"https:\/\/www.cdcargo.cz\/projekte\/cef-2-2021\/"},"modified":"2025-10-30T13:01:49","modified_gmt":"2025-10-30T13:01:49","slug":"cef-2-2021","status":"publish","type":"page","link":"https:\/\/www.cdcargo.cz\/de\/projekte\/cef-2-2021\/","title":{"rendered":"CEF 2 2021"},"content":{"rendered":"\t\t<div data-elementor-type=\"wp-page\" data-elementor-id=\"11167\" class=\"elementor elementor-11167 elementor-2008\" data-elementor-post-type=\"page\">\n\t\t\t\t<div data-particle_enable=\"false\" data-particle-mobile-disabled=\"false\" class=\"elementor-element elementor-element-b4fbe20 e-flex e-con-boxed e-con e-parent\" data-id=\"b4fbe20\" data-element_type=\"container\" data-e-type=\"container\" data-settings=\"{&quot;background_background&quot;:&quot;classic&quot;}\">\n\t\t\t\t\t<div class=\"e-con-inner\">\n\t\t\t\t<div class=\"elementor-element elementor-element-c610d40 elementor-widget elementor-widget-heading\" data-id=\"c610d40\" data-element_type=\"widget\" data-e-type=\"widget\" data-widget_type=\"heading.default\">\n\t\t\t\t<div class=\"elementor-widget-container\">\n\t\t\t\t\t<h1 class=\"elementor-heading-title elementor-size-default\">Projekte<\/h1>\t\t\t\t<\/div>\n\t\t\t\t<\/div>\n\t\t\t\t<div class=\"elementor-element elementor-element-3d5746e no-icon elementor-widget elementor-widget-heading\" data-id=\"3d5746e\" data-element_type=\"widget\" data-e-type=\"widget\" data-widget_type=\"heading.default\">\n\t\t\t\t<div class=\"elementor-widget-container\">\n\t\t\t\t\t<h2 class=\"elementor-heading-title elementor-size-default\">CEF 2 2021 - Projekt zur Ausr\u00fcstung von 17 Lokomotiven mit ETCS innerhalb der CEF 2 2021<\/h2>\t\t\t\t<\/div>\n\t\t\t\t<\/div>\n\t\t\t\t\t<\/div>\n\t\t\t\t<\/div>\n\t\t<div data-particle_enable=\"false\" data-particle-mobile-disabled=\"false\" class=\"elementor-element elementor-element-ef44a59 e-flex e-con-boxed e-con e-parent\" data-id=\"ef44a59\" data-element_type=\"container\" data-e-type=\"container\">\n\t\t\t\t\t<div class=\"e-con-inner\">\n\t\t\t\t<div class=\"elementor-element elementor-element-f6f4374 elementor-widget elementor-widget-image\" data-id=\"f6f4374\" data-element_type=\"widget\" data-e-type=\"widget\" data-widget_type=\"image.default\">\n\t\t\t\t<div class=\"elementor-widget-container\">\n\t\t\t\t\t\t\t\t\t\t\t\t\t\t\t<img fetchpriority=\"high\" decoding=\"async\" width=\"1387\" height=\"326\" src=\"https:\/\/www.cdcargo.cz\/wp-content\/uploads\/2025\/07\/CEF_2_2021.webp\" class=\"attachment-2048x2048 size-2048x2048 wp-image-2012\" alt=\"\" \/>\t\t\t\t\t\t\t\t\t\t\t\t\t\t\t<\/div>\n\t\t\t\t<\/div>\n\t\t\t\t<div class=\"elementor-element elementor-element-4fd78d2 elementor-widget elementor-widget-text-editor\" data-id=\"4fd78d2\" data-element_type=\"widget\" data-e-type=\"widget\" data-widget_type=\"text-editor.default\">\n\t\t\t\t<div class=\"elementor-widget-container\">\n\t\t\t\t\t\t\t\t\t<p><strong>\u00d6ffentliches F\u00f6rderprogramm:<\/strong> Connecting Europe Facility Transport (nachfolgend als \u201eCEF\u201c)<\/p><p><strong>Titel der Aufforderung: <\/strong>CEF-T-2021-SIMOBCOEN<\/p><p><strong>Projektname:<\/strong> Einf\u00fchrung von ETCS Level 2 Baseline 3 Bordkomponenten in ausgew\u00e4hlten Fahrzeugen von CD Cargo (im Folgenden als &#8222;Projekt&#8220; bezeichnet)<\/p><p><strong>Projekt-Reg.-Nr.:  <\/strong>101079558<\/p>\t\t\t\t\t\t\t\t<\/div>\n\t\t\t\t<\/div>\n\t\t\t\t<div class=\"elementor-element elementor-element-a77d191 elementor-widget elementor-widget-heading\" data-id=\"a77d191\" data-element_type=\"widget\" data-e-type=\"widget\" data-widget_type=\"heading.default\">\n\t\t\t\t<div class=\"elementor-widget-container\">\n\t\t\t\t\t<h3 class=\"elementor-heading-title elementor-size-default\">Beschreibung des Programms<\/h3>\t\t\t\t<\/div>\n\t\t\t\t<\/div>\n\t\t\t\t<div class=\"elementor-element elementor-element-0c722cf elementor-widget elementor-widget-text-editor\" data-id=\"0c722cf\" data-element_type=\"widget\" data-e-type=\"widget\" data-widget_type=\"text-editor.default\">\n\t\t\t\t<div class=\"elementor-widget-container\">\n\t\t\t\t\t\t\t\t\t<p>Das Programm CEF Transport zielt darauf ab, finanzielle Unterst\u00fctzung der Europ\u00e4ischen Union f\u00fcr die Entwicklung der transeurop\u00e4ischen Netze bereitzustellen, indem Projekte von gemeinsamem Interesse in den Bereichen Verkehr, Telekommunikation und Energieinfrastruktur unterst\u00fctzt und potenzielle Synergien zwischen diesen Branchen genutzt werden.<\/p><p>Im Bereich Verkehr zielt die CEF darauf ab, Investitionen in neue Verkehrsinfrastrukturen oder die Sanierung und Modernisierung bestehender Infrastrukturen zu unterst\u00fctzen. Sie konzentriert sich haupts\u00e4chlich auf grenz\u00fcberschreitende Abschnitte und die Beseitigung von Engp\u00e4ssen und fehlenden Abschnitten des TEN-V-Kernnetzes und des globalen Netzes sowie die F\u00f6rderung einer sicheren Infrastruktur. Dar\u00fcber hinaus kann das TEN-V-Netz an die Bed\u00fcrfnisse der milit\u00e4rischen Mobilit\u00e4t angepasst werden.  <\/p><p>Das Programm CEF wird von der Europ\u00e4ischen Exekutivagentur f\u00fcr Klima, Infrastruktur und Umwelt (nachfolgend als \u201eCINEA&#8220;) mit Sitz in Br\u00fcssel verwaltet. CINEA verwaltet Programme der Europ\u00e4ischen Kommission, die zur Dekarbonisierung und zum nachhaltigen Wachstum beitragen. <\/p>\t\t\t\t\t\t\t\t<\/div>\n\t\t\t\t<\/div>\n\t\t\t\t<div class=\"elementor-element elementor-element-c19d4a8 elementor-widget elementor-widget-heading\" data-id=\"c19d4a8\" data-element_type=\"widget\" data-e-type=\"widget\" data-widget_type=\"heading.default\">\n\t\t\t\t<div class=\"elementor-widget-container\">\n\t\t\t\t\t<h3 class=\"elementor-heading-title elementor-size-default\">Beschreibung des Projekts<\/h3>\t\t\t\t<\/div>\n\t\t\t\t<\/div>\n\t\t\t\t<div class=\"elementor-element elementor-element-f72d189 elementor-widget elementor-widget-text-editor\" data-id=\"f72d189\" data-element_type=\"widget\" data-e-type=\"widget\" data-widget_type=\"text-editor.default\">\n\t\t\t\t<div class=\"elementor-widget-container\">\n\t\t\t\t\t\t\t\t\t<p>Ziel des Projekts ist es, 17 Lokomotiven mit fahrzeugseitigen ETCS-Komponenten auszustatten, die mit Level 2 Baseline 3 kompatibel sind.<\/p><p>Das Projekt ist in 3 Arbeitspakete unterteilt:<\/p><p>(1) Nachr\u00fcstung von 3 Prototypen 240, 242 und 363.5, <\/p><p>(2) Upgrade von 4 Serien-Triebfahrzeugen. 383,<\/p><p>(3) Ausstattung von 10 Triebfahrzeugen der Serie. 388.<\/p><p>F\u00fcr jedes der Arbeitspakete wird eine maximale finanzielle Unterst\u00fctzung in Form eines maximalen (festen) Einheitsbeitrags festgelegt. Der Wert des Beitrags (der finanziellen Unterst\u00fctzung) f\u00fcr die Nachr\u00fcstung bel\u00e4uft sich auf 1.500.000 \u20ac f\u00fcr jedes Prototypfahrzeug, f\u00fcr die Kategorie Nachr\u00fcstung auf 95.000 \u20ac f\u00fcr jedes Serienfahrzeug und f\u00fcr die Ausstattung auf 45.000 \u20ac\/Fahrzeug. <\/p><p>Dank dieses Projekts wird die Implementierung des Europ\u00e4ischen Zugsicherungssystems in den Fahrzeugen der \u010cD Cargo-Flotte und die Vorbereitung auf den ausschlie\u00dflichen Betrieb von Z\u00fcgen unter der Aufsicht von ETCS beschleunigt. Gleichzeitig werden die Sicherheit des Eisenbahnbetriebs und die Interoperabilit\u00e4t erh\u00f6ht, was zu einem effizienteren einheitlichen Eisenbahnraum nicht nur in der Tschechischen Republik f\u00fchren wird. <\/p><p>Die Projektumsetzung begann am 1.4.2022 und wird voraussichtlich bis zum 31.1.2026 abgeschlossen sein.<\/p>\t\t\t\t\t\t\t\t<\/div>\n\t\t\t\t<\/div>\n\t\t\t\t\t<\/div>\n\t\t\t\t<\/div>\n\t\t\t\t<\/div>\n\t\t","protected":false},"excerpt":{"rendered":"<p>Projekte CEF 2 2021 &#8211; Projekt zur Ausr\u00fcstung von 17 Lokomotiven mit ETCS innerhalb der CEF 2 2021 \u00d6ffentliches F\u00f6rderprogramm: Connecting Europe Facility Transport (nachfolgend als \u201eCEF\u201c) Titel der Aufforderung: CEF-T-2021-SIMOBCOEN Projektname: Einf\u00fchrung von ETCS Level 2 Baseline 3 Bordkomponenten in ausgew\u00e4hlten Fahrzeugen von CD Cargo (im Folgenden als &#8222;Projekt&#8220; bezeichnet) Projekt-Reg.-Nr.: 101079558 Beschreibung des [&hellip;]<\/p>\n","protected":false},"author":1,"featured_media":1443,"parent":1653,"menu_order":0,"comment_status":"closed","ping_status":"closed","template":"","meta":{"_acf_changed":false,"footnotes":""},"class_list":["post-11167","page","type-page","status-publish","has-post-thumbnail","hentry"],"acf":[],"_links":{"self":[{"href":"https:\/\/www.cdcargo.cz\/de\/wp-json\/wp\/v2\/pages\/11167","targetHints":{"allow":["GET"]}}],"collection":[{"href":"https:\/\/www.cdcargo.cz\/de\/wp-json\/wp\/v2\/pages"}],"about":[{"href":"https:\/\/www.cdcargo.cz\/de\/wp-json\/wp\/v2\/types\/page"}],"author":[{"embeddable":true,"href":"https:\/\/www.cdcargo.cz\/de\/wp-json\/wp\/v2\/users\/1"}],"replies":[{"embeddable":true,"href":"https:\/\/www.cdcargo.cz\/de\/wp-json\/wp\/v2\/comments?post=11167"}],"version-history":[{"count":0,"href":"https:\/\/www.cdcargo.cz\/de\/wp-json\/wp\/v2\/pages\/11167\/revisions"}],"up":[{"embeddable":true,"href":"https:\/\/www.cdcargo.cz\/de\/wp-json\/wp\/v2\/pages\/1653"}],"wp:featuredmedia":[{"embeddable":true,"href":"https:\/\/www.cdcargo.cz\/de\/wp-json\/wp\/v2\/media\/1443"}],"wp:attachment":[{"href":"https:\/\/www.cdcargo.cz\/de\/wp-json\/wp\/v2\/media?parent=11167"}],"curies":[{"name":"wp","href":"https:\/\/api.w.org\/{rel}","templated":true}]}}