{"id":11175,"date":"2025-07-19T08:12:17","date_gmt":"2025-07-19T08:12:17","guid":{"rendered":"https:\/\/www.cdcargo.cz\/projekte\/i-vs-einsatz-von-kuenstlicher-intelligenz-zur-unterstuetzung-der-disponentensteuerung-im-schienengueterverkehr\/"},"modified":"2026-01-15T08:41:04","modified_gmt":"2026-01-15T08:41:04","slug":"i-vs-einsatz-von-kuenstlicher-intelligenz-zur-unterstuetzung-der-disponentensteuerung-im-schienengueterverkehr","status":"publish","type":"page","link":"https:\/\/www.cdcargo.cz\/de\/projekte\/i-vs-einsatz-von-kuenstlicher-intelligenz-zur-unterstuetzung-der-disponentensteuerung-im-schienengueterverkehr\/","title":{"rendered":"I. VS &#8211; Einsatz von k\u00fcnstlicher Intelligenz zur Unterst\u00fctzung der Disponentensteuerung im Schieneng\u00fcterverkehr"},"content":{"rendered":"\t\t<div data-elementor-type=\"wp-page\" data-elementor-id=\"11175\" class=\"elementor elementor-11175 elementor-2040\" data-elementor-post-type=\"page\">\n\t\t\t\t<div data-particle_enable=\"false\" data-particle-mobile-disabled=\"false\" class=\"elementor-element elementor-element-b4fbe20 e-flex e-con-boxed e-con e-parent\" data-id=\"b4fbe20\" data-element_type=\"container\" data-e-type=\"container\" data-settings=\"{&quot;background_background&quot;:&quot;classic&quot;}\">\n\t\t\t\t\t<div class=\"e-con-inner\">\n\t\t\t\t<div class=\"elementor-element elementor-element-c610d40 elementor-widget elementor-widget-heading\" data-id=\"c610d40\" data-element_type=\"widget\" data-e-type=\"widget\" data-widget_type=\"heading.default\">\n\t\t\t\t<div class=\"elementor-widget-container\">\n\t\t\t\t\t<h1 class=\"elementor-heading-title elementor-size-default\">Projekte<\/h1>\t\t\t\t<\/div>\n\t\t\t\t<\/div>\n\t\t\t\t<div class=\"elementor-element elementor-element-3d5746e no-icon elementor-widget elementor-widget-heading\" data-id=\"3d5746e\" data-element_type=\"widget\" data-e-type=\"widget\" data-widget_type=\"heading.default\">\n\t\t\t\t<div class=\"elementor-widget-container\">\n\t\t\t\t\t<h2 class=\"elementor-heading-title elementor-size-default\">I. VS - Einsatz von k\u00fcnstlicher Intelligenz zur Unterst\u00fctzung der Disponentensteuerung im Schieneng\u00fcterverkehr<\/h2>\t\t\t\t<\/div>\n\t\t\t\t<\/div>\n\t\t\t\t\t<\/div>\n\t\t\t\t<\/div>\n\t\t<div data-particle_enable=\"false\" data-particle-mobile-disabled=\"false\" class=\"elementor-element elementor-element-ef44a59 e-flex e-con-boxed e-con e-parent\" data-id=\"ef44a59\" data-element_type=\"container\" data-e-type=\"container\">\n\t\t\t\t\t<div class=\"e-con-inner\">\n\t\t\t\t<div class=\"elementor-element elementor-element-ffbc2e1 elementor-widget elementor-widget-heading\" data-id=\"ffbc2e1\" data-element_type=\"widget\" data-e-type=\"widget\" data-widget_type=\"heading.default\">\n\t\t\t\t<div class=\"elementor-widget-container\">\n\t\t\t\t\t<h3 class=\"elementor-heading-title elementor-size-default\">Programm zur F\u00f6rderung der angewandten Forschung und Innovation im Verkehrswesen - TRANSPORT 2030\n<\/h3>\t\t\t\t<\/div>\n\t\t\t\t<\/div>\n\t\t<div data-particle_enable=\"false\" data-particle-mobile-disabled=\"false\" class=\"elementor-element elementor-element-9078a05 e-con-full e-flex e-con e-child\" data-id=\"9078a05\" data-element_type=\"container\" data-e-type=\"container\">\n\t\t\t\t<div class=\"elementor-element elementor-element-3daa368 elementor-widget elementor-widget-image\" data-id=\"3daa368\" data-element_type=\"widget\" data-e-type=\"widget\" data-widget_type=\"image.default\">\n\t\t\t\t<div class=\"elementor-widget-container\">\n\t\t\t\t\t\t\t\t\t\t\t\t\t\t\t<img decoding=\"async\" src=\"https:\/\/www.cdcargo.cz\/wp-content\/uploads\/elementor\/thumbs\/TACR-r8zaiz4x3d094tun1jjgnzlce05tfv2ynf1cli7cao.webp\" title=\"TACR\" alt=\"TACR\" loading=\"lazy\" \/>\t\t\t\t\t\t\t\t\t\t\t\t\t\t\t<\/div>\n\t\t\t\t<\/div>\n\t\t\t\t<div class=\"elementor-element elementor-element-1f1b127 elementor-widget elementor-widget-image\" data-id=\"1f1b127\" data-element_type=\"widget\" data-e-type=\"widget\" data-widget_type=\"image.default\">\n\t\t\t\t<div class=\"elementor-widget-container\">\n\t\t\t\t\t\t\t\t\t\t\t\t\t\t\t<img fetchpriority=\"high\" decoding=\"async\" width=\"800\" height=\"197\" src=\"https:\/\/www.cdcargo.cz\/wp-content\/uploads\/2025\/10\/spolufinancovano_evropskou_unii.png\" class=\"attachment-large size-large wp-image-10841\" alt=\"\" srcset=\"https:\/\/www.cdcargo.cz\/wp-content\/uploads\/2025\/10\/spolufinancovano_evropskou_unii.png 884w, https:\/\/www.cdcargo.cz\/wp-content\/uploads\/2025\/10\/spolufinancovano_evropskou_unii-300x74.png 300w, https:\/\/www.cdcargo.cz\/wp-content\/uploads\/2025\/10\/spolufinancovano_evropskou_unii-768x189.png 768w\" sizes=\"(max-width: 800px) 100vw, 800px\" \/>\t\t\t\t\t\t\t\t\t\t\t\t\t\t\t<\/div>\n\t\t\t\t<\/div>\n\t\t\t\t<div class=\"elementor-element elementor-element-ab3dc55 elementor-widget elementor-widget-image\" data-id=\"ab3dc55\" data-element_type=\"widget\" data-e-type=\"widget\" data-widget_type=\"image.default\">\n\t\t\t\t<div class=\"elementor-widget-container\">\n\t\t\t\t\t\t\t\t\t\t\t\t\t\t\t<img decoding=\"async\" width=\"548\" height=\"191\" src=\"https:\/\/www.cdcargo.cz\/wp-content\/uploads\/2026\/01\/narodni_plan_obnovy.png\" class=\"attachment-large size-large wp-image-12203\" alt=\"\" srcset=\"https:\/\/www.cdcargo.cz\/wp-content\/uploads\/2026\/01\/narodni_plan_obnovy.png 548w, https:\/\/www.cdcargo.cz\/wp-content\/uploads\/2026\/01\/narodni_plan_obnovy-300x105.png 300w\" sizes=\"(max-width: 548px) 100vw, 548px\" \/>\t\t\t\t\t\t\t\t\t\t\t\t\t\t\t<\/div>\n\t\t\t\t<\/div>\n\t\t\t\t<\/div>\n\t\t\t\t<div class=\"elementor-element elementor-element-a77d191 elementor-widget elementor-widget-heading\" data-id=\"a77d191\" data-element_type=\"widget\" data-e-type=\"widget\" data-widget_type=\"heading.default\">\n\t\t\t\t<div class=\"elementor-widget-container\">\n\t\t\t\t\t<h3 class=\"elementor-heading-title elementor-size-default\">Grundlegende Informationen \u00fcber das Programm<\/h3>\t\t\t\t<\/div>\n\t\t\t\t<\/div>\n\t\t\t\t<div class=\"elementor-element elementor-element-4fd78d2 elementor-widget elementor-widget-text-editor\" data-id=\"4fd78d2\" data-element_type=\"widget\" data-e-type=\"widget\" data-widget_type=\"text-editor.default\">\n\t\t\t\t<div class=\"elementor-widget-container\">\n\t\t\t\t\t\t\t\t\t<p><strong>Name des Programms:<\/strong> Programm zur F\u00f6rderung der angewandten Forschung und Innovation im Bereich Verkehr &#8211; TRANSPORT 2030 (im Folgenden &#8222;das Programm&#8220; genannt)<\/p><p><strong>Projektname:<\/strong> Einsatz von K\u00fcnstlicher Intelligenz zur Unterst\u00fctzung des Disponentenmanagements im Schieneng\u00fcterverkehr (im Folgenden als &#8222;Projekt&#8220; bezeichnet)<\/p><p><b>Dieses Projekt wird mit staatlicher Unterst\u00fctzung durch <a href=\"https:\/\/www.tacr.cz\/\">die Tschechische Technologieagentur<\/a> und das <a href=\"https:\/\/www.mdcr.cz\/\">Verkehrsministerium der Tschechischen Republik<\/a> im Rahmen des Programms Transport 2030 kofinanziert.<\/b><\/p><p><span data-olk-copy-source=\"MessageBody\">Dieses Projekt wurde im Rahmen des Nationalen Wiederaufbauplans aus dem Europ\u00e4ischen Aufbau- und Resilienzfonds finanziert.<\/span><\/p>\t\t\t\t\t\t\t\t<\/div>\n\t\t\t\t<\/div>\n\t\t\t\t<div class=\"elementor-element elementor-element-0c722cf elementor-widget elementor-widget-text-editor\" data-id=\"0c722cf\" data-element_type=\"widget\" data-e-type=\"widget\" data-widget_type=\"text-editor.default\">\n\t\t\t\t<div class=\"elementor-widget-container\">\n\t\t\t\t\t\t\t\t\t<p>Die \u010cD Cargo hat einen Antrag auf finanzielle Unterst\u00fctzung f\u00fcr die Durchf\u00fchrung eines Projekts zur Nutzung k\u00fcnstlicher Intelligenz zur Unterst\u00fctzung des Dispatcher-Managements in der \u010cD Cargo im Rahmen des Programms zur F\u00f6rderung von angewandter Forschung und Innovation im Verkehrswesen &#8211; DOPRAVA 2030 &#8211; gestellt, das von der Europ\u00e4ischen Union kofinanziert wird und dessen Verwaltungsorgan die Technologieagentur der Tschechischen Republik ist.<\/p><p>Ziel des Programms ist es, den Verkehrssektor und alle Verkehrstr\u00e4ger in einer Weise zu entwickeln, die den gesellschaftlichen Bed\u00fcrfnissen entspricht, die technologische und wissensbasierte Entwicklung der Tschechischen Republik beschleunigt, das Wachstum der Wettbewerbsf\u00e4higkeit der Tschechischen Republik unterst\u00fctzt und zu mehr Nachhaltigkeit und zur Verringerung der negativen Auswirkungen des Verkehrs auf die Umwelt beitr\u00e4gt. Die geplante Mittelausstattung des Programms f\u00fcr die Jahre 2023-2030 bel\u00e4uft sich auf insgesamt 2,6 Milliarden CZK. Der Gesamth\u00f6chstbetrag der Unterst\u00fctzung kann bis zu 100% betragen (im Falle von Forschungseinrichtungen), w\u00e4hrend die durchschnittliche Intensit\u00e4t der Unterst\u00fctzung f\u00fcr einzelne Projekte 75% erreichen sollte.   <\/p>\t\t\t\t\t\t\t\t<\/div>\n\t\t\t\t<\/div>\n\t\t\t\t<div class=\"elementor-element elementor-element-c19d4a8 elementor-widget elementor-widget-heading\" data-id=\"c19d4a8\" data-element_type=\"widget\" data-e-type=\"widget\" data-widget_type=\"heading.default\">\n\t\t\t\t<div class=\"elementor-widget-container\">\n\t\t\t\t\t<h3 class=\"elementor-heading-title elementor-size-default\">Beschreibung des Projekts<\/h3>\t\t\t\t<\/div>\n\t\t\t\t<\/div>\n\t\t\t\t<div class=\"elementor-element elementor-element-f72d189 elementor-widget elementor-widget-text-editor\" data-id=\"f72d189\" data-element_type=\"widget\" data-e-type=\"widget\" data-widget_type=\"text-editor.default\">\n\t\t\t\t<div class=\"elementor-widget-container\">\n\t\t\t\t\t\t\t\t\t<p>Ziel des Projekts ist die Entwicklung von zwei SW-Modulen, die den Einsatz von k\u00fcnstlicher Intelligenz zur Unterst\u00fctzung der anspruchsvollen Arbeit des Disponenten erm\u00f6glichen, und zwar im Prozess der kurzfristigen Planung und des operativen Managements bei der Koordinierung des Einsatzes von geplanten Kapazit\u00e4ten (fahrende Fahrzeuge, Fahrer), Kundenpriorit\u00e4ten (Priorit\u00e4t des Transports, Umschlag von Waggons, Kontinuit\u00e4t, z.B. f\u00fcr den Transport leerer Z\u00fcge zur Beladung), Kapazit\u00e4ten an den Standorten (Verf\u00fcgbarkeit von lokalem Personal f\u00fcr die Abwicklung der Sendung), verf\u00fcgbare Kapazit\u00e4t der Transportroute und die reale Situation auf ihr. Die vorgeschlagene L\u00f6sung sollte den Disponenten auf die notwendigen Entscheidungen vorbereiten, die nicht nur durch die Optimierung der Ressourcennutzung, sondern auch durch das Lernen aus bereits getroffenen Entscheidungen und deren realen Auswirkungen unterst\u00fctzt werden. <\/p><p>Durch die Implementierung dieser SW-Module werden Daten von Kontrollsystemen empfangen und verarbeitet, und diese Daten werden f\u00fcr den Disponenten zur Unterst\u00fctzung und Beschleunigung seiner Entscheidungsfindung aufbereitet. Anschlie\u00dfend werden die erzeugten Ergebnisse in diesen Modulen empfangen und dem Disponenten zur Unterst\u00fctzung seiner zuk\u00fcnftigen Entscheidungsfindung pr\u00e4sentiert. <\/p><p>Dieses Projekt wird in Zusammenarbeit mit der OLTIS Group a.s. und der Universit\u00e4t von Pardubice durchgef\u00fchrt.<\/p><p>Die Gesamtkosten des Projekts wurden von \u010cD Cargo vor Beginn der Umsetzung auf 17 Mio. CZK veranschlagt. Die H\u00f6he der F\u00f6rdermittel f\u00fcr das gesamte Projekt betr\u00e4gt 11,1 Mio. CZK, wobei der Anteil f\u00fcr \u010cD Cargo 4,3 Mio. CZK betr\u00e4gt. Die Umsetzung des Projekts soll gem\u00e4\u00df den Bedingungen des Programms bis zum 30.6.2026 abgeschlossen sein.      <\/p>\t\t\t\t\t\t\t\t<\/div>\n\t\t\t\t<\/div>\n\t\t\t\t\t<\/div>\n\t\t\t\t<\/div>\n\t\t\t\t<\/div>\n\t\t","protected":false},"excerpt":{"rendered":"<p>Projekte I. VS &#8211; Einsatz von k\u00fcnstlicher Intelligenz zur Unterst\u00fctzung der Disponentensteuerung im Schieneng\u00fcterverkehr Programm zur F\u00f6rderung der angewandten Forschung und Innovation im Verkehrswesen &#8211; TRANSPORT 2030 Grundlegende Informationen \u00fcber das Programm Name des Programms: Programm zur F\u00f6rderung der angewandten Forschung und Innovation im Bereich Verkehr &#8211; TRANSPORT 2030 (im Folgenden &#8222;das Programm&#8220; genannt) Projektname: [&hellip;]<\/p>\n","protected":false},"author":1,"featured_media":1443,"parent":1653,"menu_order":0,"comment_status":"closed","ping_status":"closed","template":"","meta":{"_acf_changed":false,"footnotes":""},"class_list":["post-11175","page","type-page","status-publish","has-post-thumbnail","hentry"],"acf":[],"_links":{"self":[{"href":"https:\/\/www.cdcargo.cz\/de\/wp-json\/wp\/v2\/pages\/11175","targetHints":{"allow":["GET"]}}],"collection":[{"href":"https:\/\/www.cdcargo.cz\/de\/wp-json\/wp\/v2\/pages"}],"about":[{"href":"https:\/\/www.cdcargo.cz\/de\/wp-json\/wp\/v2\/types\/page"}],"author":[{"embeddable":true,"href":"https:\/\/www.cdcargo.cz\/de\/wp-json\/wp\/v2\/users\/1"}],"replies":[{"embeddable":true,"href":"https:\/\/www.cdcargo.cz\/de\/wp-json\/wp\/v2\/comments?post=11175"}],"version-history":[{"count":0,"href":"https:\/\/www.cdcargo.cz\/de\/wp-json\/wp\/v2\/pages\/11175\/revisions"}],"up":[{"embeddable":true,"href":"https:\/\/www.cdcargo.cz\/de\/wp-json\/wp\/v2\/pages\/1653"}],"wp:featuredmedia":[{"embeddable":true,"href":"https:\/\/www.cdcargo.cz\/de\/wp-json\/wp\/v2\/media\/1443"}],"wp:attachment":[{"href":"https:\/\/www.cdcargo.cz\/de\/wp-json\/wp\/v2\/media?parent=11175"}],"curies":[{"name":"wp","href":"https:\/\/api.w.org\/{rel}","templated":true}]}}