{"id":11187,"date":"2025-07-19T08:57:28","date_gmt":"2025-07-19T08:57:28","guid":{"rendered":"https:\/\/www.cdcargo.cz\/projekte\/smartrail-automatisierte-analyse-von-schienengueterverkehrsdaten\/"},"modified":"2025-10-30T13:03:33","modified_gmt":"2025-10-30T13:03:33","slug":"smartrail-automatisierte-analyse-von-schienengueterverkehrsdaten","status":"publish","type":"page","link":"https:\/\/www.cdcargo.cz\/de\/projekte\/smartrail-automatisierte-analyse-von-schienengueterverkehrsdaten\/","title":{"rendered":"SmartRail &#8211; Automatisierte Analyse von Schieneng\u00fcterverkehrsdaten"},"content":{"rendered":"\t\t<div data-elementor-type=\"wp-page\" data-elementor-id=\"11187\" class=\"elementor elementor-11187 elementor-2087\" data-elementor-post-type=\"page\">\n\t\t\t\t<div data-particle_enable=\"false\" data-particle-mobile-disabled=\"false\" class=\"elementor-element elementor-element-b4fbe20 e-flex e-con-boxed e-con e-parent\" data-id=\"b4fbe20\" data-element_type=\"container\" data-e-type=\"container\" data-settings=\"{&quot;background_background&quot;:&quot;classic&quot;}\">\n\t\t\t\t\t<div class=\"e-con-inner\">\n\t\t\t\t<div class=\"elementor-element elementor-element-c610d40 elementor-widget elementor-widget-heading\" data-id=\"c610d40\" data-element_type=\"widget\" data-e-type=\"widget\" data-widget_type=\"heading.default\">\n\t\t\t\t<div class=\"elementor-widget-container\">\n\t\t\t\t\t<h1 class=\"elementor-heading-title elementor-size-default\">Projekte<\/h1>\t\t\t\t<\/div>\n\t\t\t\t<\/div>\n\t\t\t\t<div class=\"elementor-element elementor-element-3d5746e no-icon elementor-widget elementor-widget-heading\" data-id=\"3d5746e\" data-element_type=\"widget\" data-e-type=\"widget\" data-widget_type=\"heading.default\">\n\t\t\t\t<div class=\"elementor-widget-container\">\n\t\t\t\t\t<h2 class=\"elementor-heading-title elementor-size-default\">SmartRail  <\/h2>\t\t\t\t<\/div>\n\t\t\t\t<\/div>\n\t\t\t\t\t<\/div>\n\t\t\t\t<\/div>\n\t\t<div data-particle_enable=\"false\" data-particle-mobile-disabled=\"false\" class=\"elementor-element elementor-element-ef44a59 e-flex e-con-boxed e-con e-parent\" data-id=\"ef44a59\" data-element_type=\"container\" data-e-type=\"container\">\n\t\t\t\t\t<div class=\"e-con-inner\">\n\t\t\t\t<div class=\"elementor-element elementor-element-644cf09 elementor-widget elementor-widget-heading\" data-id=\"644cf09\" data-element_type=\"widget\" data-e-type=\"widget\" data-widget_type=\"heading.default\">\n\t\t\t\t<div class=\"elementor-widget-container\">\n\t\t\t\t\t<h3 class=\"elementor-heading-title elementor-size-default\">Automatisierte Analyse von Schieneng\u00fcterverkehrsdaten<\/h3>\t\t\t\t<\/div>\n\t\t\t\t<\/div>\n\t\t\t\t<div class=\"elementor-element elementor-element-f6f4374 elementor-widget elementor-widget-image\" data-id=\"f6f4374\" data-element_type=\"widget\" data-e-type=\"widget\" data-widget_type=\"image.default\">\n\t\t\t\t<div class=\"elementor-widget-container\">\n\t\t\t\t\t\t\t\t\t\t\t\t\t\t\t<img fetchpriority=\"high\" decoding=\"async\" width=\"650\" height=\"177\" src=\"https:\/\/www.cdcargo.cz\/wp-content\/uploads\/2025\/07\/tacr_doprava2020.webp\" class=\"attachment-2048x2048 size-2048x2048 wp-image-2079\" alt=\"\" \/>\t\t\t\t\t\t\t\t\t\t\t\t\t\t\t<\/div>\n\t\t\t\t<\/div>\n\t\t\t\t<div class=\"elementor-element elementor-element-4fd78d2 elementor-widget elementor-widget-text-editor\" data-id=\"4fd78d2\" data-element_type=\"widget\" data-e-type=\"widget\" data-widget_type=\"text-editor.default\">\n\t\t\t\t<div class=\"elementor-widget-container\">\n\t\t\t\t\t\t\t\t\t<p><b>Name des Programms<\/b>: Programm zur F\u00f6rderung der angewandten Forschung, der experimentellen Entwicklung und der Innovation im Bereich Verkehr &#8211; TRANSPORT 2020+ (im Folgenden &#8222;das Programm&#8220; genannt)<\/p><p><b>Projektname<\/b>: SmartRail &#8211; Automatisierte Analyse von Betriebsdaten des Schieneng\u00fcterverkehrs (im Folgenden als &#8222;Projekt&#8220; bezeichnet)<\/p><p><b>Dieses Projekt wird von der Europ\u00e4ischen Union auf der Grundlage eines Beschlusses der Regierung der Tschechischen Republik kofinanziert<\/b><\/p>\t\t\t\t\t\t\t\t<\/div>\n\t\t\t\t<\/div>\n\t\t\t\t<div class=\"elementor-element elementor-element-a77d191 elementor-widget elementor-widget-heading\" data-id=\"a77d191\" data-element_type=\"widget\" data-e-type=\"widget\" data-widget_type=\"heading.default\">\n\t\t\t\t<div class=\"elementor-widget-container\">\n\t\t\t\t\t<h3 class=\"elementor-heading-title elementor-size-default\">Grundlegende Informationen \u00fcber das Programm<\/h3>\t\t\t\t<\/div>\n\t\t\t\t<\/div>\n\t\t\t\t<div class=\"elementor-element elementor-element-0c722cf elementor-widget elementor-widget-text-editor\" data-id=\"0c722cf\" data-element_type=\"widget\" data-e-type=\"widget\" data-widget_type=\"text-editor.default\">\n\t\t\t\t<div class=\"elementor-widget-container\">\n\t\t\t\t\t\t\t\t\t<p>Im Rahmen des Programms zur F\u00f6rderung von angewandter Forschung, experimenteller Entwicklung und Innovation im Verkehrswesen &#8211; DOPRAVA 2020+, das von der Europ\u00e4ischen Union kofinanziert wird und dessen Verwaltungsorgan die Technologieagentur der Tschechischen Republik ist, hat sich \u010cD Cargo als weiterer Bieter dem Antrag auf finanzielle Unterst\u00fctzung f\u00fcr die Umsetzung des Projekts SmartRail &#8211; Automated Analysis of Railway Freight Traffic Data angeschlossen.<\/p><p>Ziel des Programms ist es, den Verkehrssektor durch den Output, die Ergebnisse und die Auswirkungen der gef\u00f6rderten Projekte so zu entwickeln, dass er die gesellschaftlichen Bed\u00fcrfnisse widerspiegelt, die technologische und wissensbasierte Entwicklung der Tschechischen Republik beschleunigt und somit zur Steigerung der Wettbewerbsf\u00e4higkeit der Tschechischen Republik beitr\u00e4gt. Die geplante Mittelausstattung des Programms f\u00fcr den Zeitraum 2020 &#8211; 2026 betr\u00e4gt 1,95 Milliarden CZK. Die erwartete durchschnittliche Intensit\u00e4t der Unterst\u00fctzung f\u00fcr einzelne Projekte liegt bei 80%.   <\/p>\t\t\t\t\t\t\t\t<\/div>\n\t\t\t\t<\/div>\n\t\t\t\t<div class=\"elementor-element elementor-element-c19d4a8 elementor-widget elementor-widget-heading\" data-id=\"c19d4a8\" data-element_type=\"widget\" data-e-type=\"widget\" data-widget_type=\"heading.default\">\n\t\t\t\t<div class=\"elementor-widget-container\">\n\t\t\t\t\t<h3 class=\"elementor-heading-title elementor-size-default\">Beschreibung des Projekts<\/h3>\t\t\t\t<\/div>\n\t\t\t\t<\/div>\n\t\t\t\t<div class=\"elementor-element elementor-element-f72d189 elementor-widget elementor-widget-text-editor\" data-id=\"f72d189\" data-element_type=\"widget\" data-e-type=\"widget\" data-widget_type=\"text-editor.default\">\n\t\t\t\t<div class=\"elementor-widget-container\">\n\t\t\t\t\t\t\t\t\t<p>Das Hauptziel des Projekts ist die Entwicklung der &#8222;SmartAnalytics&#8220;-Methodik als Unterst\u00fctzung f\u00fcr eine h\u00f6here wirtschaftliche Rentabilit\u00e4t und Sicherheit des (G\u00fcter-)Schienenverkehrs. Die Methodik spezifiziert die relevanten Verfahren und Methoden, die erforderlich sind, um eine kontinuierliche automatisierte Analyse ausgew\u00e4hlter Betriebsdaten des Schieneng\u00fcterverkehrs durchzuf\u00fchren. Diese Analyse wird eine rechtzeitige Fehlersuche bei Fahrzeugen (auf der Grundlage ihrer Erkennung und\/oder Vorhersage) und die Erkennung von Problembereichen in der Infrastruktur oder bei der Handhabung von Waggons erm\u00f6glichen. Die Methodik wird anhand einer gr\u00f6\u00dferen Fallstudie validiert werden.   <\/p>\n<p>Dieses Projekt wird in Zusammenarbeit mit der Universit\u00e4t Pardubice, Fakult\u00e4t f\u00fcr Elektrotechnik und Informatik (dem Hauptbeg\u00fcnstigten) durchgef\u00fchrt.<\/p>\n<p>Die gesch\u00e4tzten Gesamtkosten des Projekts betragen 6,72 Millionen CZK. CZK. Die H\u00f6he der F\u00f6rdermittel f\u00fcr das gesamte Projekt betr\u00e4gt 5,38 Mio. CZK. CZK, wobei der anteilige Betrag f\u00fcr \u010cD Cargo 1,19 Mio. CZK betr\u00e4gt. 19,5 Mio. CZK. Die Durchf\u00fchrung des Projekts sollte gem\u00e4\u00df den Bedingungen des Programms bis zum 31.12.2025 abgeschlossen sein.     <\/p>\t\t\t\t\t\t\t\t<\/div>\n\t\t\t\t<\/div>\n\t\t\t\t\t<\/div>\n\t\t\t\t<\/div>\n\t\t\t\t<\/div>\n\t\t","protected":false},"excerpt":{"rendered":"<p>Projekte SmartRail Automatisierte Analyse von Schieneng\u00fcterverkehrsdaten Name des Programms: Programm zur F\u00f6rderung der angewandten Forschung, der experimentellen Entwicklung und der Innovation im Bereich Verkehr &#8211; TRANSPORT 2020+ (im Folgenden &#8222;das Programm&#8220; genannt) Projektname: SmartRail &#8211; Automatisierte Analyse von Betriebsdaten des Schieneng\u00fcterverkehrs (im Folgenden als &#8222;Projekt&#8220; bezeichnet) Dieses Projekt wird von der Europ\u00e4ischen Union auf der [&hellip;]<\/p>\n","protected":false},"author":1,"featured_media":1443,"parent":1653,"menu_order":0,"comment_status":"closed","ping_status":"closed","template":"","meta":{"_acf_changed":false,"footnotes":""},"class_list":["post-11187","page","type-page","status-publish","has-post-thumbnail","hentry"],"acf":[],"_links":{"self":[{"href":"https:\/\/www.cdcargo.cz\/de\/wp-json\/wp\/v2\/pages\/11187","targetHints":{"allow":["GET"]}}],"collection":[{"href":"https:\/\/www.cdcargo.cz\/de\/wp-json\/wp\/v2\/pages"}],"about":[{"href":"https:\/\/www.cdcargo.cz\/de\/wp-json\/wp\/v2\/types\/page"}],"author":[{"embeddable":true,"href":"https:\/\/www.cdcargo.cz\/de\/wp-json\/wp\/v2\/users\/1"}],"replies":[{"embeddable":true,"href":"https:\/\/www.cdcargo.cz\/de\/wp-json\/wp\/v2\/comments?post=11187"}],"version-history":[{"count":0,"href":"https:\/\/www.cdcargo.cz\/de\/wp-json\/wp\/v2\/pages\/11187\/revisions"}],"up":[{"embeddable":true,"href":"https:\/\/www.cdcargo.cz\/de\/wp-json\/wp\/v2\/pages\/1653"}],"wp:featuredmedia":[{"embeddable":true,"href":"https:\/\/www.cdcargo.cz\/de\/wp-json\/wp\/v2\/media\/1443"}],"wp:attachment":[{"href":"https:\/\/www.cdcargo.cz\/de\/wp-json\/wp\/v2\/media?parent=11187"}],"curies":[{"name":"wp","href":"https:\/\/api.w.org\/{rel}","templated":true}]}}