{"id":11191,"date":"2025-07-19T08:21:41","date_gmt":"2025-07-19T08:21:41","guid":{"rendered":"https:\/\/www.cdcargo.cz\/projekte\/ausruestung-von-18-lokomotiven-mit-etcs-zugsicherung-kofinanziert-von-sfdi\/"},"modified":"2025-10-30T13:03:56","modified_gmt":"2025-10-30T13:03:56","slug":"ausruestung-von-18-lokomotiven-mit-etcs-zugsicherung-kofinanziert-von-sfdi","status":"publish","type":"page","link":"https:\/\/www.cdcargo.cz\/de\/projekte\/ausruestung-von-18-lokomotiven-mit-etcs-zugsicherung-kofinanziert-von-sfdi\/","title":{"rendered":"Ausr\u00fcstung von 18 Lokomotiven mit ETCS-Zugsicherung, kofinanziert von SFDI"},"content":{"rendered":"\t\t<div data-elementor-type=\"wp-page\" data-elementor-id=\"11191\" class=\"elementor elementor-11191 elementor-2052\" data-elementor-post-type=\"page\">\n\t\t\t\t<div data-particle_enable=\"false\" data-particle-mobile-disabled=\"false\" class=\"elementor-element elementor-element-b4fbe20 e-flex e-con-boxed e-con e-parent\" data-id=\"b4fbe20\" data-element_type=\"container\" data-e-type=\"container\" data-settings=\"{&quot;background_background&quot;:&quot;classic&quot;}\">\n\t\t\t\t\t<div class=\"e-con-inner\">\n\t\t\t\t<div class=\"elementor-element elementor-element-c610d40 elementor-widget elementor-widget-heading\" data-id=\"c610d40\" data-element_type=\"widget\" data-e-type=\"widget\" data-widget_type=\"heading.default\">\n\t\t\t\t<div class=\"elementor-widget-container\">\n\t\t\t\t\t<h1 class=\"elementor-heading-title elementor-size-default\">Projekte<\/h1>\t\t\t\t<\/div>\n\t\t\t\t<\/div>\n\t\t\t\t<div class=\"elementor-element elementor-element-3d5746e no-icon elementor-widget elementor-widget-heading\" data-id=\"3d5746e\" data-element_type=\"widget\" data-e-type=\"widget\" data-widget_type=\"heading.default\">\n\t\t\t\t<div class=\"elementor-widget-container\">\n\t\t\t\t\t<h2 class=\"elementor-heading-title elementor-size-default\">Ausr\u00fcstung von 18 Lokomotiven mit ETCS-Zugsicherung, kofinanziert von SFDI<\/h2>\t\t\t\t<\/div>\n\t\t\t\t<\/div>\n\t\t\t\t\t<\/div>\n\t\t\t\t<\/div>\n\t\t<div data-particle_enable=\"false\" data-particle-mobile-disabled=\"false\" class=\"elementor-element elementor-element-79f35ee e-flex e-con-boxed e-con e-parent\" data-id=\"79f35ee\" data-element_type=\"container\" data-e-type=\"container\">\n\t\t\t\t\t<div class=\"e-con-inner\">\n\t\t<div data-particle_enable=\"false\" data-particle-mobile-disabled=\"false\" class=\"elementor-element elementor-element-079936b e-con-full e-flex e-con e-child\" data-id=\"079936b\" data-element_type=\"container\" data-e-type=\"container\">\n\t\t\t\t<div class=\"elementor-element elementor-element-f6f4374 elementor-widget-laptop__width-initial elementor-widget elementor-widget-image\" data-id=\"f6f4374\" data-element_type=\"widget\" data-e-type=\"widget\" data-widget_type=\"image.default\">\n\t\t\t\t<div class=\"elementor-widget-container\">\n\t\t\t\t\t\t\t\t\t\t\t\t\t\t\t<img fetchpriority=\"high\" decoding=\"async\" width=\"489\" height=\"191\" src=\"https:\/\/www.cdcargo.cz\/wp-content\/uploads\/2025\/07\/sfdi.webp\" class=\"attachment-full size-full wp-image-2056\" alt=\"\" \/>\t\t\t\t\t\t\t\t\t\t\t\t\t\t\t<\/div>\n\t\t\t\t<\/div>\n\t\t\t\t<\/div>\n\t\t<div data-particle_enable=\"false\" data-particle-mobile-disabled=\"false\" class=\"elementor-element elementor-element-3de9c5c e-con-full e-flex e-con e-child\" data-id=\"3de9c5c\" data-element_type=\"container\" data-e-type=\"container\">\n\t\t\t\t<div class=\"elementor-element elementor-element-4fd78d2 elementor-widget elementor-widget-text-editor\" data-id=\"4fd78d2\" data-element_type=\"widget\" data-e-type=\"widget\" data-widget_type=\"text-editor.default\">\n\t\t\t\t<div class=\"elementor-widget-container\">\n\t\t\t\t\t\t\t\t\t<p><strong>Titel der Aufforderung<\/strong>: Ausr\u00fcstung von Schienenfahrzeugen mit fahrzeugseitigen Komponenten des Eisenbahnverkehrsmanagement- und -sicherheitssystems f\u00fcr den Zeitraum 2022 &#8211; 2023 (&#8222;die Aufforderung&#8220;)<\/p><p><strong>Projektname<\/strong>: Ausr\u00fcstung ausgew\u00e4hlter Lokomotiven der \u010cD Cargo, a.s. mit dem mobilen Teil des ETCS L2B3-Systems (im Folgenden als &#8222;Projekt&#8220; bezeichnet)<\/p>\t\t\t\t\t\t\t\t<\/div>\n\t\t\t\t<\/div>\n\t\t\t\t<\/div>\n\t\t\t\t\t<\/div>\n\t\t\t\t<\/div>\n\t\t<div data-particle_enable=\"false\" data-particle-mobile-disabled=\"false\" class=\"elementor-element elementor-element-ef44a59 e-flex e-con-boxed e-con e-parent\" data-id=\"ef44a59\" data-element_type=\"container\" data-e-type=\"container\">\n\t\t\t\t\t<div class=\"e-con-inner\">\n\t\t\t\t<div class=\"elementor-element elementor-element-c19d4a8 elementor-widget elementor-widget-heading\" data-id=\"c19d4a8\" data-element_type=\"widget\" data-e-type=\"widget\" data-widget_type=\"heading.default\">\n\t\t\t\t<div class=\"elementor-widget-container\">\n\t\t\t\t\t<h3 class=\"elementor-heading-title elementor-size-default\">Beschreibung des Projekts<\/h3>\t\t\t\t<\/div>\n\t\t\t\t<\/div>\n\t\t\t\t<div class=\"elementor-element elementor-element-f72d189 elementor-widget elementor-widget-text-editor\" data-id=\"f72d189\" data-element_type=\"widget\" data-e-type=\"widget\" data-widget_type=\"text-editor.default\">\n\t\t\t\t<div class=\"elementor-widget-container\">\n\t\t\t\t\t\t\t\t\t<p>Das Ziel des Projekts ist es, insgesamt 18 Lokomotiven der \u010cD Cargo, a.s. mit dem Zugsicherungssystem ETCS (Level 2, Baseline 3) auszustatten. Das Projekt ist in zwei Teile unterteilt &#8211; Upgrade und Fitment. Der Upgrade-Teil betrifft insgesamt 8 Vectron MS-Lokomotiven, die werkseitig mit dem System ausgestattet sind, aber Level 2, Baseline 2 (L2, BL2), Version 2.3.0d. Diese Lokomotiven werden also auf L2, BL3, Version 3.4.0 und das damit verbundene Upgrade des Steuerungssystems und des GSM-R-Moduls aufger\u00fcstet. Der Fitment-Teil zielt dann auf den Erwerb von 10 neuen Traxx MS3-Lokomotiven ab, die bereits mit ETCS (L2, BL3, Version 3.4.0) ausgestattet sind. Damit soll der ETCS-Teil bei Lokomotiven unterst\u00fctzt werden, die bereits ab Werk die europ\u00e4ischen und nationalen Ziele der ERTMS-Pl\u00e4ne erf\u00fcllen. Der Kofinanzierungssatz betr\u00e4gt maximal 85 % der gesamten zuschussf\u00e4higen Kosten der Ma\u00dfnahme, wobei der H\u00f6chstbetrag der Unterst\u00fctzung bei 6 750 000 CZK f\u00fcr den Einbau eines mobilen ETCS-Teils in ein Triebfahrzeug liegt.       <\/p>\t\t\t\t\t\t\t\t<\/div>\n\t\t\t\t<\/div>\n\t\t\t\t\t<\/div>\n\t\t\t\t<\/div>\n\t\t\t\t<\/div>\n\t\t","protected":false},"excerpt":{"rendered":"<p>Projekte Ausr\u00fcstung von 18 Lokomotiven mit ETCS-Zugsicherung, kofinanziert von SFDI Titel der Aufforderung: Ausr\u00fcstung von Schienenfahrzeugen mit fahrzeugseitigen Komponenten des Eisenbahnverkehrsmanagement- und -sicherheitssystems f\u00fcr den Zeitraum 2022 &#8211; 2023 (&#8222;die Aufforderung&#8220;) Projektname: Ausr\u00fcstung ausgew\u00e4hlter Lokomotiven der \u010cD Cargo, a.s. mit dem mobilen Teil des ETCS L2B3-Systems (im Folgenden als &#8222;Projekt&#8220; bezeichnet) Beschreibung des Projekts Das [&hellip;]<\/p>\n","protected":false},"author":1,"featured_media":1443,"parent":1653,"menu_order":0,"comment_status":"closed","ping_status":"closed","template":"","meta":{"_acf_changed":false,"footnotes":""},"class_list":["post-11191","page","type-page","status-publish","has-post-thumbnail","hentry"],"acf":[],"_links":{"self":[{"href":"https:\/\/www.cdcargo.cz\/de\/wp-json\/wp\/v2\/pages\/11191","targetHints":{"allow":["GET"]}}],"collection":[{"href":"https:\/\/www.cdcargo.cz\/de\/wp-json\/wp\/v2\/pages"}],"about":[{"href":"https:\/\/www.cdcargo.cz\/de\/wp-json\/wp\/v2\/types\/page"}],"author":[{"embeddable":true,"href":"https:\/\/www.cdcargo.cz\/de\/wp-json\/wp\/v2\/users\/1"}],"replies":[{"embeddable":true,"href":"https:\/\/www.cdcargo.cz\/de\/wp-json\/wp\/v2\/comments?post=11191"}],"version-history":[{"count":0,"href":"https:\/\/www.cdcargo.cz\/de\/wp-json\/wp\/v2\/pages\/11191\/revisions"}],"up":[{"embeddable":true,"href":"https:\/\/www.cdcargo.cz\/de\/wp-json\/wp\/v2\/pages\/1653"}],"wp:featuredmedia":[{"embeddable":true,"href":"https:\/\/www.cdcargo.cz\/de\/wp-json\/wp\/v2\/media\/1443"}],"wp:attachment":[{"href":"https:\/\/www.cdcargo.cz\/de\/wp-json\/wp\/v2\/media?parent=11191"}],"curies":[{"name":"wp","href":"https:\/\/api.w.org\/{rel}","templated":true}]}}