{"id":11195,"date":"2025-07-19T08:51:28","date_gmt":"2025-07-19T08:51:28","guid":{"rendered":"https:\/\/www.cdcargo.cz\/projekte\/forschung-ueber-die-betrieblichen-aspekte-des-intelligenten-endes-des-zuges\/"},"modified":"2025-10-30T13:04:10","modified_gmt":"2025-10-30T13:04:10","slug":"forschung-ueber-die-betrieblichen-aspekte-des-intelligenten-endes-des-zuges","status":"publish","type":"page","link":"https:\/\/www.cdcargo.cz\/de\/projekte\/forschung-ueber-die-betrieblichen-aspekte-des-intelligenten-endes-des-zuges\/","title":{"rendered":"Forschung \u00fcber die betrieblichen Aspekte des intelligenten Endes des Zuges"},"content":{"rendered":"\t\t<div data-elementor-type=\"wp-page\" data-elementor-id=\"11195\" class=\"elementor elementor-11195 elementor-2075\" data-elementor-post-type=\"page\">\n\t\t\t\t<div data-particle_enable=\"false\" data-particle-mobile-disabled=\"false\" class=\"elementor-element elementor-element-b4fbe20 e-flex e-con-boxed e-con e-parent\" data-id=\"b4fbe20\" data-element_type=\"container\" data-e-type=\"container\" data-settings=\"{&quot;background_background&quot;:&quot;classic&quot;}\">\n\t\t\t\t\t<div class=\"e-con-inner\">\n\t\t\t\t<div class=\"elementor-element elementor-element-c610d40 elementor-widget elementor-widget-heading\" data-id=\"c610d40\" data-element_type=\"widget\" data-e-type=\"widget\" data-widget_type=\"heading.default\">\n\t\t\t\t<div class=\"elementor-widget-container\">\n\t\t\t\t\t<h1 class=\"elementor-heading-title elementor-size-default\">Projekte<\/h1>\t\t\t\t<\/div>\n\t\t\t\t<\/div>\n\t\t\t\t<div class=\"elementor-element elementor-element-3d5746e no-icon elementor-widget elementor-widget-heading\" data-id=\"3d5746e\" data-element_type=\"widget\" data-e-type=\"widget\" data-widget_type=\"heading.default\">\n\t\t\t\t<div class=\"elementor-widget-container\">\n\t\t\t\t\t<h2 class=\"elementor-heading-title elementor-size-default\">Forschung \u00fcber die betrieblichen Aspekte des intelligenten Endes des Zuges<\/h2>\t\t\t\t<\/div>\n\t\t\t\t<\/div>\n\t\t\t\t\t<\/div>\n\t\t\t\t<\/div>\n\t\t<div data-particle_enable=\"false\" data-particle-mobile-disabled=\"false\" class=\"elementor-element elementor-element-ef44a59 e-flex e-con-boxed e-con e-parent\" data-id=\"ef44a59\" data-element_type=\"container\" data-e-type=\"container\">\n\t\t\t\t\t<div class=\"e-con-inner\">\n\t\t\t\t<div class=\"elementor-element elementor-element-f6f4374 elementor-widget elementor-widget-image\" data-id=\"f6f4374\" data-element_type=\"widget\" data-e-type=\"widget\" data-widget_type=\"image.default\">\n\t\t\t\t<div class=\"elementor-widget-container\">\n\t\t\t\t\t\t\t\t\t\t\t\t\t\t\t<img fetchpriority=\"high\" decoding=\"async\" width=\"650\" height=\"177\" src=\"https:\/\/www.cdcargo.cz\/wp-content\/uploads\/2025\/07\/tacr_doprava2020.webp\" class=\"attachment-full size-full wp-image-2079\" alt=\"\" \/>\t\t\t\t\t\t\t\t\t\t\t\t\t\t\t<\/div>\n\t\t\t\t<\/div>\n\t\t\t\t<div class=\"elementor-element elementor-element-4fd78d2 elementor-widget elementor-widget-text-editor\" data-id=\"4fd78d2\" data-element_type=\"widget\" data-e-type=\"widget\" data-widget_type=\"text-editor.default\">\n\t\t\t\t<div class=\"elementor-widget-container\">\n\t\t\t\t\t\t\t\t\t<p><b>Name des Programms<\/b>: Programm zur F\u00f6rderung der angewandten Forschung, der experimentellen Entwicklung und der Innovation im Bereich Verkehr &#8211; TRANSPORT 2020+ (im Folgenden &#8222;das Programm&#8220; genannt)<\/p><p><b>Projektname<\/b>: Forschung zu betrieblichen Aspekten des intelligenten Zugschlusses (im Folgenden als &#8222;Projekt&#8220; bezeichnet)<\/p>\t\t\t\t\t\t\t\t<\/div>\n\t\t\t\t<\/div>\n\t\t\t\t<div class=\"elementor-element elementor-element-a77d191 elementor-widget elementor-widget-heading\" data-id=\"a77d191\" data-element_type=\"widget\" data-e-type=\"widget\" data-widget_type=\"heading.default\">\n\t\t\t\t<div class=\"elementor-widget-container\">\n\t\t\t\t\t<h3 class=\"elementor-heading-title elementor-size-default\">Grundlegende Informationen \u00fcber das Programm<\/h3>\t\t\t\t<\/div>\n\t\t\t\t<\/div>\n\t\t\t\t<div class=\"elementor-element elementor-element-0c722cf elementor-widget elementor-widget-text-editor\" data-id=\"0c722cf\" data-element_type=\"widget\" data-e-type=\"widget\" data-widget_type=\"text-editor.default\">\n\t\t\t\t<div class=\"elementor-widget-container\">\n\t\t\t\t\t\t\t\t\t<p>\u010cD Cargo hat sich dem Antrag auf finanzielle Unterst\u00fctzung f\u00fcr das Projekt Erforschung betrieblicher Aspekte des intelligenten Zugschlusses als zus\u00e4tzlicher Antragsteller im Rahmen des Programms zur F\u00f6rderung der angewandten Forschung, experimentellen Entwicklung und Innovation im Bereich Verkehr &#8211; DOPRAVA 2020+ angeschlossen, das von der Europ\u00e4ischen Union kofinanziert wird und dessen Verwaltungsorgan die Technologieagentur der Tschechischen Republik ist.<\/p><p>Ziel des Programms ist es, den Verkehrssektor durch den Output, die Ergebnisse und die Auswirkungen der gef\u00f6rderten Projekte so zu entwickeln, dass er die gesellschaftlichen Bed\u00fcrfnisse widerspiegelt, die technologische und wissensbasierte Entwicklung der Tschechischen Republik beschleunigt und somit zur Steigerung der Wettbewerbsf\u00e4higkeit der Tschechischen Republik beitr\u00e4gt. Die geplante Mittelausstattung des Programms f\u00fcr den Zeitraum 2020 &#8211; 2026 betr\u00e4gt 1,95 Milliarden CZK. Die erwartete durchschnittliche Intensit\u00e4t der Unterst\u00fctzung f\u00fcr einzelne Projekte liegt bei 80%.   <\/p>\t\t\t\t\t\t\t\t<\/div>\n\t\t\t\t<\/div>\n\t\t\t\t<div class=\"elementor-element elementor-element-c19d4a8 elementor-widget elementor-widget-heading\" data-id=\"c19d4a8\" data-element_type=\"widget\" data-e-type=\"widget\" data-widget_type=\"heading.default\">\n\t\t\t\t<div class=\"elementor-widget-container\">\n\t\t\t\t\t<h3 class=\"elementor-heading-title elementor-size-default\">Beschreibung des Projekts<\/h3>\t\t\t\t<\/div>\n\t\t\t\t<\/div>\n\t\t\t\t<div class=\"elementor-element elementor-element-f72d189 elementor-widget elementor-widget-text-editor\" data-id=\"f72d189\" data-element_type=\"widget\" data-e-type=\"widget\" data-widget_type=\"text-editor.default\">\n\t\t\t\t<div class=\"elementor-widget-container\">\n\t\t\t\t\t\t\t\t\t<p>Das Hauptziel des Projekts ist die Entwicklung und Betriebs\u00fcberpr\u00fcfung eines funktionierenden Musters des &#8222;Intelligenten Zugschlusses&#8220;. Insbesondere wird das \u00dcbertragungs-, Mess-, Steuerungs- und Stromversorgungssystem implementiert. Das gesamte System wird unter den Betriebsbedingungen des Schieneng\u00fcterverkehrs auf<x id=\"gid_0\"><\/x>verifiziert. Das daraus resultierende Funktionsmuster soll Komponenten und Funktionsalgorithmen enthalten, die die Realisierung eines Prototyps und die anschlie\u00dfende Massenproduktion eines kommerziellen Produkts erm\u00f6glichen, das als interoperables Element auf den Schienenwegen der EU eingef\u00fchrt werden soll.   <\/p>\n<p>Dieses Projekt wird in Zusammenarbeit mit der Tschechischen Technischen Universit\u00e4t in Prag (dem Hauptbeg\u00fcnstigten) und den Unternehmen TRS s.r.o. und V\u00fdzkumn\u00fd \u00dastav \u017delezni\u010dn\u00ed, a.s. durchgef\u00fchrt.<\/p>\n<p>Die gesch\u00e4tzten Gesamtkosten des Projekts betragen 9,89 Millionen CZK. CZK. Die H\u00f6he der Subventionen f\u00fcr das gesamte Projekt wird auf 7,29 Mio. CZK gesch\u00e4tzt. CZK, wobei der anteilige Betrag f\u00fcr die \u010cD Cargo 0,84 Mio. CZK betr\u00e4gt. CZK. Die Umsetzung des Projekts sollte gem\u00e4\u00df den Bedingungen des Programms bis zum 31.12.2024 abgeschlossen sein.     <\/p>\t\t\t\t\t\t\t\t<\/div>\n\t\t\t\t<\/div>\n\t\t\t\t\t<\/div>\n\t\t\t\t<\/div>\n\t\t\t\t<\/div>\n\t\t","protected":false},"excerpt":{"rendered":"<p>Projekte Forschung \u00fcber die betrieblichen Aspekte des intelligenten Endes des Zuges Name des Programms: Programm zur F\u00f6rderung der angewandten Forschung, der experimentellen Entwicklung und der Innovation im Bereich Verkehr &#8211; TRANSPORT 2020+ (im Folgenden &#8222;das Programm&#8220; genannt) Projektname: Forschung zu betrieblichen Aspekten des intelligenten Zugschlusses (im Folgenden als &#8222;Projekt&#8220; bezeichnet) Grundlegende Informationen \u00fcber das Programm [&hellip;]<\/p>\n","protected":false},"author":1,"featured_media":1443,"parent":1653,"menu_order":0,"comment_status":"closed","ping_status":"closed","template":"","meta":{"_acf_changed":false,"footnotes":""},"class_list":["post-11195","page","type-page","status-publish","has-post-thumbnail","hentry"],"acf":[],"_links":{"self":[{"href":"https:\/\/www.cdcargo.cz\/de\/wp-json\/wp\/v2\/pages\/11195","targetHints":{"allow":["GET"]}}],"collection":[{"href":"https:\/\/www.cdcargo.cz\/de\/wp-json\/wp\/v2\/pages"}],"about":[{"href":"https:\/\/www.cdcargo.cz\/de\/wp-json\/wp\/v2\/types\/page"}],"author":[{"embeddable":true,"href":"https:\/\/www.cdcargo.cz\/de\/wp-json\/wp\/v2\/users\/1"}],"replies":[{"embeddable":true,"href":"https:\/\/www.cdcargo.cz\/de\/wp-json\/wp\/v2\/comments?post=11195"}],"version-history":[{"count":0,"href":"https:\/\/www.cdcargo.cz\/de\/wp-json\/wp\/v2\/pages\/11195\/revisions"}],"up":[{"embeddable":true,"href":"https:\/\/www.cdcargo.cz\/de\/wp-json\/wp\/v2\/pages\/1653"}],"wp:featuredmedia":[{"embeddable":true,"href":"https:\/\/www.cdcargo.cz\/de\/wp-json\/wp\/v2\/media\/1443"}],"wp:attachment":[{"href":"https:\/\/www.cdcargo.cz\/de\/wp-json\/wp\/v2\/media?parent=11195"}],"curies":[{"name":"wp","href":"https:\/\/api.w.org\/{rel}","templated":true}]}}