{"id":11199,"date":"2025-07-19T07:17:54","date_gmt":"2025-07-19T07:17:54","guid":{"rendered":"https:\/\/www.cdcargo.cz\/projekte\/projekt-zur-umruestung-der-lokomotiven-der-serie-163-fuer-den-erweiterten-betrieb-auf-dem-wechselstromsystem\/"},"modified":"2025-10-30T13:04:18","modified_gmt":"2025-10-30T13:04:18","slug":"projekt-zur-umruestung-der-lokomotiven-der-serie-163-fuer-den-erweiterten-betrieb-auf-dem-wechselstromsystem","status":"publish","type":"page","link":"https:\/\/www.cdcargo.cz\/de\/projekte\/projekt-zur-umruestung-der-lokomotiven-der-serie-163-fuer-den-erweiterten-betrieb-auf-dem-wechselstromsystem\/","title":{"rendered":"Projekt zur Umr\u00fcstung der Lokomotiven der Serie 163 f\u00fcr den erweiterten Betrieb auf dem Wechselstromsystem"},"content":{"rendered":"\t\t<div data-elementor-type=\"wp-page\" data-elementor-id=\"11199\" class=\"elementor elementor-11199 elementor-1945\" data-elementor-post-type=\"page\">\n\t\t\t\t<div data-particle_enable=\"false\" data-particle-mobile-disabled=\"false\" class=\"elementor-element elementor-element-b4fbe20 e-flex e-con-boxed e-con e-parent\" data-id=\"b4fbe20\" data-element_type=\"container\" data-e-type=\"container\" data-settings=\"{&quot;background_background&quot;:&quot;classic&quot;}\">\n\t\t\t\t\t<div class=\"e-con-inner\">\n\t\t\t\t<div class=\"elementor-element elementor-element-c610d40 elementor-widget elementor-widget-heading\" data-id=\"c610d40\" data-element_type=\"widget\" data-e-type=\"widget\" data-widget_type=\"heading.default\">\n\t\t\t\t<div class=\"elementor-widget-container\">\n\t\t\t\t\t<h1 class=\"elementor-heading-title elementor-size-default\">Projekte<\/h1>\t\t\t\t<\/div>\n\t\t\t\t<\/div>\n\t\t\t\t<div class=\"elementor-element elementor-element-3d5746e no-icon elementor-widget elementor-widget-heading\" data-id=\"3d5746e\" data-element_type=\"widget\" data-e-type=\"widget\" data-widget_type=\"heading.default\">\n\t\t\t\t<div class=\"elementor-widget-container\">\n\t\t\t\t\t<h2 class=\"elementor-heading-title elementor-size-default\">Projekt zur Umr\u00fcstung der Lokomotiven der Serie 163 f\u00fcr den erweiterten Betrieb auf dem Wechselstromsystem <\/h2>\t\t\t\t<\/div>\n\t\t\t\t<\/div>\n\t\t\t\t\t<\/div>\n\t\t\t\t<\/div>\n\t\t<div data-particle_enable=\"false\" data-particle-mobile-disabled=\"false\" class=\"elementor-element elementor-element-ef44a59 e-flex e-con-boxed e-con e-parent\" data-id=\"ef44a59\" data-element_type=\"container\" data-e-type=\"container\">\n\t\t\t\t\t<div class=\"e-con-inner\">\n\t\t\t\t<div class=\"elementor-element elementor-element-f6f4374 elementor-widget elementor-widget-image\" data-id=\"f6f4374\" data-element_type=\"widget\" data-e-type=\"widget\" data-widget_type=\"image.default\">\n\t\t\t\t<div class=\"elementor-widget-container\">\n\t\t\t\t\t\t\t\t\t\t\t\t\t\t\t<img fetchpriority=\"high\" decoding=\"async\" width=\"800\" height=\"193\" src=\"https:\/\/www.cdcargo.cz\/wp-content\/uploads\/2025\/07\/operacni-program_doprava.webp\" class=\"attachment-2048x2048 size-2048x2048 wp-image-1925\" alt=\"\" \/>\t\t\t\t\t\t\t\t\t\t\t\t\t\t\t<\/div>\n\t\t\t\t<\/div>\n\t\t\t\t<div class=\"elementor-element elementor-element-4fd78d2 elementor-widget elementor-widget-text-editor\" data-id=\"4fd78d2\" data-element_type=\"widget\" data-e-type=\"widget\" data-widget_type=\"text-editor.default\">\n\t\t\t\t<div class=\"elementor-widget-container\">\n\t\t\t\t\t\t\t\t\t<p><strong>Programm der \u00f6ffentlichen Unterst\u00fctzung:<\/strong> Unterst\u00fctzung:<br>Sicherstellung der Interoperabilit\u00e4t beim Bahntransport<\/p><p><strong>Name des Aufrufs:<\/strong> <a href=\"https:\/\/www.opd.cz\/stranka\/vyzva-64\/\">Aufruf Nr. 64<\/a>  &#8211; Gew\u00e4hrleistung der Interoperabilit\u00e4t im Schienenverkehr &#8211; Umsetzung des Teilsystems Fahrzeuge &#8211; Lokomotiven und Fahrzeuge des Personenverkehrs -, das den Betrieb im 25 kV\/50 Hz-System erm\u00f6glicht (&#8222;der Aufruf&#8220;)<\/p><p><strong>Projektname:<\/strong> Umr\u00fcstung ausgew\u00e4hlter Lokomotiven der \u010cD Cargo, a.s. f\u00fcr den erweiterten Betrieb auf dem 25 kv \/ 50 Hz Wechselstromsystem &#8211; Projekt 1 (im Folgenden als &#8222;Projekt&#8220; bezeichnet)<\/p>\t\t\t\t\t\t\t\t<\/div>\n\t\t\t\t<\/div>\n\t\t\t\t<div class=\"elementor-element elementor-element-a77d191 elementor-widget elementor-widget-heading\" data-id=\"a77d191\" data-element_type=\"widget\" data-e-type=\"widget\" data-widget_type=\"heading.default\">\n\t\t\t\t<div class=\"elementor-widget-container\">\n\t\t\t\t\t<h3 class=\"elementor-heading-title elementor-size-default\">Beschreibung des Projekts<\/h3>\t\t\t\t<\/div>\n\t\t\t\t<\/div>\n\t\t\t\t<div class=\"elementor-element elementor-element-0c722cf elementor-widget elementor-widget-text-editor\" data-id=\"0c722cf\" data-element_type=\"widget\" data-e-type=\"widget\" data-widget_type=\"text-editor.default\">\n\t\t\t\t<div class=\"elementor-widget-container\">\n\t\t\t\t\t\t\t\t\t<p>Das Ziel des Projekts ist der Umbau von insgesamt 8 Triebfahrzeugen der Baureihe 163 f\u00fcr die Erweiterung des Betriebs auf dem Wechselstromnetz 25 kV \/ 50 Hz. <b>Das Projekt wird von der Europ\u00e4ischen Union kofinanziert<\/b>. Der gesamte Kofinanzierungssatz betr\u00e4gt maximal 50% der f\u00f6rderf\u00e4higen Kosten. Die physische Umsetzung des Projekts wurde am 9. Mai 2022 abgeschlossen.    <\/p>\t\t\t\t\t\t\t\t<\/div>\n\t\t\t\t<\/div>\n\t\t\t\t\t<\/div>\n\t\t\t\t<\/div>\n\t\t\t\t<\/div>\n\t\t","protected":false},"excerpt":{"rendered":"<p>Projekte Projekt zur Umr\u00fcstung der Lokomotiven der Serie 163 f\u00fcr den erweiterten Betrieb auf dem Wechselstromsystem Programm der \u00f6ffentlichen Unterst\u00fctzung: Unterst\u00fctzung:Sicherstellung der Interoperabilit\u00e4t beim Bahntransport Name des Aufrufs: Aufruf Nr. 64 &#8211; Gew\u00e4hrleistung der Interoperabilit\u00e4t im Schienenverkehr &#8211; Umsetzung des Teilsystems Fahrzeuge &#8211; Lokomotiven und Fahrzeuge des Personenverkehrs -, das den Betrieb im 25 kV\/50 [&hellip;]<\/p>\n","protected":false},"author":1,"featured_media":1443,"parent":1653,"menu_order":0,"comment_status":"closed","ping_status":"closed","template":"","meta":{"_acf_changed":false,"footnotes":""},"class_list":["post-11199","page","type-page","status-publish","has-post-thumbnail","hentry"],"acf":[],"_links":{"self":[{"href":"https:\/\/www.cdcargo.cz\/de\/wp-json\/wp\/v2\/pages\/11199","targetHints":{"allow":["GET"]}}],"collection":[{"href":"https:\/\/www.cdcargo.cz\/de\/wp-json\/wp\/v2\/pages"}],"about":[{"href":"https:\/\/www.cdcargo.cz\/de\/wp-json\/wp\/v2\/types\/page"}],"author":[{"embeddable":true,"href":"https:\/\/www.cdcargo.cz\/de\/wp-json\/wp\/v2\/users\/1"}],"replies":[{"embeddable":true,"href":"https:\/\/www.cdcargo.cz\/de\/wp-json\/wp\/v2\/comments?post=11199"}],"version-history":[{"count":0,"href":"https:\/\/www.cdcargo.cz\/de\/wp-json\/wp\/v2\/pages\/11199\/revisions"}],"up":[{"embeddable":true,"href":"https:\/\/www.cdcargo.cz\/de\/wp-json\/wp\/v2\/pages\/1653"}],"wp:featuredmedia":[{"embeddable":true,"href":"https:\/\/www.cdcargo.cz\/de\/wp-json\/wp\/v2\/media\/1443"}],"wp:attachment":[{"href":"https:\/\/www.cdcargo.cz\/de\/wp-json\/wp\/v2\/media?parent=11199"}],"curies":[{"name":"wp","href":"https:\/\/api.w.org\/{rel}","templated":true}]}}