{"id":11203,"date":"2025-07-19T07:52:27","date_gmt":"2025-07-19T07:52:27","guid":{"rendered":"https:\/\/www.cdcargo.cz\/projekte\/cef-2015\/"},"modified":"2025-10-30T13:04:43","modified_gmt":"2025-10-30T13:04:43","slug":"cef-2015","status":"publish","type":"page","link":"https:\/\/www.cdcargo.cz\/de\/projekte\/cef-2015\/","title":{"rendered":"CEF 2015"},"content":{"rendered":"\t\t<div data-elementor-type=\"wp-page\" data-elementor-id=\"11203\" class=\"elementor elementor-11203 elementor-1990\" data-elementor-post-type=\"page\">\n\t\t\t\t<div data-particle_enable=\"false\" data-particle-mobile-disabled=\"false\" class=\"elementor-element elementor-element-b4fbe20 e-flex e-con-boxed e-con e-parent\" data-id=\"b4fbe20\" data-element_type=\"container\" data-e-type=\"container\" data-settings=\"{&quot;background_background&quot;:&quot;classic&quot;}\">\n\t\t\t\t\t<div class=\"e-con-inner\">\n\t\t\t\t<div class=\"elementor-element elementor-element-c610d40 elementor-widget elementor-widget-heading\" data-id=\"c610d40\" data-element_type=\"widget\" data-e-type=\"widget\" data-widget_type=\"heading.default\">\n\t\t\t\t<div class=\"elementor-widget-container\">\n\t\t\t\t\t<h1 class=\"elementor-heading-title elementor-size-default\">Projekte<\/h1>\t\t\t\t<\/div>\n\t\t\t\t<\/div>\n\t\t\t\t<div class=\"elementor-element elementor-element-3d5746e no-icon elementor-widget elementor-widget-heading\" data-id=\"3d5746e\" data-element_type=\"widget\" data-e-type=\"widget\" data-widget_type=\"heading.default\">\n\t\t\t\t<div class=\"elementor-widget-container\">\n\t\t\t\t\t<h2 class=\"elementor-heading-title elementor-size-default\">CEF 2015 - Projekt zur Ausr\u00fcstung der Lokomotiven 163 \/ 363 und 742.7 mit ETCS-Zugsicherung <\/h2>\t\t\t\t<\/div>\n\t\t\t\t<\/div>\n\t\t\t\t\t<\/div>\n\t\t\t\t<\/div>\n\t\t<div data-particle_enable=\"false\" data-particle-mobile-disabled=\"false\" class=\"elementor-element elementor-element-ef44a59 e-flex e-con-boxed e-con e-parent\" data-id=\"ef44a59\" data-element_type=\"container\" data-e-type=\"container\">\n\t\t\t\t\t<div class=\"e-con-inner\">\n\t\t\t\t<div class=\"elementor-element elementor-element-f6f4374 elementor-widget elementor-widget-image\" data-id=\"f6f4374\" data-element_type=\"widget\" data-e-type=\"widget\" data-widget_type=\"image.default\">\n\t\t\t\t<div class=\"elementor-widget-container\">\n\t\t\t\t\t\t\t\t\t\t\t\t\t\t\t<img fetchpriority=\"high\" decoding=\"async\" width=\"820\" height=\"91\" src=\"https:\/\/www.cdcargo.cz\/wp-content\/uploads\/2025\/07\/CEF_2015-logo.webp\" class=\"attachment-full size-full wp-image-1994\" alt=\"\" \/>\t\t\t\t\t\t\t\t\t\t\t\t\t\t\t<\/div>\n\t\t\t\t<\/div>\n\t\t\t\t<div class=\"elementor-element elementor-element-4fd78d2 elementor-widget elementor-widget-text-editor\" data-id=\"4fd78d2\" data-element_type=\"widget\" data-e-type=\"widget\" data-widget_type=\"text-editor.default\">\n\t\t\t\t<div class=\"elementor-widget-container\">\n\t\t\t\t\t\t\t\t\t<p><strong>\u00d6ffentliches Hilfsprogramm: die<\/strong> Fazilit\u00e4t &#8222;Connecting Europe<\/p><p><strong>Name der Aufforderung: <\/strong>2015 CEF Transport Cohesion Call<\/p><p><strong>Projektname:<\/strong> Einsatz von ERTMS\/ETCS-Bordkomponenten gem\u00e4\u00df ETCS Baseline 3 in Fahrzeugen der \u010cD CARGO, a.s. auf den Korridoren des Schieneng\u00fcterverkehrs\/Kernnetzes (im Folgenden als &#8222;Projekt&#8220; bezeichnet)<\/p><p><strong>Projekt-Reg.-Nr:   <\/strong>2015-DE-TM-0057-W<\/p>\t\t\t\t\t\t\t\t<\/div>\n\t\t\t\t<\/div>\n\t\t\t\t<div class=\"elementor-element elementor-element-a77d191 elementor-widget elementor-widget-heading\" data-id=\"a77d191\" data-element_type=\"widget\" data-e-type=\"widget\" data-widget_type=\"heading.default\">\n\t\t\t\t<div class=\"elementor-widget-container\">\n\t\t\t\t\t<h3 class=\"elementor-heading-title elementor-size-default\">Beschreibung des Programms<\/h3>\t\t\t\t<\/div>\n\t\t\t\t<\/div>\n\t\t\t\t<div class=\"elementor-element elementor-element-0c722cf elementor-widget elementor-widget-text-editor\" data-id=\"0c722cf\" data-element_type=\"widget\" data-e-type=\"widget\" data-widget_type=\"text-editor.default\">\n\t\t\t\t<div class=\"elementor-widget-container\">\n\t\t\t\t\t\t\t\t\t<p>Die Fazilit\u00e4t &#8222;Connecting Europe&#8220; (im Folgenden &#8222;CEF&#8220;) zielt darauf ab, finanzielle Unterst\u00fctzung der Europ\u00e4ischen Union f\u00fcr die Entwicklung der transeurop\u00e4ischen Netze bereitzustellen, indem Projekte von gemeinsamem Interesse in den Bereichen Verkehr, Telekommunikation und Energieinfrastruktur unterst\u00fctzt und potenzielle Synergien zwischen diesen Sektoren genutzt werden.<\/p><p>Im Bereich Verkehr zielt die CEF darauf ab, Investitionen in neue Verkehrsinfrastrukturen oder die Sanierung und Modernisierung bestehender Infrastrukturen zu unterst\u00fctzen. Sie konzentriert sich haupts\u00e4chlich auf grenz\u00fcberschreitende Abschnitte und die Beseitigung von Engp\u00e4ssen und fehlenden Abschnitten des TEN-V-Kernnetzes und des globalen Netzes sowie die F\u00f6rderung einer sicheren Infrastruktur. Dar\u00fcber hinaus kann das TEN-V-Netz an die Bed\u00fcrfnisse der milit\u00e4rischen Mobilit\u00e4t angepasst werden.  <\/p><p>Die CEF wird von der Europ\u00e4ischen Exekutivagentur f\u00fcr Klima, Infrastruktur und Umwelt (CINEA) mit Sitz in Br\u00fcssel verwaltet. CINEA verwaltet die Programme der Europ\u00e4ischen Kommission, die zur Dekarbonisierung und zum nachhaltigen Wachstum beitragen. <\/p>\t\t\t\t\t\t\t\t<\/div>\n\t\t\t\t<\/div>\n\t\t\t\t<div class=\"elementor-element elementor-element-c19d4a8 elementor-widget elementor-widget-heading\" data-id=\"c19d4a8\" data-element_type=\"widget\" data-e-type=\"widget\" data-widget_type=\"heading.default\">\n\t\t\t\t<div class=\"elementor-widget-container\">\n\t\t\t\t\t<h3 class=\"elementor-heading-title elementor-size-default\">Beschreibung des Projekts<\/h3>\t\t\t\t<\/div>\n\t\t\t\t<\/div>\n\t\t\t\t<div class=\"elementor-element elementor-element-f72d189 elementor-widget elementor-widget-text-editor\" data-id=\"f72d189\" data-element_type=\"widget\" data-e-type=\"widget\" data-widget_type=\"text-editor.default\">\n\t\t\t\t<div class=\"elementor-widget-container\">\n\t\t\t\t\t\t\t\t\t<p>Ziel des Projekts war die Ausr\u00fcstung von insgesamt 50 Triebfahrzeugen der Klasse 742.7 und 78 Triebfahrzeugen der Klassen 163, 363 mit ETCS-Zugsicherung (Level 2, Baseline 3). Der gesamte Kofinanzierungssatz betr\u00e4gt maximal 85% der f\u00f6rderf\u00e4higen Ausgaben, mit einem H\u00f6chstbetrag von 212.500 Euro f\u00fcr die Ausr\u00fcstung eines Triebfahrzeugs (egal ob Prototyp oder Serieneinsatz) mit dem mobilen Teil von ETCS. <\/p>\n<p>Die Umsetzung des Projekts begann am 31.3.2017. Das Projekt ist bis zum 31.12.2023 im Sinne der Erf\u00fcllung der Finanzhilfevereinbarung vollst\u00e4ndig abgeschlossen. <\/p>\t\t\t\t\t\t\t\t<\/div>\n\t\t\t\t<\/div>\n\t\t\t\t\t<\/div>\n\t\t\t\t<\/div>\n\t\t\t\t<\/div>\n\t\t","protected":false},"excerpt":{"rendered":"<p>Projekte CEF 2015 &#8211; Projekt zur Ausr\u00fcstung der Lokomotiven 163 \/ 363 und 742.7 mit ETCS-Zugsicherung \u00d6ffentliches Hilfsprogramm: die Fazilit\u00e4t &#8222;Connecting Europe Name der Aufforderung: 2015 CEF Transport Cohesion Call Projektname: Einsatz von ERTMS\/ETCS-Bordkomponenten gem\u00e4\u00df ETCS Baseline 3 in Fahrzeugen der \u010cD CARGO, a.s. auf den Korridoren des Schieneng\u00fcterverkehrs\/Kernnetzes (im Folgenden als &#8222;Projekt&#8220; bezeichnet) Projekt-Reg.-Nr: [&hellip;]<\/p>\n","protected":false},"author":1,"featured_media":1443,"parent":1653,"menu_order":0,"comment_status":"closed","ping_status":"closed","template":"","meta":{"_acf_changed":false,"footnotes":""},"class_list":["post-11203","page","type-page","status-publish","has-post-thumbnail","hentry"],"acf":[],"_links":{"self":[{"href":"https:\/\/www.cdcargo.cz\/de\/wp-json\/wp\/v2\/pages\/11203","targetHints":{"allow":["GET"]}}],"collection":[{"href":"https:\/\/www.cdcargo.cz\/de\/wp-json\/wp\/v2\/pages"}],"about":[{"href":"https:\/\/www.cdcargo.cz\/de\/wp-json\/wp\/v2\/types\/page"}],"author":[{"embeddable":true,"href":"https:\/\/www.cdcargo.cz\/de\/wp-json\/wp\/v2\/users\/1"}],"replies":[{"embeddable":true,"href":"https:\/\/www.cdcargo.cz\/de\/wp-json\/wp\/v2\/comments?post=11203"}],"version-history":[{"count":0,"href":"https:\/\/www.cdcargo.cz\/de\/wp-json\/wp\/v2\/pages\/11203\/revisions"}],"up":[{"embeddable":true,"href":"https:\/\/www.cdcargo.cz\/de\/wp-json\/wp\/v2\/pages\/1653"}],"wp:featuredmedia":[{"embeddable":true,"href":"https:\/\/www.cdcargo.cz\/de\/wp-json\/wp\/v2\/media\/1443"}],"wp:attachment":[{"href":"https:\/\/www.cdcargo.cz\/de\/wp-json\/wp\/v2\/media?parent=11203"}],"curies":[{"name":"wp","href":"https:\/\/api.w.org\/{rel}","templated":true}]}}