{"id":11206,"date":"2025-07-19T07:08:00","date_gmt":"2025-07-19T07:08:00","guid":{"rendered":"https:\/\/www.cdcargo.cz\/projekte\/projekt-zur-ausruestung-von-lokomotiven-der-baureihe-130-mit-etcs-zugsicherung\/"},"modified":"2025-10-30T13:05:06","modified_gmt":"2025-10-30T13:05:06","slug":"projekt-zur-ausruestung-von-lokomotiven-der-baureihe-130-mit-etcs-zugsicherung","status":"publish","type":"page","link":"https:\/\/www.cdcargo.cz\/de\/projekte\/projekt-zur-ausruestung-von-lokomotiven-der-baureihe-130-mit-etcs-zugsicherung\/","title":{"rendered":"Projekt zur Ausr\u00fcstung von Lokomotiven der Baureihe 130 mit ETCS-Zugsicherung"},"content":{"rendered":"\t\t<div data-elementor-type=\"wp-page\" data-elementor-id=\"11206\" class=\"elementor elementor-11206 elementor-1918\" data-elementor-post-type=\"page\">\n\t\t\t\t<div data-particle_enable=\"false\" data-particle-mobile-disabled=\"false\" class=\"elementor-element elementor-element-b4fbe20 e-flex e-con-boxed e-con e-parent\" data-id=\"b4fbe20\" data-element_type=\"container\" data-e-type=\"container\" data-settings=\"{&quot;background_background&quot;:&quot;classic&quot;}\">\n\t\t\t\t\t<div class=\"e-con-inner\">\n\t\t\t\t<div class=\"elementor-element elementor-element-c610d40 elementor-widget elementor-widget-heading\" data-id=\"c610d40\" data-element_type=\"widget\" data-e-type=\"widget\" data-widget_type=\"heading.default\">\n\t\t\t\t<div class=\"elementor-widget-container\">\n\t\t\t\t\t<h1 class=\"elementor-heading-title elementor-size-default\">Projekte<\/h1>\t\t\t\t<\/div>\n\t\t\t\t<\/div>\n\t\t\t\t<div class=\"elementor-element elementor-element-3d5746e no-icon elementor-widget elementor-widget-heading\" data-id=\"3d5746e\" data-element_type=\"widget\" data-e-type=\"widget\" data-widget_type=\"heading.default\">\n\t\t\t\t<div class=\"elementor-widget-container\">\n\t\t\t\t\t<h2 class=\"elementor-heading-title elementor-size-default\">Projekt zur Ausr\u00fcstung von Lokomotiven der Baureihe 130 mit ETCS-Zugsicherung <\/h2>\t\t\t\t<\/div>\n\t\t\t\t<\/div>\n\t\t\t\t\t<\/div>\n\t\t\t\t<\/div>\n\t\t<div data-particle_enable=\"false\" data-particle-mobile-disabled=\"false\" class=\"elementor-element elementor-element-ef44a59 e-flex e-con-boxed e-con e-parent\" data-id=\"ef44a59\" data-element_type=\"container\" data-e-type=\"container\">\n\t\t\t\t\t<div class=\"e-con-inner\">\n\t\t\t\t<div class=\"elementor-element elementor-element-f6f4374 elementor-widget elementor-widget-image\" data-id=\"f6f4374\" data-element_type=\"widget\" data-e-type=\"widget\" data-widget_type=\"image.default\">\n\t\t\t\t<div class=\"elementor-widget-container\">\n\t\t\t\t\t\t\t\t\t\t\t\t\t\t\t<img fetchpriority=\"high\" decoding=\"async\" width=\"800\" height=\"193\" src=\"https:\/\/www.cdcargo.cz\/wp-content\/uploads\/2025\/07\/operacni-program_doprava.webp\" class=\"attachment-2048x2048 size-2048x2048 wp-image-1925\" alt=\"\" \/>\t\t\t\t\t\t\t\t\t\t\t\t\t\t\t<\/div>\n\t\t\t\t<\/div>\n\t\t\t\t<div class=\"elementor-element elementor-element-4fd78d2 elementor-widget elementor-widget-text-editor\" data-id=\"4fd78d2\" data-element_type=\"widget\" data-e-type=\"widget\" data-widget_type=\"text-editor.default\">\n\t\t\t\t<div class=\"elementor-widget-container\">\n\t\t\t\t\t\t\t\t\t<p><strong>Programm der \u00f6ffentlichen Unterst\u00fctzung:<\/strong> Unterst\u00fctzung:<br>Sicherstellung der Interoperabilit\u00e4t beim Bahntransport<\/p><p><strong>Titel der Aufforderung:<\/strong> Aufforderung Nr. 75 &#8211; Gew\u00e4hrleistung der Interoperabilit\u00e4t im Schienenverkehr &#8211; Ausr\u00fcstung mit ETCS-Ger\u00e4ten (&#8222;die Aufforderung&#8220;) <\/p><p><strong>Projektname:<\/strong> Lieferung und Installation des mobilen Teils des ETCS in ausgew\u00e4hlten Fahrzeugen der \u010cD Cargo, a.s. (im Folgenden als &#8222;Projekt&#8220; bezeichnet) <\/p>\t\t\t\t\t\t\t\t<\/div>\n\t\t\t\t<\/div>\n\t\t\t\t<div class=\"elementor-element elementor-element-a77d191 elementor-widget elementor-widget-heading\" data-id=\"a77d191\" data-element_type=\"widget\" data-e-type=\"widget\" data-widget_type=\"heading.default\">\n\t\t\t\t<div class=\"elementor-widget-container\">\n\t\t\t\t\t<h3 class=\"elementor-heading-title elementor-size-default\">Beschreibung des Projekts<\/h3>\t\t\t\t<\/div>\n\t\t\t\t<\/div>\n\t\t\t\t<div class=\"elementor-element elementor-element-0c722cf elementor-widget elementor-widget-text-editor\" data-id=\"0c722cf\" data-element_type=\"widget\" data-e-type=\"widget\" data-widget_type=\"text-editor.default\">\n\t\t\t\t<div class=\"elementor-widget-container\">\n\t\t\t\t\t\t\t\t\t<p>Ziel des Projekts war die Ausr\u00fcstung von insgesamt 41 Triebfahrzeugen der Baureihe 130 mit ETCS-Zugsicherung (Level 2, Baseline 3). <b>Das Projekt wurde von der Europ\u00e4ischen Union kofinanziert<\/b>. Der gesamte Kofinanzierungssatz bel\u00e4uft sich auf maximal 85 % der f\u00f6rderf\u00e4higen Ausgaben, mit einem H\u00f6chstbetrag von 6 750 000 CZK f\u00fcr die Ausr\u00fcstung eines Triebfahrzeugs mit dem mobilen Teil des ETCS. Bis zum 30. Juni 2023 ist das ETCS-System in allen 41 in Frage kommenden Triebfahrzeugen implementiert worden. Das Projekt wurde jedoch in der Phase fortgesetzt, die darauf abzielte, die Lokomotiven f\u00fcr den Betrieb in einem Modus zuzulassen, in dem der mobile Teil des ETCS-Systems als voll aktives und funktionsf\u00e4higes Signalisierungsger\u00e4t arbeitet. Das Projekt (f\u00fcr den Betrieb in der Tschechischen Republik) wurde am 4.4.2024 abgeschlossen.      <\/p>\t\t\t\t\t\t\t\t<\/div>\n\t\t\t\t<\/div>\n\t\t\t\t\t<\/div>\n\t\t\t\t<\/div>\n\t\t\t\t<\/div>\n\t\t","protected":false},"excerpt":{"rendered":"<p>Projekte Projekt zur Ausr\u00fcstung von Lokomotiven der Baureihe 130 mit ETCS-Zugsicherung Programm der \u00f6ffentlichen Unterst\u00fctzung: Unterst\u00fctzung:Sicherstellung der Interoperabilit\u00e4t beim Bahntransport Titel der Aufforderung: Aufforderung Nr. 75 &#8211; Gew\u00e4hrleistung der Interoperabilit\u00e4t im Schienenverkehr &#8211; Ausr\u00fcstung mit ETCS-Ger\u00e4ten (&#8222;die Aufforderung&#8220;) Projektname: Lieferung und Installation des mobilen Teils des ETCS in ausgew\u00e4hlten Fahrzeugen der \u010cD Cargo, a.s. (im [&hellip;]<\/p>\n","protected":false},"author":1,"featured_media":1443,"parent":1653,"menu_order":0,"comment_status":"closed","ping_status":"closed","template":"","meta":{"_acf_changed":false,"footnotes":""},"class_list":["post-11206","page","type-page","status-publish","has-post-thumbnail","hentry"],"acf":[],"_links":{"self":[{"href":"https:\/\/www.cdcargo.cz\/de\/wp-json\/wp\/v2\/pages\/11206","targetHints":{"allow":["GET"]}}],"collection":[{"href":"https:\/\/www.cdcargo.cz\/de\/wp-json\/wp\/v2\/pages"}],"about":[{"href":"https:\/\/www.cdcargo.cz\/de\/wp-json\/wp\/v2\/types\/page"}],"author":[{"embeddable":true,"href":"https:\/\/www.cdcargo.cz\/de\/wp-json\/wp\/v2\/users\/1"}],"replies":[{"embeddable":true,"href":"https:\/\/www.cdcargo.cz\/de\/wp-json\/wp\/v2\/comments?post=11206"}],"version-history":[{"count":0,"href":"https:\/\/www.cdcargo.cz\/de\/wp-json\/wp\/v2\/pages\/11206\/revisions"}],"up":[{"embeddable":true,"href":"https:\/\/www.cdcargo.cz\/de\/wp-json\/wp\/v2\/pages\/1653"}],"wp:featuredmedia":[{"embeddable":true,"href":"https:\/\/www.cdcargo.cz\/de\/wp-json\/wp\/v2\/media\/1443"}],"wp:attachment":[{"href":"https:\/\/www.cdcargo.cz\/de\/wp-json\/wp\/v2\/media?parent=11206"}],"curies":[{"name":"wp","href":"https:\/\/api.w.org\/{rel}","templated":true}]}}