{"id":11496,"date":"2025-11-13T14:20:16","date_gmt":"2025-11-13T14:20:16","guid":{"rendered":"https:\/\/www.cdcargo.cz\/apps\/jzk\/"},"modified":"2025-11-13T14:35:44","modified_gmt":"2025-11-13T14:35:44","slug":"jzk","status":"publish","type":"page","link":"https:\/\/www.cdcargo.cz\/de\/apps\/jzk\/","title":{"rendered":"J\u017dK"},"content":{"rendered":"\t\t<div data-elementor-type=\"wp-page\" data-elementor-id=\"11496\" class=\"elementor elementor-11496 elementor-11478\" data-elementor-post-type=\"page\">\n\t\t\t\t<div data-particle_enable=\"false\" data-particle-mobile-disabled=\"false\" class=\"elementor-element elementor-element-6c31d3c e-flex e-con-boxed e-con e-parent\" data-id=\"6c31d3c\" data-element_type=\"container\" data-e-type=\"container\" data-settings=\"{&quot;background_background&quot;:&quot;classic&quot;}\">\n\t\t\t\t\t<div class=\"e-con-inner\">\n\t\t\t\t<div class=\"elementor-element elementor-element-21a16ee elementor-widget elementor-widget-heading\" data-id=\"21a16ee\" data-element_type=\"widget\" data-e-type=\"widget\" data-widget_type=\"heading.default\">\n\t\t\t\t<div class=\"elementor-widget-container\">\n\t\t\t\t\t<h1 class=\"elementor-heading-title elementor-size-default\">J\u017dK<\/h1>\t\t\t\t<\/div>\n\t\t\t\t<\/div>\n\t\t\t\t<div class=\"elementor-element elementor-element-5bdc502 elementor-widget elementor-widget-heading\" data-id=\"5bdc502\" data-element_type=\"widget\" data-e-type=\"widget\" data-widget_type=\"heading.default\">\n\t\t\t\t<div class=\"elementor-widget-container\">\n\t\t\t\t\t<h2 class=\"elementor-heading-title elementor-size-default\">Einheitliche Bahnumrechnungskurse<\/h2>\t\t\t\t<\/div>\n\t\t\t\t<\/div>\n\t\t\t\t<div class=\"elementor-element elementor-element-b77391e elementor-widget__width-initial elementor-widget elementor-widget-text-editor\" data-id=\"b77391e\" data-element_type=\"widget\" data-e-type=\"widget\" data-widget_type=\"text-editor.default\">\n\t\t\t\t<div class=\"elementor-widget-container\">\n\t\t\t\t\t\t\t\t\t<p>Die Gesellschaft \u010cD Cargo, a. s., verwendet die Einheitlichen Bahnumrechnungskurse zur Umrechnung des Wertes aller Leistungen (einschlie\u00dflich der Tarifwerte), die prim\u00e4r in einer anderen W\u00e4hrung (Kalkulationsw\u00e4hrung z. B. EUR) als der W\u00e4hrung festgelegt sind, in der der Preis aller dieser Leistungen mit dem Kunden zu Abrechnungszwecken vereinbart ist (Abrechnungsw\u00e4hrung z. B. CZK), sofern die Vereinbarung mit dem Kunden f\u00fcr die jeweilige Leistung nichts anderes vorsieht. Die G\u00fcltigkeit der Einheitlichen Bahnumrechnungskurse wird f\u00fcr den Zeitraum bis zur Ausk\u00fcndigung der neuen Einheitlichen Bahnumrechnungskurse festgelegt. <\/p>\t\t\t\t\t\t\t\t<\/div>\n\t\t\t\t<\/div>\n\t\t\t\t\t<\/div>\n\t\t\t\t<\/div>\n\t\t<div data-particle_enable=\"false\" data-particle-mobile-disabled=\"false\" class=\"elementor-element elementor-element-382fe08 e-flex e-con-boxed e-con e-parent\" data-id=\"382fe08\" data-element_type=\"container\" data-e-type=\"container\">\n\t\t\t\t\t<div class=\"e-con-inner\">\n\t\t\t\t<div class=\"elementor-element elementor-element-7c54351 elementor-widget elementor-widget-shortcode\" data-id=\"7c54351\" data-element_type=\"widget\" data-e-type=\"widget\" data-widget_type=\"shortcode.default\">\n\t\t\t\t<div class=\"elementor-widget-container\">\n\t\t\t\t\t\t\t<div class=\"elementor-shortcode\"><div id=\"cdcargo-jzk-data-container\"><\/div><\/div>\n\t\t\t\t\t\t<\/div>\n\t\t\t\t<\/div>\n\t\t\t\t\t<\/div>\n\t\t\t\t<\/div>\n\t\t<div data-particle_enable=\"false\" data-particle-mobile-disabled=\"false\" class=\"elementor-element elementor-element-606604d e-flex e-con-boxed e-con e-parent\" data-id=\"606604d\" data-element_type=\"container\" data-e-type=\"container\">\n\t\t\t\t\t<div class=\"e-con-inner\">\n\t\t\t\t<div class=\"elementor-element elementor-element-d6170a9 elementor-widget__width-initial elementor-widget-tablet__width-inherit elementor-widget-laptop__width-inherit elementor-widget elementor-widget-text-editor\" data-id=\"d6170a9\" data-element_type=\"widget\" data-e-type=\"widget\" data-widget_type=\"text-editor.default\">\n\t\t\t\t<div class=\"elementor-widget-container\">\n\t\t\t\t\t\t\t\t\t<p>Bei der Umrechnung von W\u00e4hrungen, die oben nicht angef\u00fchrt sind, verwendet die Gesellschaft \u010cD Cargo, a. s., den aktuellen Tageskurs der Tschechischen Nationalbank (\u010cNB), ggf. f\u00fcr die Umrechnung von W\u00e4hrungen, deren Kurs die \u010cNB in ihren Kurslisten nicht anf\u00fchrt, die aber als Tarifw\u00e4hrung im internationalen Eisenbahnverkehr verwendet werden k\u00f6nnen, wird f\u00fcr die oben genannten Zwecke der von den Zentralbanken der jeweiligen L\u00e4nder bekannt gegebene EUR-Devisenkurs verwendet. <\/p>\t\t\t\t\t\t\t\t<\/div>\n\t\t\t\t<\/div>\n\t\t\t\t\t<\/div>\n\t\t\t\t<\/div>\n\t\t<div data-particle_enable=\"false\" data-particle-mobile-disabled=\"false\" class=\"elementor-element elementor-element-5ee0d2b e-flex e-con-boxed e-con e-parent\" data-id=\"5ee0d2b\" data-element_type=\"container\" data-e-type=\"container\">\n\t\t\t\t\t<div class=\"e-con-inner\">\n\t\t<div data-particle_enable=\"false\" data-particle-mobile-disabled=\"false\" class=\"elementor-element elementor-element-df20634 e-con-full e-flex e-con e-child\" data-id=\"df20634\" data-element_type=\"container\" data-e-type=\"container\">\n\t\t<div data-particle_enable=\"false\" data-particle-mobile-disabled=\"false\" class=\"elementor-element elementor-element-71e5f11 e-con-full e-flex e-con e-child\" data-id=\"71e5f11\" data-element_type=\"container\" data-e-type=\"container\" data-settings=\"{&quot;background_background&quot;:&quot;classic&quot;}\">\n\t\t\t\t<div class=\"elementor-element elementor-element-15ce159 elementor-widget elementor-widget-heading\" data-id=\"15ce159\" data-element_type=\"widget\" data-e-type=\"widget\" data-widget_type=\"heading.default\">\n\t\t\t\t<div class=\"elementor-widget-container\">\n\t\t\t\t\t<h2 class=\"elementor-heading-title elementor-size-default\">Umrechnung von CZK in eine Fremdw\u00e4hrung \/ EUR<\/h2>\t\t\t\t<\/div>\n\t\t\t\t<\/div>\n\t\t\t\t<\/div>\n\t\t<div data-particle_enable=\"false\" data-particle-mobile-disabled=\"false\" class=\"elementor-element elementor-element-e10c0ab e-con-full e-flex e-con e-child\" data-id=\"e10c0ab\" data-element_type=\"container\" data-e-type=\"container\" data-settings=\"{&quot;background_background&quot;:&quot;classic&quot;}\">\n\t\t\t\t<div class=\"elementor-element elementor-element-19521ca elementor-widget__width-inherit elementor-widget-tablet__width-inherit elementor-widget elementor-widget-text-editor\" data-id=\"19521ca\" data-element_type=\"widget\" data-e-type=\"widget\" data-widget_type=\"text-editor.default\">\n\t\t\t\t<div class=\"elementor-widget-container\">\n\t\t\t\t\t\t\t\t\t<p>Der Wert des Bahnumrechnungskurses v CZK\/EUR wird auf den Wert <strong>22,80 CZK\/EUR<\/strong> festgelegt und ist bis auf den Widerruf, resp. die \u00c4nderung g\u00fcltig. <\/p>\t\t\t\t\t\t\t\t<\/div>\n\t\t\t\t<\/div>\n\t\t\t\t<\/div>\n\t\t\t\t<\/div>\n\t\t<div data-particle_enable=\"false\" data-particle-mobile-disabled=\"false\" class=\"elementor-element elementor-element-5e51fb9 e-con-full e-flex e-con e-child\" data-id=\"5e51fb9\" data-element_type=\"container\" data-e-type=\"container\">\n\t\t<div data-particle_enable=\"false\" data-particle-mobile-disabled=\"false\" class=\"elementor-element elementor-element-fdf2f91 e-con-full e-flex e-con e-child\" data-id=\"fdf2f91\" data-element_type=\"container\" data-e-type=\"container\" data-settings=\"{&quot;background_background&quot;:&quot;classic&quot;}\">\n\t\t\t\t<div class=\"elementor-element elementor-element-e2c1a08 elementor-widget elementor-widget-heading\" data-id=\"e2c1a08\" data-element_type=\"widget\" data-e-type=\"widget\" data-widget_type=\"heading.default\">\n\t\t\t\t<div class=\"elementor-widget-container\">\n\t\t\t\t\t<h2 class=\"elementor-heading-title elementor-size-default\">Annahmeumrechnungskurs<\/h2>\t\t\t\t<\/div>\n\t\t\t\t<\/div>\n\t\t\t\t<\/div>\n\t\t<div data-particle_enable=\"false\" data-particle-mobile-disabled=\"false\" class=\"elementor-element elementor-element-62681af e-con-full e-flex e-con e-child\" data-id=\"62681af\" data-element_type=\"container\" data-e-type=\"container\" data-settings=\"{&quot;background_background&quot;:&quot;classic&quot;}\">\n\t\t\t\t<div class=\"elementor-element elementor-element-26614b4 elementor-widget__width-inherit elementor-widget-tablet__width-inherit elementor-widget elementor-widget-text-editor\" data-id=\"26614b4\" data-element_type=\"widget\" data-e-type=\"widget\" data-widget_type=\"text-editor.default\">\n\t\t\t\t<div class=\"elementor-widget-container\">\n\t\t\t\t\t\t\t\t\t<p>Die Gesellschaft \u010cD Cargo, a. s., akzeptiert die Zahlungen von Rechnungen, die in der Rechnungsw\u00e4hrung CZK ausgestellt sind, auch in der W\u00e4hrung EUR. F\u00fcr die Verbuchung der erhaltenen Zahlung in EUR verwendet die Gesellschaft \u010cD Cargo, a. s., den Annahmeumrechnungskurs f\u00fcr Zahlungen in EUR, dessen Wert bis zum Widerruf, resp. bis zur \u00c4nderung auf den Wert <g id=\"gid_0\">22,80 CZK\/EUR<\/g> festgelegt ist.   <\/p>\t\t\t\t\t\t\t\t<\/div>\n\t\t\t\t<\/div>\n\t\t\t\t<\/div>\n\t\t\t\t<\/div>\n\t\t\t\t\t<\/div>\n\t\t\t\t<\/div>\n\t\t\t\t<\/div>\n\t\t","protected":false},"excerpt":{"rendered":"<p>Einheitliche Bahnumrechnungskurse Die Gesellschaft \u010cD Cargo, a. s., verwendet die Einheitlichen Bahnumrechnungskurse zur Umrechnung des Wertes aller Leistungen (einschlie\u00dflich der Tarifwerte), die prim\u00e4r in einer anderen W\u00e4hrung (Kalkulationsw\u00e4hrung z. B. EUR) als der W\u00e4hrung festgelegt sind, in der der Preis aller dieser Leistungen mit dem Kunden zu Abrechnungszwecken vereinbart ist (Abrechnungsw\u00e4hrung z. B. CZK), sofern [&hellip;]<\/p>\n","protected":false},"author":9,"featured_media":0,"parent":6115,"menu_order":0,"comment_status":"closed","ping_status":"closed","template":"","meta":{"_acf_changed":false,"footnotes":""},"class_list":["post-11496","page","type-page","status-publish","hentry"],"acf":[],"_links":{"self":[{"href":"https:\/\/www.cdcargo.cz\/de\/wp-json\/wp\/v2\/pages\/11496","targetHints":{"allow":["GET"]}}],"collection":[{"href":"https:\/\/www.cdcargo.cz\/de\/wp-json\/wp\/v2\/pages"}],"about":[{"href":"https:\/\/www.cdcargo.cz\/de\/wp-json\/wp\/v2\/types\/page"}],"author":[{"embeddable":true,"href":"https:\/\/www.cdcargo.cz\/de\/wp-json\/wp\/v2\/users\/9"}],"replies":[{"embeddable":true,"href":"https:\/\/www.cdcargo.cz\/de\/wp-json\/wp\/v2\/comments?post=11496"}],"version-history":[{"count":0,"href":"https:\/\/www.cdcargo.cz\/de\/wp-json\/wp\/v2\/pages\/11496\/revisions"}],"up":[{"embeddable":true,"href":"https:\/\/www.cdcargo.cz\/de\/wp-json\/wp\/v2\/pages\/6115"}],"wp:attachment":[{"href":"https:\/\/www.cdcargo.cz\/de\/wp-json\/wp\/v2\/media?parent=11496"}],"curies":[{"name":"wp","href":"https:\/\/api.w.org\/{rel}","templated":true}]}}