{"id":2157,"date":"2025-07-18T15:55:58","date_gmt":"2025-07-18T15:55:58","guid":{"rendered":"https:\/\/www.cdcargo.cz\/projekte\/bildet-euch-fuer-den-wachstum-aus\/"},"modified":"2025-09-04T09:19:20","modified_gmt":"2025-09-04T09:19:20","slug":"bildet-euch-fuer-den-wachstum-aus","status":"publish","type":"page","link":"https:\/\/www.cdcargo.cz\/de\/projekte\/bildet-euch-fuer-den-wachstum-aus\/","title":{"rendered":"Bildet euch f\u00fcr den Wachstum aus"},"content":{"rendered":"\t\t<div data-elementor-type=\"wp-page\" data-elementor-id=\"2157\" class=\"elementor elementor-2157 elementor-1873\" data-elementor-post-type=\"page\">\n\t\t\t\t<div data-particle_enable=\"false\" data-particle-mobile-disabled=\"false\" class=\"elementor-element elementor-element-b4fbe20 e-flex e-con-boxed e-con e-parent\" data-id=\"b4fbe20\" data-element_type=\"container\" data-e-type=\"container\" data-settings=\"{&quot;background_background&quot;:&quot;classic&quot;}\">\n\t\t\t\t\t<div class=\"e-con-inner\">\n\t\t\t\t<div class=\"elementor-element elementor-element-c610d40 elementor-widget elementor-widget-heading\" data-id=\"c610d40\" data-element_type=\"widget\" data-e-type=\"widget\" data-widget_type=\"heading.default\">\n\t\t\t\t<div class=\"elementor-widget-container\">\n\t\t\t\t\t<h1 class=\"elementor-heading-title elementor-size-default\">Projekte<\/h1>\t\t\t\t<\/div>\n\t\t\t\t<\/div>\n\t\t\t\t<div class=\"elementor-element elementor-element-3d5746e no-icon elementor-widget elementor-widget-heading\" data-id=\"3d5746e\" data-element_type=\"widget\" data-e-type=\"widget\" data-widget_type=\"heading.default\">\n\t\t\t\t<div class=\"elementor-widget-container\">\n\t\t\t\t\t<h2 class=\"elementor-heading-title elementor-size-default\">F\u00f6rdermittelprogram: Bildet euch f\u00fcr den Wachstum aus<\/h2>\t\t\t\t<\/div>\n\t\t\t\t<\/div>\n\t\t\t\t\t<\/div>\n\t\t\t\t<\/div>\n\t\t<div data-particle_enable=\"false\" data-particle-mobile-disabled=\"false\" class=\"elementor-element elementor-element-ef44a59 e-flex e-con-boxed e-con e-parent\" data-id=\"ef44a59\" data-element_type=\"container\" data-e-type=\"container\">\n\t\t\t\t\t<div class=\"e-con-inner\">\n\t\t\t\t<div class=\"elementor-element elementor-element-f6f4374 elementor-widget elementor-widget-image\" data-id=\"f6f4374\" data-element_type=\"widget\" data-e-type=\"widget\" data-widget_type=\"image.default\">\n\t\t\t\t<div class=\"elementor-widget-container\">\n\t\t\t\t\t\t\t\t\t\t\t\t\t\t\t<img fetchpriority=\"high\" decoding=\"async\" width=\"1680\" height=\"182\" src=\"https:\/\/www.cdcargo.cz\/wp-content\/uploads\/2025\/07\/esf_logo.jpg\" class=\"attachment-2048x2048 size-2048x2048 wp-image-1643\" alt=\"\" srcset=\"https:\/\/www.cdcargo.cz\/wp-content\/uploads\/2025\/07\/esf_logo.jpg 1680w, https:\/\/www.cdcargo.cz\/wp-content\/uploads\/2025\/07\/esf_logo-300x33.jpg 300w, https:\/\/www.cdcargo.cz\/wp-content\/uploads\/2025\/07\/esf_logo-1024x111.jpg 1024w, https:\/\/www.cdcargo.cz\/wp-content\/uploads\/2025\/07\/esf_logo-768x83.jpg 768w, https:\/\/www.cdcargo.cz\/wp-content\/uploads\/2025\/07\/esf_logo-1536x166.jpg 1536w, https:\/\/www.cdcargo.cz\/wp-content\/uploads\/2025\/07\/esf_logo-18x2.jpg 18w\" sizes=\"(max-width: 1680px) 100vw, 1680px\" \/>\t\t\t\t\t\t\t\t\t\t\t\t\t\t\t<\/div>\n\t\t\t\t<\/div>\n\t\t\t\t<div class=\"elementor-element elementor-element-a77d191 elementor-widget elementor-widget-heading\" data-id=\"a77d191\" data-element_type=\"widget\" data-e-type=\"widget\" data-widget_type=\"heading.default\">\n\t\t\t\t<div class=\"elementor-widget-container\">\n\t\t\t\t\t<h3 class=\"elementor-heading-title elementor-size-default\">Bilden Sie sich f\u00fcr den Wachstum in S\u00fcdb\u00f6hmen aus, Durchf\u00fchrungsnummer: CZ.1.04\/1.1.00\/82.00009<\/h3>\t\t\t\t<\/div>\n\t\t\t\t<\/div>\n\t\t\t\t<div class=\"elementor-element elementor-element-0c722cf elementor-widget elementor-widget-text-editor\" data-id=\"0c722cf\" data-element_type=\"widget\" data-e-type=\"widget\" data-widget_type=\"text-editor.default\">\n\t\t\t\t<div class=\"elementor-widget-container\">\n\t\t\t\t\t\t\t\t\t<p>Die F\u00f6rdermittel wurden auf folgende T\u00e4tigkeiten geleistet:<br>&#8211; Fachorientierte Weiterbildung von Maschinenf\u00fchrern<br>&#8211; Fachorientierte Weiterbildung im Bereich des Schwei\u00dfens und der Defektoskopie in der H\u00f6he von 1.025.200 CZK auf Kurse und Lohnbeitr\u00e4ge<\/p>\t\t\t\t\t\t\t\t<\/div>\n\t\t\t\t<\/div>\n\t\t\t\t<div class=\"elementor-element elementor-element-ab5a14c elementor-widget elementor-widget-heading\" data-id=\"ab5a14c\" data-element_type=\"widget\" data-e-type=\"widget\" data-widget_type=\"heading.default\">\n\t\t\t\t<div class=\"elementor-widget-container\">\n\t\t\t\t\t<h3 class=\"elementor-heading-title elementor-size-default\">Bildet euch f\u00fcr den Wachstum in M\u00e4hren und Schlesien aus, Durchf\u00fchrungsnummer: CZ.1.04\/1.1.00\/82.00011<\/h3>\t\t\t\t<\/div>\n\t\t\t\t<\/div>\n\t\t\t\t<div class=\"elementor-element elementor-element-b5f0700 elementor-widget elementor-widget-text-editor\" data-id=\"b5f0700\" data-element_type=\"widget\" data-e-type=\"widget\" data-widget_type=\"text-editor.default\">\n\t\t\t\t<div class=\"elementor-widget-container\">\n\t\t\t\t\t\t\t\t\t<p>Die F\u00f6rdermittel wurden auf folgende T\u00e4tigkeiten geleistet:<br>&#8211; Fachorientierte Weiterbildung im Bereich des Schwei\u00dfens und der Defektoskopie in der H\u00f6he von 413.725 CZK auf Kurse und Lohnbeitr\u00e4ge<\/p>\t\t\t\t\t\t\t\t<\/div>\n\t\t\t\t<\/div>\n\t\t\t\t<div class=\"elementor-element elementor-element-0643572 elementor-widget elementor-widget-heading\" data-id=\"0643572\" data-element_type=\"widget\" data-e-type=\"widget\" data-widget_type=\"heading.default\">\n\t\t\t\t<div class=\"elementor-widget-container\">\n\t\t\t\t\t<h3 class=\"elementor-heading-title elementor-size-default\">Bilden Sie sich f\u00fcr den Wachstum im Bezirk \u00dast\u00ed nad Labem aus, Durchf\u00fchrungsnummer: CZ.1.04\/1.1.00\/82.00012<\/h3>\t\t\t\t<\/div>\n\t\t\t\t<\/div>\n\t\t\t\t<div class=\"elementor-element elementor-element-5533b2c elementor-widget elementor-widget-text-editor\" data-id=\"5533b2c\" data-element_type=\"widget\" data-e-type=\"widget\" data-widget_type=\"text-editor.default\">\n\t\t\t\t<div class=\"elementor-widget-container\">\n\t\t\t\t\t\t\t\t\t<p>Die F\u00f6rdermittel wurden auf folgende T\u00e4tigkeiten geleistet:<br>&#8211; Fachorientierte Weiterbildung von Maschinenf\u00fchrern<br>&#8211; Fachorientierte Weiterbildung im Bereich des Schwei\u00dfens in der H\u00f6he von 806.920 CZK auf Kurse und Lohnbeitr\u00e4ge<\/p>\t\t\t\t\t\t\t\t<\/div>\n\t\t\t\t<\/div>\n\t\t\t\t\t<\/div>\n\t\t\t\t<\/div>\n\t\t<div data-particle_enable=\"false\" data-particle-mobile-disabled=\"false\" class=\"elementor-element elementor-element-7bc74e3 e-flex e-con-boxed e-con e-parent\" data-id=\"7bc74e3\" data-element_type=\"container\" data-e-type=\"container\">\n\t\t\t\t\t<div class=\"e-con-inner\">\n\t\t\t\t\t<\/div>\n\t\t\t\t<\/div>\n\t\t\t\t<\/div>\n\t\t","protected":false},"excerpt":{"rendered":"<p>Projekte F\u00f6rdermittelprogram: Bildet euch f\u00fcr den Wachstum aus Bilden Sie sich f\u00fcr den Wachstum in S\u00fcdb\u00f6hmen aus, Durchf\u00fchrungsnummer: CZ.1.04\/1.1.00\/82.00009 Die F\u00f6rdermittel wurden auf folgende T\u00e4tigkeiten geleistet:&#8211; Fachorientierte Weiterbildung von Maschinenf\u00fchrern&#8211; Fachorientierte Weiterbildung im Bereich des Schwei\u00dfens und der Defektoskopie in der H\u00f6he von 1.025.200 CZK auf Kurse und Lohnbeitr\u00e4ge Bildet euch f\u00fcr den Wachstum in [&hellip;]<\/p>\n","protected":false},"author":1,"featured_media":1443,"parent":1653,"menu_order":0,"comment_status":"closed","ping_status":"closed","template":"","meta":{"_acf_changed":false,"footnotes":""},"class_list":["post-2157","page","type-page","status-publish","has-post-thumbnail","hentry"],"acf":[],"_links":{"self":[{"href":"https:\/\/www.cdcargo.cz\/de\/wp-json\/wp\/v2\/pages\/2157","targetHints":{"allow":["GET"]}}],"collection":[{"href":"https:\/\/www.cdcargo.cz\/de\/wp-json\/wp\/v2\/pages"}],"about":[{"href":"https:\/\/www.cdcargo.cz\/de\/wp-json\/wp\/v2\/types\/page"}],"author":[{"embeddable":true,"href":"https:\/\/www.cdcargo.cz\/de\/wp-json\/wp\/v2\/users\/1"}],"replies":[{"embeddable":true,"href":"https:\/\/www.cdcargo.cz\/de\/wp-json\/wp\/v2\/comments?post=2157"}],"version-history":[{"count":0,"href":"https:\/\/www.cdcargo.cz\/de\/wp-json\/wp\/v2\/pages\/2157\/revisions"}],"up":[{"embeddable":true,"href":"https:\/\/www.cdcargo.cz\/de\/wp-json\/wp\/v2\/pages\/1653"}],"wp:featuredmedia":[{"embeddable":true,"href":"https:\/\/www.cdcargo.cz\/de\/wp-json\/wp\/v2\/media\/1443"}],"wp:attachment":[{"href":"https:\/\/www.cdcargo.cz\/de\/wp-json\/wp\/v2\/media?parent=2157"}],"curies":[{"name":"wp","href":"https:\/\/api.w.org\/{rel}","templated":true}]}}