{"id":2165,"date":"2025-07-18T16:04:43","date_gmt":"2025-07-18T16:04:43","guid":{"rendered":"https:\/\/www.cdcargo.cz\/projekte\/firmenausbildung-der-cd-cargo-a-s\/"},"modified":"2025-09-04T09:19:21","modified_gmt":"2025-09-04T09:19:21","slug":"firmenausbildung-der-cd-cargo-a-s","status":"publish","type":"page","link":"https:\/\/www.cdcargo.cz\/de\/projekte\/firmenausbildung-der-cd-cargo-a-s\/","title":{"rendered":"Firmenausbildung der \u010cD Cargo, a.s."},"content":{"rendered":"\t\t<div data-elementor-type=\"wp-page\" data-elementor-id=\"2165\" class=\"elementor elementor-2165 elementor-1884\" data-elementor-post-type=\"page\">\n\t\t\t\t<div data-particle_enable=\"false\" data-particle-mobile-disabled=\"false\" class=\"elementor-element elementor-element-b4fbe20 e-flex e-con-boxed e-con e-parent\" data-id=\"b4fbe20\" data-element_type=\"container\" data-e-type=\"container\" data-settings=\"{&quot;background_background&quot;:&quot;classic&quot;}\">\n\t\t\t\t\t<div class=\"e-con-inner\">\n\t\t\t\t<div class=\"elementor-element elementor-element-c610d40 elementor-widget elementor-widget-heading\" data-id=\"c610d40\" data-element_type=\"widget\" data-e-type=\"widget\" data-widget_type=\"heading.default\">\n\t\t\t\t<div class=\"elementor-widget-container\">\n\t\t\t\t\t<h1 class=\"elementor-heading-title elementor-size-default\">Projekte<\/h1>\t\t\t\t<\/div>\n\t\t\t\t<\/div>\n\t\t\t\t<div class=\"elementor-element elementor-element-3d5746e no-icon elementor-widget elementor-widget-heading\" data-id=\"3d5746e\" data-element_type=\"widget\" data-e-type=\"widget\" data-widget_type=\"heading.default\">\n\t\t\t\t<div class=\"elementor-widget-container\">\n\t\t\t\t\t<h2 class=\"elementor-heading-title elementor-size-default\">Firmenausbildung der \u010cD Cargo, a.s.<\/h2>\t\t\t\t<\/div>\n\t\t\t\t<\/div>\n\t\t\t\t\t<\/div>\n\t\t\t\t<\/div>\n\t\t<div data-particle_enable=\"false\" data-particle-mobile-disabled=\"false\" class=\"elementor-element elementor-element-ef44a59 e-flex e-con-boxed e-con e-parent\" data-id=\"ef44a59\" data-element_type=\"container\" data-e-type=\"container\">\n\t\t\t\t\t<div class=\"e-con-inner\">\n\t\t\t\t<div class=\"elementor-element elementor-element-f6f4374 elementor-widget elementor-widget-image\" data-id=\"f6f4374\" data-element_type=\"widget\" data-e-type=\"widget\" data-widget_type=\"image.default\">\n\t\t\t\t<div class=\"elementor-widget-container\">\n\t\t\t\t\t\t\t\t\t\t\t\t\t\t\t<img decoding=\"async\" width=\"450\" height=\"93\" src=\"https:\/\/www.cdcargo.cz\/wp-content\/uploads\/2025\/07\/logo-OPZ.webp\" class=\"attachment-2048x2048 size-2048x2048 wp-image-1891\" alt=\"\" \/>\t\t\t\t\t\t\t\t\t\t\t\t\t\t\t<\/div>\n\t\t\t\t<\/div>\n\t\t\t\t<div class=\"elementor-element elementor-element-a77d191 elementor-widget elementor-widget-heading\" data-id=\"a77d191\" data-element_type=\"widget\" data-e-type=\"widget\" data-widget_type=\"heading.default\">\n\t\t\t\t<div class=\"elementor-widget-container\">\n\t\t\t\t\t<h3 class=\"elementor-heading-title elementor-size-default\">Grundinformationen \u00fcber das Projekt<\/h3>\t\t\t\t<\/div>\n\t\t\t\t<\/div>\n\t\t\t\t<div class=\"elementor-element elementor-element-0c722cf elementor-widget elementor-widget-text-editor\" data-id=\"0c722cf\" data-element_type=\"widget\" data-e-type=\"widget\" data-widget_type=\"text-editor.default\">\n\t\t\t\t<div class=\"elementor-widget-container\">\n\t\t\t\t\t\t\t\t\t<p><strong>Registrierungsnummer: <\/strong>CZ.03.1.52\/0.0\/0.0\/16_043\/0004932<br><strong>Aufforderungsnummer und Bezeichnung:<\/strong> 043, Firmenausbildung der Arbeitnehmer<br><strong>Nummer und Bezeichnung der Priorit\u00e4tsachse: <\/strong>1 &#8211; F\u00f6rderung der Besch\u00e4ftigung und der Anpassungsf\u00e4higkeit der Arbeitskr\u00e4fte<br><strong>Investitionspriorit\u00e4t: <\/strong>1.3 Anpassungsf\u00e4higkeit der Arbeitskr\u00e4fte<br><strong>Programmbezeichnung: <\/strong>Operationelles Programm Besch\u00e4ftigung<\/p><p><strong>Projektdurchf\u00fchrungszeitraum: <\/strong>1.April 2017 &#8211; 31.M\u00e4rz 2019  <br><strong>Insgesamt zuschussf\u00e4hige Ausgaben:<\/strong> 4 305 332,- CZK<br><strong>Subventionen aus dem ESF: <\/strong>2 152 666,- CZK<\/p>\t\t\t\t\t\t\t\t<\/div>\n\t\t\t\t<\/div>\n\t\t\t\t<div class=\"elementor-element elementor-element-ab5a14c elementor-widget elementor-widget-heading\" data-id=\"ab5a14c\" data-element_type=\"widget\" data-e-type=\"widget\" data-widget_type=\"heading.default\">\n\t\t\t\t<div class=\"elementor-widget-container\">\n\t\t\t\t\t<h3 class=\"elementor-heading-title elementor-size-default\">Ziele und Aktivit\u00e4ten des Projekts<\/h3>\t\t\t\t<\/div>\n\t\t\t\t<\/div>\n\t\t\t\t<div class=\"elementor-element elementor-element-b5f0700 elementor-widget elementor-widget-text-editor\" data-id=\"b5f0700\" data-element_type=\"widget\" data-e-type=\"widget\" data-widget_type=\"text-editor.default\">\n\t\t\t\t<div class=\"elementor-widget-container\">\n\t\t\t\t\t\t\t\t\t<p>Das Projekt zielte darauf ab, das Niveau der Kenntnisse und F\u00e4higkeiten der Arbeiter der \u010cD Cargo, a.s., und auch des Partnerunternehmens in Brno ALTWORX s.r.o. zu erh\u00f6hen und um der Einklang ihrer Qualifikationen und Kompetenzen mit den Anforderungen an die geleistete Arbeit zu gew\u00e4hrleisten.<\/p><p>Anzahl der am Projekt beteiligten Personen (unterst\u00fctzte Personen): 225 Personen; von denen 183 Mitarbeiter an Kursen von min. 40 Stunden.<\/p><p>Projektaktivit\u00e4ten:<\/p><ol><li>Technische und andere Berufsausbildung, Schwei\u00dfkurse inklusive periodische Nachpr\u00fcfungen &#8211; insgesamt 95 teilnehmende Schwei\u00dfer, Mechaniker von Schienenfahrzeugen, Elektromechaniker, Betriebselektriker und Bahnmaschinenw\u00e4rter (mit einer Gesamtl\u00e4nge von min. 40 Stunden);<\/li><li>Technische und andere Berufsausbildung, Defektoskopiekurse inklusive Nachpr\u00fcfungen &#8211; insgesamt 3 teilnehmende Kontrolleure, Diagnostiker und Mechaniker von Schienenfahrzeugen (mit einer Gesamtl\u00e4nge von min. 40 Stunden);<\/li><li>Soft Skills, Managerf\u00e4higkeiten und F\u00fchrungskompetenzen &#8211; insgesamt 76 teilnehmende Fachabteilungsdirektoren vom Hauptsitz, Direktoren der Betriebseinheiten und Gruppen der Instandsetzungen von Schienenfahrzeugen, Leiter der Betriebsarbeitsst\u00e4tten und Reparaturwerkst\u00e4tten von Schienenfahrzeugen, bzw. andere Direktoren oder F\u00fchrungskr\u00e4fte (40 Stunden);<\/li><li>Spezialisierte IT-Kurse &#8211; insgesamt 9 teilnehmende IS-Administratoren und Spezialisten (mit einer Gesamtl\u00e4nge von min. 40 Stunden). An diesen Kursen nahmen haupts\u00e4chlich Mitarbeiter von ALTWORX s.r.o. teil. <\/li><\/ol><p>Das Projekt entspricht dem strategischen Ziel, ein System der internen Reparaturen zu entwickeln und dank der Unterst\u00fctzung des Ausbildungssystems auch ein gefragter Arbeitgeber zu sein. An diesem Projekt nahmen auch die Direktoren und ausgew\u00e4hlte F\u00fchrungskr\u00e4fte des Unternehmens teil. <\/p>\t\t\t\t\t\t\t\t<\/div>\n\t\t\t\t<\/div>\n\t\t\t\t<div class=\"elementor-element elementor-element-5533b2c elementor-widget elementor-widget-text-editor\" data-id=\"5533b2c\" data-element_type=\"widget\" data-e-type=\"widget\" data-widget_type=\"text-editor.default\">\n\t\t\t\t<div class=\"elementor-widget-container\">\n\t\t\t\t\t\t\t\t\t<p>Die F\u00f6rdermittel wurden auf folgende T\u00e4tigkeiten geleistet:<br>&#8211; Fachorientierte Weiterbildung von Maschinenf\u00fchrern<br>&#8211; Fachorientierte Weiterbildung im Bereich des Schwei\u00dfens in der H\u00f6he von 806.920 CZK auf Kurse und Lohnbeitr\u00e4ge<\/p>\t\t\t\t\t\t\t\t<\/div>\n\t\t\t\t<\/div>\n\t\t\t\t\t<\/div>\n\t\t\t\t<\/div>\n\t\t\t\t<\/div>\n\t\t","protected":false},"excerpt":{"rendered":"<p>Projekte Firmenausbildung der \u010cD Cargo, a.s. Grundinformationen \u00fcber das Projekt Registrierungsnummer: CZ.03.1.52\/0.0\/0.0\/16_043\/0004932Aufforderungsnummer und Bezeichnung: 043, Firmenausbildung der ArbeitnehmerNummer und Bezeichnung der Priorit\u00e4tsachse: 1 &#8211; F\u00f6rderung der Besch\u00e4ftigung und der Anpassungsf\u00e4higkeit der Arbeitskr\u00e4fteInvestitionspriorit\u00e4t: 1.3 Anpassungsf\u00e4higkeit der Arbeitskr\u00e4fteProgrammbezeichnung: Operationelles Programm Besch\u00e4ftigung Projektdurchf\u00fchrungszeitraum: 1.April 2017 &#8211; 31.M\u00e4rz 2019 Insgesamt zuschussf\u00e4hige Ausgaben: 4 305 332,- CZKSubventionen aus dem ESF: [&hellip;]<\/p>\n","protected":false},"author":1,"featured_media":1443,"parent":1653,"menu_order":0,"comment_status":"closed","ping_status":"closed","template":"","meta":{"_acf_changed":false,"footnotes":""},"class_list":["post-2165","page","type-page","status-publish","has-post-thumbnail","hentry"],"acf":[],"_links":{"self":[{"href":"https:\/\/www.cdcargo.cz\/de\/wp-json\/wp\/v2\/pages\/2165","targetHints":{"allow":["GET"]}}],"collection":[{"href":"https:\/\/www.cdcargo.cz\/de\/wp-json\/wp\/v2\/pages"}],"about":[{"href":"https:\/\/www.cdcargo.cz\/de\/wp-json\/wp\/v2\/types\/page"}],"author":[{"embeddable":true,"href":"https:\/\/www.cdcargo.cz\/de\/wp-json\/wp\/v2\/users\/1"}],"replies":[{"embeddable":true,"href":"https:\/\/www.cdcargo.cz\/de\/wp-json\/wp\/v2\/comments?post=2165"}],"version-history":[{"count":0,"href":"https:\/\/www.cdcargo.cz\/de\/wp-json\/wp\/v2\/pages\/2165\/revisions"}],"up":[{"embeddable":true,"href":"https:\/\/www.cdcargo.cz\/de\/wp-json\/wp\/v2\/pages\/1653"}],"wp:featuredmedia":[{"embeddable":true,"href":"https:\/\/www.cdcargo.cz\/de\/wp-json\/wp\/v2\/media\/1443"}],"wp:attachment":[{"href":"https:\/\/www.cdcargo.cz\/de\/wp-json\/wp\/v2\/media?parent=2165"}],"curies":[{"name":"wp","href":"https:\/\/api.w.org\/{rel}","templated":true}]}}