{"id":2192,"date":"2025-07-18T16:13:01","date_gmt":"2025-07-18T16:13:01","guid":{"rendered":"https:\/\/www.cdcargo.cz\/projekte\/energiesparprojekt\/"},"modified":"2025-09-04T09:19:22","modified_gmt":"2025-09-04T09:19:22","slug":"energiesparprojekt","status":"publish","type":"page","link":"https:\/\/www.cdcargo.cz\/de\/projekte\/energiesparprojekt\/","title":{"rendered":"Energiesparprojekt"},"content":{"rendered":"\t\t<div data-elementor-type=\"wp-page\" data-elementor-id=\"2192\" class=\"elementor elementor-2192 elementor-1899\" data-elementor-post-type=\"page\">\n\t\t\t\t<div data-particle_enable=\"false\" data-particle-mobile-disabled=\"false\" class=\"elementor-element elementor-element-b4fbe20 e-flex e-con-boxed e-con e-parent\" data-id=\"b4fbe20\" data-element_type=\"container\" data-e-type=\"container\" data-settings=\"{&quot;background_background&quot;:&quot;classic&quot;}\">\n\t\t\t\t\t<div class=\"e-con-inner\">\n\t\t\t\t<div class=\"elementor-element elementor-element-c610d40 elementor-widget elementor-widget-heading\" data-id=\"c610d40\" data-element_type=\"widget\" data-e-type=\"widget\" data-widget_type=\"heading.default\">\n\t\t\t\t<div class=\"elementor-widget-container\">\n\t\t\t\t\t<h1 class=\"elementor-heading-title elementor-size-default\">Projekte<\/h1>\t\t\t\t<\/div>\n\t\t\t\t<\/div>\n\t\t\t\t<div class=\"elementor-element elementor-element-3d5746e no-icon elementor-widget elementor-widget-heading\" data-id=\"3d5746e\" data-element_type=\"widget\" data-e-type=\"widget\" data-widget_type=\"heading.default\">\n\t\t\t\t<div class=\"elementor-widget-container\">\n\t\t\t\t\t<h2 class=\"elementor-heading-title elementor-size-default\">Energiesparprojekt<\/h2>\t\t\t\t<\/div>\n\t\t\t\t<\/div>\n\t\t\t\t\t<\/div>\n\t\t\t\t<\/div>\n\t\t<div data-particle_enable=\"false\" data-particle-mobile-disabled=\"false\" class=\"elementor-element elementor-element-ef44a59 e-flex e-con-boxed e-con e-parent\" data-id=\"ef44a59\" data-element_type=\"container\" data-e-type=\"container\">\n\t\t\t\t\t<div class=\"e-con-inner\">\n\t\t\t\t<div class=\"elementor-element elementor-element-f6f4374 elementor-widget elementor-widget-image\" data-id=\"f6f4374\" data-element_type=\"widget\" data-e-type=\"widget\" data-widget_type=\"image.default\">\n\t\t\t\t<div class=\"elementor-widget-container\">\n\t\t\t\t\t\t\t\t\t\t\t\t\t\t\t<img fetchpriority=\"high\" decoding=\"async\" width=\"800\" height=\"151\" src=\"https:\/\/www.cdcargo.cz\/wp-content\/uploads\/2025\/07\/EU_RR-MPO.webp\" class=\"attachment-2048x2048 size-2048x2048 wp-image-1906\" alt=\"\" \/>\t\t\t\t\t\t\t\t\t\t\t\t\t\t\t<\/div>\n\t\t\t\t<\/div>\n\t\t\t\t<div class=\"elementor-element elementor-element-4fd78d2 elementor-widget elementor-widget-text-editor\" data-id=\"4fd78d2\" data-element_type=\"widget\" data-e-type=\"widget\" data-widget_type=\"text-editor.default\">\n\t\t\t\t<div class=\"elementor-widget-container\">\n\t\t\t\t\t\t\t\t\t<p><strong>Name des Programms:<\/strong> Operationelles Programm Unternehmen und Innovation f\u00fcr Wettbewerbsf\u00e4higkeit (nachfolgend \u201eProgramm\u201c genannt)<\/p><p><strong>Name des Aufrufs: <\/strong>Aufruf III. des F\u00f6rderprogramms Energieeinsparungen (nachfolgend \u201eAufruf&#8220; genannt) <\/p><p><strong>Name des Projekts: <\/strong>SOKV \u010cesk\u00e9 Bud\u011bjovice, Geb\u00e4ude von Montagehalle \u2013 Energiesparprojekt (nachfolgend \u201eProjekt\u201c genannt)<\/p>\t\t\t\t\t\t\t\t<\/div>\n\t\t\t\t<\/div>\n\t\t\t\t<div class=\"elementor-element elementor-element-a77d191 elementor-widget elementor-widget-heading\" data-id=\"a77d191\" data-element_type=\"widget\" data-e-type=\"widget\" data-widget_type=\"heading.default\">\n\t\t\t\t<div class=\"elementor-widget-container\">\n\t\t\t\t\t<h3 class=\"elementor-heading-title elementor-size-default\">Grundlegende Informationen zum Operationellen Programm<\/h3>\t\t\t\t<\/div>\n\t\t\t\t<\/div>\n\t\t\t\t<div class=\"elementor-element elementor-element-0c722cf elementor-widget elementor-widget-text-editor\" data-id=\"0c722cf\" data-element_type=\"widget\" data-e-type=\"widget\" data-widget_type=\"text-editor.default\">\n\t\t\t\t<div class=\"elementor-widget-container\">\n\t\t\t\t\t\t\t\t\t<p>\u010cD Cargo stellte im Rahmen des Operationellen Programms Unternehmen und Innovation f\u00fcr die Wettbewerbsf\u00e4higkeit 2014-2020 (F\u00f6rderprogramm \u201eEnergieeinsparungen&#8220;, Aufruf III.), dessen leitendes Organ das Ministerium f\u00fcr Industrie und Handel ist, einen Antrag auf finanzielle Unterst\u00fctzung f\u00fcr die Durchf\u00fchrung eines Projekts zur Isolierung des Geb\u00e4udes der Montagehalle in \u010cesk\u00e9 Bud\u011bjovice<\/p><p>Das Ziel des Programms wie auch des Aufrufs war es, die Reduzierung der Energieintensit\u00e4t der Unternehmenssektors zu unterst\u00fctzen. Die gef\u00f6rderten Ma\u00dfnahmen sollten dann den Endenergieverbrauch einsparen. Gleichzeitig sollte das Programm zur Erf\u00fcllung der Richtlinie des Europ\u00e4ischen Parlaments und des Rates 2012\/27\/EU zur Energieeffizienz beitragen, die die Einf\u00fchrung indikativer nationaler Energieeffizienzziele bis 2020 vorsieht. Die geplante Allokation des Aufrufs betrug 6 Mrd. CZK. Die H\u00f6he der Unterst\u00fctzung f\u00fcr das \u201egro\u00dfe Unternehmen&#8220;, dessen Definition \u010cD Cargo im Rahmen des Programms erf\u00fcllt, betrug bis zu 30 % der f\u00f6rderf\u00e4higen Ausgaben.     <\/p>\t\t\t\t\t\t\t\t<\/div>\n\t\t\t\t<\/div>\n\t\t\t\t<div class=\"elementor-element elementor-element-ab5a14c elementor-widget elementor-widget-heading\" data-id=\"ab5a14c\" data-element_type=\"widget\" data-e-type=\"widget\" data-widget_type=\"heading.default\">\n\t\t\t\t<div class=\"elementor-widget-container\">\n\t\t\t\t\t<h3 class=\"elementor-heading-title elementor-size-default\">Beschreibung des Projekts<\/h3>\t\t\t\t<\/div>\n\t\t\t\t<\/div>\n\t\t\t\t<div class=\"elementor-element elementor-element-b5f0700 elementor-widget elementor-widget-text-editor\" data-id=\"b5f0700\" data-element_type=\"widget\" data-e-type=\"widget\" data-widget_type=\"text-editor.default\">\n\t\t\t\t<div class=\"elementor-widget-container\">\n\t\t\t\t\t\t\t\t\t<p>Gegenstand dieses Energiesparprojekts war die D\u00e4mmung der Geb\u00e4udeh\u00fclle und der Ersatz der bestehenden Leuchtstofflampen durch LED-Lampen in dem Montagegeb\u00e4ude <strong>Das Geb\u00e4ude des Montagewerks, das sich auf dem Gel\u00e4nde des Reparaturzentrums f\u00fcr Schienenfahrzeuge in \u010cesk\u00e9 Bud\u011bjovice befindet, ist Eigentum der \u010cD Cargo, a.s. und wird f\u00fcr Reparaturen von Komponenten der Triebfahrzeugen verwendet.<\/strong> Das Projekt betrifft nicht nur die zweigeschossige Hauptmontagehalle, sondern auch das angrenzende Lager MTZ und die eingeschossige Halle. Das Geb\u00e4ude wurde 1952 erbaut, was seinem heutigen Zustand entspricht. <\/p><p>Das Montagewerksgeb\u00e4ude besteht aus drei Teilen &#8211; der Halle des Geb\u00e4udes, die beide Stockwerke umfasst, des angrenzenden Lagers im Erdgeschoss mit einer Rampe und einem Au\u00dfenlager. Neben dem Geb\u00e4ude befindet sich eine einst\u00f6ckige Halle, durch die ein Gleis f\u00fchrt. In der Haupthalle, zu der auch Werkst\u00e4tten geh\u00f6ren, befinden sich vier Gleise, auf denen Lokomotivreparaturen durchgef\u00fchrt werden. Im 2. Obergeschoss befinden sich Umkleidekabinen und sanit\u00e4re Einrichtungen f\u00fcr die Mitarbeiter.    <\/p><p>Wie bereits erw\u00e4hnt, bestand das Projekt aus zwei Teilen:<\/p><ul><li>Verbesserung der w\u00e4rmetechnischen Eigenschaften von Konstruktionen des Geb\u00e4udeoberfl\u00e4che,<\/li><li>Austausch bestehender Hallenbeleuchtung &#8211; Einbau von LED-Leuchten.<\/li><\/ul><p>Im Rahmen der D\u00e4mmung der Geb\u00e4udeh\u00fclle wurden die periphere Konstruktion, die Dachkonstruktion ged\u00e4mmt und die Lochf\u00fcllungen ersetzt. Die Form und der architektonische Ausdruck des Geb\u00e4udes \u00e4nderten sich nicht \u00e4ndern, aber die Fassade wurde komplett von ungenutzten und veralteten Elementen gereinigt und nur funktionale Strukturen blieben erhalten. Die tragenden und baulichen Strukturen blieben erhalten. Die isolierte Geb\u00e4udeh\u00fclle wurde dann in einer Farbl\u00f6sung entworfen, die dem Handbuch des einheitlichen visuellen Stils der \u010cD Cargo entspricht, wodurch das Erscheinungsbild der Gesellschaft \u010cD Cargo, a.s. erreicht wurde.   <\/p><p>Das Projekt f\u00fchrte zu erheblichen j\u00e4hrlichen Energieeinsparungen von 1363,12 GJ f\u00fchren, was einer Einsparung von 61,6 % entspricht. Und auch der CO2-Aussto\u00df wird um 284,46 Tonnen pro Jahr reduziert. Somit ist klar, dass sich die Ergebnisse des Projekts positiv auf die Umwelt in der unmittelbaren Umgebung, auf die Region und auf die gesamte Tschechische Republik als EU-Mitgliedstaat auswirken werden. Die geplanten Aktivit\u00e4ten f\u00fchrte zu einem geringeren Emissionsanteil, einem geringeren Energieverbrauch und nat\u00fcrlich zu einer Steigerung des \u00e4sthetischen Wertes der jeweiligen Immobilie f\u00fchren.   <\/p><p>Die Baustelle wurde am 06.08.2018 an den ausgew\u00e4hlten Auftragnehmer \u00fcbergeben, wobei die Fertigstellung am 29.04.2019 erfolgte (\u00dcbergabe des Werks vom Auftragnehmer), und am 30.08.2019 wurde die Baugenehmigung erteilt. Die gesamten f\u00f6rderf\u00e4higen Kosten des Projekts von \u010cD Cargo beliefen sich auf 14.049.458,08 CZK, wovon 4.214.837,42 CZK durch den gew\u00e4hrten Zuschuss gedeckt wurden. <\/p><p> <\/p>\t\t\t\t\t\t\t\t<\/div>\n\t\t\t\t<\/div>\n\t\t\t\t\t<\/div>\n\t\t\t\t<\/div>\n\t\t\t\t<\/div>\n\t\t","protected":false},"excerpt":{"rendered":"<p>Projekte Energiesparprojekt Name des Programms: Operationelles Programm Unternehmen und Innovation f\u00fcr Wettbewerbsf\u00e4higkeit (nachfolgend \u201eProgramm\u201c genannt) Name des Aufrufs: Aufruf III. des F\u00f6rderprogramms Energieeinsparungen (nachfolgend \u201eAufruf&#8220; genannt) Name des Projekts: SOKV \u010cesk\u00e9 Bud\u011bjovice, Geb\u00e4ude von Montagehalle \u2013 Energiesparprojekt (nachfolgend \u201eProjekt\u201c genannt) Grundlegende Informationen zum Operationellen Programm \u010cD Cargo stellte im Rahmen des Operationellen Programms Unternehmen und [&hellip;]<\/p>\n","protected":false},"author":1,"featured_media":1443,"parent":1653,"menu_order":0,"comment_status":"closed","ping_status":"closed","template":"","meta":{"_acf_changed":false,"footnotes":""},"class_list":["post-2192","page","type-page","status-publish","has-post-thumbnail","hentry"],"acf":[],"_links":{"self":[{"href":"https:\/\/www.cdcargo.cz\/de\/wp-json\/wp\/v2\/pages\/2192","targetHints":{"allow":["GET"]}}],"collection":[{"href":"https:\/\/www.cdcargo.cz\/de\/wp-json\/wp\/v2\/pages"}],"about":[{"href":"https:\/\/www.cdcargo.cz\/de\/wp-json\/wp\/v2\/types\/page"}],"author":[{"embeddable":true,"href":"https:\/\/www.cdcargo.cz\/de\/wp-json\/wp\/v2\/users\/1"}],"replies":[{"embeddable":true,"href":"https:\/\/www.cdcargo.cz\/de\/wp-json\/wp\/v2\/comments?post=2192"}],"version-history":[{"count":0,"href":"https:\/\/www.cdcargo.cz\/de\/wp-json\/wp\/v2\/pages\/2192\/revisions"}],"up":[{"embeddable":true,"href":"https:\/\/www.cdcargo.cz\/de\/wp-json\/wp\/v2\/pages\/1653"}],"wp:featuredmedia":[{"embeddable":true,"href":"https:\/\/www.cdcargo.cz\/de\/wp-json\/wp\/v2\/media\/1443"}],"wp:attachment":[{"href":"https:\/\/www.cdcargo.cz\/de\/wp-json\/wp\/v2\/media?parent=2192"}],"curies":[{"name":"wp","href":"https:\/\/api.w.org\/{rel}","templated":true}]}}