{"id":2226,"date":"2025-07-19T07:33:25","date_gmt":"2025-07-19T07:33:25","guid":{"rendered":"https:\/\/www.cdcargo.cz\/projekte\/projekt-zur-ausruestung-von-lokomotiven-mit-einem-system-zur-messung-des-stromverbrauchs-an-der-bahn\/"},"modified":"2025-09-04T09:19:25","modified_gmt":"2025-09-04T09:19:25","slug":"projekt-zur-ausruestung-von-lokomotiven-mit-einem-system-zur-messung-des-stromverbrauchs-an-der-bahn","status":"publish","type":"page","link":"https:\/\/www.cdcargo.cz\/de\/projekte\/projekt-zur-ausruestung-von-lokomotiven-mit-einem-system-zur-messung-des-stromverbrauchs-an-der-bahn\/","title":{"rendered":"Projekt zur Ausr\u00fcstung von Lokomotiven mit einem System zur Messung des Stromverbrauchs an der Bahn"},"content":{"rendered":"\t\t<div data-elementor-type=\"wp-page\" data-elementor-id=\"2226\" class=\"elementor elementor-2226 elementor-1957\" data-elementor-post-type=\"page\">\n\t\t\t\t<div data-particle_enable=\"false\" data-particle-mobile-disabled=\"false\" class=\"elementor-element elementor-element-b4fbe20 e-flex e-con-boxed e-con e-parent\" data-id=\"b4fbe20\" data-element_type=\"container\" data-e-type=\"container\" data-settings=\"{&quot;background_background&quot;:&quot;classic&quot;}\">\n\t\t\t\t\t<div class=\"e-con-inner\">\n\t\t\t\t<div class=\"elementor-element elementor-element-c610d40 elementor-widget elementor-widget-heading\" data-id=\"c610d40\" data-element_type=\"widget\" data-e-type=\"widget\" data-widget_type=\"heading.default\">\n\t\t\t\t<div class=\"elementor-widget-container\">\n\t\t\t\t\t<h1 class=\"elementor-heading-title elementor-size-default\">Projekte<\/h1>\t\t\t\t<\/div>\n\t\t\t\t<\/div>\n\t\t\t\t<div class=\"elementor-element elementor-element-3d5746e no-icon elementor-widget elementor-widget-heading\" data-id=\"3d5746e\" data-element_type=\"widget\" data-e-type=\"widget\" data-widget_type=\"heading.default\">\n\t\t\t\t<div class=\"elementor-widget-container\">\n\t\t\t\t\t<h2 class=\"elementor-heading-title elementor-size-default\">Projekt zur Ausr\u00fcstung von Lokomotiven mit einem System zur Messung des Stromverbrauchs an der Bahn\n<\/h2>\t\t\t\t<\/div>\n\t\t\t\t<\/div>\n\t\t\t\t\t<\/div>\n\t\t\t\t<\/div>\n\t\t<div data-particle_enable=\"false\" data-particle-mobile-disabled=\"false\" class=\"elementor-element elementor-element-ef44a59 e-flex e-con-boxed e-con e-parent\" data-id=\"ef44a59\" data-element_type=\"container\" data-e-type=\"container\">\n\t\t\t\t\t<div class=\"e-con-inner\">\n\t\t\t\t<div class=\"elementor-element elementor-element-f6f4374 elementor-widget elementor-widget-image\" data-id=\"f6f4374\" data-element_type=\"widget\" data-e-type=\"widget\" data-widget_type=\"image.default\">\n\t\t\t\t<div class=\"elementor-widget-container\">\n\t\t\t\t\t\t\t\t\t\t\t\t\t\t\t<img fetchpriority=\"high\" decoding=\"async\" width=\"800\" height=\"193\" src=\"https:\/\/www.cdcargo.cz\/wp-content\/uploads\/2025\/07\/operacni-program_doprava.webp\" class=\"attachment-2048x2048 size-2048x2048 wp-image-1925\" alt=\"\" \/>\t\t\t\t\t\t\t\t\t\t\t\t\t\t\t<\/div>\n\t\t\t\t<\/div>\n\t\t\t\t<div class=\"elementor-element elementor-element-4fd78d2 elementor-widget elementor-widget-text-editor\" data-id=\"4fd78d2\" data-element_type=\"widget\" data-e-type=\"widget\" data-widget_type=\"text-editor.default\">\n\t\t\t\t<div class=\"elementor-widget-container\">\n\t\t\t\t\t\t\t\t\t<p><strong>Programm der \u00f6ffentlichen Unterst\u00fctzung:<\/strong> Unterst\u00fctzung:<br>Sicherstellung der Interoperabilit\u00e4t beim Bahntransport<\/p><p><strong>Name des Aufrufs:<\/strong> <a href=\"https:\/\/www.opd.cz\/stranka\/vyzva-45\/\">Aufruf Nr. 45 \u2013 Sicherstellung der Interoperabilit\u00e4t im Schienenverkehr \u2013 Energieverbrauchsmesssystem<\/a> (nachfolgend \u201eAufruf\u201c genannt)<\/p><p><strong>Name des Projektes: <\/strong>Ausstattung von Zugfahrzeugen der \u010cD Cargo, a. s. mit einem System zur Messung des Energieverbrauchs (nachfolgend \u201eProjekt\u201c genannt) syst\u00e9mem m\u011b\u0159en\u00ed spot\u0159eby energie (d\u00e1le jen \u201eProjekt\u201c)  <\/p>\t\t\t\t\t\t\t\t<\/div>\n\t\t\t\t<\/div>\n\t\t\t\t<div class=\"elementor-element elementor-element-a77d191 elementor-widget elementor-widget-heading\" data-id=\"a77d191\" data-element_type=\"widget\" data-e-type=\"widget\" data-widget_type=\"heading.default\">\n\t\t\t\t<div class=\"elementor-widget-container\">\n\t\t\t\t\t<h3 class=\"elementor-heading-title elementor-size-default\">Beschreibung des Projekts<\/h3>\t\t\t\t<\/div>\n\t\t\t\t<\/div>\n\t\t\t\t<div class=\"elementor-element elementor-element-0c722cf elementor-widget elementor-widget-text-editor\" data-id=\"0c722cf\" data-element_type=\"widget\" data-e-type=\"widget\" data-widget_type=\"text-editor.default\">\n\t\t\t\t<div class=\"elementor-widget-container\">\n\t\t\t\t\t\t\t\t\t<p>Ziel des Projekts ist die Ausstattung von Triebfahrzeugen der Gesellschaft \u010cD Cargo, a.s. mit einem System zur Messung des Bahnstromverbrauchs, der die wesentliche Voraussetzung f\u00fcr die Abrechnung des Bahnstromverbrauchs nach dem tats\u00e4chlichen Verbrauch ist. <b>Das Projekt wird von der Europ\u00e4ischen Union kofinanziert.<\/b> Der gesamte Kofinanzierungssatz betr\u00e4gt maximal 50 % der f\u00f6rderf\u00e4higen Ausgaben. Die physische Umsetzung des Projekts wurde am 30. Dezember 2020 abgeschlossen, insgesamt wurden 115 Triebfahrzeuge der \u010cD Cargo, a.s. ausger\u00fcstet   <\/p>\t\t\t\t\t\t\t\t<\/div>\n\t\t\t\t<\/div>\n\t\t\t\t\t<\/div>\n\t\t\t\t<\/div>\n\t\t\t\t<\/div>\n\t\t","protected":false},"excerpt":{"rendered":"<p>Projekte Projekt zur Ausr\u00fcstung von Lokomotiven mit einem System zur Messung des Stromverbrauchs an der Bahn Programm der \u00f6ffentlichen Unterst\u00fctzung: Unterst\u00fctzung:Sicherstellung der Interoperabilit\u00e4t beim Bahntransport Name des Aufrufs: Aufruf Nr. 45 \u2013 Sicherstellung der Interoperabilit\u00e4t im Schienenverkehr \u2013 Energieverbrauchsmesssystem (nachfolgend \u201eAufruf\u201c genannt) Name des Projektes: Ausstattung von Zugfahrzeugen der \u010cD Cargo, a. s. mit einem [&hellip;]<\/p>\n","protected":false},"author":1,"featured_media":1443,"parent":1653,"menu_order":0,"comment_status":"closed","ping_status":"closed","template":"","meta":{"_acf_changed":false,"footnotes":""},"class_list":["post-2226","page","type-page","status-publish","has-post-thumbnail","hentry"],"acf":[],"_links":{"self":[{"href":"https:\/\/www.cdcargo.cz\/de\/wp-json\/wp\/v2\/pages\/2226","targetHints":{"allow":["GET"]}}],"collection":[{"href":"https:\/\/www.cdcargo.cz\/de\/wp-json\/wp\/v2\/pages"}],"about":[{"href":"https:\/\/www.cdcargo.cz\/de\/wp-json\/wp\/v2\/types\/page"}],"author":[{"embeddable":true,"href":"https:\/\/www.cdcargo.cz\/de\/wp-json\/wp\/v2\/users\/1"}],"replies":[{"embeddable":true,"href":"https:\/\/www.cdcargo.cz\/de\/wp-json\/wp\/v2\/comments?post=2226"}],"version-history":[{"count":0,"href":"https:\/\/www.cdcargo.cz\/de\/wp-json\/wp\/v2\/pages\/2226\/revisions"}],"up":[{"embeddable":true,"href":"https:\/\/www.cdcargo.cz\/de\/wp-json\/wp\/v2\/pages\/1653"}],"wp:featuredmedia":[{"embeddable":true,"href":"https:\/\/www.cdcargo.cz\/de\/wp-json\/wp\/v2\/media\/1443"}],"wp:attachment":[{"href":"https:\/\/www.cdcargo.cz\/de\/wp-json\/wp\/v2\/media?parent=2226"}],"curies":[{"name":"wp","href":"https:\/\/api.w.org\/{rel}","templated":true}]}}