{"id":2278,"date":"2025-07-19T07:42:19","date_gmt":"2025-07-19T07:42:19","guid":{"rendered":"https:\/\/www.cdcargo.cz\/projekte\/cd-cargo-fve-breclav-ceske-budejovice\/"},"modified":"2026-01-15T08:49:37","modified_gmt":"2026-01-15T08:49:37","slug":"cd-cargo-fve-breclav-ceske-budejovice","status":"publish","type":"page","link":"https:\/\/www.cdcargo.cz\/de\/projekte\/cd-cargo-fve-breclav-ceske-budejovice\/","title":{"rendered":"\u010cD Cargo &#8211; FVE Breclav, \u010cesk\u00e9 Bud\u011bjovice"},"content":{"rendered":"\t\t<div data-elementor-type=\"wp-page\" data-elementor-id=\"2278\" class=\"elementor elementor-2278 elementor-1975\" data-elementor-post-type=\"page\">\n\t\t\t\t<div data-particle_enable=\"false\" data-particle-mobile-disabled=\"false\" class=\"elementor-element elementor-element-b4fbe20 e-flex e-con-boxed e-con e-parent\" data-id=\"b4fbe20\" data-element_type=\"container\" data-e-type=\"container\" data-settings=\"{&quot;background_background&quot;:&quot;classic&quot;}\">\n\t\t\t\t\t<div class=\"e-con-inner\">\n\t\t\t\t<div class=\"elementor-element elementor-element-c610d40 elementor-widget elementor-widget-heading\" data-id=\"c610d40\" data-element_type=\"widget\" data-e-type=\"widget\" data-widget_type=\"heading.default\">\n\t\t\t\t<div class=\"elementor-widget-container\">\n\t\t\t\t\t<h1 class=\"elementor-heading-title elementor-size-default\">Projekte<\/h1>\t\t\t\t<\/div>\n\t\t\t\t<\/div>\n\t\t\t\t<div class=\"elementor-element elementor-element-3d5746e no-icon elementor-widget elementor-widget-heading\" data-id=\"3d5746e\" data-element_type=\"widget\" data-e-type=\"widget\" data-widget_type=\"heading.default\">\n\t\t\t\t<div class=\"elementor-widget-container\">\n\t\t\t\t\t<h2 class=\"elementor-heading-title elementor-size-default\">\u010cD Cargo - FVE Breclav, \u010cesk\u00e9 Bud\u011bjovice<\/h2>\t\t\t\t<\/div>\n\t\t\t\t<\/div>\n\t\t\t\t\t<\/div>\n\t\t\t\t<\/div>\n\t\t<div data-particle_enable=\"false\" data-particle-mobile-disabled=\"false\" class=\"elementor-element elementor-element-ef44a59 e-flex e-con-boxed e-con e-parent\" data-id=\"ef44a59\" data-element_type=\"container\" data-e-type=\"container\">\n\t\t\t\t\t<div class=\"e-con-inner\">\n\t\t\t\t<div class=\"elementor-element elementor-element-f6f4374 elementor-widget elementor-widget-image\" data-id=\"f6f4374\" data-element_type=\"widget\" data-e-type=\"widget\" data-widget_type=\"image.default\">\n\t\t\t\t<div class=\"elementor-widget-container\">\n\t\t\t\t\t\t\t\t\t\t\t\t\t\t\t<img fetchpriority=\"high\" decoding=\"async\" width=\"1385\" height=\"112\" src=\"https:\/\/www.cdcargo.cz\/wp-content\/uploads\/2025\/07\/FVE_Breclav-logo.webp\" class=\"attachment-2048x2048 size-2048x2048 wp-image-1979\" alt=\"\" \/>\t\t\t\t\t\t\t\t\t\t\t\t\t\t\t<\/div>\n\t\t\t\t<\/div>\n\t\t\t\t<div class=\"elementor-element elementor-element-4fd78d2 elementor-widget elementor-widget-text-editor\" data-id=\"4fd78d2\" data-element_type=\"widget\" data-e-type=\"widget\" data-widget_type=\"text-editor.default\">\n\t\t\t\t<div class=\"elementor-widget-container\">\n\t\t\t\t\t\t\t\t\t<p><strong>Name des Programms: <\/strong>2. Neue erneuerbare Energiequellen RES+ Modernisierungsfonds (im Folgenden \u201eProgramm\u201c genannt) <\/p><p><strong>Name des Aufrufs: <\/strong>ModF \u2013 RES+ Nr. 1\/2022 (im Folgenden \u201eAufruf\u201c genannt) <\/p><p><strong>Name des Projekts:<\/strong> \u010cD Cargo \u2013 PV-Anlagen B\u0159eclav, \u010cesk\u00e9 Bud\u011bjovice (im Folgenden \u201eProjekt\u201c genannt)<\/p><p><b>Dieses Projekt wird vom Modernisierungsfonds auf Grundlage der Entscheidung des Umweltministers mitfinanziert.<\/b><\/p>\t\t\t\t\t\t\t\t<\/div>\n\t\t\t\t<\/div>\n\t\t\t\t<div class=\"elementor-element elementor-element-a77d191 elementor-widget elementor-widget-heading\" data-id=\"a77d191\" data-element_type=\"widget\" data-e-type=\"widget\" data-widget_type=\"heading.default\">\n\t\t\t\t<div class=\"elementor-widget-container\">\n\t\t\t\t\t<h3 class=\"elementor-heading-title elementor-size-default\">Grundlegende Informationen zum Operationellen Programm<\/h3>\t\t\t\t<\/div>\n\t\t\t\t<\/div>\n\t\t\t\t<div class=\"elementor-element elementor-element-0c722cf elementor-widget elementor-widget-text-editor\" data-id=\"0c722cf\" data-element_type=\"widget\" data-e-type=\"widget\" data-widget_type=\"text-editor.default\">\n\t\t\t\t<div class=\"elementor-widget-container\">\n\t\t\t\t\t\t\t\t\t<p>\u010cD Cargo reichte im Rahmen des Programms 2. Neue erneuerbare Energiequellen in der Energie (RES+), finanziert durch Mittel des Modernisierungsfonds im Rahmen des Aufrufs ModF \u2013 RES+ Nr. 1\/2022, dessen Leitorgan das Umweltministerium der Tschechischen Republik ist, einen Antrag auf finanzielle Unterst\u00fctzung f\u00fcr die Umsetzung eines Projekts ein. Das Projekt bezieht sich auf die Installation einer Photovoltaikanlage auf Geb\u00e4uden im Besitz von \u010cD Cargo, a.s. in \u010cesk\u00e9 Bud\u011bjovice und B\u0159eclav.  <\/p><p>Das Ziel des Programms sowie des Aufrufs ist es, die Umsetzung von Projekten zu unterst\u00fctzen, die zu einer Reduzierung der Treibhausgasemissionen, der Modernisierung von Energiesystemen und einer Erh\u00f6hung des Anteils erneuerbarer Energiequellen am Endenergieverbrauch f\u00fchren. Mithilfe gef\u00f6rderter Ma\u00dfnahmen sollen Einsparungen im Endenergieverbrauch erreicht werden. Die geplante Zuteilung des Aufrufs betrug 1,5 Milliarden CZK. Die Bestimmung des maximalen Gesamtf\u00f6rderbetrags f\u00fcr das Projekt \u010cD Cargo basiert auf der Funktion der Abh\u00e4ngigkeit der H\u00f6he der f\u00f6rderf\u00e4higen Kosten von der installierten Kapazit\u00e4t.    <\/p>\t\t\t\t\t\t\t\t<\/div>\n\t\t\t\t<\/div>\n\t\t\t\t<div class=\"elementor-element elementor-element-c19d4a8 elementor-widget elementor-widget-heading\" data-id=\"c19d4a8\" data-element_type=\"widget\" data-e-type=\"widget\" data-widget_type=\"heading.default\">\n\t\t\t\t<div class=\"elementor-widget-container\">\n\t\t\t\t\t<h3 class=\"elementor-heading-title elementor-size-default\">Beschreibung des Projekts<\/h3>\t\t\t\t<\/div>\n\t\t\t\t<\/div>\n\t\t\t\t<div class=\"elementor-element elementor-element-f72d189 elementor-widget elementor-widget-text-editor\" data-id=\"f72d189\" data-element_type=\"widget\" data-e-type=\"widget\" data-widget_type=\"text-editor.default\">\n\t\t\t\t<div class=\"elementor-widget-container\">\n\t\t\t\t\t\t\t\t\tGegenstand dieses Projekts ist die Umsetzung von Energiesparma\u00dfnahmen durch die Installation eines Photovoltaik-Kraftwerks auf einem Grundst\u00fcck des Antragstellers \u010cD Cargo, a.s. Um die Bedingungen des Aufrufs zu erf\u00fcllen, handelt es sich um ein kombiniertes PV-Projekt, das 2 Teilprojekte mit 2 \u00dcbergabepunkten an das Verteilernetz umfasst. Die installierte Kapazit\u00e4t des kombinierten Projekts ergibt sich dann aus der Summe der installierten Kapazit\u00e4ten der einzelnen PV-Teilprojekte. Dieses kombinierte Projekt besteht aus den folgenden Teilprojekten\/Anlagen, die sich auf dem Katastergebiet in Breclav (die PV-Anlage wird sich auf einem Dach eines Geb\u00e4udes auf dem Gel\u00e4nde von OKV in Breclav befinden) und in \u010cesk\u00e9 Bud\u011bjovice (die PV-Anlage wird sich auf den D\u00e4chern von vier Geb\u00e4uden auf dem Gel\u00e4nde von SOKV \u010cesk\u00e9 Bud\u011bjovice befinden) befinden.  \n\nDas Projekt wird durch die Installation eines Photovoltaik-Kraftwerks mit einer Gesamtkapazit\u00e4t von 203,57 kWp den Stromverbrauch und die Kosten senken.\n\nDas Projekt wird zu einer signifikanten Reduzierung des Verbrauchs an nicht-erneuerbarer Prim\u00e4renergie um 406,87 MWh\/Jahr f\u00fchren. Es ist daher offensichtlich, dass die Projektergebnisse positive Auswirkungen auf die Umwelt haben werden, sowohl in der Umgebung, in der Region als auch in der Tschechischen Republik als EU-Mitgliedstaat. Die geplanten Aktivit\u00e4ten werden auch einen geringeren Anteil an Emissionen verursachen.  \n\nVor dem Ausschreibungsverfahren hat \u010cD Cargo die gesch\u00e4tzten Gesamtkosten des Projekts auf 12,3 Millionen CZK festgelegt. CZK veranschlagt, wovon 1,6 Mio. CZK auf die F\u00f6rderung entfallen. CZK. Das Projekt soll bis zum 31. M\u00e4rz 2026 abgeschlossen sein.   \t\t\t\t\t\t\t\t<\/div>\n\t\t\t\t<\/div>\n\t\t\t\t\t<\/div>\n\t\t\t\t<\/div>\n\t\t\t\t<\/div>\n\t\t","protected":false},"excerpt":{"rendered":"<p>Projekte \u010cD Cargo &#8211; FVE Breclav, \u010cesk\u00e9 Bud\u011bjovice Name des Programms: 2. Neue erneuerbare Energiequellen RES+ Modernisierungsfonds (im Folgenden \u201eProgramm\u201c genannt) Name des Aufrufs: ModF \u2013 RES+ Nr. 1\/2022 (im Folgenden \u201eAufruf\u201c genannt) Name des Projekts: \u010cD Cargo \u2013 PV-Anlagen B\u0159eclav, \u010cesk\u00e9 Bud\u011bjovice (im Folgenden \u201eProjekt\u201c genannt) Dieses Projekt wird vom Modernisierungsfonds auf Grundlage der [&hellip;]<\/p>\n","protected":false},"author":1,"featured_media":1443,"parent":1653,"menu_order":0,"comment_status":"closed","ping_status":"closed","template":"","meta":{"_acf_changed":false,"footnotes":""},"class_list":["post-2278","page","type-page","status-publish","has-post-thumbnail","hentry"],"acf":[],"_links":{"self":[{"href":"https:\/\/www.cdcargo.cz\/de\/wp-json\/wp\/v2\/pages\/2278","targetHints":{"allow":["GET"]}}],"collection":[{"href":"https:\/\/www.cdcargo.cz\/de\/wp-json\/wp\/v2\/pages"}],"about":[{"href":"https:\/\/www.cdcargo.cz\/de\/wp-json\/wp\/v2\/types\/page"}],"author":[{"embeddable":true,"href":"https:\/\/www.cdcargo.cz\/de\/wp-json\/wp\/v2\/users\/1"}],"replies":[{"embeddable":true,"href":"https:\/\/www.cdcargo.cz\/de\/wp-json\/wp\/v2\/comments?post=2278"}],"version-history":[{"count":0,"href":"https:\/\/www.cdcargo.cz\/de\/wp-json\/wp\/v2\/pages\/2278\/revisions"}],"up":[{"embeddable":true,"href":"https:\/\/www.cdcargo.cz\/de\/wp-json\/wp\/v2\/pages\/1653"}],"wp:featuredmedia":[{"embeddable":true,"href":"https:\/\/www.cdcargo.cz\/de\/wp-json\/wp\/v2\/media\/1443"}],"wp:attachment":[{"href":"https:\/\/www.cdcargo.cz\/de\/wp-json\/wp\/v2\/media?parent=2278"}],"curies":[{"name":"wp","href":"https:\/\/api.w.org\/{rel}","templated":true}]}}