{"id":2421,"date":"2025-07-17T19:38:44","date_gmt":"2025-07-17T19:38:44","guid":{"rendered":"https:\/\/www.cdcargo.cz\/projekte\/is-probis-handels-betriebliches-system-cd-cargo\/"},"modified":"2025-09-04T09:19:12","modified_gmt":"2025-09-04T09:19:12","slug":"is-probis-handels-betriebliches-system-cd-cargo","status":"publish","type":"page","link":"https:\/\/www.cdcargo.cz\/de\/projekte\/is-probis-handels-betriebliches-system-cd-cargo\/","title":{"rendered":"IS PROBIS &#8211; Handels-betriebliches System \u010cD Cargo"},"content":{"rendered":"\t\t<div data-elementor-type=\"wp-page\" data-elementor-id=\"2421\" class=\"elementor elementor-2421 elementor-1218\" data-elementor-post-type=\"page\">\n\t\t\t\t<div data-particle_enable=\"false\" data-particle-mobile-disabled=\"false\" class=\"elementor-element elementor-element-b4fbe20 e-flex e-con-boxed e-con e-parent\" data-id=\"b4fbe20\" data-element_type=\"container\" data-e-type=\"container\" data-settings=\"{&quot;background_background&quot;:&quot;classic&quot;}\">\n\t\t\t\t\t<div class=\"e-con-inner\">\n\t\t\t\t<div class=\"elementor-element elementor-element-c610d40 elementor-widget elementor-widget-heading\" data-id=\"c610d40\" data-element_type=\"widget\" data-e-type=\"widget\" data-widget_type=\"heading.default\">\n\t\t\t\t<div class=\"elementor-widget-container\">\n\t\t\t\t\t<h1 class=\"elementor-heading-title elementor-size-default\">Projekte<\/h1>\t\t\t\t<\/div>\n\t\t\t\t<\/div>\n\t\t\t\t<div class=\"elementor-element elementor-element-10d2203 no-icon elementor-widget elementor-widget-heading\" data-id=\"10d2203\" data-element_type=\"widget\" data-e-type=\"widget\" data-widget_type=\"heading.default\">\n\t\t\t\t<div class=\"elementor-widget-container\">\n\t\t\t\t\t<h2 class=\"elementor-heading-title elementor-size-default\">IS PROBIS - Handels-betriebliches System \u010cD Cargo<\/h2>\t\t\t\t<\/div>\n\t\t\t\t<\/div>\n\t\t\t\t\t<\/div>\n\t\t\t\t<\/div>\n\t\t<div data-particle_enable=\"false\" data-particle-mobile-disabled=\"false\" class=\"elementor-element elementor-element-ef44a59 e-flex e-con-boxed e-con e-parent\" data-id=\"ef44a59\" data-element_type=\"container\" data-e-type=\"container\">\n\t\t\t\t\t<div class=\"e-con-inner\">\n\t\t\t\t<div class=\"elementor-element elementor-element-9fc85de elementor-widget elementor-widget-text-editor\" data-id=\"9fc85de\" data-element_type=\"widget\" data-e-type=\"widget\" data-widget_type=\"text-editor.default\">\n\t\t\t\t<div class=\"elementor-widget-container\">\n\t\t\t\t\t\t\t\t\t<p>\u00dcber die Bildung des Systems PROBIS wurde im Jahr 2009 aufgrund des Bedarfs entschieden, die Systeme und Prozesse der Gesellschaft \u010cD Cargo auf die Anforderungen TAF TSI anzupassen. Die Phase der Vorbereitung dieses Projekts wurde in Jahren 2010 und 2011 realisiert, die Durchf\u00fchrungsphase dann in Jahren 2012 und 2013. Das ganze Projekt wurde im Rahmen des Operationsprogramms &#8222;Verkehr&#8220; durchgef\u00fchrt. Die gesamten Kosten f\u00fcr das Projekt machten 172.582.704 CZK. Die Finanzmittel, die aus dem Europ\u00e4ischen Fonds f\u00fcr regionale Entwicklung und aus dem Fonds territorialer Zusammenarbeit stammten, betrugen die H\u00e4lfte der gesamten Ausgaben, also 86.291.352 CZK.   <\/p><p>Das ganze System enth\u00e4lt eine Reihe von Modulen, begonnen von Dispatcher- (DISC, EMAN, APS, O\u0158, M), ferner Betriebs- (PRIS, \u00daDIV) bis zu Handelsmodulen (TMS, EROZA) und bietet vollst\u00e4ndige Informationen an alle Einheiten an, die sich an der Bef\u00f6rderung jeder Lieferung beteiligen. Sehr wichtig ist es, dass \u010cD Cargo die erste nationale europ\u00e4ische Transportfirma ist, die die neuen Schnittstellen durchf\u00fchrte, die in TAF TSI definiert werden. <\/p><p>In der Fachzeitschrift &#8222;Nov\u00e1 \u017eelezni\u010dn\u00ed technika\/Nov\u00e9 \u017eelezni\u010dn\u00ed trendy (N\u017dT)&#8220; Nr. 1\/2014 wurde ein Artikel unter dem Namen \u201eRealizace PROBIS \u2013 Provozn\u011b-obchodn\u00ed syst\u00e9m \u010cD Cargo&#8220; von Autoren Lud\u011bk Ehrenberger und Tom\u00e1\u0161 T\u00f3th ver\u00f6ffentlicht. Dieser Artikel befasst sich mit der in der Gesellschaft \u010cD Cargo realisierten Einf\u00fchrung des Systems PROBIS. <\/p>\t\t\t\t\t\t\t\t<\/div>\n\t\t\t\t<\/div>\n\t\t\t\t\t<\/div>\n\t\t\t\t<\/div>\n\t\t\t\t<\/div>\n\t\t","protected":false},"excerpt":{"rendered":"<p>Projekte IS PROBIS &#8211; Handels-betriebliches System \u010cD Cargo \u00dcber die Bildung des Systems PROBIS wurde im Jahr 2009 aufgrund des Bedarfs entschieden, die Systeme und Prozesse der Gesellschaft \u010cD Cargo auf die Anforderungen TAF TSI anzupassen. Die Phase der Vorbereitung dieses Projekts wurde in Jahren 2010 und 2011 realisiert, die Durchf\u00fchrungsphase dann in Jahren 2012 [&hellip;]<\/p>\n","protected":false},"author":1,"featured_media":1443,"parent":1653,"menu_order":0,"comment_status":"closed","ping_status":"closed","template":"","meta":{"_acf_changed":false,"footnotes":""},"class_list":["post-2421","page","type-page","status-publish","has-post-thumbnail","hentry"],"acf":[],"_links":{"self":[{"href":"https:\/\/www.cdcargo.cz\/de\/wp-json\/wp\/v2\/pages\/2421","targetHints":{"allow":["GET"]}}],"collection":[{"href":"https:\/\/www.cdcargo.cz\/de\/wp-json\/wp\/v2\/pages"}],"about":[{"href":"https:\/\/www.cdcargo.cz\/de\/wp-json\/wp\/v2\/types\/page"}],"author":[{"embeddable":true,"href":"https:\/\/www.cdcargo.cz\/de\/wp-json\/wp\/v2\/users\/1"}],"replies":[{"embeddable":true,"href":"https:\/\/www.cdcargo.cz\/de\/wp-json\/wp\/v2\/comments?post=2421"}],"version-history":[{"count":0,"href":"https:\/\/www.cdcargo.cz\/de\/wp-json\/wp\/v2\/pages\/2421\/revisions"}],"up":[{"embeddable":true,"href":"https:\/\/www.cdcargo.cz\/de\/wp-json\/wp\/v2\/pages\/1653"}],"wp:featuredmedia":[{"embeddable":true,"href":"https:\/\/www.cdcargo.cz\/de\/wp-json\/wp\/v2\/media\/1443"}],"wp:attachment":[{"href":"https:\/\/www.cdcargo.cz\/de\/wp-json\/wp\/v2\/media?parent=2421"}],"curies":[{"name":"wp","href":"https:\/\/api.w.org\/{rel}","templated":true}]}}