{"id":2487,"date":"2025-07-21T11:40:18","date_gmt":"2025-07-21T11:40:18","guid":{"rendered":"https:\/\/www.cdcargo.cz\/daten-und-abfragen\/"},"modified":"2025-11-13T15:08:53","modified_gmt":"2025-11-13T15:08:53","slug":"daten-und-abfragen","status":"publish","type":"page","link":"https:\/\/www.cdcargo.cz\/de\/apps\/daten-und-abfragen\/","title":{"rendered":"Daten und Abfragen"},"content":{"rendered":"\t\t<div data-elementor-type=\"wp-page\" data-elementor-id=\"2487\" class=\"elementor elementor-2487 elementor-2403\" data-elementor-post-type=\"page\">\n\t\t\t\t<div data-particle_enable=\"false\" data-particle-mobile-disabled=\"false\" class=\"elementor-element elementor-element-417fc9e e-flex e-con-boxed e-con e-parent\" data-id=\"417fc9e\" data-element_type=\"container\" data-e-type=\"container\" data-settings=\"{&quot;background_background&quot;:&quot;classic&quot;}\">\n\t\t\t\t\t<div class=\"e-con-inner\">\n\t\t\t\t<div class=\"elementor-element elementor-element-eec8cd1 elementor-widget elementor-widget-heading\" data-id=\"eec8cd1\" data-element_type=\"widget\" data-e-type=\"widget\" data-widget_type=\"heading.default\">\n\t\t\t\t<div class=\"elementor-widget-container\">\n\t\t\t\t\t<h1 class=\"elementor-heading-title elementor-size-default\">Daten und Abfragen<\/h1>\t\t\t\t<\/div>\n\t\t\t\t<\/div>\n\t\t\t\t<div class=\"elementor-element elementor-element-911a8a7 no-icon elementor-widget elementor-widget-heading\" data-id=\"911a8a7\" data-element_type=\"widget\" data-e-type=\"widget\" data-widget_type=\"heading.default\">\n\t\t\t\t<div class=\"elementor-widget-container\">\n\t\t\t\t\t<h2 class=\"elementor-heading-title elementor-size-default\">Zur Verfolgung der Sendung k\u00f6nnen zwei praktische Anwendungen benutzt werden \u2013 das Zentrale Wageninformationssystem (CEVIS)<\/h2>\t\t\t\t<\/div>\n\t\t\t\t<\/div>\n\t\t\t\t\t<\/div>\n\t\t\t\t<\/div>\n\t\t<div data-particle_enable=\"false\" data-particle-mobile-disabled=\"false\" class=\"elementor-element elementor-element-3c5ace6 e-flex e-con-boxed e-con e-parent\" data-id=\"3c5ace6\" data-element_type=\"container\" data-e-type=\"container\">\n\t\t\t\t\t<div class=\"e-con-inner\">\n\t\t\t\t<div class=\"elementor-element elementor-element-c0bb7d6 elementor-widget elementor-widget-heading\" data-id=\"c0bb7d6\" data-element_type=\"widget\" data-e-type=\"widget\" data-widget_type=\"heading.default\">\n\t\t\t\t<div class=\"elementor-widget-container\">\n\t\t\t\t\t<h3 class=\"elementor-heading-title elementor-size-default\">Zugriff und Anwendung<\/h3>\t\t\t\t<\/div>\n\t\t\t\t<\/div>\n\t\t\t\t<div class=\"elementor-element elementor-element-95ee599 elementor-widget elementor-widget-text-editor\" data-id=\"95ee599\" data-element_type=\"widget\" data-e-type=\"widget\" data-widget_type=\"text-editor.default\">\n\t\t\t\t<div class=\"elementor-widget-container\">\n\t\t\t\t\t\t\t\t\t<p>Zugriff und Benutzerrecht auf das System k\u00f6nnen externe Benutzer, wie z.B. Transportunternehmen, Spediteure, Eigent\u00fcmer der Wagen etc. erhalten. \u00dcber das WWW wird mithilfe von Fragen gearbeitet, die auf verschiedenen Parametern basieren, mit denen sich Inhalt und Struktur des Ausgabeberichtes beeinflussen lassen. Die Informationsgewinnung per E-Mail und FTP verl\u00e4uft mittels automatisierter Ausgaben, die weiterverarbeitet werden k\u00f6nnen.    <\/p>\t\t\t\t\t\t\t\t<\/div>\n\t\t\t\t<\/div>\n\t\t<div data-particle_enable=\"false\" data-particle-mobile-disabled=\"false\" class=\"elementor-element elementor-element-335fa69 e-con-full e-flex e-con e-child\" data-id=\"335fa69\" data-element_type=\"container\" data-e-type=\"container\" data-settings=\"{&quot;background_background&quot;:&quot;classic&quot;}\">\n\t\t\t\t<div class=\"elementor-element elementor-element-377f071 no-icon elementor-widget elementor-widget-icon-box\" data-id=\"377f071\" data-element_type=\"widget\" data-e-type=\"widget\" data-widget_type=\"icon-box.default\">\n\t\t\t\t<div class=\"elementor-widget-container\">\n\t\t\t\t\t\t\t<div class=\"elementor-icon-box-wrapper\">\n\n\t\t\t\n\t\t\t\t\t\t<div class=\"elementor-icon-box-content\">\n\n\t\t\t\t\t\t\t\t\t<h4 class=\"elementor-icon-box-title\">\n\t\t\t\t\t\t<span  >\n\t\t\t\t\t\t\tZugang zur Anwendung\t\t\t\t\t\t<\/span>\n\t\t\t\t\t<\/h4>\n\t\t\t\t\n\t\t\t\t\t\t\t\t\t<p class=\"elementor-icon-box-description\">\n\t\t\t\t\t\tInformationen zu aktuellen \u00c4nderungen\t\t\t\t\t<\/p>\n\t\t\t\t\n\t\t\t<\/div>\n\t\t\t\n\t\t<\/div>\n\t\t\t\t\t\t<\/div>\n\t\t\t\t<\/div>\n\t\t\t\t<div class=\"elementor-element elementor-element-70afac6 elementor-widget elementor-widget-button\" data-id=\"70afac6\" data-element_type=\"widget\" data-e-type=\"widget\" data-widget_type=\"button.default\">\n\t\t\t\t<div class=\"elementor-widget-container\">\n\t\t\t\t\t\t\t\t\t<div class=\"elementor-button-wrapper\">\n\t\t\t\t\t<a class=\"elementor-button elementor-button-link elementor-size-sm\" href=\"https:\/\/eroza.cdcargo.cz\/\">\n\t\t\t\t\t\t<span class=\"elementor-button-content-wrapper\">\n\t\t\t\t\t\t<span class=\"elementor-button-icon\">\n\t\t\t\t<svg xmlns=\"http:\/\/www.w3.org\/2000\/svg\" viewBox=\"0 0 24 24\" width=\"1em\" height=\"1em\"><path d=\"M2.585 24 0 21.416 17.723 3.693H1.846V0H24v22.154h-3.692V6.277Z\" fill=\"currentColor\"><\/path><\/svg>\t\t\t<\/span>\n\t\t\t\t\t\t\t\t\t<span class=\"elementor-button-text\">Eintritt<\/span>\n\t\t\t\t\t<\/span>\n\t\t\t\t\t<\/a>\n\t\t\t\t<\/div>\n\t\t\t\t\t\t\t\t<\/div>\n\t\t\t\t<\/div>\n\t\t\t\t<\/div>\n\t\t\t\t<div class=\"elementor-element elementor-element-7aa8657 elementor-widget elementor-widget-heading\" data-id=\"7aa8657\" data-element_type=\"widget\" data-e-type=\"widget\" data-widget_type=\"heading.default\">\n\t\t\t\t<div class=\"elementor-widget-container\">\n\t\t\t\t\t<h3 class=\"elementor-heading-title elementor-size-default\">Ausg\u00e4nge<\/h3>\t\t\t\t<\/div>\n\t\t\t\t<\/div>\n\t\t\t\t<div class=\"elementor-element elementor-element-1914ad4 elementor-widget elementor-widget-text-editor\" data-id=\"1914ad4\" data-element_type=\"widget\" data-e-type=\"widget\" data-widget_type=\"text-editor.default\">\n\t\t\t\t<div class=\"elementor-widget-container\">\n\t\t\t\t\t\t\t\t\t<p>Die Antwort auf die Frage kann auf einem Monitor abgebildet bzw. ausgedruckt werden, oder in Form eines Datenblocks, welcher weiter z.B. im eigenen Informationssystem verarbeitet werden kann, erhalten werden. Die automatisierten Outputs bieten Datenbl\u00f6cke im .csv Format (Trennzeichen Semikolon) und sie k\u00f6nnen weiter z.B. im MS Excel bearbeitet werden.   <\/p>\t\t\t\t\t\t\t\t<\/div>\n\t\t\t\t<\/div>\n\t\t\t\t<div class=\"elementor-element elementor-element-1044ae5 elementor-widget elementor-widget-heading\" data-id=\"1044ae5\" data-element_type=\"widget\" data-e-type=\"widget\" data-widget_type=\"heading.default\">\n\t\t\t\t<div class=\"elementor-widget-container\">\n\t\t\t\t\t<h3 class=\"elementor-heading-title elementor-size-default\">Gesch\u00e4ftsbedingungen<\/h3>\t\t\t\t<\/div>\n\t\t\t\t<\/div>\n\t\t\t\t<div class=\"elementor-element elementor-element-3ac7083 elementor-widget elementor-widget-text-editor\" data-id=\"3ac7083\" data-element_type=\"widget\" data-e-type=\"widget\" data-widget_type=\"text-editor.default\">\n\t\t\t\t<div class=\"elementor-widget-container\">\n\t\t\t\t\t\t\t\t\t<p>Die bereitgestellten Informationen sind kostenpflichtig. Der Preis wird im Rahmen eines Vertrags bestimmt. Der Benutzerzugriff auf das System beruht auf einem Vertrag, geschlossen mit dem Informationslieferanten (\u010cD Cargo). Nach Vertragsabschluss wird ein kostenloser Probebetrieb geboten. F\u00fcr den Vertragsabschluss kontaktieren Sie bitte elektronisch auf E-Mail: <a href=\"mailto:CDCEroza@cdcargo.cz\">CDCEroza@cdcargo.cz.<\/a>    <\/p>\t\t\t\t\t\t\t\t<\/div>\n\t\t\t\t<\/div>\n\t\t\t\t<div class=\"elementor-element elementor-element-5ca47d4 elementor-widget elementor-widget-heading\" data-id=\"5ca47d4\" data-element_type=\"widget\" data-e-type=\"widget\" data-widget_type=\"heading.default\">\n\t\t\t\t<div class=\"elementor-widget-container\">\n\t\t\t\t\t<h3 class=\"elementor-heading-title elementor-size-default\">Kontakte<\/h3>\t\t\t\t<\/div>\n\t\t\t\t<\/div>\n\t\t\t\t<div class=\"elementor-element elementor-element-9851870 elementor-widget__width-inherit elementor-grid-tablet-1 elementor-grid-3 elementor-grid-mobile-1 elementor-widget elementor-widget-loop-grid\" data-id=\"9851870\" data-element_type=\"widget\" data-e-type=\"widget\" data-settings=\"{&quot;template_id&quot;:282,&quot;columns_tablet&quot;:1,&quot;_skin&quot;:&quot;post&quot;,&quot;columns&quot;:&quot;3&quot;,&quot;columns_mobile&quot;:&quot;1&quot;,&quot;edit_handle_selector&quot;:&quot;[data-elementor-type=\\&quot;loop-item\\&quot;]&quot;,&quot;row_gap&quot;:{&quot;unit&quot;:&quot;px&quot;,&quot;size&quot;:&quot;&quot;,&quot;sizes&quot;:[]},&quot;row_gap_laptop&quot;:{&quot;unit&quot;:&quot;px&quot;,&quot;size&quot;:&quot;&quot;,&quot;sizes&quot;:[]},&quot;row_gap_tablet&quot;:{&quot;unit&quot;:&quot;px&quot;,&quot;size&quot;:&quot;&quot;,&quot;sizes&quot;:[]},&quot;row_gap_mobile&quot;:{&quot;unit&quot;:&quot;px&quot;,&quot;size&quot;:&quot;&quot;,&quot;sizes&quot;:[]}}\" data-widget_type=\"loop-grid.post\">\n\t\t\t\t<div class=\"elementor-widget-container\">\n\t\t\t\t\t\t\t<div class=\"elementor-loop-container elementor-grid\" role=\"list\">\n\t\t<style id=\"loop-282\">.elementor-282 .elementor-element.elementor-element-394c453{--display:flex;--flex-direction:column;--container-widget-width:100%;--container-widget-height:initial;--container-widget-flex-grow:0;--container-widget-align-self:initial;--flex-wrap-mobile:wrap;--justify-content:space-between;--padding-top:36px;--padding-bottom:36px;--padding-left:36px;--padding-right:36px;}.elementor-282 .elementor-element.elementor-element-394c453:not(.elementor-motion-effects-element-type-background), .elementor-282 .elementor-element.elementor-element-394c453 > .elementor-motion-effects-container > .elementor-motion-effects-layer{background-color:var( --e-global-color-3006314 );}.elementor-282 .elementor-element.elementor-element-5211f45{text-align:start;}.elementor-282 .elementor-element.elementor-element-5211f45 img{width:150px;filter:brightness( 100% ) contrast( 100% ) saturate( 100% ) blur( 0px ) hue-rotate( 0deg );border-radius:75px 75px 75px 75px;}.elementor-282 .elementor-element.elementor-element-ea0bf6e .elementor-heading-title{color:var( --e-global-color-primary );}.elementor-282 .elementor-element.elementor-element-a4fe301 .elementor-heading-title{font-family:var( --e-global-typography-0fc21a0-font-family ), Sans-serif;font-size:var( --e-global-typography-0fc21a0-font-size );font-weight:var( --e-global-typography-0fc21a0-font-weight );line-height:var( --e-global-typography-0fc21a0-line-height );letter-spacing:var( --e-global-typography-0fc21a0-letter-spacing );word-spacing:var( --e-global-typography-0fc21a0-word-spacing );color:var( --e-global-color-secondary );}.elementor-282 .elementor-element.elementor-element-a4fe301 > .elementor-widget-container{margin:-18px 0px 0px 0px;}.elementor-282 .elementor-element.elementor-element-a4fe301.elementor-element{--flex-grow:1;--flex-shrink:0;}.elementor-282 .elementor-element.elementor-element-a34d872{font-family:var( --e-global-typography-ca5d283-font-family ), Sans-serif;font-size:var( --e-global-typography-ca5d283-font-size );font-weight:var( --e-global-typography-ca5d283-font-weight );line-height:var( --e-global-typography-ca5d283-line-height );letter-spacing:var( --e-global-typography-ca5d283-letter-spacing );word-spacing:var( --e-global-typography-ca5d283-word-spacing );color:var( --e-global-color-primary );}.elementor-282 .elementor-element.elementor-element-a34d872 > .elementor-widget-container{margin:0px 0px 0px 0px;}.elementor-282 .elementor-element.elementor-element-e669665{font-family:var( --e-global-typography-ca5d283-font-family ), Sans-serif;font-size:var( --e-global-typography-ca5d283-font-size );font-weight:var( --e-global-typography-ca5d283-font-weight );line-height:var( --e-global-typography-ca5d283-line-height );letter-spacing:var( --e-global-typography-ca5d283-letter-spacing );word-spacing:var( --e-global-typography-ca5d283-word-spacing );color:var( --e-global-color-primary );}.elementor-282 .elementor-element.elementor-element-e669665 > .elementor-widget-container{margin:-10px 0px 0px 0px;}.elementor-282 .elementor-element.elementor-element-83c89c9{font-family:var( --e-global-typography-ca5d283-font-family ), Sans-serif;font-size:var( --e-global-typography-ca5d283-font-size );font-weight:var( --e-global-typography-ca5d283-font-weight );line-height:var( --e-global-typography-ca5d283-line-height );letter-spacing:var( --e-global-typography-ca5d283-letter-spacing );word-spacing:var( --e-global-typography-ca5d283-word-spacing );color:var( --e-global-color-primary );}.elementor-282 .elementor-element.elementor-element-83c89c9 > .elementor-widget-container{margin:-10px 0px 0px 0px;}.elementor-282 .elementor-element.elementor-element-af05511 .elementor-icon-list-items:not(.elementor-inline-items) .elementor-icon-list-item:not(:last-child){padding-block-end:calc(8px\/2);}.elementor-282 .elementor-element.elementor-element-af05511 .elementor-icon-list-items:not(.elementor-inline-items) .elementor-icon-list-item:not(:first-child){margin-block-start:calc(8px\/2);}.elementor-282 .elementor-element.elementor-element-af05511 .elementor-icon-list-items.elementor-inline-items .elementor-icon-list-item{margin-inline:calc(8px\/2);}.elementor-282 .elementor-element.elementor-element-af05511 .elementor-icon-list-items.elementor-inline-items{margin-inline:calc(-8px\/2);}.elementor-282 .elementor-element.elementor-element-af05511 .elementor-icon-list-items.elementor-inline-items .elementor-icon-list-item:after{inset-inline-end:calc(-8px\/2);}.elementor-282 .elementor-element.elementor-element-af05511 .elementor-icon-list-icon i{transition:color 0.3s;}.elementor-282 .elementor-element.elementor-element-af05511 .elementor-icon-list-icon svg{transition:fill 0.3s;}.elementor-282 .elementor-element.elementor-element-af05511{--e-icon-list-icon-size:16px;--icon-vertical-offset:0px;}.elementor-282 .elementor-element.elementor-element-af05511 .elementor-icon-list-item > .elementor-icon-list-text, .elementor-282 .elementor-element.elementor-element-af05511 .elementor-icon-list-item > a{font-family:var( --e-global-typography-ca5d283-font-family ), Sans-serif;font-size:var( --e-global-typography-ca5d283-font-size );font-weight:var( --e-global-typography-ca5d283-font-weight );line-height:var( --e-global-typography-ca5d283-line-height );letter-spacing:var( --e-global-typography-ca5d283-letter-spacing );word-spacing:var( --e-global-typography-ca5d283-word-spacing );}.elementor-282 .elementor-element.elementor-element-af05511 .elementor-icon-list-text{transition:color 0.3s;}.elementor-282 .elementor-element.elementor-element-af05511.elementor-element{--order:99999 \/* order end hack *\/;}@media(max-width:1366px){.elementor-282 .elementor-element.elementor-element-a4fe301 .elementor-heading-title{font-size:var( --e-global-typography-0fc21a0-font-size );line-height:var( --e-global-typography-0fc21a0-line-height );letter-spacing:var( --e-global-typography-0fc21a0-letter-spacing );word-spacing:var( --e-global-typography-0fc21a0-word-spacing );}.elementor-282 .elementor-element.elementor-element-a34d872{font-size:var( --e-global-typography-ca5d283-font-size );line-height:var( --e-global-typography-ca5d283-line-height );letter-spacing:var( --e-global-typography-ca5d283-letter-spacing );word-spacing:var( --e-global-typography-ca5d283-word-spacing );}.elementor-282 .elementor-element.elementor-element-e669665{font-size:var( --e-global-typography-ca5d283-font-size );line-height:var( --e-global-typography-ca5d283-line-height );letter-spacing:var( --e-global-typography-ca5d283-letter-spacing );word-spacing:var( --e-global-typography-ca5d283-word-spacing );}.elementor-282 .elementor-element.elementor-element-83c89c9{font-size:var( --e-global-typography-ca5d283-font-size );line-height:var( --e-global-typography-ca5d283-line-height );letter-spacing:var( --e-global-typography-ca5d283-letter-spacing );word-spacing:var( --e-global-typography-ca5d283-word-spacing );}.elementor-282 .elementor-element.elementor-element-af05511 .elementor-icon-list-item > .elementor-icon-list-text, .elementor-282 .elementor-element.elementor-element-af05511 .elementor-icon-list-item > a{font-size:var( --e-global-typography-ca5d283-font-size );line-height:var( --e-global-typography-ca5d283-line-height );letter-spacing:var( --e-global-typography-ca5d283-letter-spacing );word-spacing:var( --e-global-typography-ca5d283-word-spacing );}}@media(max-width:1024px){.elementor-282 .elementor-element.elementor-element-5211f45 img{width:100px;}.elementor-282 .elementor-element.elementor-element-a4fe301 .elementor-heading-title{font-size:var( --e-global-typography-0fc21a0-font-size );line-height:var( --e-global-typography-0fc21a0-line-height );letter-spacing:var( --e-global-typography-0fc21a0-letter-spacing );word-spacing:var( --e-global-typography-0fc21a0-word-spacing );}.elementor-282 .elementor-element.elementor-element-a34d872{font-size:var( --e-global-typography-ca5d283-font-size );line-height:var( --e-global-typography-ca5d283-line-height );letter-spacing:var( --e-global-typography-ca5d283-letter-spacing );word-spacing:var( --e-global-typography-ca5d283-word-spacing );}.elementor-282 .elementor-element.elementor-element-e669665{font-size:var( --e-global-typography-ca5d283-font-size );line-height:var( --e-global-typography-ca5d283-line-height );letter-spacing:var( --e-global-typography-ca5d283-letter-spacing );word-spacing:var( --e-global-typography-ca5d283-word-spacing );}.elementor-282 .elementor-element.elementor-element-83c89c9{font-size:var( --e-global-typography-ca5d283-font-size );line-height:var( --e-global-typography-ca5d283-line-height );letter-spacing:var( --e-global-typography-ca5d283-letter-spacing );word-spacing:var( --e-global-typography-ca5d283-word-spacing );}.elementor-282 .elementor-element.elementor-element-af05511 .elementor-icon-list-item > .elementor-icon-list-text, .elementor-282 .elementor-element.elementor-element-af05511 .elementor-icon-list-item > a{font-size:var( --e-global-typography-ca5d283-font-size );line-height:var( --e-global-typography-ca5d283-line-height );letter-spacing:var( --e-global-typography-ca5d283-letter-spacing );word-spacing:var( --e-global-typography-ca5d283-word-spacing );}}@media(max-width:767px){.elementor-282 .elementor-element.elementor-element-5211f45 img{width:100px;}.elementor-282 .elementor-element.elementor-element-a4fe301 .elementor-heading-title{font-size:var( --e-global-typography-0fc21a0-font-size );line-height:var( --e-global-typography-0fc21a0-line-height );letter-spacing:var( --e-global-typography-0fc21a0-letter-spacing );word-spacing:var( --e-global-typography-0fc21a0-word-spacing );}.elementor-282 .elementor-element.elementor-element-a4fe301 > .elementor-widget-container{margin:-18px 0px 0px 0px;}.elementor-282 .elementor-element.elementor-element-a34d872{font-size:var( --e-global-typography-ca5d283-font-size );line-height:var( --e-global-typography-ca5d283-line-height );letter-spacing:var( --e-global-typography-ca5d283-letter-spacing );word-spacing:var( --e-global-typography-ca5d283-word-spacing );}.elementor-282 .elementor-element.elementor-element-e669665{font-size:var( --e-global-typography-ca5d283-font-size );line-height:var( --e-global-typography-ca5d283-line-height );letter-spacing:var( --e-global-typography-ca5d283-letter-spacing );word-spacing:var( --e-global-typography-ca5d283-word-spacing );}.elementor-282 .elementor-element.elementor-element-83c89c9{font-size:var( --e-global-typography-ca5d283-font-size );line-height:var( --e-global-typography-ca5d283-line-height );letter-spacing:var( --e-global-typography-ca5d283-letter-spacing );word-spacing:var( --e-global-typography-ca5d283-word-spacing );}.elementor-282 .elementor-element.elementor-element-af05511 .elementor-icon-list-item > .elementor-icon-list-text, .elementor-282 .elementor-element.elementor-element-af05511 .elementor-icon-list-item > a{font-size:var( --e-global-typography-ca5d283-font-size );line-height:var( --e-global-typography-ca5d283-line-height );letter-spacing:var( --e-global-typography-ca5d283-letter-spacing );word-spacing:var( --e-global-typography-ca5d283-word-spacing );}}\/* Start custom CSS for icon-list, class: .elementor-element-af05511 *\/.elementor-282 .elementor-element.elementor-element-af05511 a {\n    text-decoration: underline;\n}\/* End custom CSS *\/<\/style>\t\t<div data-elementor-type=\"loop-item\" data-elementor-id=\"282\" class=\"elementor elementor-282 e-loop-item e-loop-item-5638 post-5638 kontakt type-kontakt status-publish hentry rubrika-kontaktu-daten-und-fragen\" data-elementor-post-type=\"elementor_library\" data-custom-edit-handle=\"1\">\n\t\t\t<div data-particle_enable=\"false\" data-particle-mobile-disabled=\"false\" class=\"elementor-element elementor-element-394c453 e-flex e-con-boxed e-con e-parent\" data-id=\"394c453\" data-element_type=\"container\" data-e-type=\"container\" data-settings=\"{&quot;background_background&quot;:&quot;classic&quot;}\">\n\t\t\t\t\t<div class=\"e-con-inner\">\n\t\t\t\t<div class=\"elementor-element elementor-element-ea0bf6e no-icon elementor-widget elementor-widget-heading\" data-id=\"ea0bf6e\" data-element_type=\"widget\" data-e-type=\"widget\" data-widget_type=\"heading.default\">\n\t\t\t\t<div class=\"elementor-widget-container\">\n\t\t\t\t\t<h5 class=\"elementor-heading-title elementor-size-default\">Zemanov\u00e1 Krist\u00fdna, Bc.<\/h5>\t\t\t\t<\/div>\n\t\t\t\t<\/div>\n\t\t\t\t<div class=\"elementor-element elementor-element-a4fe301 no-icon elementor-widget elementor-widget-heading\" data-id=\"a4fe301\" data-element_type=\"widget\" data-e-type=\"widget\" data-widget_type=\"heading.default\">\n\t\t\t\t<div class=\"elementor-widget-container\">\n\t\t\t\t\t<h5 class=\"elementor-heading-title elementor-size-default\">Anwendungen Daten und Abfragen<\/h5>\t\t\t\t<\/div>\n\t\t\t\t<\/div>\n\t\t\t\t<div class=\"elementor-element elementor-element-a34d872 elementor-widget elementor-widget-text-editor\" data-id=\"a34d872\" data-element_type=\"widget\" data-e-type=\"widget\" data-widget_type=\"text-editor.default\">\n\t\t\t\t<div class=\"elementor-widget-container\">\n\t\t\t\t\t\t\t\t\t\u010cD Cargo, a.s.\t\t\t\t\t\t\t\t<\/div>\n\t\t\t\t<\/div>\n\t\t\t\t<div class=\"elementor-element elementor-element-e669665 elementor-widget elementor-widget-text-editor\" data-id=\"e669665\" data-element_type=\"widget\" data-e-type=\"widget\" data-widget_type=\"text-editor.default\">\n\t\t\t\t<div class=\"elementor-widget-container\">\n\t\t\t\t\t\t\t\t\tJankovcova 1569\/2c\t\t\t\t\t\t\t\t<\/div>\n\t\t\t\t<\/div>\n\t\t\t\t<div class=\"elementor-element elementor-element-83c89c9 elementor-widget elementor-widget-text-editor\" data-id=\"83c89c9\" data-element_type=\"widget\" data-e-type=\"widget\" data-widget_type=\"text-editor.default\">\n\t\t\t\t<div class=\"elementor-widget-container\">\n\t\t\t\t\t\t\t\t\t170 00 Praha\t\t\t\t\t\t\t\t<\/div>\n\t\t\t\t<\/div>\n\t\t\t\t<div class=\"elementor-element elementor-element-af05511 elementor-icon-list--layout-traditional elementor-list-item-link-full_width elementor-widget elementor-widget-icon-list\" data-id=\"af05511\" data-element_type=\"widget\" data-e-type=\"widget\" data-widget_type=\"icon-list.default\">\n\t\t\t\t<div class=\"elementor-widget-container\">\n\t\t\t\t\t\t\t<ul class=\"elementor-icon-list-items\">\n\t\t\t\t\t\t\t<li class=\"elementor-icon-list-item\">\n\t\t\t\t\t\t\t\t\t\t\t<a href=\"tel:+420702202052\">\n\n\t\t\t\t\t\t\t\t\t\t\t\t<span class=\"elementor-icon-list-icon\">\n\t\t\t\t\t\t\t<svg xmlns=\"http:\/\/www.w3.org\/2000\/svg\" width=\"16\" height=\"16\"><path d=\"M15.067 16a13.343 13.343 0 0 1-5.489-1.211 16.418 16.418 0 0 1-4.933-3.433 16.418 16.418 0 0 1-3.433-4.933A13.342 13.342 0 0 1 0 .933.9.9 0 0 1 .267.266a.9.9 0 0 1 .667-.267h3.6A.826.826 0 0 1 5.09.21a.812.812 0 0 1 .289.5l.578 3.111a1.567 1.567 0 0 1-.022.6.935.935 0 0 1-.244.422L3.535 7.021A10.751 10.751 0 0 0 4.591 8.61a15.639 15.639 0 0 0 1.344 1.478 15.654 15.654 0 0 0 1.444 1.278 14.052 14.052 0 0 0 1.6 1.078l2.089-2.089a1.244 1.244 0 0 1 .522-.3 1.429 1.429 0 0 1 .633-.056l3.067.622a1.028 1.028 0 0 1 .511.322.783.783 0 0 1 .2.522v3.6a.9.9 0 0 1-.267.667.9.9 0 0 1-.667.268ZM2.689 5.333l1.467-1.467-.378-2.089H1.8q.111.911.311 1.8a9.732 9.732 0 0 0 .578 1.756Zm7.956 7.956a11.03 11.03 0 0 0 1.767.6 10.85 10.85 0 0 0 1.811.289v-1.956l-2.089-.422ZM2.689 5.333Zm7.955 7.956Z\" fill=\"#009fda\"><\/path><\/svg>\t\t\t\t\t\t<\/span>\n\t\t\t\t\t\t\t\t\t\t<span class=\"elementor-icon-list-text\">+420 702 202 052<\/span>\n\t\t\t\t\t\t\t\t\t\t\t<\/a>\n\t\t\t\t\t\t\t\t\t<\/li>\n\t\t\t\t\t\t\t\t<li class=\"elementor-icon-list-item\">\n\t\t\t\t\t\t\t\t\t\t\t<a href=\"mailto:Kristyna.Zemanova@cdcargo.cz\">\n\n\t\t\t\t\t\t\t\t\t\t\t\t<span class=\"elementor-icon-list-icon\">\n\t\t\t\t\t\t\t<svg xmlns=\"http:\/\/www.w3.org\/2000\/svg\" width=\"16\" height=\"12.8\"><path d=\"M1.6 12.8a1.541 1.541 0 0 1-1.13-.47A1.541 1.541 0 0 1 0 11.2V1.6A1.541 1.541 0 0 1 .47.47 1.541 1.541 0 0 1 1.6 0h12.8a1.541 1.541 0 0 1 1.13.47A1.541 1.541 0 0 1 16 1.6v9.6a1.541 1.541 0 0 1-.47 1.13 1.541 1.541 0 0 1-1.13.47ZM8 7.2l-6.4-4v8h12.8v-8Zm0-1.6 6.4-4H1.6ZM1.6 3.2Z\" fill=\"#009fda\"><\/path><\/svg>\t\t\t\t\t\t<\/span>\n\t\t\t\t\t\t\t\t\t\t<span class=\"elementor-icon-list-text\">Kristyna.Zemanova@cdcargo.cz<\/span>\n\t\t\t\t\t\t\t\t\t\t\t<\/a>\n\t\t\t\t\t\t\t\t\t<\/li>\n\t\t\t\t\t\t<\/ul>\n\t\t\t\t\t\t<\/div>\n\t\t\t\t<\/div>\n\t\t\t\t\t<\/div>\n\t\t\t\t<\/div>\n\t\t\t\t<\/div>\n\t\t\t\t<\/div>\n\t\t\n\t\t\t\t\t\t<\/div>\n\t\t\t\t<\/div>\n\t\t\t\t\t<\/div>\n\t\t\t\t<\/div>\n\t\t\t\t<\/div>\n\t\t","protected":false},"excerpt":{"rendered":"<p>Als einer der ersten Schieneng\u00fcterverkehrsdienstleister haben wir f\u00fcr Sie eine revolution\u00e4re M\u00f6glichkeit zur Auftragsverfolgung vorbereitet. \u00dcber die mobile App \u010cDCgo. M\u00f6chten Sie Ihren bei \u010cD Cargo bestellten Transport verfolgen? Laden Sie die App \u010cDCgo herunter und verfolgen Sie den Status des Transports leerer und beladener Waggons, einschlie\u00dflich der voraussichtlichen Ankunft am Zielbahnhof.   <\/p>\n","protected":false},"author":1,"featured_media":1493,"parent":6115,"menu_order":0,"comment_status":"closed","ping_status":"closed","template":"","meta":{"_acf_changed":false,"footnotes":""},"class_list":["post-2487","page","type-page","status-publish","has-post-thumbnail","hentry"],"acf":[],"_links":{"self":[{"href":"https:\/\/www.cdcargo.cz\/de\/wp-json\/wp\/v2\/pages\/2487","targetHints":{"allow":["GET"]}}],"collection":[{"href":"https:\/\/www.cdcargo.cz\/de\/wp-json\/wp\/v2\/pages"}],"about":[{"href":"https:\/\/www.cdcargo.cz\/de\/wp-json\/wp\/v2\/types\/page"}],"author":[{"embeddable":true,"href":"https:\/\/www.cdcargo.cz\/de\/wp-json\/wp\/v2\/users\/1"}],"replies":[{"embeddable":true,"href":"https:\/\/www.cdcargo.cz\/de\/wp-json\/wp\/v2\/comments?post=2487"}],"version-history":[{"count":0,"href":"https:\/\/www.cdcargo.cz\/de\/wp-json\/wp\/v2\/pages\/2487\/revisions"}],"up":[{"embeddable":true,"href":"https:\/\/www.cdcargo.cz\/de\/wp-json\/wp\/v2\/pages\/6115"}],"wp:featuredmedia":[{"embeddable":true,"href":"https:\/\/www.cdcargo.cz\/de\/wp-json\/wp\/v2\/media\/1493"}],"wp:attachment":[{"href":"https:\/\/www.cdcargo.cz\/de\/wp-json\/wp\/v2\/media?parent=2487"}],"curies":[{"name":"wp","href":"https:\/\/api.w.org\/{rel}","templated":true}]}}