{"id":2736,"date":"2025-07-02T12:10:49","date_gmt":"2025-07-02T12:10:49","guid":{"rendered":"https:\/\/www.cdcargo.cz\/anzeigen-der-rechtswidrigen-handlung\/"},"modified":"2025-09-04T09:18:59","modified_gmt":"2025-09-04T09:18:59","slug":"anzeigen-der-rechtswidrigen-handlung","status":"publish","type":"page","link":"https:\/\/www.cdcargo.cz\/de\/anzeigen-der-rechtswidrigen-handlung\/","title":{"rendered":"Anzeigen der rechtswidrigen Handlung"},"content":{"rendered":"\t\t<div data-elementor-type=\"wp-page\" data-elementor-id=\"2736\" class=\"elementor elementor-2736 elementor-490\" data-elementor-post-type=\"page\">\n\t\t\t\t<div data-particle_enable=\"false\" data-particle-mobile-disabled=\"false\" class=\"elementor-element elementor-element-b4fbe20 e-flex e-con-boxed e-con e-parent\" data-id=\"b4fbe20\" data-element_type=\"container\" data-e-type=\"container\" data-settings=\"{&quot;background_background&quot;:&quot;classic&quot;}\">\n\t\t\t\t\t<div class=\"e-con-inner\">\n\t\t\t\t<div class=\"elementor-element elementor-element-c610d40 elementor-widget elementor-widget-heading\" data-id=\"c610d40\" data-element_type=\"widget\" data-e-type=\"widget\" data-widget_type=\"heading.default\">\n\t\t\t\t<div class=\"elementor-widget-container\">\n\t\t\t\t\t<h1 class=\"elementor-heading-title elementor-size-default\">Anzeigen der rechtswidrigen Handlung<\/h1>\t\t\t\t<\/div>\n\t\t\t\t<\/div>\n\t\t\t\t<div class=\"elementor-element elementor-element-c370a47 elementor-widget elementor-widget-heading\" data-id=\"c370a47\" data-element_type=\"widget\" data-e-type=\"widget\" data-widget_type=\"heading.default\">\n\t\t\t\t<div class=\"elementor-widget-container\">\n\t\t\t\t\t<h2 class=\"elementor-heading-title elementor-size-default\">Whistleblowing<\/h2>\t\t\t\t<\/div>\n\t\t\t\t<\/div>\n\t\t\t\t<div class=\"elementor-element elementor-element-fa96e61 elementor-widget__width-initial elementor-widget elementor-widget-text-editor\" data-id=\"fa96e61\" data-element_type=\"widget\" data-e-type=\"widget\" data-widget_type=\"text-editor.default\">\n\t\t\t\t<div class=\"elementor-widget-container\">\n\t\t\t\t\t\t\t\t\t<p>Die \u010cD Cargo, a.s. nimmt Anzeigen von nat\u00fcrlichen Personen an, die Informationen \u00fcber eine m\u00f6gliche rechtswidrige Handlung enthalten, von deren Begehung der Hinweisgeber im Zusammenhang mit der Arbeit oder einer anderen \u00e4hnlichen T\u00e4tigkeit f\u00fcr die \u010cD Cargo, a.s. Kenntnis erlangt hat, und die Merkmale einer Straftat oder eines Vergehens aufweist oder gegen eine Rechtsvorschrift oder eine Vorschrift der Europ\u00e4ischen Union<\/p>\t\t\t\t\t\t\t\t<\/div>\n\t\t\t\t<\/div>\n\t\t\t\t\t<\/div>\n\t\t\t\t<\/div>\n\t\t<div data-particle_enable=\"false\" data-particle-mobile-disabled=\"false\" class=\"elementor-element elementor-element-46b15bf e-flex e-con-boxed e-con e-parent\" data-id=\"46b15bf\" data-element_type=\"container\" data-e-type=\"container\" data-settings=\"{&quot;background_background&quot;:&quot;classic&quot;}\">\n\t\t\t\t\t<div class=\"e-con-inner\">\n\t\t\t\t<div class=\"elementor-element elementor-element-851980b elementor-widget elementor-widget-heading\" data-id=\"851980b\" data-element_type=\"widget\" data-e-type=\"widget\" data-widget_type=\"heading.default\">\n\t\t\t\t<div class=\"elementor-widget-container\">\n\t\t\t\t\t<h3 class=\"elementor-heading-title elementor-size-default\">Grundlegende Informationen<\/h3>\t\t\t\t<\/div>\n\t\t\t\t<\/div>\n\t\t\t\t<div class=\"elementor-element elementor-element-3f88440 elementor-widget elementor-widget-text-editor\" data-id=\"3f88440\" data-element_type=\"widget\" data-e-type=\"widget\" data-widget_type=\"text-editor.default\">\n\t\t\t\t<div class=\"elementor-widget-container\">\n\t\t\t\t\t\t\t\t\t<p>Die \u010cD Cargo, a.s. nimmt Anzeigen von nat\u00fcrlichen Personen an, die Informationen \u00fcber eine m\u00f6gliche rechtswidrige Handlung enthalten, von deren Begehung der Hinweisgeber im Zusammenhang mit der Arbeit oder einer anderen \u00e4hnlichen T\u00e4tigkeit f\u00fcr die \u010cD Cargo, a.s. Kenntnis erlangt hat, und die Merkmale einer Straftat oder eines Vergehens aufweist oder gegen eine Rechtsvorschrift oder eine Vorschrift der Europ\u00e4ischen Union verst\u00f6\u00dft, und zwar gem\u00e4\u00df dem Gesetz Nr. 171\/2023 GBl., zum Hinweisgeberschutz, in der geltenden Fassung (die \u201e<strong>Meldung\u201c<\/strong> und das \u201e<strong>Gesetz<\/strong>\u201c).<\/p><p>Die Anzeige kann \u00fcber das interne Anzeigesystem der \u010cD Cargo, a.s. oder \u00fcber das Justizministerium erstattet werden. Die Anzeige kann in der \u010cD Cargo, a.s. pers\u00f6nlich, schriftlich \u2013 in der Urkundenform oder elektronisch (per E-Mail) &#8211; oder telefonisch erfolgen. <\/p>\t\t\t\t\t\t\t\t<\/div>\n\t\t\t\t<\/div>\n\t\t\t\t\t<\/div>\n\t\t\t\t<\/div>\n\t\t<div data-particle_enable=\"false\" data-particle-mobile-disabled=\"false\" class=\"elementor-element elementor-element-abc8e54 e-flex e-con-boxed e-con e-parent\" data-id=\"abc8e54\" data-element_type=\"container\" data-e-type=\"container\" data-settings=\"{&quot;background_background&quot;:&quot;classic&quot;}\">\n\t\t\t\t\t<div class=\"e-con-inner\">\n\t\t\t\t<div class=\"elementor-element elementor-element-75e1dd3 elementor-widget elementor-widget-heading\" data-id=\"75e1dd3\" data-element_type=\"widget\" data-e-type=\"widget\" data-widget_type=\"heading.default\">\n\t\t\t\t<div class=\"elementor-widget-container\">\n\t\t\t\t\t<h3 class=\"elementor-heading-title elementor-size-default\">Schriftlich<\/h3>\t\t\t\t<\/div>\n\t\t\t\t<\/div>\n\t\t\t\t<div class=\"elementor-element elementor-element-40fb43f elementor-widget elementor-widget-text-editor\" data-id=\"40fb43f\" data-element_type=\"widget\" data-e-type=\"widget\" data-widget_type=\"text-editor.default\">\n\t\t\t\t<div class=\"elementor-widget-container\">\n\t\t\t\t\t\t\t\t\t<ol><li>elektronisch an die E-Mail-Adresse <a href=\"mailto:stiznosti@cdcargo.cz\">stiznosti@cdcargo.cz<\/a><\/li><li>in der Urkundenform an die Adresse:<ul><li>\u010cD Cargo, a. s. <p>Odbor intern\u00edho auditu a compliance (O17<strong>)<\/strong><br>Jankovcova 1569\/2c<br>17000 Praha 7 &#8211; Hole\u0161ovice<br>s ozna\u010den\u00edm ob\u00e1lky \u201eWhistleblowing \u2013 NEOTV\u00cdRAT\u201c<\/p><\/li><\/ul><\/li><\/ol>\t\t\t\t\t\t\t\t<\/div>\n\t\t\t\t<\/div>\n\t\t\t\t\t<\/div>\n\t\t\t\t<\/div>\n\t\t<div data-particle_enable=\"false\" data-particle-mobile-disabled=\"false\" class=\"elementor-element elementor-element-6870ded e-flex e-con-boxed e-con e-parent\" data-id=\"6870ded\" data-element_type=\"container\" data-e-type=\"container\" data-settings=\"{&quot;background_background&quot;:&quot;classic&quot;}\">\n\t\t\t\t\t<div class=\"e-con-inner\">\n\t\t\t\t<div class=\"elementor-element elementor-element-0db4f62 elementor-widget elementor-widget-heading\" data-id=\"0db4f62\" data-element_type=\"widget\" data-e-type=\"widget\" data-widget_type=\"heading.default\">\n\t\t\t\t<div class=\"elementor-widget-container\">\n\t\t\t\t\t<h3 class=\"elementor-heading-title elementor-size-default\">M\u00fcndlich<\/h3>\t\t\t\t<\/div>\n\t\t\t\t<\/div>\n\t\t\t\t<div class=\"elementor-element elementor-element-7f0053c elementor-widget elementor-widget-text-editor\" data-id=\"7f0053c\" data-element_type=\"widget\" data-e-type=\"widget\" data-widget_type=\"text-editor.default\">\n\t\t\t\t<div class=\"elementor-widget-container\">\n\t\t\t\t\t\t\t\t\t<ol><li>telefonisch unter +420 607 039 712 (Montag \u2013 Freitag 9:00 &#8211; 15:00 Uhr.)<\/li><li>auf Antrag des Hinweisgebers und pers\u00f6nlich nach vorheriger Vereinbarung mit der zust\u00e4ndigen Person im Geb\u00e4ude:<ul><li>\u010cD Cargo, a. s.<br>Odbor intern\u00edho auditu a compliance (O17)<br>Jankovcova 1569\/2c<br>17000 Praha 7 \u2013 Hole\u0161ovice <\/li><\/ul><\/li><\/ol>\t\t\t\t\t\t\t\t<\/div>\n\t\t\t\t<\/div>\n\t\t\t\t\t<\/div>\n\t\t\t\t<\/div>\n\t\t<div data-particle_enable=\"false\" data-particle-mobile-disabled=\"false\" class=\"elementor-element elementor-element-740cf40 e-flex e-con-boxed e-con e-parent\" data-id=\"740cf40\" data-element_type=\"container\" data-e-type=\"container\" data-settings=\"{&quot;background_background&quot;:&quot;classic&quot;}\">\n\t\t\t\t\t<div class=\"e-con-inner\">\n\t\t\t\t<div class=\"elementor-element elementor-element-84301c8 elementor-widget elementor-widget-text-editor\" data-id=\"84301c8\" data-element_type=\"widget\" data-e-type=\"widget\" data-widget_type=\"text-editor.default\">\n\t\t\t\t<div class=\"elementor-widget-container\">\n\t\t\t\t\t\t\t\t\t<p>Die zust\u00e4ndige Person, die die Begr\u00fcndetheit und die Wahrhaftigkeit der Anzeige annimmt und bewertet, ist Tom\u00e1\u0161 Paulus, und in seiner Abwesenheit ist dann Aneta Mikl\u00e1\u0161ov\u00e1 seine Vertreterin.<\/p><p>Die \u010cD Cargo a.s. schlie\u00dft die Annahme von Anzeigen einer Person aus, die keine Arbeit oder keine andere \u00e4hnliche T\u00e4tigkeit f\u00fcr die \u010cD Cargo, a.s. nach dem \u00a7 2 Abs. 3 Buchst. a), b), h) oder i) des Gesetzes aus\u00fcbt, d.h. die f\u00fcr die \u010cD Cargo, a.s. keine abh\u00e4ngige Arbeit im Rahmen einer grundlegenden arbeitsrechtlichen Beziehung, einer freiwilligen T\u00e4tigkeit, eines Fachpraktikums oder eines Studienaufenthalts verrichtet. Die \u010cD Cargo a.s. schlie\u00dft die Annahme von anonymen Anzeigen aus. Anonyme Hinweisgeber haben keinen Anspruch auf Schutz nach dem Gesetz.        <\/p><p>Der Hinweisgeber muss sich seiner Verantwortung f\u00fcr bewusst unwahre Anzeige, einschlie\u00dflich der strafrechtlichen Verantwortung vor allem f\u00fcr die Straftaten der Verleumdung nach der Bestimmung des \u00a7 184 des Strafgesetzbuches und\/oder der falschen Beschuldigung nach der Bestimmung des \u00a7 345 des Strafgesetzbuches, bei der Erstattung der Anzeige bewusst sein. Die Anzeige darf mit der Absicht der Sch\u00e4digung anderer Personen nicht missbraucht werden. <\/p>\t\t\t\t\t\t\t\t<\/div>\n\t\t\t\t<\/div>\n\t\t\t\t\t<\/div>\n\t\t\t\t<\/div>\n\t\t\t\t<\/div>\n\t\t","protected":false},"excerpt":{"rendered":"<p>Whistleblowing Die \u010cD Cargo, a.s. nimmt Anzeigen von nat\u00fcrlichen Personen an, die Informationen \u00fcber eine m\u00f6gliche rechtswidrige Handlung enthalten, von deren Begehung der Hinweisgeber im Zusammenhang mit der Arbeit oder einer anderen \u00e4hnlichen T\u00e4tigkeit f\u00fcr die \u010cD Cargo, a.s. Kenntnis erlangt hat, und die Merkmale einer Straftat oder eines Vergehens aufweist oder gegen eine Rechtsvorschrift [&hellip;]<\/p>\n","protected":false},"author":1,"featured_media":1443,"parent":0,"menu_order":0,"comment_status":"closed","ping_status":"closed","template":"","meta":{"_acf_changed":false,"footnotes":""},"class_list":["post-2736","page","type-page","status-publish","has-post-thumbnail","hentry"],"acf":[],"_links":{"self":[{"href":"https:\/\/www.cdcargo.cz\/de\/wp-json\/wp\/v2\/pages\/2736","targetHints":{"allow":["GET"]}}],"collection":[{"href":"https:\/\/www.cdcargo.cz\/de\/wp-json\/wp\/v2\/pages"}],"about":[{"href":"https:\/\/www.cdcargo.cz\/de\/wp-json\/wp\/v2\/types\/page"}],"author":[{"embeddable":true,"href":"https:\/\/www.cdcargo.cz\/de\/wp-json\/wp\/v2\/users\/1"}],"replies":[{"embeddable":true,"href":"https:\/\/www.cdcargo.cz\/de\/wp-json\/wp\/v2\/comments?post=2736"}],"version-history":[{"count":0,"href":"https:\/\/www.cdcargo.cz\/de\/wp-json\/wp\/v2\/pages\/2736\/revisions"}],"wp:featuredmedia":[{"embeddable":true,"href":"https:\/\/www.cdcargo.cz\/de\/wp-json\/wp\/v2\/media\/1443"}],"wp:attachment":[{"href":"https:\/\/www.cdcargo.cz\/de\/wp-json\/wp\/v2\/media?parent=2736"}],"curies":[{"name":"wp","href":"https:\/\/api.w.org\/{rel}","templated":true}]}}