{"id":2763,"date":"2025-07-22T13:00:49","date_gmt":"2025-07-22T13:00:49","guid":{"rendered":"https:\/\/www.cdcargo.cz\/cim-smgs\/"},"modified":"2025-09-04T09:19:37","modified_gmt":"2025-09-04T09:19:37","slug":"cim-smgs","status":"publish","type":"page","link":"https:\/\/www.cdcargo.cz\/de\/transportbedingungen-2\/cim-smgs\/","title":{"rendered":"CIM\/SMGS"},"content":{"rendered":"\t\t<div data-elementor-type=\"wp-page\" data-elementor-id=\"2763\" class=\"elementor elementor-2763 elementor-2706\" data-elementor-post-type=\"page\">\n\t\t\t\t<div data-particle_enable=\"false\" data-particle-mobile-disabled=\"false\" class=\"elementor-element elementor-element-b4fbe20 e-flex e-con-boxed e-con e-parent\" data-id=\"b4fbe20\" data-element_type=\"container\" data-e-type=\"container\" data-settings=\"{&quot;background_background&quot;:&quot;classic&quot;}\">\n\t\t\t\t\t<div class=\"e-con-inner\">\n\t\t\t\t<div class=\"elementor-element elementor-element-c610d40 elementor-widget elementor-widget-heading\" data-id=\"c610d40\" data-element_type=\"widget\" data-e-type=\"widget\" data-widget_type=\"heading.default\">\n\t\t\t\t<div class=\"elementor-widget-container\">\n\t\t\t\t\t<h1 class=\"elementor-heading-title elementor-size-default\">CIM\/SMGS<\/h1>\t\t\t\t<\/div>\n\t\t\t\t<\/div>\n\t\t\t\t<div class=\"elementor-element elementor-element-10d2203 no-icon elementor-widget elementor-widget-heading\" data-id=\"10d2203\" data-element_type=\"widget\" data-e-type=\"widget\" data-widget_type=\"heading.default\">\n\t\t\t\t<div class=\"elementor-widget-container\">\n\t\t\t\t\t<h2 class=\"elementor-heading-title elementor-size-default\">Das Unternehmen \u010cD Cargo ist langfristig auf die Zusammenarbeit mit Staaten Osteuropas ausgerichet, unterst\u00fctzt zu diesem Zwecke unter anderem allseitig den einheitlichen Frachtbrief CIM\/SMGS und wirbt auch daf\u00fcr.<\/h2>\t\t\t\t<\/div>\n\t\t\t\t<\/div>\n\t\t\t\t\t<\/div>\n\t\t\t\t<\/div>\n\t\t<div data-particle_enable=\"false\" data-particle-mobile-disabled=\"false\" class=\"elementor-element elementor-element-7f3aac3 e-flex e-con-boxed e-con e-parent\" data-id=\"7f3aac3\" data-element_type=\"container\" data-e-type=\"container\">\n\t\t\t\t\t<div class=\"e-con-inner\">\n\t\t\t\t<div class=\"elementor-element elementor-element-e2e63d9 elementor-widget elementor-widget-text-editor\" data-id=\"e2e63d9\" data-element_type=\"widget\" data-e-type=\"widget\" data-widget_type=\"text-editor.default\">\n\t\t\t\t<div class=\"elementor-widget-container\">\n\t\t\t\t\t\t\t\t\t<p>Bei Eisenbahntransport ind den \u201eOsten\u201c (vereinfacht gesagt, in die GUS-Staaten, China u. \u00c4.) ist es neben dem G\u00fcterumschlag von Wagen normalen Richtma\u00dfes (1435 mm) auf Wagen mit breitem Radstand (1520 mm) notwendig, eine so genannte neue Aufgabe, d. h. einen \u00dcbertrag der Angaben von Frachtbrief CIM auf Frachtbrief SMGS durchzuf\u00fchren. Eine analoge Situation liegt auch in entgegengesetzter Richtung vor, also bei der Einfuhr aus diesen L\u00e4ndern. Die Gegebenheit einer neuen Aufgabe liegt in der Existenz zweier verschiedener Transportrechte begr\u00fcndet, und zwar dem \u00dcbereinkommen \u00fcber Internationalen Eisenbahnverkehr (COTIF), nach dem sich die &#8222;westlichen&#8220; L\u00e4nder gemeinsam mit den Einheitlichen Rechtsvorschriften zum Vertrag \u00fcber internationalen Schienenlastverkehr (CIM) richten, sowie dem Abkommen \u00fcber Internationalen Eisenbahntransport von Waren (SMGS), das in den GUS-Staaten sowie einigen weiteren europ\u00e4ischen und asiatischen L\u00e4ndern gilt.<\/p><p>Erst Ende der 90er Jahre des vergangenen Jahrhunderts wurde unter Teilnahme aller interessierten internationalen Organisationen (OS\u017dD, OTIF) sowie unter Koordinierung des Internationalen Eisenbahnverkehrsausschusses (CIT) eine Vereinheitlichung durchgesetzt, und zwar durch Schaffung des neuen Frachtbriefes CIM\/SMGS. Dieser neue Frachtbrief, der eine Synthese der Frachtbriefe CIM und SMGS darstellt, trat zum 1. September 2006 in Kraft. Seit dieser Zeit kann er von einzelnen Eisenbahnen beziehungsweise Absendern verwendet werden.    <\/p><p>Die Verwendung des gemeinsamen Frachtbriefes CIM\/SMGS bringt drei Hauptvorteile:<\/p><ol><li>Senkung der Kosten f\u00fcr den Spediteur pro neuer Aufgabe (ca. 40 EUR\/Frachtbrief)<\/li><li>Beschleunigt den Transport (ca. 40 min\/Frachtbrief)<\/li><li>Verbessert die Qualit\u00e4t des Transportprozesses durch Vermeidung von Fehlern bei der Umschrift der Frachtbriefe (objektiv gesehen lassen sich diese Fehler beim Umschreiben der Frachtbriefe angesichts des hohen Datenvolumens anders nicht vermeiden).<\/li><\/ol><p> <\/p><p>Die neuen Frachtbriefe erfreuen sich steigender Beliebtheit, wie Statistiken der \u010cD Cargo, aber auch weiterer Eisenbahnen, wie beispielsweise R\u017dD oder UZ belegen. Bei \u010cD Cargo ist die Verwendung der Frachtbriefe CIM\/SMGS bei der Ausfuhr in die Russische F\u00f6deration am markantesten, da er dort bei nahezu 90% aller durchgef\u00fchrten Transporte verwendet wird. Bei Einfuhr aus der Russischen F\u00f6deration, bei der stets noch die Bewilligung s\u00e4mtlicher beteiligter Subjekte notwendig ist, werden 30% Verwendung erreicht.  <\/p><p>Zu Beginn der Einf\u00fchrung dieses neuen \u201eProduktes\u201c war es notwendig, s\u00e4mtliche auf Frachtschein CIM\/SMGS laufenden Transporte im Voraus mit den interessierten Parteien, d. h. Kunden und beteiligten Eisenbahnen, abzusprechen. Zum gegenw\u00e4rtigen Zeitpunkt ist es nicht notwendig, alle Transporte im Voraus zu vereinbaren \u2013 die genauen Regeln sind in der Brosch\u00fcre Frachtschein CIM\/SMGS beschrieben, die in der aktuellen elektronischen Forma auf folgender Seite eingesehen werden kann www.cdcargo.cz. Besondere Aufmerksamkeit erfordert jedoch der Gefahrenguttransport (RID), bei dem es notwendig ist, sicherzustellen, dass der Absender bei Ausfuhr aus der Tschechischen Republik eine korrekte Warenkennzeichnung auch laut Anlage 2 zum SMGS (Regelungen zum Gefahrenguttransport) vorgenommen hat.   <\/p>\t\t\t\t\t\t\t\t<\/div>\n\t\t\t\t<\/div>\n\t\t\t\t<div class=\"elementor-element elementor-element-cb8443e elementor-widget elementor-widget-wpdm_packages_auto\" data-id=\"cb8443e\" data-element_type=\"widget\" data-e-type=\"widget\" data-widget_type=\"wpdm_packages_auto.default\">\n\t\t\t\t<div class=\"elementor-widget-container\">\n\t\t\t\t\t<div class='w3eden'>\n    <div class=''>\n\n        \n        <div id=\"content_wpdm_package_1\">\n            <div class='row'><div class='col-lg-12 col-md-12 col-12'><!-- WPDM Link Template: Compact (klikac\u00ed box & n\u00e1zev) -->\n\n<div class=\"well c2a3 cdcargo-dl-cta-compact dl-box-clickable\">\n    <div class=\"dl-cta-compact-flex\">\n        <div class=\"dl-cta-compact-title dl-title-clickable\">\n            Brosch\u00fcre Frachtbrief CIM\/SMGS (GLV-CIM\/SMGS) \n        <\/div>\n        <div class=\"dl-cta-compact-download\">\n            <a class='wpdm-download-link download-on-click btn btn-primary ' rel='nofollow' href='#' data-downloadurl=\"https:\/\/www.cdcargo.cz\/de\/download\/broschuere-frachtbrief-cim-smgs-glv-cim-smgs\/?wpdmdl=7357&refresh=69decdfa791191776209402\">Download<\/a>\n        <\/div>\n    <\/div>\n<\/div>\n<style>\n.cdcargo-dl-cta-compact { margin: 0 0 10px 0; padding: 6px 14px !important; border-radius: 8px; background: #f5f5f5 !important; border: 1px solid #eee; box-sizing: border-box; box-shadow: none;}\n.dl-cta-compact-flex { display: flex; align-items: center; justify-content: space-between; gap: 10px;}\n.dl-cta-compact-title { font-size: 15px; color: #002664 !important;font-weight: 500; white-space: nowrap; overflow: hidden; text-overflow: ellipsis;}\n\n\/* \u0161t\u00edtek \"platnost od:\" \u2013 stejn\u00e9 chov\u00e1n\u00ed jako v prvn\u00ed \u0161ablon\u011b *\/\n.wpdm-valid-from-inline { margin-left: .5rem; font-size: .9em; color: #666; font-weight: 600; white-space: nowrap; }\n\n.dl-cta-compact-download .btn, .dl-cta-compact-download [class*=\"wpdm-\"] { background: #ffe900 !important; color: #003057 !important; border: none; padding: 4px 16px; font-size: 0.95rem; border-radius: 0 !important; min-width: 80px; font-weight: 700; text-transform: none; box-shadow: none; transition: background 0.15s, color 0.15s;}\n.dl-cta-compact-download .btn:hover, .dl-cta-compact-download [class*=\"wpdm-\"]:hover { background: #003057 !important; color: #ffe900 !important;}\n\n@media (max-width: 600px) {\n    .cdcargo-dl-cta-compact { padding: 10px !important; background: #f5f5f5 !important;}\n    .dl-cta-compact-flex { flex-direction: column; align-items: stretch; gap: 6px;}\n    .dl-cta-compact-title { font-size: 14px; text-align: left; white-space: normal; color: #002664 !important;} \/* dovol\u00ed zalomen\u00ed na mobilu *\/\n    .dl-cta-compact-download { align-self: flex-end;}\n}\n<\/style>\n<script>\ndocument.addEventListener('DOMContentLoaded', function() {\n    document.querySelectorAll('.dl-box-clickable').forEach(function(box) {\n        var btn = box.querySelector('.dl-cta-compact-download a, .dl-cta-compact-download button, .dl-cta-download a, .dl-cta-download button');\n        if (!btn) return;\n        var url = btn.getAttribute('href') || btn.getAttribute('data-href');\n        if (!url) return;\n        box.addEventListener('click', function(e) {\n            if(e.target.closest('.dl-cta-compact-download, .dl-cta-download')) return;\n            btn.click();\n        });\n        var title = box.querySelector('.dl-title-clickable');\n        if(title) {\n            title.style.cursor = 'pointer';\n            title.addEventListener('click', function(e) {\n                e.preventDefault();\n                window.location = url;\n            });\n        }\n        box.style.cursor = 'pointer';\n    });\n});\n<\/script><\/div><div class='col-lg-12 col-md-12 col-12'><!-- WPDM Link Template: Compact (klikac\u00ed box & n\u00e1zev) -->\n\n<div class=\"well c2a3 cdcargo-dl-cta-compact dl-box-clickable\">\n    <div class=\"dl-cta-compact-flex\">\n        <div class=\"dl-cta-compact-title dl-title-clickable\">\n            Containeraufstellung CIM\/SMGS (Formular) \n        <\/div>\n        <div class=\"dl-cta-compact-download\">\n            <a class='wpdm-download-link download-on-click btn btn-primary ' rel='nofollow' href='#' data-downloadurl=\"https:\/\/www.cdcargo.cz\/de\/download\/containeraufstellung-cim-smgs-formular\/?wpdmdl=7371&refresh=69decdfab0e5e1776209402\">Download<\/a>\n        <\/div>\n    <\/div>\n<\/div>\n<style>\n.cdcargo-dl-cta-compact { margin: 0 0 10px 0; padding: 6px 14px !important; border-radius: 8px; background: #f5f5f5 !important; border: 1px solid #eee; box-sizing: border-box; box-shadow: none;}\n.dl-cta-compact-flex { display: flex; align-items: center; justify-content: space-between; gap: 10px;}\n.dl-cta-compact-title { font-size: 15px; color: #002664 !important;font-weight: 500; white-space: nowrap; overflow: hidden; text-overflow: ellipsis;}\n\n\/* \u0161t\u00edtek \"platnost od:\" \u2013 stejn\u00e9 chov\u00e1n\u00ed jako v prvn\u00ed \u0161ablon\u011b *\/\n.wpdm-valid-from-inline { margin-left: .5rem; font-size: .9em; color: #666; font-weight: 600; white-space: nowrap; }\n\n.dl-cta-compact-download .btn, .dl-cta-compact-download [class*=\"wpdm-\"] { background: #ffe900 !important; color: #003057 !important; border: none; padding: 4px 16px; font-size: 0.95rem; border-radius: 0 !important; min-width: 80px; font-weight: 700; text-transform: none; box-shadow: none; transition: background 0.15s, color 0.15s;}\n.dl-cta-compact-download .btn:hover, .dl-cta-compact-download [class*=\"wpdm-\"]:hover { background: #003057 !important; color: #ffe900 !important;}\n\n@media (max-width: 600px) {\n    .cdcargo-dl-cta-compact { padding: 10px !important; background: #f5f5f5 !important;}\n    .dl-cta-compact-flex { flex-direction: column; align-items: stretch; gap: 6px;}\n    .dl-cta-compact-title { font-size: 14px; text-align: left; white-space: normal; color: #002664 !important;} \/* dovol\u00ed zalomen\u00ed na mobilu *\/\n    .dl-cta-compact-download { align-self: flex-end;}\n}\n<\/style>\n<script>\ndocument.addEventListener('DOMContentLoaded', function() {\n    document.querySelectorAll('.dl-box-clickable').forEach(function(box) {\n        var btn = box.querySelector('.dl-cta-compact-download a, .dl-cta-compact-download button, .dl-cta-download a, .dl-cta-download button');\n        if (!btn) return;\n        var url = btn.getAttribute('href') || btn.getAttribute('data-href');\n        if (!url) return;\n        box.addEventListener('click', function(e) {\n            if(e.target.closest('.dl-cta-compact-download, .dl-cta-download')) return;\n            btn.click();\n        });\n        var title = box.querySelector('.dl-title-clickable');\n        if(title) {\n            title.style.cursor = 'pointer';\n            title.addEventListener('click', function(e) {\n                e.preventDefault();\n                window.location = url;\n            });\n        }\n        box.style.cursor = 'pointer';\n    });\n});\n<\/script><\/div><div class='col-lg-12 col-md-12 col-12'><!-- WPDM Link Template: Compact (klikac\u00ed box & n\u00e1zev) -->\n\n<div class=\"well c2a3 cdcargo-dl-cta-compact dl-box-clickable\">\n    <div class=\"dl-cta-compact-flex\">\n        <div class=\"dl-cta-compact-title dl-title-clickable\">\n            Muster Frachtbrief CIM\/SMGS \u2013 Anlage Nr. 5. 5. \n        <\/div>\n        <div class=\"dl-cta-compact-download\">\n            <a class='wpdm-download-link download-on-click btn btn-primary ' rel='nofollow' href='#' data-downloadurl=\"https:\/\/www.cdcargo.cz\/de\/download\/muster-frachtbrief-cim-smgs-anlage-nr-5-5\/?wpdmdl=7364&refresh=69decdfb019d01776209403\">Download<\/a>\n        <\/div>\n    <\/div>\n<\/div>\n<style>\n.cdcargo-dl-cta-compact { margin: 0 0 10px 0; padding: 6px 14px !important; border-radius: 8px; background: #f5f5f5 !important; border: 1px solid #eee; box-sizing: border-box; box-shadow: none;}\n.dl-cta-compact-flex { display: flex; align-items: center; justify-content: space-between; gap: 10px;}\n.dl-cta-compact-title { font-size: 15px; color: #002664 !important;font-weight: 500; white-space: nowrap; overflow: hidden; text-overflow: ellipsis;}\n\n\/* \u0161t\u00edtek \"platnost od:\" \u2013 stejn\u00e9 chov\u00e1n\u00ed jako v prvn\u00ed \u0161ablon\u011b *\/\n.wpdm-valid-from-inline { margin-left: .5rem; font-size: .9em; color: #666; font-weight: 600; white-space: nowrap; }\n\n.dl-cta-compact-download .btn, .dl-cta-compact-download [class*=\"wpdm-\"] { background: #ffe900 !important; color: #003057 !important; border: none; padding: 4px 16px; font-size: 0.95rem; border-radius: 0 !important; min-width: 80px; font-weight: 700; text-transform: none; box-shadow: none; transition: background 0.15s, color 0.15s;}\n.dl-cta-compact-download .btn:hover, .dl-cta-compact-download [class*=\"wpdm-\"]:hover { background: #003057 !important; color: #ffe900 !important;}\n\n@media (max-width: 600px) {\n    .cdcargo-dl-cta-compact { padding: 10px !important; background: #f5f5f5 !important;}\n    .dl-cta-compact-flex { flex-direction: column; align-items: stretch; gap: 6px;}\n    .dl-cta-compact-title { font-size: 14px; text-align: left; white-space: normal; color: #002664 !important;} \/* dovol\u00ed zalomen\u00ed na mobilu *\/\n    .dl-cta-compact-download { align-self: flex-end;}\n}\n<\/style>\n<script>\ndocument.addEventListener('DOMContentLoaded', function() {\n    document.querySelectorAll('.dl-box-clickable').forEach(function(box) {\n        var btn = box.querySelector('.dl-cta-compact-download a, .dl-cta-compact-download button, .dl-cta-download a, .dl-cta-download button');\n        if (!btn) return;\n        var url = btn.getAttribute('href') || btn.getAttribute('data-href');\n        if (!url) return;\n        box.addEventListener('click', function(e) {\n            if(e.target.closest('.dl-cta-compact-download, .dl-cta-download')) return;\n            btn.click();\n        });\n        var title = box.querySelector('.dl-title-clickable');\n        if(title) {\n            title.style.cursor = 'pointer';\n            title.addEventListener('click', function(e) {\n                e.preventDefault();\n                window.location = url;\n            });\n        }\n        box.style.cursor = 'pointer';\n    });\n});\n<\/script><\/div><div class='col-lg-12 col-md-12 col-12'><!-- WPDM Link Template: Compact (klikac\u00ed box & n\u00e1zev) -->\n\n<div class=\"well c2a3 cdcargo-dl-cta-compact dl-box-clickable\">\n    <div class=\"dl-cta-compact-flex\">\n        <div class=\"dl-cta-compact-title dl-title-clickable\">\n            Waggonaufstellung CIM\/SMGS (Formular) \n        <\/div>\n        <div class=\"dl-cta-compact-download\">\n            <a class='wpdm-download-link download-on-click btn btn-primary ' rel='nofollow' href='#' data-downloadurl=\"https:\/\/www.cdcargo.cz\/de\/download\/waggonaufstellung-cim-smgs-formular\/?wpdmdl=7369&refresh=69decdfb62b891776209403\">Download<\/a>\n        <\/div>\n    <\/div>\n<\/div>\n<style>\n.cdcargo-dl-cta-compact { margin: 0 0 10px 0; padding: 6px 14px !important; border-radius: 8px; background: #f5f5f5 !important; border: 1px solid #eee; box-sizing: border-box; box-shadow: none;}\n.dl-cta-compact-flex { display: flex; align-items: center; justify-content: space-between; gap: 10px;}\n.dl-cta-compact-title { font-size: 15px; color: #002664 !important;font-weight: 500; white-space: nowrap; overflow: hidden; text-overflow: ellipsis;}\n\n\/* \u0161t\u00edtek \"platnost od:\" \u2013 stejn\u00e9 chov\u00e1n\u00ed jako v prvn\u00ed \u0161ablon\u011b *\/\n.wpdm-valid-from-inline { margin-left: .5rem; font-size: .9em; color: #666; font-weight: 600; white-space: nowrap; }\n\n.dl-cta-compact-download .btn, .dl-cta-compact-download [class*=\"wpdm-\"] { background: #ffe900 !important; color: #003057 !important; border: none; padding: 4px 16px; font-size: 0.95rem; border-radius: 0 !important; min-width: 80px; font-weight: 700; text-transform: none; box-shadow: none; transition: background 0.15s, color 0.15s;}\n.dl-cta-compact-download .btn:hover, .dl-cta-compact-download [class*=\"wpdm-\"]:hover { background: #003057 !important; color: #ffe900 !important;}\n\n@media (max-width: 600px) {\n    .cdcargo-dl-cta-compact { padding: 10px !important; background: #f5f5f5 !important;}\n    .dl-cta-compact-flex { flex-direction: column; align-items: stretch; gap: 6px;}\n    .dl-cta-compact-title { font-size: 14px; text-align: left; white-space: normal; color: #002664 !important;} \/* dovol\u00ed zalomen\u00ed na mobilu *\/\n    .dl-cta-compact-download { align-self: flex-end;}\n}\n<\/style>\n<script>\ndocument.addEventListener('DOMContentLoaded', function() {\n    document.querySelectorAll('.dl-box-clickable').forEach(function(box) {\n        var btn = box.querySelector('.dl-cta-compact-download a, .dl-cta-compact-download button, .dl-cta-download a, .dl-cta-download button');\n        if (!btn) return;\n        var url = btn.getAttribute('href') || btn.getAttribute('data-href');\n        if (!url) return;\n        box.addEventListener('click', function(e) {\n            if(e.target.closest('.dl-cta-compact-download, .dl-cta-download')) return;\n            btn.click();\n        });\n        var title = box.querySelector('.dl-title-clickable');\n        if(title) {\n            title.style.cursor = 'pointer';\n            title.addEventListener('click', function(e) {\n                e.preventDefault();\n                window.location = url;\n            });\n        }\n        box.style.cursor = 'pointer';\n    });\n});\n<\/script><\/div><\/div>                    <\/div>\n\n        <div style='clear:both'><\/div>\n    <\/div>\n<\/div>\n\t\t\t\t<\/div>\n\t\t\t\t<\/div>\n\t\t\t\t\t<\/div>\n\t\t\t\t<\/div>\n\t\t\t\t<\/div>\n\t\t","protected":false},"excerpt":{"rendered":"<p>Das Unternehmen \u010cD Cargo ist langfristig auf die Zusammenarbeit mit Staaten Osteuropas ausgerichet, unterst\u00fctzt zu diesem Zwecke unter anderem allseitig den einheitlichen Frachtbrief CIM\/SMGS und wirbt auch daf\u00fcr. Bei Eisenbahntransport ind den \u201eOsten\u201c (vereinfacht gesagt, in die GUS-Staaten, China u. \u00c4.) ist es neben dem G\u00fcterumschlag von Wagen normalen Richtma\u00dfes (1435 mm) auf Wagen mit [&hellip;]<\/p>\n","protected":false},"author":1,"featured_media":1443,"parent":6107,"menu_order":0,"comment_status":"closed","ping_status":"closed","template":"","meta":{"_acf_changed":false,"footnotes":""},"class_list":["post-2763","page","type-page","status-publish","has-post-thumbnail","hentry"],"acf":[],"_links":{"self":[{"href":"https:\/\/www.cdcargo.cz\/de\/wp-json\/wp\/v2\/pages\/2763","targetHints":{"allow":["GET"]}}],"collection":[{"href":"https:\/\/www.cdcargo.cz\/de\/wp-json\/wp\/v2\/pages"}],"about":[{"href":"https:\/\/www.cdcargo.cz\/de\/wp-json\/wp\/v2\/types\/page"}],"author":[{"embeddable":true,"href":"https:\/\/www.cdcargo.cz\/de\/wp-json\/wp\/v2\/users\/1"}],"replies":[{"embeddable":true,"href":"https:\/\/www.cdcargo.cz\/de\/wp-json\/wp\/v2\/comments?post=2763"}],"version-history":[{"count":0,"href":"https:\/\/www.cdcargo.cz\/de\/wp-json\/wp\/v2\/pages\/2763\/revisions"}],"up":[{"embeddable":true,"href":"https:\/\/www.cdcargo.cz\/de\/wp-json\/wp\/v2\/pages\/6107"}],"wp:featuredmedia":[{"embeddable":true,"href":"https:\/\/www.cdcargo.cz\/de\/wp-json\/wp\/v2\/media\/1443"}],"wp:attachment":[{"href":"https:\/\/www.cdcargo.cz\/de\/wp-json\/wp\/v2\/media?parent=2763"}],"curies":[{"name":"wp","href":"https:\/\/api.w.org\/{rel}","templated":true}]}}