{"id":4936,"date":"2025-07-09T07:52:28","date_gmt":"2025-07-09T07:52:28","guid":{"rendered":"https:\/\/www.cdcargo.cz\/verkehrsverbindungen-und-entfernungen\/"},"modified":"2025-08-27T14:54:50","modified_gmt":"2025-08-27T14:54:50","slug":"verkehrsverbindungen-und-entfernungen","status":"publish","type":"page","link":"https:\/\/www.cdcargo.cz\/de\/apps\/verkehrsverbindungen-und-entfernungen\/","title":{"rendered":"Verkehrsverbindungen und Entfernungen"},"content":{"rendered":"\t\t<div data-elementor-type=\"wp-page\" data-elementor-id=\"4936\" class=\"elementor elementor-4936 elementor-551\" data-elementor-post-type=\"page\">\n\t\t\t\t<div data-particle_enable=\"false\" data-particle-mobile-disabled=\"false\" class=\"elementor-element elementor-element-417fc9e e-flex e-con-boxed e-con e-parent\" data-id=\"417fc9e\" data-element_type=\"container\" data-e-type=\"container\" data-settings=\"{&quot;background_background&quot;:&quot;classic&quot;}\">\n\t\t\t\t\t<div class=\"e-con-inner\">\n\t\t\t\t<div class=\"elementor-element elementor-element-eec8cd1 elementor-widget elementor-widget-heading\" data-id=\"eec8cd1\" data-element_type=\"widget\" data-e-type=\"widget\" data-widget_type=\"heading.default\">\n\t\t\t\t<div class=\"elementor-widget-container\">\n\t\t\t\t\t<h1 class=\"elementor-heading-title elementor-size-default\">Verkehrsverbindungen und Entfernungen<\/h1>\t\t\t\t<\/div>\n\t\t\t\t<\/div>\n\t\t\t\t<div class=\"elementor-element elementor-element-911a8a7 elementor-widget elementor-widget-heading\" data-id=\"911a8a7\" data-element_type=\"widget\" data-e-type=\"widget\" data-widget_type=\"heading.default\">\n\t\t\t\t<div class=\"elementor-widget-container\">\n\t\t\t\t\t<h2 class=\"elementor-heading-title elementor-size-default\">Suche nach Verkehrsverbindungen f\u00fcr den G\u00fcterverkehr<\/h2>\t\t\t\t<\/div>\n\t\t\t\t<\/div>\n\t\t\t\t\t<\/div>\n\t\t\t\t<\/div>\n\t\t<div data-particle_enable=\"false\" data-particle-mobile-disabled=\"false\" class=\"elementor-element elementor-element-70c4e90 e-flex e-con-boxed e-con e-parent\" data-id=\"70c4e90\" data-element_type=\"container\" data-e-type=\"container\">\n\t\t\t\t\t<div class=\"e-con-inner\">\n\t\t\t\t<div class=\"elementor-element elementor-element-16ecd82 elementor-widget elementor-widget-text-editor\" data-id=\"16ecd82\" data-element_type=\"widget\" data-e-type=\"widget\" data-widget_type=\"text-editor.default\">\n\t\t\t\t<div class=\"elementor-widget-container\">\n\t\t\t\t\t\t\t\t\t<p>Die Ergebnisse der Suche k\u00f6nnen nur unter den Eisenbahnstationen mit Versandberechtigungen f\u00fcr den G\u00fcterverkehr garantiert werden.<\/p><p>Zeitangaben zur Lieferung der Sendung an Orte der Lademanipulation in der entsprechenden Station haben nur einen informativen Charakter.<\/p><p>Eine konkrete Zeitangabe \u00fcber das Bereitstellen eines Wagens zur Lademanipulation wird entweder im Rahmen einer &#8222;Nachricht \u00fcber die Bereitstellung der Wagen zur Lademanipulation&#8220; mitgeteilt oder es wird identisch mit der Zeit der regelm\u00e4\u00dfigen oder vereinbarten Bedienung des Manipulationsorts, w\u00e4hrend der der Wagen zur Lademanipulation bereitgestellt wird.<\/p>\t\t\t\t\t\t\t\t<\/div>\n\t\t\t\t<\/div>\n\t\t\t\t<div class=\"elementor-element elementor-element-fbbbb1e elementor-blockquote--skin-boxed elementor-widget elementor-widget-blockquote\" data-id=\"fbbbb1e\" data-element_type=\"widget\" data-e-type=\"widget\" data-widget_type=\"blockquote.default\">\n\t\t\t\t<div class=\"elementor-widget-container\">\n\t\t\t\t\t\t\t<blockquote class=\"elementor-blockquote\">\n\t\t\t<p class=\"elementor-blockquote__content\">\n\t\t\t\tFalls die Anwendung Ihnen einen Umschlagzug mit der Nummer \u201e0\u201c anbietet, ist es notwendig, den Umschlagpunkt mit dem \u00f6rtlich zust\u00e4ndigen Wagendisponenten zu vereinbaren.\t\t\t<\/p>\n\t\t\t\t\t<\/blockquote>\n\t\t\t\t\t\t<\/div>\n\t\t\t\t<\/div>\n\t\t\t\t<div class=\"elementor-element elementor-element-7c70b47 elementor-widget elementor-widget-shortcode\" data-id=\"7c70b47\" data-element_type=\"widget\" data-e-type=\"widget\" data-widget_type=\"shortcode.default\">\n\t\t\t\t<div class=\"elementor-widget-container\">\n\t\t\t\t\t\t\t<div class=\"elementor-shortcode\"><div id=\"cdcargo-routing-data-container\"><\/div><\/div>\n\t\t\t\t\t\t<\/div>\n\t\t\t\t<\/div>\n\t\t\t\t\t<\/div>\n\t\t\t\t<\/div>\n\t\t\t\t<\/div>\n\t\t","protected":false},"excerpt":{"rendered":"<p>Suche nach Verkehrsverbindungen f\u00fcr den G\u00fcterverkehr Die Ergebnisse der Suche k\u00f6nnen nur unter den Eisenbahnstationen mit Versandberechtigungen f\u00fcr den G\u00fcterverkehr garantiert werden. Zeitangaben zur Lieferung der Sendung an Orte der Lademanipulation in der entsprechenden Station haben nur einen informativen Charakter. Eine konkrete Zeitangabe \u00fcber das Bereitstellen eines Wagens zur Lademanipulation wird entweder im Rahmen einer [&hellip;]<\/p>\n","protected":false},"author":1,"featured_media":0,"parent":6115,"menu_order":0,"comment_status":"closed","ping_status":"closed","template":"","meta":{"_acf_changed":false,"footnotes":""},"class_list":["post-4936","page","type-page","status-publish","hentry"],"acf":[],"_links":{"self":[{"href":"https:\/\/www.cdcargo.cz\/de\/wp-json\/wp\/v2\/pages\/4936","targetHints":{"allow":["GET"]}}],"collection":[{"href":"https:\/\/www.cdcargo.cz\/de\/wp-json\/wp\/v2\/pages"}],"about":[{"href":"https:\/\/www.cdcargo.cz\/de\/wp-json\/wp\/v2\/types\/page"}],"author":[{"embeddable":true,"href":"https:\/\/www.cdcargo.cz\/de\/wp-json\/wp\/v2\/users\/1"}],"replies":[{"embeddable":true,"href":"https:\/\/www.cdcargo.cz\/de\/wp-json\/wp\/v2\/comments?post=4936"}],"version-history":[{"count":0,"href":"https:\/\/www.cdcargo.cz\/de\/wp-json\/wp\/v2\/pages\/4936\/revisions"}],"up":[{"embeddable":true,"href":"https:\/\/www.cdcargo.cz\/de\/wp-json\/wp\/v2\/pages\/6115"}],"wp:attachment":[{"href":"https:\/\/www.cdcargo.cz\/de\/wp-json\/wp\/v2\/media?parent=4936"}],"curies":[{"name":"wp","href":"https:\/\/api.w.org\/{rel}","templated":true}]}}