{"id":6099,"date":"2025-07-23T07:05:58","date_gmt":"2025-07-23T07:05:58","guid":{"rendered":"https:\/\/www.cdcargo.cz\/gleissperrungen\/"},"modified":"2026-03-18T09:23:52","modified_gmt":"2026-03-18T09:23:52","slug":"gleissperrungen","status":"publish","type":"page","link":"https:\/\/www.cdcargo.cz\/de\/gleissperrungen\/","title":{"rendered":"Gleissperrungen"},"content":{"rendered":"\t\t<div data-elementor-type=\"wp-page\" data-elementor-id=\"6099\" class=\"elementor elementor-6099 elementor-2797\" data-elementor-post-type=\"page\">\n\t\t\t\t<div data-particle_enable=\"false\" data-particle-mobile-disabled=\"false\" class=\"elementor-element elementor-element-b4fbe20 e-flex e-con-boxed e-con e-parent\" data-id=\"b4fbe20\" data-element_type=\"container\" data-e-type=\"container\" data-settings=\"{&quot;background_background&quot;:&quot;classic&quot;}\">\n\t\t\t\t\t<div class=\"e-con-inner\">\n\t\t\t\t<div class=\"elementor-element elementor-element-c610d40 elementor-widget elementor-widget-heading\" data-id=\"c610d40\" data-element_type=\"widget\" data-e-type=\"widget\" data-widget_type=\"heading.default\">\n\t\t\t\t<div class=\"elementor-widget-container\">\n\t\t\t\t\t<h1 class=\"elementor-heading-title elementor-size-default\">Gleissperrungen<\/h1>\t\t\t\t<\/div>\n\t\t\t\t<\/div>\n\t\t\t\t<div class=\"elementor-element elementor-element-10d2203 no-icon elementor-widget elementor-widget-heading\" data-id=\"10d2203\" data-element_type=\"widget\" data-e-type=\"widget\" data-widget_type=\"heading.default\">\n\t\t\t\t<div class=\"elementor-widget-container\">\n\t\t\t\t\t<h2 class=\"elementor-heading-title elementor-size-default\">\u00dcbersicht der Gleissperrungen im Eisenbahnnetz der Eisenbahnverwaltung<\/h2>\t\t\t\t<\/div>\n\t\t\t\t<\/div>\n\t\t\t\t\t<\/div>\n\t\t\t\t<\/div>\n\t\t<div data-particle_enable=\"false\" data-particle-mobile-disabled=\"false\" class=\"elementor-element elementor-element-213517d e-flex e-con-boxed e-con e-parent\" data-id=\"213517d\" data-element_type=\"container\" data-e-type=\"container\">\n\t\t\t\t\t<div class=\"e-con-inner\">\n\t\t\t\t<div class=\"elementor-element elementor-element-4d9baaa elementor-widget elementor-widget-heading\" data-id=\"4d9baaa\" data-element_type=\"widget\" data-e-type=\"widget\" data-widget_type=\"heading.default\">\n\t\t\t\t<div class=\"elementor-widget-container\">\n\t\t\t\t\t<h3 class=\"elementor-heading-title elementor-size-default\">Informationen \u00fcber die aktuellen<\/h3>\t\t\t\t<\/div>\n\t\t\t\t<\/div>\n\t\t<div data-particle_enable=\"false\" data-particle-mobile-disabled=\"false\" class=\"elementor-element elementor-element-43cc6af e-con-full e-flex e-con e-child\" data-id=\"43cc6af\" data-element_type=\"container\" data-e-type=\"container\">\n\t\t<div data-particle_enable=\"false\" data-particle-mobile-disabled=\"false\" class=\"elementor-element elementor-element-f0de7b6 e-con-full e-flex e-con e-child\" data-id=\"f0de7b6\" data-element_type=\"container\" data-e-type=\"container\" data-settings=\"{&quot;background_background&quot;:&quot;classic&quot;}\">\n\t\t\t\t<div class=\"elementor-element elementor-element-7fe4b99 no-icon elementor-widget elementor-widget-heading\" data-id=\"7fe4b99\" data-element_type=\"widget\" data-e-type=\"widget\" data-widget_type=\"heading.default\">\n\t\t\t\t<div class=\"elementor-widget-container\">\n\t\t\t\t\t<h4 class=\"elementor-heading-title elementor-size-default\">interaktiven Karte der Bahnverwaltung.<\/h4>\t\t\t\t<\/div>\n\t\t\t\t<\/div>\n\t\t\t\t<div class=\"elementor-element elementor-element-721757f elementor-widget__width-inherit elementor-widget elementor-widget-text-editor\" data-id=\"721757f\" data-element_type=\"widget\" data-e-type=\"widget\" data-widget_type=\"text-editor.default\">\n\t\t\t\t<div class=\"elementor-widget-container\">\n\t\t\t\t\t\t\t\t\t<p>Informationen zu aktuellen Gleissperrungen<\/p>\t\t\t\t\t\t\t\t<\/div>\n\t\t\t\t<\/div>\n\t\t\t\t<\/div>\n\t\t<div data-particle_enable=\"false\" data-particle-mobile-disabled=\"false\" class=\"elementor-element elementor-element-774100f e-con-full e-flex e-con e-child\" data-id=\"774100f\" data-element_type=\"container\" data-e-type=\"container\" data-settings=\"{&quot;background_background&quot;:&quot;classic&quot;}\">\n\t\t\t\t<div class=\"elementor-element elementor-element-9222612 elementor-widget elementor-widget-button\" data-id=\"9222612\" data-element_type=\"widget\" data-e-type=\"widget\" data-widget_type=\"button.default\">\n\t\t\t\t<div class=\"elementor-widget-container\">\n\t\t\t\t\t\t\t\t\t<div class=\"elementor-button-wrapper\">\n\t\t\t\t\t<a class=\"elementor-button elementor-button-link elementor-size-sm\" href=\"https:\/\/mapy.spravazeleznic.cz\/\">\n\t\t\t\t\t\t<span class=\"elementor-button-content-wrapper\">\n\t\t\t\t\t\t<span class=\"elementor-button-icon\">\n\t\t\t\t<svg xmlns=\"http:\/\/www.w3.org\/2000\/svg\" viewBox=\"0 0 24 24\" width=\"1em\" height=\"1em\"><path d=\"M2.585 24 0 21.416 17.723 3.693H1.846V0H24v22.154h-3.692V6.277Z\" fill=\"currentColor\"><\/path><\/svg>\t\t\t<\/span>\n\t\t\t\t\t\t\t\t\t<span class=\"elementor-button-text\">Eintritt<\/span>\n\t\t\t\t\t<\/span>\n\t\t\t\t\t<\/a>\n\t\t\t\t<\/div>\n\t\t\t\t\t\t\t\t<\/div>\n\t\t\t\t<\/div>\n\t\t\t\t<\/div>\n\t\t\t\t<\/div>\n\t\t\t\t<div class=\"elementor-element elementor-element-5b580c3 elementor-widget elementor-widget-image\" data-id=\"5b580c3\" data-element_type=\"widget\" data-e-type=\"widget\" data-widget_type=\"image.default\">\n\t\t\t\t<div class=\"elementor-widget-container\">\n\t\t\t\t\t\t\t\t\t\t\t\t\t\t\t\t<a href=\"https:\/\/www.cdcargo.cz\/wp-content\/uploads\/2025\/07\/vyluky-mapka-2500422_velky-scaled.jpg\" data-elementor-open-lightbox=\"yes\" data-elementor-lightbox-title=\"vyluky-mapka-2500422_velky\" data-e-action-hash=\"#elementor-action%3Aaction%3Dlightbox%26settings%3DeyJpZCI6Mjg2OCwidXJsIjoiaHR0cHM6XC9cL3d3dy5jZGNhcmdvLmN6XC93cC1jb250ZW50XC91cGxvYWRzXC8yMDI1XC8wN1wvdnlsdWt5LW1hcGthLTI1MDA0MjJfdmVsa3ktc2NhbGVkLndlYnAifQ%3D%3D\">\n\t\t\t\t\t\t\t<img fetchpriority=\"high\" decoding=\"async\" width=\"1536\" height=\"908\" src=\"https:\/\/www.cdcargo.cz\/wp-content\/uploads\/2025\/07\/vyluky-mapka-2500422_velky-1536x908.jpg\" class=\"attachment-1536x1536 size-1536x1536 wp-image-2868\" alt=\"\" srcset=\"https:\/\/www.cdcargo.cz\/wp-content\/uploads\/2025\/07\/vyluky-mapka-2500422_velky-1536x908.jpg 1536w, https:\/\/www.cdcargo.cz\/wp-content\/uploads\/2025\/07\/vyluky-mapka-2500422_velky-300x177.jpg 300w, https:\/\/www.cdcargo.cz\/wp-content\/uploads\/2025\/07\/vyluky-mapka-2500422_velky-1024x606.jpg 1024w, https:\/\/www.cdcargo.cz\/wp-content\/uploads\/2025\/07\/vyluky-mapka-2500422_velky-768x454.jpg 768w, https:\/\/www.cdcargo.cz\/wp-content\/uploads\/2025\/07\/vyluky-mapka-2500422_velky-2048x1211.jpg 2048w\" sizes=\"(max-width: 1536px) 100vw, 1536px\" \/>\t\t\t\t\t\t\t\t<\/a>\n\t\t\t\t\t\t\t\t\t\t\t\t\t\t\t<\/div>\n\t\t\t\t<\/div>\n\t\t\t\t<div class=\"elementor-element elementor-element-deb1de7 elementor-widget elementor-widget-heading\" data-id=\"deb1de7\" data-element_type=\"widget\" data-e-type=\"widget\" data-widget_type=\"heading.default\">\n\t\t\t\t<div class=\"elementor-widget-container\">\n\t\t\t\t\t<h3 class=\"elementor-heading-title elementor-size-default\">Herunterladen:<\/h3>\t\t\t\t<\/div>\n\t\t\t\t<\/div>\n\t\t\t\t<div class=\"elementor-element elementor-element-03971bc elementor-widget elementor-widget-wpdm_packages_auto\" data-id=\"03971bc\" data-element_type=\"widget\" data-e-type=\"widget\" data-widget_type=\"wpdm_packages_auto.default\">\n\t\t\t\t<div class=\"elementor-widget-container\">\n\t\t\t\t\t<div class='w3eden'>\n    <div class=''>\n\n        \n        <div id=\"content_wpdm_package_1\">\n            <div class='row'><div class='col-lg-12 col-md-12 col-12'><!-- WPDM Link Template: Compact (klikac\u00ed box & n\u00e1zev) -->\n\n<div class=\"well c2a3 cdcargo-dl-cta-compact dl-box-clickable\">\n    <div class=\"dl-cta-compact-flex\">\n        <div class=\"dl-cta-compact-title dl-title-clickable\">\n            05\/2026 \n        <\/div>\n        <div class=\"dl-cta-compact-download\">\n            <a class='wpdm-download-link download-on-click btn btn-primary ' rel='nofollow' href='#' data-downloadurl=\"https:\/\/www.cdcargo.cz\/de\/download\/02-2026\/?wpdmdl=12235&refresh=69debc4c7fbc11776204876\">Download<\/a>\n        <\/div>\n    <\/div>\n<\/div>\n<style>\n.cdcargo-dl-cta-compact { margin: 0 0 10px 0; padding: 6px 14px !important; border-radius: 8px; background: #f5f5f5 !important; border: 1px solid #eee; box-sizing: border-box; box-shadow: none;}\n.dl-cta-compact-flex { display: flex; align-items: center; justify-content: space-between; gap: 10px;}\n.dl-cta-compact-title { font-size: 15px; color: #002664 !important;font-weight: 500; white-space: nowrap; overflow: hidden; text-overflow: ellipsis;}\n\n\/* \u0161t\u00edtek \"platnost od:\" \u2013 stejn\u00e9 chov\u00e1n\u00ed jako v prvn\u00ed \u0161ablon\u011b *\/\n.wpdm-valid-from-inline { margin-left: .5rem; font-size: .9em; color: #666; font-weight: 600; white-space: nowrap; }\n\n.dl-cta-compact-download .btn, .dl-cta-compact-download [class*=\"wpdm-\"] { background: #ffe900 !important; color: #003057 !important; border: none; padding: 4px 16px; font-size: 0.95rem; border-radius: 0 !important; min-width: 80px; font-weight: 700; text-transform: none; box-shadow: none; transition: background 0.15s, color 0.15s;}\n.dl-cta-compact-download .btn:hover, .dl-cta-compact-download [class*=\"wpdm-\"]:hover { background: #003057 !important; color: #ffe900 !important;}\n\n@media (max-width: 600px) {\n    .cdcargo-dl-cta-compact { padding: 10px !important; background: #f5f5f5 !important;}\n    .dl-cta-compact-flex { flex-direction: column; align-items: stretch; gap: 6px;}\n    .dl-cta-compact-title { font-size: 14px; text-align: left; white-space: normal; color: #002664 !important;} \/* dovol\u00ed zalomen\u00ed na mobilu *\/\n    .dl-cta-compact-download { align-self: flex-end;}\n}\n<\/style>\n<script>\ndocument.addEventListener('DOMContentLoaded', function() {\n    document.querySelectorAll('.dl-box-clickable').forEach(function(box) {\n        var btn = box.querySelector('.dl-cta-compact-download a, .dl-cta-compact-download button, .dl-cta-download a, .dl-cta-download button');\n        if (!btn) return;\n        var url = btn.getAttribute('href') || btn.getAttribute('data-href');\n        if (!url) return;\n        box.addEventListener('click', function(e) {\n            if(e.target.closest('.dl-cta-compact-download, .dl-cta-download')) return;\n            btn.click();\n        });\n        var title = box.querySelector('.dl-title-clickable');\n        if(title) {\n            title.style.cursor = 'pointer';\n            title.addEventListener('click', function(e) {\n                e.preventDefault();\n                window.location = url;\n            });\n        }\n        box.style.cursor = 'pointer';\n    });\n});\n<\/script><\/div><div class='col-lg-12 col-md-12 col-12'><!-- WPDM Link Template: Compact (klikac\u00ed box & n\u00e1zev) -->\n\n<div class=\"well c2a3 cdcargo-dl-cta-compact dl-box-clickable\">\n    <div class=\"dl-cta-compact-flex\">\n        <div class=\"dl-cta-compact-title dl-title-clickable\">\n            04\/2026 \n        <\/div>\n        <div class=\"dl-cta-compact-download\">\n            <a class='wpdm-download-link download-on-click btn btn-primary ' rel='nofollow' href='#' data-downloadurl=\"https:\/\/www.cdcargo.cz\/de\/download\/04-2026\/?wpdmdl=13526&refresh=69debc4cb2b931776204876\">Download<\/a>\n        <\/div>\n    <\/div>\n<\/div>\n<style>\n.cdcargo-dl-cta-compact { margin: 0 0 10px 0; padding: 6px 14px !important; border-radius: 8px; background: #f5f5f5 !important; border: 1px solid #eee; box-sizing: border-box; box-shadow: none;}\n.dl-cta-compact-flex { display: flex; align-items: center; justify-content: space-between; gap: 10px;}\n.dl-cta-compact-title { font-size: 15px; color: #002664 !important;font-weight: 500; white-space: nowrap; overflow: hidden; text-overflow: ellipsis;}\n\n\/* \u0161t\u00edtek \"platnost od:\" \u2013 stejn\u00e9 chov\u00e1n\u00ed jako v prvn\u00ed \u0161ablon\u011b *\/\n.wpdm-valid-from-inline { margin-left: .5rem; font-size: .9em; color: #666; font-weight: 600; white-space: nowrap; }\n\n.dl-cta-compact-download .btn, .dl-cta-compact-download [class*=\"wpdm-\"] { background: #ffe900 !important; color: #003057 !important; border: none; padding: 4px 16px; font-size: 0.95rem; border-radius: 0 !important; min-width: 80px; font-weight: 700; text-transform: none; box-shadow: none; transition: background 0.15s, color 0.15s;}\n.dl-cta-compact-download .btn:hover, .dl-cta-compact-download [class*=\"wpdm-\"]:hover { background: #003057 !important; color: #ffe900 !important;}\n\n@media (max-width: 600px) {\n    .cdcargo-dl-cta-compact { padding: 10px !important; background: #f5f5f5 !important;}\n    .dl-cta-compact-flex { flex-direction: column; align-items: stretch; gap: 6px;}\n    .dl-cta-compact-title { font-size: 14px; text-align: left; white-space: normal; color: #002664 !important;} \/* dovol\u00ed zalomen\u00ed na mobilu *\/\n    .dl-cta-compact-download { align-self: flex-end;}\n}\n<\/style>\n<script>\ndocument.addEventListener('DOMContentLoaded', function() {\n    document.querySelectorAll('.dl-box-clickable').forEach(function(box) {\n        var btn = box.querySelector('.dl-cta-compact-download a, .dl-cta-compact-download button, .dl-cta-download a, .dl-cta-download button');\n        if (!btn) return;\n        var url = btn.getAttribute('href') || btn.getAttribute('data-href');\n        if (!url) return;\n        box.addEventListener('click', function(e) {\n            if(e.target.closest('.dl-cta-compact-download, .dl-cta-download')) return;\n            btn.click();\n        });\n        var title = box.querySelector('.dl-title-clickable');\n        if(title) {\n            title.style.cursor = 'pointer';\n            title.addEventListener('click', function(e) {\n                e.preventDefault();\n                window.location = url;\n            });\n        }\n        box.style.cursor = 'pointer';\n    });\n});\n<\/script><\/div><div class='col-lg-12 col-md-12 col-12'><!-- WPDM Link Template: Compact (klikac\u00ed box & n\u00e1zev) -->\n\n<div class=\"well c2a3 cdcargo-dl-cta-compact dl-box-clickable\">\n    <div class=\"dl-cta-compact-flex\">\n        <div class=\"dl-cta-compact-title dl-title-clickable\">\n            03\/2026 \n        <\/div>\n        <div class=\"dl-cta-compact-download\">\n            <a class='wpdm-download-link download-on-click btn btn-primary ' rel='nofollow' href='#' data-downloadurl=\"https:\/\/www.cdcargo.cz\/de\/download\/03-2026\/?wpdmdl=12238&refresh=69debc4ce38f41776204876\">Download<\/a>\n        <\/div>\n    <\/div>\n<\/div>\n<style>\n.cdcargo-dl-cta-compact { margin: 0 0 10px 0; padding: 6px 14px !important; border-radius: 8px; background: #f5f5f5 !important; border: 1px solid #eee; box-sizing: border-box; box-shadow: none;}\n.dl-cta-compact-flex { display: flex; align-items: center; justify-content: space-between; gap: 10px;}\n.dl-cta-compact-title { font-size: 15px; color: #002664 !important;font-weight: 500; white-space: nowrap; overflow: hidden; text-overflow: ellipsis;}\n\n\/* \u0161t\u00edtek \"platnost od:\" \u2013 stejn\u00e9 chov\u00e1n\u00ed jako v prvn\u00ed \u0161ablon\u011b *\/\n.wpdm-valid-from-inline { margin-left: .5rem; font-size: .9em; color: #666; font-weight: 600; white-space: nowrap; }\n\n.dl-cta-compact-download .btn, .dl-cta-compact-download [class*=\"wpdm-\"] { background: #ffe900 !important; color: #003057 !important; border: none; padding: 4px 16px; font-size: 0.95rem; border-radius: 0 !important; min-width: 80px; font-weight: 700; text-transform: none; box-shadow: none; transition: background 0.15s, color 0.15s;}\n.dl-cta-compact-download .btn:hover, .dl-cta-compact-download [class*=\"wpdm-\"]:hover { background: #003057 !important; color: #ffe900 !important;}\n\n@media (max-width: 600px) {\n    .cdcargo-dl-cta-compact { padding: 10px !important; background: #f5f5f5 !important;}\n    .dl-cta-compact-flex { flex-direction: column; align-items: stretch; gap: 6px;}\n    .dl-cta-compact-title { font-size: 14px; text-align: left; white-space: normal; color: #002664 !important;} \/* dovol\u00ed zalomen\u00ed na mobilu *\/\n    .dl-cta-compact-download { align-self: flex-end;}\n}\n<\/style>\n<script>\ndocument.addEventListener('DOMContentLoaded', function() {\n    document.querySelectorAll('.dl-box-clickable').forEach(function(box) {\n        var btn = box.querySelector('.dl-cta-compact-download a, .dl-cta-compact-download button, .dl-cta-download a, .dl-cta-download button');\n        if (!btn) return;\n        var url = btn.getAttribute('href') || btn.getAttribute('data-href');\n        if (!url) return;\n        box.addEventListener('click', function(e) {\n            if(e.target.closest('.dl-cta-compact-download, .dl-cta-download')) return;\n            btn.click();\n        });\n        var title = box.querySelector('.dl-title-clickable');\n        if(title) {\n            title.style.cursor = 'pointer';\n            title.addEventListener('click', function(e) {\n                e.preventDefault();\n                window.location = url;\n            });\n        }\n        box.style.cursor = 'pointer';\n    });\n});\n<\/script><\/div><\/div>                    <\/div>\n\n        <div style='clear:both'><\/div>\n    <\/div>\n<\/div>\n\t\t\t\t<\/div>\n\t\t\t\t<\/div>\n\t\t\t\t\t<\/div>\n\t\t\t\t<\/div>\n\t\t\t\t<\/div>\n\t\t","protected":false},"excerpt":{"rendered":"<p>\u00dcbersicht der Gleissperrungen im Eisenbahnnetz der Eisenbahnverwaltung Informationen \u00fcber die aktuellen interaktiven Karte der Bahnverwaltung. Informationen zu aktuellen Gleissperrungen Eintritt Herunterladen: 05\/2026 St\u00e1hnout 04\/2026 St\u00e1hnout 03\/2026 St\u00e1hnout<\/p>\n","protected":false},"author":1,"featured_media":1443,"parent":0,"menu_order":0,"comment_status":"closed","ping_status":"closed","template":"","meta":{"_acf_changed":false,"footnotes":""},"class_list":["post-6099","page","type-page","status-publish","has-post-thumbnail","hentry"],"acf":[],"_links":{"self":[{"href":"https:\/\/www.cdcargo.cz\/de\/wp-json\/wp\/v2\/pages\/6099","targetHints":{"allow":["GET"]}}],"collection":[{"href":"https:\/\/www.cdcargo.cz\/de\/wp-json\/wp\/v2\/pages"}],"about":[{"href":"https:\/\/www.cdcargo.cz\/de\/wp-json\/wp\/v2\/types\/page"}],"author":[{"embeddable":true,"href":"https:\/\/www.cdcargo.cz\/de\/wp-json\/wp\/v2\/users\/1"}],"replies":[{"embeddable":true,"href":"https:\/\/www.cdcargo.cz\/de\/wp-json\/wp\/v2\/comments?post=6099"}],"version-history":[{"count":2,"href":"https:\/\/www.cdcargo.cz\/de\/wp-json\/wp\/v2\/pages\/6099\/revisions"}],"predecessor-version":[{"id":13641,"href":"https:\/\/www.cdcargo.cz\/de\/wp-json\/wp\/v2\/pages\/6099\/revisions\/13641"}],"wp:featuredmedia":[{"embeddable":true,"href":"https:\/\/www.cdcargo.cz\/de\/wp-json\/wp\/v2\/media\/1443"}],"wp:attachment":[{"href":"https:\/\/www.cdcargo.cz\/de\/wp-json\/wp\/v2\/media?parent=6099"}],"curies":[{"name":"wp","href":"https:\/\/api.w.org\/{rel}","templated":true}]}}