{"id":6123,"date":"2025-08-07T14:44:32","date_gmt":"2025-08-07T14:44:32","guid":{"rendered":"https:\/\/www.cdcargo.cz\/apps\/harmonisiertes-gueterverzeichnis-nhm\/"},"modified":"2025-08-23T20:29:36","modified_gmt":"2025-08-23T20:29:36","slug":"harmonisiertes-gueterverzeichnis-nhm","status":"publish","type":"page","link":"https:\/\/www.cdcargo.cz\/de\/apps\/harmonisiertes-gueterverzeichnis-nhm\/","title":{"rendered":"Harmonisiertes G\u00fcterverzeichnis (NHM)"},"content":{"rendered":"\t\t<div data-elementor-type=\"wp-page\" data-elementor-id=\"6123\" class=\"elementor elementor-6123 elementor-5740\" data-elementor-post-type=\"page\">\n\t\t\t\t<div data-particle_enable=\"false\" data-particle-mobile-disabled=\"false\" class=\"elementor-element elementor-element-6c31d3c e-flex e-con-boxed e-con e-parent\" data-id=\"6c31d3c\" data-element_type=\"container\" data-e-type=\"container\" data-settings=\"{&quot;background_background&quot;:&quot;classic&quot;}\">\n\t\t\t\t\t<div class=\"e-con-inner\">\n\t\t\t\t<div class=\"elementor-element elementor-element-21a16ee elementor-widget elementor-widget-heading\" data-id=\"21a16ee\" data-element_type=\"widget\" data-e-type=\"widget\" data-widget_type=\"heading.default\">\n\t\t\t\t<div class=\"elementor-widget-container\">\n\t\t\t\t\t<h1 class=\"elementor-heading-title elementor-size-default\">Harmonisiertes G\u00fcterverzeichnis (NHM)<\/h1>\t\t\t\t<\/div>\n\t\t\t\t<\/div>\n\t\t\t\t<div class=\"elementor-element elementor-element-5bdc502 elementor-widget elementor-widget-heading\" data-id=\"5bdc502\" data-element_type=\"widget\" data-e-type=\"widget\" data-widget_type=\"heading.default\">\n\t\t\t\t<div class=\"elementor-widget-container\">\n\t\t\t\t\t<h2 class=\"elementor-heading-title elementor-size-default\">Codierung und Kennzeichnung von G\u00fctern im Schienenverkehr<\/h2>\t\t\t\t<\/div>\n\t\t\t\t<\/div>\n\t\t\t\t\t<\/div>\n\t\t\t\t<\/div>\n\t\t<div data-particle_enable=\"false\" data-particle-mobile-disabled=\"false\" class=\"elementor-element elementor-element-382fe08 e-flex e-con-boxed e-con e-parent\" data-id=\"382fe08\" data-element_type=\"container\" data-e-type=\"container\">\n\t\t\t\t\t<div class=\"e-con-inner\">\n\t\t\t\t<div class=\"elementor-element elementor-element-75c8254 elementor-widget elementor-widget-text-editor\" data-id=\"75c8254\" data-element_type=\"widget\" data-e-type=\"widget\" data-widget_type=\"text-editor.default\">\n\t\t\t\t<div class=\"elementor-widget-container\">\n\t\t\t\t\t\t\t\t\t<p>Das Harmonisierte G\u00fcterverzeichnis (NHM) dient der Kodierung und Kennzeichnung von G\u00fctern im Eisenbahng\u00fcterverkehr. Es entstand aus dem Harmonisierten System der Beschreibung und Kennzeichnung von G\u00fctern und ist durch den Internationalen Eisenbahnverband (UIC) genehmigt.<\/p>\n<p>Eine detaillierte Beschreibung finden Sie im <a href=\"https:\/\/www.cdcargo.cz\/de\/transportbedingungen-2\/tarife\/\">Tarif f\u00fcr die Bef\u00f6rderung von Wagenladungen<\/a>, Teil II Harmonisiertes G\u00fcterverzeichnis.<\/p>\t\t\t\t\t\t\t\t<\/div>\n\t\t\t\t<\/div>\n\t\t\t\t<div class=\"elementor-element elementor-element-7c54351 elementor-widget elementor-widget-shortcode\" data-id=\"7c54351\" data-element_type=\"widget\" data-e-type=\"widget\" data-widget_type=\"shortcode.default\">\n\t\t\t\t<div class=\"elementor-widget-container\">\n\t\t\t\t\t\t\t<div class=\"elementor-shortcode\"><div id=\"cdcargo-nhm-data-container\"><\/div><\/div>\n\t\t\t\t\t\t<\/div>\n\t\t\t\t<\/div>\n\t\t\t\t\t<\/div>\n\t\t\t\t<\/div>\n\t\t<div data-particle_enable=\"false\" data-particle-mobile-disabled=\"false\" class=\"elementor-element elementor-element-606604d e-flex e-con-boxed e-con e-parent\" data-id=\"606604d\" data-element_type=\"container\" data-e-type=\"container\">\n\t\t\t\t\t<div class=\"e-con-inner\">\n\t\t\t\t\t<\/div>\n\t\t\t\t<\/div>\n\t\t\t\t<\/div>\n\t\t","protected":false},"excerpt":{"rendered":"<p>Codierung und Kennzeichnung von G\u00fctern im Schienenverkehr Das Harmonisierte G\u00fcterverzeichnis (NHM) dient der Kodierung und Kennzeichnung von G\u00fctern im Eisenbahng\u00fcterverkehr. Es entstand aus dem Harmonisierten System der Beschreibung und Kennzeichnung von G\u00fctern und ist durch den Internationalen Eisenbahnverband (UIC) genehmigt. Eine detaillierte Beschreibung finden Sie im Tarif f\u00fcr die Bef\u00f6rderung von Wagenladungen, Teil II Harmonisiertes [&hellip;]<\/p>\n","protected":false},"author":1,"featured_media":0,"parent":6115,"menu_order":0,"comment_status":"closed","ping_status":"closed","template":"","meta":{"_acf_changed":false,"footnotes":""},"class_list":["post-6123","page","type-page","status-publish","hentry"],"acf":[],"_links":{"self":[{"href":"https:\/\/www.cdcargo.cz\/de\/wp-json\/wp\/v2\/pages\/6123","targetHints":{"allow":["GET"]}}],"collection":[{"href":"https:\/\/www.cdcargo.cz\/de\/wp-json\/wp\/v2\/pages"}],"about":[{"href":"https:\/\/www.cdcargo.cz\/de\/wp-json\/wp\/v2\/types\/page"}],"author":[{"embeddable":true,"href":"https:\/\/www.cdcargo.cz\/de\/wp-json\/wp\/v2\/users\/1"}],"replies":[{"embeddable":true,"href":"https:\/\/www.cdcargo.cz\/de\/wp-json\/wp\/v2\/comments?post=6123"}],"version-history":[{"count":0,"href":"https:\/\/www.cdcargo.cz\/de\/wp-json\/wp\/v2\/pages\/6123\/revisions"}],"up":[{"embeddable":true,"href":"https:\/\/www.cdcargo.cz\/de\/wp-json\/wp\/v2\/pages\/6115"}],"wp:attachment":[{"href":"https:\/\/www.cdcargo.cz\/de\/wp-json\/wp\/v2\/media?parent=6123"}],"curies":[{"name":"wp","href":"https:\/\/api.w.org\/{rel}","templated":true}]}}