{"id":6133,"date":"2025-08-18T12:08:12","date_gmt":"2025-08-18T12:08:12","guid":{"rendered":"https:\/\/www.cdcargo.cz\/apps\/gueterwagenkatalog-cd-cargo-a-s-katalog-zeleznicnich-nakladnich-vozu-cd-cargo-a-s\/"},"modified":"2026-01-09T13:54:14","modified_gmt":"2026-01-09T13:54:14","slug":"gueterwagenkatalog-cd-cargo-a-s-katalog-zeleznicnich-nakladnich-vozu-cd-cargo-a-s","status":"publish","type":"page","link":"https:\/\/www.cdcargo.cz\/de\/apps\/gueterwagenkatalog-cd-cargo-a-s-katalog-zeleznicnich-nakladnich-vozu-cd-cargo-a-s\/","title":{"rendered":"G\u00fcterwagenkatalog \u010cD Cargo, a.s"},"content":{"rendered":"\t\t<div data-elementor-type=\"wp-page\" data-elementor-id=\"6133\" class=\"elementor elementor-6133 elementor-6126\" data-elementor-post-type=\"page\">\n\t\t\t\t<div data-particle_enable=\"false\" data-particle-mobile-disabled=\"false\" class=\"elementor-element elementor-element-6c31d3c e-flex e-con-boxed e-con e-parent\" data-id=\"6c31d3c\" data-element_type=\"container\" data-e-type=\"container\" data-settings=\"{&quot;background_background&quot;:&quot;classic&quot;}\">\n\t\t\t\t\t<div class=\"e-con-inner\">\n\t\t\t\t<div class=\"elementor-element elementor-element-21a16ee elementor-widget elementor-widget-heading\" data-id=\"21a16ee\" data-element_type=\"widget\" data-e-type=\"widget\" data-widget_type=\"heading.default\">\n\t\t\t\t<div class=\"elementor-widget-container\">\n\t\t\t\t\t<h1 class=\"elementor-heading-title elementor-size-default\">G\u00fcterwagenkatalog \u010cD Cargo, a.s<\/h1>\t\t\t\t<\/div>\n\t\t\t\t<\/div>\n\t\t\t\t<div class=\"elementor-element elementor-element-5bdc502 elementor-widget elementor-widget-heading\" data-id=\"5bdc502\" data-element_type=\"widget\" data-e-type=\"widget\" data-widget_type=\"heading.default\">\n\t\t\t\t<div class=\"elementor-widget-container\">\n\t\t\t\t\t<h2 class=\"elementor-heading-title elementor-size-default\">Die am besten geeigneten Fahrzeuge f\u00fcr den G\u00fctertransport<\/h2>\t\t\t\t<\/div>\n\t\t\t\t<\/div>\n\t\t\t\t\t<\/div>\n\t\t\t\t<\/div>\n\t\t<div data-particle_enable=\"false\" data-particle-mobile-disabled=\"false\" class=\"elementor-element elementor-element-382fe08 e-flex e-con-boxed e-con e-parent\" data-id=\"382fe08\" data-element_type=\"container\" data-e-type=\"container\">\n\t\t\t\t\t<div class=\"e-con-inner\">\n\t\t\t\t<div class=\"elementor-element elementor-element-75c8254 elementor-widget elementor-widget-text-editor\" data-id=\"75c8254\" data-element_type=\"widget\" data-e-type=\"widget\" data-widget_type=\"text-editor.default\">\n\t\t\t\t<div class=\"elementor-widget-container\">\n\t\t\t\t\t\t\t\t\t<p>Aus dem folgenden Katalog k\u00f6nnen Sie den besten G\u00fcterwagen f\u00fcr den Transport Ihrer Waren ausw\u00e4hlen. Schauen Sie sich die einzelnen Bilder an und \u00fcberpr\u00fcfen Sie, ob der von Ihnen ausgesuchte Wagen \u00fcber die entsprechenden Parameter verf\u00fcgt. Die technischen Angaben beziehen sich auf das Baujahr, bei einigen G\u00fcterwagen konnten sich die Daten durch den Einsatz \u00e4ndern.  <\/p><p>\u010cD Cargo, a. s. bietet Transportdienstleistungen f\u00fcr eine breite Palette von Waren \u2013 von Rohstoffen bis hin zu Produkten mit hohem Mehrwert, aber auch Containertransporte und Sondersendungen, die Vermietung von Eisenbahnwaggons, Industriebahn- und sonstige Transportleistungen bei nationalen und internationalen Transporten nach den unterschiedlichsten Kundenanforderungen.  <\/p>\t\t\t\t\t\t\t\t<\/div>\n\t\t\t\t<\/div>\n\t\t\t\t<div class=\"elementor-element elementor-element-7c54351 elementor-widget elementor-widget-shortcode\" data-id=\"7c54351\" data-element_type=\"widget\" data-e-type=\"widget\" data-widget_type=\"shortcode.default\">\n\t\t\t\t<div class=\"elementor-widget-container\">\n\t\t\t\t\t\t\t<div class=\"elementor-shortcode\"><div id=\"cdcargo-wagon-catalogue-data-container\"><\/div><\/div>\n\t\t\t\t\t\t<\/div>\n\t\t\t\t<\/div>\n\t\t\t\t\t<\/div>\n\t\t\t\t<\/div>\n\t\t<div data-particle_enable=\"false\" data-particle-mobile-disabled=\"false\" class=\"elementor-element elementor-element-606604d e-flex e-con-boxed e-con e-parent\" data-id=\"606604d\" data-element_type=\"container\" data-e-type=\"container\">\n\t\t\t\t\t<div class=\"e-con-inner\">\n\t\t\t\t\t<\/div>\n\t\t\t\t<\/div>\n\t\t\t\t<\/div>\n\t\t","protected":false},"excerpt":{"rendered":"<p>Die am besten geeigneten Fahrzeuge f\u00fcr den G\u00fctertransport Aus dem folgenden Katalog k\u00f6nnen Sie den besten G\u00fcterwagen f\u00fcr den Transport Ihrer Waren ausw\u00e4hlen. Schauen Sie sich die einzelnen Bilder an und \u00fcberpr\u00fcfen Sie, ob der von Ihnen ausgesuchte Wagen \u00fcber die entsprechenden Parameter verf\u00fcgt. Die technischen Angaben beziehen sich auf das Baujahr, bei einigen G\u00fcterwagen [&hellip;]<\/p>\n","protected":false},"author":1,"featured_media":0,"parent":6115,"menu_order":0,"comment_status":"closed","ping_status":"closed","template":"","meta":{"_acf_changed":false,"footnotes":""},"class_list":["post-6133","page","type-page","status-publish","hentry"],"acf":[],"_links":{"self":[{"href":"https:\/\/www.cdcargo.cz\/de\/wp-json\/wp\/v2\/pages\/6133","targetHints":{"allow":["GET"]}}],"collection":[{"href":"https:\/\/www.cdcargo.cz\/de\/wp-json\/wp\/v2\/pages"}],"about":[{"href":"https:\/\/www.cdcargo.cz\/de\/wp-json\/wp\/v2\/types\/page"}],"author":[{"embeddable":true,"href":"https:\/\/www.cdcargo.cz\/de\/wp-json\/wp\/v2\/users\/1"}],"replies":[{"embeddable":true,"href":"https:\/\/www.cdcargo.cz\/de\/wp-json\/wp\/v2\/comments?post=6133"}],"version-history":[{"count":0,"href":"https:\/\/www.cdcargo.cz\/de\/wp-json\/wp\/v2\/pages\/6133\/revisions"}],"up":[{"embeddable":true,"href":"https:\/\/www.cdcargo.cz\/de\/wp-json\/wp\/v2\/pages\/6115"}],"wp:attachment":[{"href":"https:\/\/www.cdcargo.cz\/de\/wp-json\/wp\/v2\/media?parent=6133"}],"curies":[{"name":"wp","href":"https:\/\/api.w.org\/{rel}","templated":true}]}}