{"id":7499,"date":"2025-08-21T11:00:13","date_gmt":"2025-08-21T11:00:13","guid":{"rendered":"https:\/\/www.cdcargo.cz\/zeitschriften\/publikationen\/"},"modified":"2025-09-04T06:45:54","modified_gmt":"2025-09-04T06:45:54","slug":"publikationen","status":"publish","type":"page","link":"https:\/\/www.cdcargo.cz\/de\/medien\/publikationen\/","title":{"rendered":"Publikationen"},"content":{"rendered":"\t\t<div data-elementor-type=\"wp-page\" data-elementor-id=\"7499\" class=\"elementor elementor-7499 elementor-7406\" data-elementor-post-type=\"page\">\n\t\t\t\t<div data-particle_enable=\"false\" data-particle-mobile-disabled=\"false\" class=\"elementor-element elementor-element-b4fbe20 e-flex e-con-boxed e-con e-parent\" data-id=\"b4fbe20\" data-element_type=\"container\" data-e-type=\"container\" data-settings=\"{&quot;background_background&quot;:&quot;classic&quot;}\">\n\t\t\t\t\t<div class=\"e-con-inner\">\n\t\t\t\t<div class=\"elementor-element elementor-element-c610d40 elementor-widget elementor-widget-heading\" data-id=\"c610d40\" data-element_type=\"widget\" data-e-type=\"widget\" data-widget_type=\"heading.default\">\n\t\t\t\t<div class=\"elementor-widget-container\">\n\t\t\t\t\t<h1 class=\"elementor-heading-title elementor-size-default\">Publikationen<\/h1>\t\t\t\t<\/div>\n\t\t\t\t<\/div>\n\t\t\t\t<div class=\"elementor-element elementor-element-10d2203 no-icon elementor-widget elementor-widget-heading\" data-id=\"10d2203\" data-element_type=\"widget\" data-e-type=\"widget\" data-widget_type=\"heading.default\">\n\t\t\t\t<div class=\"elementor-widget-container\">\n\t\t\t\t\t<h2 class=\"elementor-heading-title elementor-size-default\">\u010cD Cargo Publikationen<\/h2>\t\t\t\t<\/div>\n\t\t\t\t<\/div>\n\t\t\t\t<div class=\"elementor-element elementor-element-5309329 elementor-widget__width-initial elementor-widget elementor-widget-text-editor\" data-id=\"5309329\" data-element_type=\"widget\" data-e-type=\"widget\" data-widget_type=\"text-editor.default\">\n\t\t\t\t<div class=\"elementor-widget-container\">\n\t\t\t\t\t\t\t\t\t<p>Wir haben mehrere Publikationen \u00fcber die Geschichte und auch Gegenwart unseres Unternehmens oder \u00fcber die eingesetzten Lokomotiven herausgegeben.<\/p>\t\t\t\t\t\t\t\t<\/div>\n\t\t\t\t<\/div>\n\t\t\t\t\t<\/div>\n\t\t\t\t<\/div>\n\t\t<div data-particle_enable=\"false\" data-particle-mobile-disabled=\"false\" class=\"elementor-element elementor-element-ef44a59 e-flex e-con-boxed e-con e-parent\" data-id=\"ef44a59\" data-element_type=\"container\" data-e-type=\"container\">\n\t\t\t\t\t<div class=\"e-con-inner\">\n\t\t<div data-particle_enable=\"false\" data-particle-mobile-disabled=\"false\" class=\"elementor-element elementor-element-277d404 e-grid e-con-full e-con e-child\" data-id=\"277d404\" data-element_type=\"container\" data-e-type=\"container\">\n\t\t<div data-particle_enable=\"false\" data-particle-mobile-disabled=\"false\" class=\"elementor-element elementor-element-aa193b3 e-con-full e-flex e-con e-child\" data-id=\"aa193b3\" data-element_type=\"container\" data-e-type=\"container\">\n\t\t\t\t<div class=\"elementor-element elementor-element-b079c47 elementor-widget elementor-widget-image\" data-id=\"b079c47\" data-element_type=\"widget\" data-e-type=\"widget\" data-widget_type=\"image.default\">\n\t\t\t\t<div class=\"elementor-widget-container\">\n\t\t\t\t\t\t\t\t\t\t\t\t\t\t\t\t<a href=\"https:\/\/www.cdcargo.cz\/de\/?wpdmdl=9051\">\n\t\t\t\t\t\t\t<img fetchpriority=\"high\" decoding=\"async\" width=\"557\" height=\"776\" src=\"https:\/\/www.cdcargo.cz\/wp-content\/uploads\/2025\/08\/Vectron.jpg\" class=\"attachment-full size-full wp-image-7449\" alt=\"\" srcset=\"https:\/\/www.cdcargo.cz\/wp-content\/uploads\/2025\/08\/Vectron.jpg 557w, https:\/\/www.cdcargo.cz\/wp-content\/uploads\/2025\/08\/Vectron-215x300.jpg 215w\" sizes=\"(max-width: 557px) 100vw, 557px\" \/>\t\t\t\t\t\t\t\t<\/a>\n\t\t\t\t\t\t\t\t\t\t\t\t\t\t\t<\/div>\n\t\t\t\t<\/div>\n\t\t\t\t<\/div>\n\t\t<div data-particle_enable=\"false\" data-particle-mobile-disabled=\"false\" class=\"elementor-element elementor-element-c41f96a e-con-full e-flex e-con e-child\" data-id=\"c41f96a\" data-element_type=\"container\" data-e-type=\"container\">\n\t\t\t\t<div class=\"elementor-element elementor-element-8863d2f elementor-widget elementor-widget-image\" data-id=\"8863d2f\" data-element_type=\"widget\" data-e-type=\"widget\" data-widget_type=\"image.default\">\n\t\t\t\t<div class=\"elementor-widget-container\">\n\t\t\t\t\t\t\t\t\t\t\t\t\t\t\t\t<a href=\"https:\/\/www.cdcargo.cz\/de\/?wpdmdl=9064\">\n\t\t\t\t\t\t\t<img decoding=\"async\" width=\"579\" height=\"824\" src=\"https:\/\/www.cdcargo.cz\/wp-content\/uploads\/2025\/08\/Kraje.jpg\" class=\"attachment-full size-full wp-image-7443\" alt=\"\" srcset=\"https:\/\/www.cdcargo.cz\/wp-content\/uploads\/2025\/08\/Kraje.jpg 579w, https:\/\/www.cdcargo.cz\/wp-content\/uploads\/2025\/08\/Kraje-211x300.jpg 211w\" sizes=\"(max-width: 579px) 100vw, 579px\" \/>\t\t\t\t\t\t\t\t<\/a>\n\t\t\t\t\t\t\t\t\t\t\t\t\t\t\t<\/div>\n\t\t\t\t<\/div>\n\t\t\t\t<\/div>\n\t\t<div data-particle_enable=\"false\" data-particle-mobile-disabled=\"false\" class=\"elementor-element elementor-element-47b750d e-con-full e-flex e-con e-child\" data-id=\"47b750d\" data-element_type=\"container\" data-e-type=\"container\">\n\t\t\t\t<div class=\"elementor-element elementor-element-0c4e6d4 elementor-widget elementor-widget-image\" data-id=\"0c4e6d4\" data-element_type=\"widget\" data-e-type=\"widget\" data-widget_type=\"image.default\">\n\t\t\t\t<div class=\"elementor-widget-container\">\n\t\t\t\t\t\t\t\t\t\t\t\t\t\t\t\t<a href=\"https:\/\/www.cdcargo.cz\/de\/?wpdmdl=9070\">\n\t\t\t\t\t\t\t<img decoding=\"async\" width=\"582\" height=\"828\" src=\"https:\/\/www.cdcargo.cz\/wp-content\/uploads\/2025\/08\/Lokomotivy.jpg\" class=\"attachment-full size-full wp-image-7446\" alt=\"\" srcset=\"https:\/\/www.cdcargo.cz\/wp-content\/uploads\/2025\/08\/Lokomotivy.jpg 582w, https:\/\/www.cdcargo.cz\/wp-content\/uploads\/2025\/08\/Lokomotivy-211x300.jpg 211w\" sizes=\"(max-width: 582px) 100vw, 582px\" \/>\t\t\t\t\t\t\t\t<\/a>\n\t\t\t\t\t\t\t\t\t\t\t\t\t\t\t<\/div>\n\t\t\t\t<\/div>\n\t\t\t\t<\/div>\n\t\t\t\t<div class=\"elementor-element elementor-element-dcac36b elementor-widget elementor-widget-image\" data-id=\"dcac36b\" data-element_type=\"widget\" data-e-type=\"widget\" data-widget_type=\"image.default\">\n\t\t\t\t<div class=\"elementor-widget-container\">\n\t\t\t\t\t\t\t\t\t\t\t\t\t\t\t<img loading=\"lazy\" decoding=\"async\" width=\"963\" height=\"679\" src=\"https:\/\/www.cdcargo.cz\/wp-content\/uploads\/2025\/08\/10-let.jpg\" class=\"attachment-full size-full wp-image-7440\" alt=\"\" srcset=\"https:\/\/www.cdcargo.cz\/wp-content\/uploads\/2025\/08\/10-let.jpg 963w, https:\/\/www.cdcargo.cz\/wp-content\/uploads\/2025\/08\/10-let-300x212.jpg 300w, https:\/\/www.cdcargo.cz\/wp-content\/uploads\/2025\/08\/10-let-768x542.jpg 768w\" sizes=\"(max-width: 963px) 100vw, 963px\" \/>\t\t\t\t\t\t\t\t\t\t\t\t\t\t\t<\/div>\n\t\t\t\t<\/div>\n\t\t<div data-particle_enable=\"false\" data-particle-mobile-disabled=\"false\" class=\"elementor-element elementor-element-cf15582 e-con-full e-flex e-con e-child\" data-id=\"cf15582\" data-element_type=\"container\" data-e-type=\"container\">\n\t\t\t\t<\/div>\n\t\t\t\t<\/div>\n\t\t\t\t\t<\/div>\n\t\t\t\t<\/div>\n\t\t\t\t<\/div>\n\t\t","protected":false},"excerpt":{"rendered":"<p>\u010cD Cargo Publikationen Wir haben mehrere Publikationen \u00fcber die Geschichte und auch Gegenwart unseres Unternehmens oder \u00fcber die eingesetzten Lokomotiven herausgegeben.<\/p>\n","protected":false},"author":1,"featured_media":1443,"parent":8008,"menu_order":0,"comment_status":"closed","ping_status":"closed","template":"","meta":{"_acf_changed":false,"footnotes":""},"class_list":["post-7499","page","type-page","status-publish","has-post-thumbnail","hentry"],"acf":[],"_links":{"self":[{"href":"https:\/\/www.cdcargo.cz\/de\/wp-json\/wp\/v2\/pages\/7499","targetHints":{"allow":["GET"]}}],"collection":[{"href":"https:\/\/www.cdcargo.cz\/de\/wp-json\/wp\/v2\/pages"}],"about":[{"href":"https:\/\/www.cdcargo.cz\/de\/wp-json\/wp\/v2\/types\/page"}],"author":[{"embeddable":true,"href":"https:\/\/www.cdcargo.cz\/de\/wp-json\/wp\/v2\/users\/1"}],"replies":[{"embeddable":true,"href":"https:\/\/www.cdcargo.cz\/de\/wp-json\/wp\/v2\/comments?post=7499"}],"version-history":[{"count":0,"href":"https:\/\/www.cdcargo.cz\/de\/wp-json\/wp\/v2\/pages\/7499\/revisions"}],"up":[{"embeddable":true,"href":"https:\/\/www.cdcargo.cz\/de\/wp-json\/wp\/v2\/pages\/8008"}],"wp:featuredmedia":[{"embeddable":true,"href":"https:\/\/www.cdcargo.cz\/de\/wp-json\/wp\/v2\/media\/1443"}],"wp:attachment":[{"href":"https:\/\/www.cdcargo.cz\/de\/wp-json\/wp\/v2\/media?parent=7499"}],"curies":[{"name":"wp","href":"https:\/\/api.w.org\/{rel}","templated":true}]}}