{"id":7952,"date":"2025-07-25T09:28:24","date_gmt":"2025-07-25T09:28:24","guid":{"rendered":"https:\/\/www.cdcargo.cz\/fotowettbewerb-cd-cargo\/"},"modified":"2025-09-22T11:46:22","modified_gmt":"2025-09-22T11:46:22","slug":"fotowettbewerb-cd-cargo","status":"publish","type":"page","link":"https:\/\/www.cdcargo.cz\/de\/medien\/fotowettbewerb-cd-cargo\/","title":{"rendered":"Fotowettbewerb \u010cD Cargo"},"content":{"rendered":"\t\t<div data-elementor-type=\"wp-page\" data-elementor-id=\"7952\" class=\"elementor elementor-7952 elementor-3320\" data-elementor-post-type=\"page\">\n\t\t\t\t<div data-particle_enable=\"false\" data-particle-mobile-disabled=\"false\" class=\"elementor-element elementor-element-b4fbe20 e-flex e-con-boxed e-con e-parent\" data-id=\"b4fbe20\" data-element_type=\"container\" data-e-type=\"container\" data-settings=\"{&quot;background_background&quot;:&quot;classic&quot;}\">\n\t\t\t\t\t<div class=\"e-con-inner\">\n\t\t\t\t<div class=\"elementor-element elementor-element-c610d40 elementor-widget elementor-widget-heading\" data-id=\"c610d40\" data-element_type=\"widget\" data-e-type=\"widget\" data-widget_type=\"heading.default\">\n\t\t\t\t<div class=\"elementor-widget-container\">\n\t\t\t\t\t<h1 class=\"elementor-heading-title elementor-size-default\">Fotowettbewerb \u010cD Cargo<\/h1>\t\t\t\t<\/div>\n\t\t\t\t<\/div>\n\t\t\t\t<div class=\"elementor-element elementor-element-10d2203 no-icon elementor-widget elementor-widget-heading\" data-id=\"10d2203\" data-element_type=\"widget\" data-e-type=\"widget\" data-widget_type=\"heading.default\">\n\t\t\t\t<div class=\"elementor-widget-container\">\n\t\t\t\t\t<h2 class=\"elementor-heading-title elementor-size-default\">Fotowettbewerb<br>um wertvolle Preise<\/h2>\t\t\t\t<\/div>\n\t\t\t\t<\/div>\n\t\t\t\t<div class=\"elementor-element elementor-element-5309329 elementor-widget__width-initial elementor-widget elementor-widget-text-editor\" data-id=\"5309329\" data-element_type=\"widget\" data-e-type=\"widget\" data-widget_type=\"text-editor.default\">\n\t\t\t\t<div class=\"elementor-widget-container\">\n\t\t\t\t\t\t\t\t\t<p>Senden Sie uns ein Foto eines G\u00fcterzuges oder einer Lokomotive der \u010cD Cargo und gewinnen Sie unseren Wettbewerb.<\/p>\t\t\t\t\t\t\t\t<\/div>\n\t\t\t\t<\/div>\n\t\t\t\t\t<\/div>\n\t\t\t\t<\/div>\n\t\t<div data-particle_enable=\"false\" data-particle-mobile-disabled=\"false\" class=\"elementor-element elementor-element-6eca01a e-flex e-con-boxed e-con e-parent\" data-id=\"6eca01a\" data-element_type=\"container\" data-e-type=\"container\">\n\t\t\t\t\t<div class=\"e-con-inner\">\n\t\t\t\t<div class=\"elementor-element elementor-element-98858b3 elementor-widget elementor-widget-image\" data-id=\"98858b3\" data-element_type=\"widget\" data-e-type=\"widget\" data-widget_type=\"image.default\">\n\t\t\t\t<div class=\"elementor-widget-container\">\n\t\t\t\t\t\t\t\t\t\t\t\t\t\t\t\t<a href=\"https:\/\/www.cdcargo.cz\/wp-content\/uploads\/2025\/09\/fotosoutez-2048x2048-de-1.jpg\" data-elementor-open-lightbox=\"yes\" data-elementor-lightbox-title=\"Sestava 1\" data-e-action-hash=\"#elementor-action%3Aaction%3Dlightbox%26settings%3DeyJpZCI6MTA2MDcsInVybCI6Imh0dHBzOlwvXC93d3cuY2RjYXJnby5jelwvd3AtY29udGVudFwvdXBsb2Fkc1wvMjAyNVwvMDlcL2ZvdG9zb3V0ZXotMjA0OHgyMDQ4LWRlLTEuanBnIn0%3D\">\n\t\t\t\t\t\t\t<img fetchpriority=\"high\" decoding=\"async\" width=\"768\" height=\"768\" src=\"https:\/\/www.cdcargo.cz\/wp-content\/uploads\/2025\/09\/fotosoutez-2048x2048-de-1-768x768.jpg\" class=\"attachment-medium_large size-medium_large wp-image-10607\" alt=\"\" srcset=\"https:\/\/www.cdcargo.cz\/wp-content\/uploads\/2025\/09\/fotosoutez-2048x2048-de-1-768x768.jpg 768w, https:\/\/www.cdcargo.cz\/wp-content\/uploads\/2025\/09\/fotosoutez-2048x2048-de-1-300x300.jpg 300w, https:\/\/www.cdcargo.cz\/wp-content\/uploads\/2025\/09\/fotosoutez-2048x2048-de-1-1024x1024.jpg 1024w, https:\/\/www.cdcargo.cz\/wp-content\/uploads\/2025\/09\/fotosoutez-2048x2048-de-1-150x150.jpg 150w, https:\/\/www.cdcargo.cz\/wp-content\/uploads\/2025\/09\/fotosoutez-2048x2048-de-1-1536x1536.jpg 1536w, https:\/\/www.cdcargo.cz\/wp-content\/uploads\/2025\/09\/fotosoutez-2048x2048-de-1-2048x2048.jpg 2048w\" sizes=\"(max-width: 768px) 100vw, 768px\" \/>\t\t\t\t\t\t\t\t<\/a>\n\t\t\t\t\t\t\t\t\t\t\t\t\t\t\t<\/div>\n\t\t\t\t<\/div>\n\t\t\t\t<div class=\"elementor-element elementor-element-500ab35 elementor-widget elementor-widget-heading\" data-id=\"500ab35\" data-element_type=\"widget\" data-e-type=\"widget\" data-widget_type=\"heading.default\">\n\t\t\t\t<div class=\"elementor-widget-container\">\n\t\t\t\t\t<h3 class=\"elementor-heading-title elementor-size-default\">Regeln f\u00fcr den Fotowettbewerb<\/h3>\t\t\t\t<\/div>\n\t\t\t\t<\/div>\n\t\t\t\t<div class=\"elementor-element elementor-element-32fa0b1 elementor-widget elementor-widget-heading\" data-id=\"32fa0b1\" data-element_type=\"widget\" data-e-type=\"widget\" data-widget_type=\"heading.default\">\n\t\t\t\t<div class=\"elementor-widget-container\">\n\t\t\t\t\t<h4 class=\"elementor-heading-title elementor-size-default\">1. VERANSTALTER DES WETTBEWERBS<\/h4>\t\t\t\t<\/div>\n\t\t\t\t<\/div>\n\t\t\t\t<div class=\"elementor-element elementor-element-e946ad2 elementor-widget elementor-widget-text-editor\" data-id=\"e946ad2\" data-element_type=\"widget\" data-e-type=\"widget\" data-widget_type=\"text-editor.default\">\n\t\t\t\t<div class=\"elementor-widget-container\">\n\t\t\t\t\t\t\t\t\t<p>Die \u010cD Cargo, a.s., IdNr.: 281 96 678, mit Sitz in Prag 7, Hole\u0161ovice, Jankovcova 1569\/2c, PLZ 170 00 (im Folgenden \u201e<strong>Veranstalter<\/strong>\u201c genannt) veranstaltet vom 23.6.2025 bis zum 30.9.2025 auf dem Gebiet der Tschechischen Republik einen Fotowettbewerb (im Folgenden \u201eWettbewerb\u201c genannt).<\/p>\t\t\t\t\t\t\t\t<\/div>\n\t\t\t\t<\/div>\n\t\t\t\t<div class=\"elementor-element elementor-element-a8ed243 elementor-widget elementor-widget-heading\" data-id=\"a8ed243\" data-element_type=\"widget\" data-e-type=\"widget\" data-widget_type=\"heading.default\">\n\t\t\t\t<div class=\"elementor-widget-container\">\n\t\t\t\t\t<h4 class=\"elementor-heading-title elementor-size-default\">2. TERMIN DER VERANSTALTUNG<\/h4>\t\t\t\t<\/div>\n\t\t\t\t<\/div>\n\t\t\t\t<div class=\"elementor-element elementor-element-3d15ba7 elementor-widget elementor-widget-text-editor\" data-id=\"3d15ba7\" data-element_type=\"widget\" data-e-type=\"widget\" data-widget_type=\"text-editor.default\">\n\t\t\t\t<div class=\"elementor-widget-container\">\n\t\t\t\t\t\t\t\t\t<p>Der Wettbewerb findet am folgenden Termin statt:<\/p><ul><li>Er\u00f6ffnung des Wettbewerbs: 23.6.2025<\/li><li>Ende des Wettbewerbs: 30.9.2025<\/li><li>Bekanntgabe der Gewinner: 20.10.2025<\/li><\/ul>\t\t\t\t\t\t\t\t<\/div>\n\t\t\t\t<\/div>\n\t\t\t\t<div class=\"elementor-element elementor-element-12ee75b elementor-widget elementor-widget-heading\" data-id=\"12ee75b\" data-element_type=\"widget\" data-e-type=\"widget\" data-widget_type=\"heading.default\">\n\t\t\t\t<div class=\"elementor-widget-container\">\n\t\t\t\t\t<h4 class=\"elementor-heading-title elementor-size-default\">3. TEILNEHMER AM WETTBEWERB<\/h4>\t\t\t\t<\/div>\n\t\t\t\t<\/div>\n\t\t\t\t<div class=\"elementor-element elementor-element-86f7884 elementor-widget elementor-widget-text-editor\" data-id=\"86f7884\" data-element_type=\"widget\" data-e-type=\"widget\" data-widget_type=\"text-editor.default\">\n\t\t\t\t<div class=\"elementor-widget-container\">\n\t\t\t\t\t\t\t\t\t<p>Am Wettbewerb nehmen Wettbewerbsteilnehmer und gegebenenfalls ihre gesetzlichen Vertreter teil.<\/p><p>Zum Wettbewerbsteilnehmer kann eine nat\u00fcrliche Person werden:<\/p><ol><li>die \u00fcber 15 Jahre alt und gesch\u00e4ftsf\u00e4hig ist, oder<\/li><li>die im Falle des nicht vollendeten 15. Lebensjahrs (im Folgenden \u201e<strong>Kind<\/strong>\u201c genannt) durch einen 18 Jahre \u00e4lteren gesetzlichen Vertreter vertreten wird,<\/li><\/ol><p>und die sich f\u00fcr die Teilnahme am Wettbewerb im Einklang mit diesen Regeln entscheidet (im Folgenden \u201e<strong>Teilnehmer<\/strong>\u201c genannt).<\/p><p>Teilnehmer, welche die angeforderten Wettbewerbsbedingungen nicht ordnungsgem\u00e4\u00df erf\u00fcllen, werden vom Wettbewerb ausgeschlossen. Ausgeschlossen vom Wettbewerb werden ferner Teilnehmer, die gegen die Regeln des Wettbewerbs oder die guten Sitten versto\u00dfen, und\/oder Teilnehmer, die mit einem Foto am Wettbewerb teilnehmen, dessen Inhalt oder Form gegen die guten Sitten oder die berechtigten Interessen des Veranstalters verst\u00f6\u00dft. Sollte sich herausstellen, dass dieser Teilnehmer trotzdem Gewinner wird, wie z. B. aufgrund falscher Angaben, hat dieser keinen Anspruch auf den Gewinn. Vom Wettbewerb werden ebenfalls alle Teilnehmer, die diese Regeln in irgendeiner Weise nicht beachten, ausgeschlossen. Mit der Teilnahme am Wettbewerb best\u00e4tigt der Teilnehmer sein Einverst\u00e4ndnis mit den Bedingungen des Wettbewerbs.     <\/p>\t\t\t\t\t\t\t\t<\/div>\n\t\t\t\t<\/div>\n\t\t\t\t<div class=\"elementor-element elementor-element-6039e00 elementor-widget elementor-widget-heading\" data-id=\"6039e00\" data-element_type=\"widget\" data-e-type=\"widget\" data-widget_type=\"heading.default\">\n\t\t\t\t<div class=\"elementor-widget-container\">\n\t\t\t\t\t<h4 class=\"elementor-heading-title elementor-size-default\">4. BESCHREIBUNG DES WETTBEWERBS<\/h4>\t\t\t\t<\/div>\n\t\t\t\t<\/div>\n\t\t\t\t<div class=\"elementor-element elementor-element-0f852d0 elementor-widget elementor-widget-text-editor\" data-id=\"0f852d0\" data-element_type=\"widget\" data-e-type=\"widget\" data-widget_type=\"text-editor.default\">\n\t\t\t\t<div class=\"elementor-widget-container\">\n\t\t\t\t\t\t\t\t\t<p>Der Teilnehmer \u00fcbermittelt Fotos in digitaler Form mit einer Mindestaufl\u00f6sung von 297 \u00d7 420 mm bei 300 dpi, d. h. 4.962 \u00d7 3.507 Pixel (Vorschaubilder oder verkleinerte Bilder aus Webgalerien k\u00f6nnen nicht in ausreichender Gr\u00f6\u00dfe gedruckt werden!) im jpeg-Format an die folgende E-Mail-Adresse: <a href=\"mailto:fotosoutez@cdcargo.cz\">fotosoutez@cdcargo.cz<\/a>. <\/p><p>Voraussetzung f\u00fcr die Teilnahme am Wettbewerb ist, dass jeder Bewerber in seiner E-Mail-Nachricht seinen Vor- und Nachnamen, seine Kontaktadresse, sein Geburtsdatum, seine E-Mail-Adresse, Telefonnummer sowie eine Bildunterschrift f\u00fcr das Foto angibt. Handelt es sich beim Bewerber um ein Kind, so m\u00fcssen die im vorstehenden Satz genannten personenbezogenen Daten sowohl f\u00fcr das Kind als auch f\u00fcr den gesetzlichen Vertreter angegeben werden. <\/p>\t\t\t\t\t\t\t\t<\/div>\n\t\t\t\t<\/div>\n\t\t\t\t<div class=\"elementor-element elementor-element-decb80e elementor-widget elementor-widget-heading\" data-id=\"decb80e\" data-element_type=\"widget\" data-e-type=\"widget\" data-widget_type=\"heading.default\">\n\t\t\t\t<div class=\"elementor-widget-container\">\n\t\t\t\t\t<h4 class=\"elementor-heading-title elementor-size-default\">5. WETTBEWERBSMECHANIK<\/h4>\t\t\t\t<\/div>\n\t\t\t\t<\/div>\n\t\t\t\t<div class=\"elementor-element elementor-element-43c1707 elementor-widget elementor-widget-text-editor\" data-id=\"43c1707\" data-element_type=\"widget\" data-e-type=\"widget\" data-widget_type=\"text-editor.default\">\n\t\t\t\t<div class=\"elementor-widget-container\">\n\t\t\t\t\t\t\t\t\t<p>Ziel des Wettbewerbs ist es, innerhalb der Wettbewerbsfrist Bilder zum Thema \u010cD Cargo einzureichen. Die ausgew\u00e4hlten Fotos werden bei der Erstellung des Kalenders der \u010cD Cargo, a.s. f\u00fcr das Jahr 2026 sowie f\u00fcr Werbe- und Verkaufsf\u00f6rderungszwecke der \u010cD Cargo, a.s. verwendet. F\u00fcr den Wettbewerb k\u00f6nnen nur Fotos \u00fcbermittelt werden, die vom Teilnehmer selbst gemacht wurden. Dieser tr\u00e4gt gleichzeitig die volle Verantwortung f\u00fcr deren Inhalt sowie f\u00fcr eventuelle Sch\u00e4den f\u00fcr die auf den Fotos abgebildeten Personen. Jeder Teilnehmer gilt als Urheber des Fotos.   <\/p><p>Jeder Teilnehmer kann am Wettbewerb mit einer beliebigen Anzahl von Fotos teilnehmen.<\/p><p>Jeder Teilnehmer kann im Wettbewerb maximal einen Preis gewinnen.<\/p>\t\t\t\t\t\t\t\t<\/div>\n\t\t\t\t<\/div>\n\t\t\t\t<div class=\"elementor-element elementor-element-b6d15d5 elementor-widget elementor-widget-heading\" data-id=\"b6d15d5\" data-element_type=\"widget\" data-e-type=\"widget\" data-widget_type=\"heading.default\">\n\t\t\t\t<div class=\"elementor-widget-container\">\n\t\t\t\t\t<h4 class=\"elementor-heading-title elementor-size-default\">6. WETTBEWERBSJURY UND ERMITTLUNG DER GEWINNER<\/h4>\t\t\t\t<\/div>\n\t\t\t\t<\/div>\n\t\t\t\t<div class=\"elementor-element elementor-element-2f7a01f elementor-widget elementor-widget-text-editor\" data-id=\"2f7a01f\" data-element_type=\"widget\" data-e-type=\"widget\" data-widget_type=\"text-editor.default\">\n\t\t\t\t<div class=\"elementor-widget-container\">\n\t\t\t\t\t\t\t\t\t<p>Die Gewinner des Wettbewerbs werden durch eine Jury ermittelt.<\/p><p>Die Zusammensetzung der Jury und die Festlegung der Anzahl der Jurymitglieder liegen im alleinigen Ermessen des Wettbewerbsveranstalters.<\/p><p>Die Entscheidung der Jury ist fest und kann nicht angefochten werden.<\/p>\t\t\t\t\t\t\t\t<\/div>\n\t\t\t\t<\/div>\n\t\t\t\t<div class=\"elementor-element elementor-element-42049d2 elementor-widget elementor-widget-heading\" data-id=\"42049d2\" data-element_type=\"widget\" data-e-type=\"widget\" data-widget_type=\"heading.default\">\n\t\t\t\t<div class=\"elementor-widget-container\">\n\t\t\t\t\t<h4 class=\"elementor-heading-title elementor-size-default\">7. PREISE<\/h4>\t\t\t\t<\/div>\n\t\t\t\t<\/div>\n\t\t\t\t<div class=\"elementor-element elementor-element-c542fe3 elementor-widget elementor-widget-heading\" data-id=\"c542fe3\" data-element_type=\"widget\" data-e-type=\"widget\" data-widget_type=\"heading.default\">\n\t\t\t\t<div class=\"elementor-widget-container\">\n\t\t\t\t\t<h5 class=\"elementor-heading-title elementor-size-default\">1. Preis:<\/h5>\t\t\t\t<\/div>\n\t\t\t\t<\/div>\n\t\t\t\t<div class=\"elementor-element elementor-element-d830793 elementor-widget elementor-widget-text-editor\" data-id=\"d830793\" data-element_type=\"widget\" data-e-type=\"widget\" data-widget_type=\"text-editor.default\">\n\t\t\t\t<div class=\"elementor-widget-container\">\n\t\t\t\t\t\t\t\t\t<p>Modell der Lokomotive \u010cD Cargo<br>Megapixel &#8211; Geschenkgutschein im Wert von 1500 CZK<br>Werbegeschenkpaket \u010cD Cargo<\/p>\t\t\t\t\t\t\t\t<\/div>\n\t\t\t\t<\/div>\n\t\t\t\t<div class=\"elementor-element elementor-element-2a07b79 elementor-widget elementor-widget-heading\" data-id=\"2a07b79\" data-element_type=\"widget\" data-e-type=\"widget\" data-widget_type=\"heading.default\">\n\t\t\t\t<div class=\"elementor-widget-container\">\n\t\t\t\t\t<h5 class=\"elementor-heading-title elementor-size-default\">2. Preis:<\/h5>\t\t\t\t<\/div>\n\t\t\t\t<\/div>\n\t\t\t\t<div class=\"elementor-element elementor-element-6ef76d7 elementor-widget elementor-widget-text-editor\" data-id=\"6ef76d7\" data-element_type=\"widget\" data-e-type=\"widget\" data-widget_type=\"text-editor.default\">\n\t\t\t\t<div class=\"elementor-widget-container\">\n\t\t\t\t\t\t\t\t\t<p>Modell des G\u00fcterwagens der \u010cD Cargo<br>Megapixel &#8211; Geschenkgutschein im Wert von 1500 CZK<br>Werbegeschenkpaket \u010cD Cargo<\/p>\t\t\t\t\t\t\t\t<\/div>\n\t\t\t\t<\/div>\n\t\t\t\t<div class=\"elementor-element elementor-element-fe91985 elementor-widget elementor-widget-heading\" data-id=\"fe91985\" data-element_type=\"widget\" data-e-type=\"widget\" data-widget_type=\"heading.default\">\n\t\t\t\t<div class=\"elementor-widget-container\">\n\t\t\t\t\t<h5 class=\"elementor-heading-title elementor-size-default\">3. Preis:<\/h5>\t\t\t\t<\/div>\n\t\t\t\t<\/div>\n\t\t\t\t<div class=\"elementor-element elementor-element-7a2c729 elementor-widget elementor-widget-text-editor\" data-id=\"7a2c729\" data-element_type=\"widget\" data-e-type=\"widget\" data-widget_type=\"text-editor.default\">\n\t\t\t\t<div class=\"elementor-widget-container\">\n\t\t\t\t\t\t\t\t\t<p>Megapixel &#8211; Geschenkgutschein im Wert von 1500 CZK<br>Werbegeschenkpaket \u010cD Cargo<\/p>\t\t\t\t\t\t\t\t<\/div>\n\t\t\t\t<\/div>\n\t\t\t\t<div class=\"elementor-element elementor-element-15b49a4 elementor-widget elementor-widget-text-editor\" data-id=\"15b49a4\" data-element_type=\"widget\" data-e-type=\"widget\" data-widget_type=\"text-editor.default\">\n\t\t\t\t<div class=\"elementor-widget-container\">\n\t\t\t\t\t\t\t\t\t<p>Die Gewinner werden vom Veranstalter \u00fcber den Preis und weitere Verfahren im Zusammenhang mit der \u00dcbergabe des Preises informiert.<\/p><p>Der Veranstalter beh\u00e4lt sich vor, den Namen und Vornamen der Gewinner zu ver\u00f6ffentlichen, insbesondere auf der Website des Veranstalters www.cdcargo.cz, auf dem Facebook-Profil des Veranstalters sowie in der Zeitschrift des Veranstalters Cargov\u00e1k. Falls zum Gewinner ein Mitarbeiter der \u010cD Cargo, a.s. wird, wird auch diese Angabe ver\u00f6ffentlicht. <\/p><p>Derjenige Teilnehmer, dessen Foto f\u00fcr den Kalender 2026 der \u010cD Cargo, a.s. sowie f\u00fcr weitere Werbe- und Verkaufsf\u00f6rderungszwecke der \u010cD Cargo, a.s. ausgew\u00e4hlt wurde, verpflichtet sich, dem Veranstalter f\u00fcr das ausgew\u00e4hlte Foto die ausschlie\u00dfliche mengen- und ortsungebundene Lizenz f\u00fcr die Dauer von 10 Jahren zu erteilen. Die Lizenz wird auf Aufforderung des Veranstalters erteilt. <\/p><p>Dar\u00fcber hinaus erh\u00e4lt der Urheber jedes Fotos, das ausgew\u00e4hlt und f\u00fcr Werbe- und Verkaufsf\u00f6rderungszwecke verwendet wird, eine Verg\u00fctung in H\u00f6he von 300,- CZK f\u00fcr jedes dieser Fotos. Dieser Betrag wird bei der \u00dcberweisung um 15 % Einkommensteuer gek\u00fcrzt. Jeder Urheber ist verpflichtet, auf Anfrage des Veranstalters seine Kontonummer zwecks Zahlung der Verg\u00fctung anzugeben. Ohne Angabe der Kontonummer wird die Verg\u00fctung nicht gezahlt.   <\/p>\t\t\t\t\t\t\t\t<\/div>\n\t\t\t\t<\/div>\n\t\t\t\t<div class=\"elementor-element elementor-element-60cdb51 elementor-widget elementor-widget-heading\" data-id=\"60cdb51\" data-element_type=\"widget\" data-e-type=\"widget\" data-widget_type=\"heading.default\">\n\t\t\t\t<div class=\"elementor-widget-container\">\n\t\t\t\t\t<h4 class=\"elementor-heading-title elementor-size-default\">8. \u00c4NDERUNG DER WETTBEWERBSBEDINGUNGEN UND ABSCHLUSS DES WETTBEWERBS<\/h4>\t\t\t\t<\/div>\n\t\t\t\t<\/div>\n\t\t\t\t<div class=\"elementor-element elementor-element-80051ec elementor-widget elementor-widget-text-editor\" data-id=\"80051ec\" data-element_type=\"widget\" data-e-type=\"widget\" data-widget_type=\"text-editor.default\">\n\t\t\t\t<div class=\"elementor-widget-container\">\n\t\t\t\t\t\t\t\t\t<p>Der Veranstalter beh\u00e4lt sich vor, die Bedingungen des Wettbewerbs jederzeit zu \u00e4ndern, den Wettbewerb zu verschieben, zu verk\u00fcrzen, zu unterbrechen oder abzubrechen, ohne dass eine Erstattung erfolgt.<\/p>\t\t\t\t\t\t\t\t<\/div>\n\t\t\t\t<\/div>\n\t\t\t\t<div class=\"elementor-element elementor-element-90f3455 elementor-widget elementor-widget-heading\" data-id=\"90f3455\" data-element_type=\"widget\" data-e-type=\"widget\" data-widget_type=\"heading.default\">\n\t\t\t\t<div class=\"elementor-widget-container\">\n\t\t\t\t\t<h4 class=\"elementor-heading-title elementor-size-default\">9. VERARBEITUNG PERSONENBEZOGENER DATEN<\/h4>\t\t\t\t<\/div>\n\t\t\t\t<\/div>\n\t\t\t\t<div class=\"elementor-element elementor-element-88ef45d elementor-widget elementor-widget-text-editor\" data-id=\"88ef45d\" data-element_type=\"widget\" data-e-type=\"widget\" data-widget_type=\"text-editor.default\">\n\t\t\t\t<div class=\"elementor-widget-container\">\n\t\t\t\t\t\t\t\t\t<p>Der Verantwortliche f\u00fcr die im Rahmen dieses Wettbewerbs verarbeiteten personenbezogenen Daten ist die \u010cD Cargo, a.s., mit Sitz in Jankovcova 1569\/2c, PLZ 170 00, Prag 7, IdNr. 28196678.<\/p><p>Mit der Teilnahme am Wettbewerb erkl\u00e4rt sich der Teilnehmer mit der Verarbeitung der f\u00fcr die Zwecke der Umsetzung dieses Wettbewerbs zur Verf\u00fcgung gestellten personenbezogenen Daten einverstanden, und dies im folgenden Umfang: Vorname, Name, Kontaktadresse, Geburtsdatum, E-Mail-Adresse, Telefonnummer (im Folgenden \u201e<strong>personenbezogene Daten<\/strong>\u201c genannt). Personenbezogene Daten werden zum Zweck der \u00dcberpr\u00fcfung der g\u00fcltigen Teilnahme des Teilnehmers am Wettbewerb, der F\u00fchrung des Wettbewerbs, dessen Organisation und Auswertung, einschlie\u00dflich der Bekanntgabe der Gewinner und der \u00dcbergabe der Preise, f\u00fcr die Dauer des Wettbewerbs gem\u00e4\u00df diesen Regeln und ein Jahr nach Ende des Wettbewerbs zum Zweck der \u00dcberpr\u00fcfung der Einhaltung der Regeln, der \u00dcbergabe, der Umsetzung der Preise sowie eventueller Streitigkeiten verarbeitet. Personenbezogene Daten der Gewinner sowie weiterer Wettbewerber, deren Fotografien f\u00fcr die Erstellung des Kalenders der \u010cD Cargo, a.s. f\u00fcr das Jahr 2026 sowie f\u00fcr weitere Werbe- und Verkaufsf\u00f6rderungszwecke der \u010cD Cargo, a.s. ausgew\u00e4hlt wurden, werden im Einklang mit der Aktenverordnung der \u010cD Cargo, a.s. archiviert, und zwar insbesondere f\u00fcr Zwecke der vertraglichen Beziehung und einer eventuellen Kontrolle des Veranstalters durch die Aufsichtsbeh\u00f6rden.  <\/p><p>Der Teilnehmer best\u00e4tigt, dass er \u00fcber seine Rechte in Bezug auf die Verarbeitung personenbezogener Daten informiert wurde, und nimmt zur Kenntnis, dass ihm insbesondere die folgenden Rechte zustehen:<\/p><ul><li>seine Zustimmung zu widerrufen,<\/li><li>das Recht auf Zugang zu personenbezogenen Daten,<\/li><li>das Recht auf Berichtigung personenbezogener Daten,<\/li><li>das Recht auf L\u00f6schung,<\/li><li>das Recht auf Einschr\u00e4nkung der Verarbeitung personenbezogener Daten,<\/li><li>das Recht auf Daten\u00fcbertragbarkeit,<\/li><li>das Recht auf Widerspruch gegen die Verarbeitung personenbezogener Daten,<\/li><li>das Recht, nicht einer ausschlie\u00dflich auf einer automatisierten Verarbeitung \u2013 einschlie\u00dflich Profiling \u2013 beruhenden Entscheidung unterworfen zu werden, sowie<\/li><li>das Recht auf Beschwerde bei einer Datenschutzbeh\u00f6rde.<\/li><\/ul>\t\t\t\t\t\t\t\t<\/div>\n\t\t\t\t<\/div>\n\t\t\t\t<div class=\"elementor-element elementor-element-e470078 elementor-widget elementor-widget-heading\" data-id=\"e470078\" data-element_type=\"widget\" data-e-type=\"widget\" data-widget_type=\"heading.default\">\n\t\t\t\t<div class=\"elementor-widget-container\">\n\t\t\t\t\t<h4 class=\"elementor-heading-title elementor-size-default\">10. SCHLUSSBESTIMMUNGEN<\/h4>\t\t\t\t<\/div>\n\t\t\t\t<\/div>\n\t\t\t\t<div class=\"elementor-element elementor-element-d8060ef elementor-widget elementor-widget-text-editor\" data-id=\"d8060ef\" data-element_type=\"widget\" data-e-type=\"widget\" data-widget_type=\"text-editor.default\">\n\t\t\t\t<div class=\"elementor-widget-container\">\n\t\t\t\t\t\t\t\t\t<p>Es besteht kein Rechtsanspruch auf die Preise bzw. diese k\u00f6nnen nicht gerichtlich geltend gemacht werden. Die Preise k\u00f6nnen weder auf eine andere Person \u00fcbertragen noch in einer anderen Form eingefordert werden. <\/p><p>Der Veranstalter beh\u00e4lt sich vor, den angegebenen Preis durch einen Preis \u00e4hnlicher Art und \u00e4hnlichen Wertes zu ersetzen. Au\u00dferdem beh\u00e4lt sich der Veranstalter vor, die Bedingungen f\u00fcr die Preis\u00fcbergabe zu \u00e4ndern. Nicht \u00fcbernommene Preise gehen auf den Veranstalter zur\u00fcck.  <\/p><p>Dieser Wettbewerb unterliegt dem Recht der Tschechischen Republik unter Ausschluss der Kollisionsnormen des internationalen Privatrechts. Streitigkeiten, die sich aus diesem Wettbewerb oder damit ergeben, werden vor den sachlich und \u00f6rtlich zust\u00e4ndigen Gerichten am Sitz des Wettbewerbsveranstalters zum Zeitpunkt der Klageerhebung entschieden. <\/p>\t\t\t\t\t\t\t\t<\/div>\n\t\t\t\t<\/div>\n\t\t\t\t\t<\/div>\n\t\t\t\t<\/div>\n\t\t\t\t<\/div>\n\t\t","protected":false},"excerpt":{"rendered":"<p>Fotowettbewerbum wertvolle Preise Senden Sie uns ein Foto eines G\u00fcterzuges oder einer Lokomotive der \u010cD Cargo und gewinnen Sie unseren Wettbewerb. Regeln f\u00fcr den Fotowettbewerb 1. VERANSTALTER DES WETTBEWERBS Die \u010cD Cargo, a.s., IdNr.: 281 96 678, mit Sitz in Prag 7, Hole\u0161ovice, Jankovcova 1569\/2c, PLZ 170 00 (im Folgenden \u201eVeranstalter\u201c genannt) veranstaltet vom 23.6.2025 [&hellip;]<\/p>\n","protected":false},"author":1,"featured_media":1443,"parent":8008,"menu_order":0,"comment_status":"closed","ping_status":"closed","template":"","meta":{"_acf_changed":false,"footnotes":""},"class_list":["post-7952","page","type-page","status-publish","has-post-thumbnail","hentry"],"acf":[],"_links":{"self":[{"href":"https:\/\/www.cdcargo.cz\/de\/wp-json\/wp\/v2\/pages\/7952","targetHints":{"allow":["GET"]}}],"collection":[{"href":"https:\/\/www.cdcargo.cz\/de\/wp-json\/wp\/v2\/pages"}],"about":[{"href":"https:\/\/www.cdcargo.cz\/de\/wp-json\/wp\/v2\/types\/page"}],"author":[{"embeddable":true,"href":"https:\/\/www.cdcargo.cz\/de\/wp-json\/wp\/v2\/users\/1"}],"replies":[{"embeddable":true,"href":"https:\/\/www.cdcargo.cz\/de\/wp-json\/wp\/v2\/comments?post=7952"}],"version-history":[{"count":0,"href":"https:\/\/www.cdcargo.cz\/de\/wp-json\/wp\/v2\/pages\/7952\/revisions"}],"up":[{"embeddable":true,"href":"https:\/\/www.cdcargo.cz\/de\/wp-json\/wp\/v2\/pages\/8008"}],"wp:featuredmedia":[{"embeddable":true,"href":"https:\/\/www.cdcargo.cz\/de\/wp-json\/wp\/v2\/media\/1443"}],"wp:attachment":[{"href":"https:\/\/www.cdcargo.cz\/de\/wp-json\/wp\/v2\/media?parent=7952"}],"curies":[{"name":"wp","href":"https:\/\/api.w.org\/{rel}","templated":true}]}}