{"id":2109,"date":"2025-07-18T11:42:06","date_gmt":"2025-07-18T11:42:06","guid":{"rendered":"https:\/\/www.cdcargo.cz\/projects\/qualification-enhancement-project-of-train-drivers-and-welders-of-cd-cargo-a-s\/"},"modified":"2025-09-04T09:19:16","modified_gmt":"2025-09-04T09:19:16","slug":"qualification-enhancement-project-of-train-drivers-and-welders-of-cd-cargo-a-s","status":"publish","type":"page","link":"https:\/\/www.cdcargo.cz\/en\/projects\/qualification-enhancement-project-of-train-drivers-and-welders-of-cd-cargo-a-s\/","title":{"rendered":"Qualification Enhancement Project of Train drivers and Welders of CD Cargo, a.s"},"content":{"rendered":"\t\t<div data-elementor-type=\"wp-page\" data-elementor-id=\"2109\" class=\"elementor elementor-2109 elementor-1782\" data-elementor-post-type=\"page\">\n\t\t\t\t<div data-particle_enable=\"false\" data-particle-mobile-disabled=\"false\" class=\"elementor-element elementor-element-b4fbe20 e-flex e-con-boxed e-con e-parent\" data-id=\"b4fbe20\" data-element_type=\"container\" data-e-type=\"container\" data-settings=\"{&quot;background_background&quot;:&quot;classic&quot;}\">\n\t\t\t\t\t<div class=\"e-con-inner\">\n\t\t\t\t<div class=\"elementor-element elementor-element-c610d40 elementor-widget elementor-widget-heading\" data-id=\"c610d40\" data-element_type=\"widget\" data-e-type=\"widget\" data-widget_type=\"heading.default\">\n\t\t\t\t<div class=\"elementor-widget-container\">\n\t\t\t\t\t<h1 class=\"elementor-heading-title elementor-size-default\">Projects<\/h1>\t\t\t\t<\/div>\n\t\t\t\t<\/div>\n\t\t\t\t<div class=\"elementor-element elementor-element-3d5746e no-icon elementor-widget elementor-widget-heading\" data-id=\"3d5746e\" data-element_type=\"widget\" data-e-type=\"widget\" data-widget_type=\"heading.default\">\n\t\t\t\t<div class=\"elementor-widget-container\">\n\t\t\t\t\t<h2 class=\"elementor-heading-title elementor-size-default\">Qualification Enhancement Project of Train drivers and Welders of CD Cargo, a.s<\/h2>\t\t\t\t<\/div>\n\t\t\t\t<\/div>\n\t\t\t\t\t<\/div>\n\t\t\t\t<\/div>\n\t\t<div data-particle_enable=\"false\" data-particle-mobile-disabled=\"false\" class=\"elementor-element elementor-element-ef44a59 e-flex e-con-boxed e-con e-parent\" data-id=\"ef44a59\" data-element_type=\"container\" data-e-type=\"container\">\n\t\t\t\t\t<div class=\"e-con-inner\">\n\t\t\t\t<div class=\"elementor-element elementor-element-f6f4374 elementor-widget elementor-widget-image\" data-id=\"f6f4374\" data-element_type=\"widget\" data-e-type=\"widget\" data-widget_type=\"image.default\">\n\t\t\t\t<div class=\"elementor-widget-container\">\n\t\t\t\t\t\t\t\t\t\t\t\t\t\t\t<img fetchpriority=\"high\" decoding=\"async\" width=\"1680\" height=\"182\" src=\"https:\/\/www.cdcargo.cz\/wp-content\/uploads\/2025\/07\/esf_logo.jpg\" class=\"attachment-full size-full wp-image-1642\" alt=\"\" srcset=\"https:\/\/www.cdcargo.cz\/wp-content\/uploads\/2025\/07\/esf_logo.jpg 1680w, https:\/\/www.cdcargo.cz\/wp-content\/uploads\/2025\/07\/esf_logo-300x33.jpg 300w, https:\/\/www.cdcargo.cz\/wp-content\/uploads\/2025\/07\/esf_logo-1024x111.jpg 1024w, https:\/\/www.cdcargo.cz\/wp-content\/uploads\/2025\/07\/esf_logo-768x83.jpg 768w, https:\/\/www.cdcargo.cz\/wp-content\/uploads\/2025\/07\/esf_logo-1536x166.jpg 1536w, https:\/\/www.cdcargo.cz\/wp-content\/uploads\/2025\/07\/esf_logo-18x2.jpg 18w\" sizes=\"(max-width: 1680px) 100vw, 1680px\" \/>\t\t\t\t\t\t\t\t\t\t\t\t\t\t\t<\/div>\n\t\t\t\t<\/div>\n\t\t\t\t<div class=\"elementor-element elementor-element-0c722cf elementor-widget elementor-widget-text-editor\" data-id=\"0c722cf\" data-element_type=\"widget\" data-e-type=\"widget\" data-widget_type=\"text-editor.default\">\n\t\t\t\t<div class=\"elementor-widget-container\">\n\t\t\t\t\t\t\t\t\t<p>This project is being implemented within the call No. 35 &#8220;Training is a chance&#8221; announced by the Ministry of Labour &amp; Social Affairs. The funds are provided from the state budget and from the European Social Fund of which a grant was provided in an amount of CZK 8,902,646.37 for the project implementation when the total costs of the project amount to CZK 14,897,477.28.Tento projekt je realizov\u00e1n v r\u00e1mci v\u00fdzvy \u010d. 35 \u201e\u0160kolen\u00ed je \u0161ance&#8221;, kterou vyhl\u00e1silo Ministerstvo pr\u00e1ce a soci\u00e1ln\u00edch v\u011bc\u00ed. Finan\u010dn\u00ed prost\u0159edky jsou poskytnuty ze st\u00e1tn\u00edho rozpo\u010dtu a Evropsk\u00e9ho soci\u00e1ln\u00edho fondu, ze kter\u00e9ho byla poskytnuta dotace pro realizaci projektu v hodnot\u011b 8.902.646,37 K\u010d, kdy\u017e celkov\u00e9 n\u00e1klady na jeho realizaci \u010din\u00ed 14.897.477,28 K\u010d.  <\/p><p>The main target is the implementation of professional and specific education for 290 selected employees of CD Cargo, a.s.Z\u00e1kladn\u00edm c\u00edlem je realizace odborn\u00e9ho i specifick\u00e9ho vzd\u011bl\u00e1v\u00e1n\u00ed pro 290 vybran\u00fdch zam\u011bstnanc\u016f spole\u010dnosti \u010cD Cargo, a.s.<\/p><p>Project objectives: 290 employees in total will attend selected professional courses and specific education events in the course of seven months from February 1, 2010, to August 31, 2010.C\u00edle projektu: Celkem 290 zam\u011bstnanc\u016f podstoup\u00ed v pr\u016fb\u011bhu sedmi m\u011bs\u00edc\u016f od 1. \u00fanora 2010 do 31. srpna 2010 vybran\u00e9 odborn\u00e9 kurzy i specifick\u00e9 vzd\u011bl\u00e1vac\u00ed akce.  <\/p><p>The major part of the project focuses on the education of train drivers to whom the course will give an opportunity to enhance their qualification in professional courses. This will increase their employability in the labour railway transport market. Train drivers will thus be able to attend the basic motor course and requalification courses for direct current, alternating and multiple-system electric traction. Train drivers operating in the area of transition border stations will also be able to enhance their qualification in relevant foreign languages, mainly German and Polish.P\u0159ev\u00e1\u017en\u00e1 \u010d\u00e1st projektu se zam\u011b\u0159uje na vzd\u011bl\u00e1v\u00e1n\u00ed strojvedouc\u00edch, kte\u0159\u00ed si prost\u0159ednictv\u00edm tohoto projektu budou moci zvy\u0161ovat kvalifikaci v odborn\u00fdch kurzech, kter\u00e9 jim umo\u017en\u00ed zv\u00fd\u0161it uplatnitelnost na trhu pr\u00e1ce v oblasti \u017eelezni\u010dn\u00ed dopravy. Strojvedouc\u00ed se tak budou \u00fa\u010dastnit z\u00e1kladn\u00edho motorov\u00e9ho kurzu, p\u0159e\u0161kolovac\u00edch kurz\u016f na stejnosm\u011brnou, st\u0159\u00eddavou a v\u00edcesyst\u00e9movou elektrickou trakci. Strojvedouc\u00ed operuj\u00edc\u00ed v obvodu pohrani\u010dn\u00edch p\u0159echodov\u00fdch stanic si z\u00e1rove\u0148 budou moci zv\u00fd\u0161it kvalifikaci v relevantn\u00edch ciz\u00edch jazyc\u00edch, a to p\u0159edev\u0161\u00edm v n\u011bmeck\u00e9m a polsk\u00e9m.  <\/p><p>Welders operating in individual CD Cargo, a.s.&#8217;s Rail vehicle repair centres (Ceske Budejovice, Ostrava and Usti nad Labem) will attend various re-qualification courses during the project implementation to extend their welding field of competence.Sv\u00e1\u0159e\u010di p\u016fsob\u00edc\u00ed v jednotliv\u00fdch St\u0159edisc\u00edch oprav kolejov\u00fdch vozidel \u010cD Cargo, a.s. (\u010cesk\u00fdch Bud\u011bjovic\u00edch, Ostrav\u011b a \u00dast\u00ed nad Labem) podstoup\u00ed v pr\u016fb\u011bhu realizace projektu r\u016fzn\u00e9 rekvalifika\u010dn\u00ed zkou\u0161ky, d\u00edky kter\u00fdm si roz\u0161\u00ed\u0159\u00ed pole p\u016fsobnosti ve sv\u00e1\u0159e\u010dsk\u00e9 \u010dinnosti.<\/p><p>During February and March, vendors of trainings and courses implemented within individual activities were selected. In March, the project implementation team thus one by one initiated individual courses for the target group. Apart from Ceska Trebova where the majority of professional courses for train drivers will take place, courses have been running also in Ceske Budejovice, Most, ostrava, Plzen and Znojmo.V pr\u016fb\u011bhu \u00fanora a\u017e b\u0159ezna byli vybr\u00e1ni dodavatel\u00e9 \u0161kolen\u00ed a kurz\u016f realizovan\u00fdch v r\u00e1mci jednotliv\u00fdch aktivit. Realiza\u010dn\u00ed t\u00fdm projektu tak v pr\u016fb\u011bhu b\u0159ezna zah\u00e1jil postupn\u011b jednotliv\u00e9 kurzy pro c\u00edlovou skupinu. Kurzy krom\u011b \u010cesk\u00e9 T\u0159ebov\u00e9, kde se uskute\u010dn\u00ed velk\u00e1 v\u011bt\u0161ina odborn\u00fdch kurz\u016f pro strojvedouc\u00ed, prob\u00edhaj\u00ed tak\u00e9 v \u010cesk\u00fdch Bud\u011bjovic\u00edch, Most\u011b, Ostrav\u011b, Plzni a Znojm\u011b.  <\/p><p>The supplier of train drivers&#8217; professional courses is Dopravni Vzdelavaci institut, a.s. (The Rails Institute for Corporate Education, joint stock company); the supplier of German and Polish language courses for train drivers became the company Skrivanek s.r.o.. The tender for education of welders was divided in three parts by the localities of the Rail vehicle repairs centre. For SOKV (the Rail vehicle repairs centre), the tests for welders will be held by the company BIS Czech, s.r.o. in Most, for SOKV Ostrava by the company Dopravni Vzdelavaci institut, a.s. (The Rails Institute for Corporate Education, joint stock company) in Ceska Trebova, and for SOKV Ceske Budejovice by the company EGE, s.r.o. directly in Ceske Budejovice. <\/p><p>On May 31, 2010, Change Decision No. 1 was signed on the provision of a grant for the project. The project implementation team hence extended the education activities by further intense German courses for 21 train drivers, as well as by a publication that will complement the just completed courses of both the German and the Polish language. The said publication will be a Polish-German rail freight transport dictionary offering a triple-language mutation of the most frequent vocabulary used in the performance of railway professions, including specific terminology. The project, the implementation phase of which was extended by two months, was further enriched by a requalification course for multisystem electric tractions E3 for 30 train drivers, and by tests and courses of defectoscopy for welders.Dne 31.5.2010 bylo podeps\u00e1no Rozhodnut\u00ed o zm\u011bn\u011b \u010d. 1 rozhodnut\u00ed o poskytnut\u00ed dotace na tento projekt. Realiza\u010dn\u00ed t\u00fdm projektu proto roz\u0161\u00ed\u0159il vzd\u011bl\u00e1vac\u00ed aktivity o dal\u0161\u00ed intenzivn\u00ed kurzy n\u011bmeck\u00e9ho jazyka pro 21 strojvedouc\u00edch a tak\u00e9 o publikaci, kter\u00e1 bude vhodn\u011b dopl\u0148ovat pr\u00e1v\u011b realizovan\u00e9 kurzy jak n\u011bmeck\u00e9ho, tak i polsk\u00e9ho jazyka. Touto publikac\u00ed bude Polsko-n\u011bmecko-\u010desk\u00fd slovn\u00edk \u017eelezni\u010dn\u00ed n\u00e1kladn\u00ed p\u0159epravy, kter\u00fd nab\u00eddne trojjazy\u010dnou mutaci nejb\u011b\u017en\u011bj\u0161\u00ed slovn\u00ed z\u00e1soby pou\u017e\u00edvan\u00e9 p\u0159i v\u00fdkonu \u017eelezni\u010dn\u00edch profes\u00ed, v\u010detn\u011b specifick\u00e9 terminologie. Projekt, jeho\u017e doba realizace byla prodlou\u017eena o dva m\u011bs\u00edce, byl z\u00e1rove\u0148 roz\u0161\u00ed\u0159en o p\u0159e\u0161kolovac\u00ed kurz pro v\u00edcesyst\u00e9mov\u00e9 elektrick\u00e9 trakce E3 pro 30 strojvedouc\u00edch a zkou\u0161ky a kurzy defektoskopie pro sv\u00e1\u0159e\u010de.    <\/p>\t\t\t\t\t\t\t\t<\/div>\n\t\t\t\t<\/div>\n\t\t\t\t<div class=\"elementor-element elementor-element-67c0811 elementor-widget elementor-widget-wpdm_package_auto\" data-id=\"67c0811\" data-element_type=\"widget\" data-e-type=\"widget\" data-widget_type=\"wpdm_package_auto.default\">\n\t\t\t\t<div class=\"elementor-widget-container\">\n\t\t\t\t\t<div class='w3eden'><!-- WPDM Link Template: Call to Action 3 (klikac\u00ed box & n\u00e1zev) -->\n\n<div class=\"well c2a3 cdcargo-dl-cta dl-box-clickable\">\n    <div class=\"dl-cta-flex\">\n        <div class=\"dl-cta-icon\">\n            <img decoding=\"async\" class=\"wpdm_icon\" alt=\"Icon\" src=\"https:\/\/www.cdcargo.cz\/wp-content\/plugins\/download-manager\/assets\/file-type-icons\/pdf.svg\" \/>\n        <\/div>\n        <div class=\"dl-cta-content\">\n            <h3 class=\"dl-cta-title dl-title-clickable no-icon\">\n                Final presentation \n            <\/h3>\n            <div class=\"dl-cta-meta\">\n                <i class=\"fas fa-hdd\"><\/i> 0.00 KB\n                <i class=\"far fa-arrow-alt-circle-down\"><\/i> [download_count] sta\u017een\u00ed\n            <\/div>\n        <\/div>\n        <div class=\"dl-cta-download\">\n            <a class='wpdm-download-link download-on-click btn btn-primary ' rel='nofollow' href='#' data-downloadurl=\"https:\/\/www.cdcargo.cz\/en\/download\/final-presentation-2\/?wpdmdl=8777&refresh=69dedfca346d51776213962\">Download<\/a>\n        <\/div>\n    <\/div>\n<\/div>\n<style>\n.cdcargo-dl-cta { margin: 0 0 16px 0; padding: 10px 20px !important; border-radius: 12px; box-shadow: 0 2px 10px rgba(0,0,0,0.05); background: #f5f5f5 !important; border: 1px solid #eee; box-sizing: border-box;}\n.dl-cta-flex { display: flex; align-items: center; flex-wrap: wrap; gap: 16px;}\n.dl-cta-icon { flex: 0 0 48px; display: flex; align-items: center; justify-content: center;}\n.dl-cta-icon .wpdm_icon { height: 42px; width: auto;}\n.dl-cta-content { flex: 1 1 200px; min-width: 0;}\n.dl-cta-title { margin: 0 0 10px 0 !important; font-size: 18px !important; font-weight: 700; color: #002664 !important;}\n.dl-cta-meta { font-size: 0.9rem; font-weight: 400; color: #666; margin: -10px 0 10px 0 !important; display: block;}\n.dl-cta-download { flex: 0 0 auto; display: flex; align-items: center; justify-content: flex-end;}\n.dl-cta-download .btn, .dl-cta-download [class*=\"wpdm-\"] { background: #ffe900 !important; color: #003057 !important; border: none; padding: 10px 22px; font-size: 1rem; border-radius: 0 !important; min-width: 120px; font-weight: 700; text-transform: none; box-shadow: none; transition: background 0.15s, color 0.15s;}\n.dl-cta-download .btn:hover, .dl-cta-download [class*=\"wpdm-\"]:hover { background: #003057 !important; color: #ffe900 !important;}\n@media (max-width: 600px) {\n    .cdcargo-dl-cta { padding: 16px !important; background: #f5f5f5 !important;}\n    .dl-cta-flex { flex-direction: row; align-items: stretch; gap: 12px;}\n    .dl-cta-content { flex: 1 1 10px;}\n    .dl-cta-download { flex-direction: column; width: 100%; align-items: flex-end; justify-content: stretch; margin-top: 0px;}\n    .dl-cta-title { font-size: 16px !important; color: #002664 !important;}\n    .dl-cta-meta { margin-left: 0; display: block; margin-top: 0;}\n    .dl-cta-icon { justify-content: flex-start;}\n}\n<\/style>\n<script>\ndocument.addEventListener('DOMContentLoaded', function() {\n    document.querySelectorAll('.dl-box-clickable').forEach(function(box) {\n        var btn = box.querySelector('.dl-cta-download a, .dl-cta-download button');\n        if (!btn) return;\n        var url = btn.getAttribute('href') || btn.getAttribute('data-href');\n        if (!url) return;\n        \/\/ Kliknut\u00ed na box (krom\u011b tla\u010d\u00edtka)\n        box.addEventListener('click', function(e) {\n            if(e.target.closest('.dl-cta-download')) return;\n            btn.click();\n        });\n        \/\/ Kliknut\u00ed na n\u00e1zev\n        var title = box.querySelector('.dl-title-clickable');\n        if(title) {\n            title.style.cursor = 'pointer';\n            title.addEventListener('click', function(e) {\n                e.preventDefault();\n                window.location = url;\n            });\n        }\n        box.style.cursor = 'pointer';\n    });\n});\n<\/script><\/div>\t\t\t\t<\/div>\n\t\t\t\t<\/div>\n\t\t\t\t\t<\/div>\n\t\t\t\t<\/div>\n\t\t\t\t<\/div>\n\t\t","protected":false},"excerpt":{"rendered":"<p>Projects Qualification Enhancement Project of Train drivers and Welders of CD Cargo, a.s This project is being implemented within the call No. 35 &#8220;Training is a chance&#8221; announced by the Ministry of Labour &amp; Social Affairs. The funds are provided from the state budget and from the European Social Fund of which a grant was [&hellip;]<\/p>\n","protected":false},"author":1,"featured_media":1442,"parent":1651,"menu_order":0,"comment_status":"closed","ping_status":"closed","template":"","meta":{"_acf_changed":false,"footnotes":""},"class_list":["post-2109","page","type-page","status-publish","has-post-thumbnail","hentry"],"acf":[],"_links":{"self":[{"href":"https:\/\/www.cdcargo.cz\/en\/wp-json\/wp\/v2\/pages\/2109","targetHints":{"allow":["GET"]}}],"collection":[{"href":"https:\/\/www.cdcargo.cz\/en\/wp-json\/wp\/v2\/pages"}],"about":[{"href":"https:\/\/www.cdcargo.cz\/en\/wp-json\/wp\/v2\/types\/page"}],"author":[{"embeddable":true,"href":"https:\/\/www.cdcargo.cz\/en\/wp-json\/wp\/v2\/users\/1"}],"replies":[{"embeddable":true,"href":"https:\/\/www.cdcargo.cz\/en\/wp-json\/wp\/v2\/comments?post=2109"}],"version-history":[{"count":0,"href":"https:\/\/www.cdcargo.cz\/en\/wp-json\/wp\/v2\/pages\/2109\/revisions"}],"up":[{"embeddable":true,"href":"https:\/\/www.cdcargo.cz\/en\/wp-json\/wp\/v2\/pages\/1651"}],"wp:featuredmedia":[{"embeddable":true,"href":"https:\/\/www.cdcargo.cz\/en\/wp-json\/wp\/v2\/media\/1442"}],"wp:attachment":[{"href":"https:\/\/www.cdcargo.cz\/en\/wp-json\/wp\/v2\/media?parent=2109"}],"curies":[{"name":"wp","href":"https:\/\/api.w.org\/{rel}","templated":true}]}}