{"id":2121,"date":"2025-07-18T12:09:19","date_gmt":"2025-07-18T12:09:19","guid":{"rendered":"https:\/\/www.cdcargo.cz\/projects\/2train\/"},"modified":"2025-09-04T09:19:17","modified_gmt":"2025-09-04T09:19:17","slug":"2train","status":"publish","type":"page","link":"https:\/\/www.cdcargo.cz\/en\/projects\/2train\/","title":{"rendered":"2TRAIN"},"content":{"rendered":"\t\t<div data-elementor-type=\"wp-page\" data-elementor-id=\"2121\" class=\"elementor elementor-2121 elementor-1802\" data-elementor-post-type=\"page\">\n\t\t\t\t<div data-particle_enable=\"false\" data-particle-mobile-disabled=\"false\" class=\"elementor-element elementor-element-b4fbe20 e-flex e-con-boxed e-con e-parent\" data-id=\"b4fbe20\" data-element_type=\"container\" data-e-type=\"container\" data-settings=\"{&quot;background_background&quot;:&quot;classic&quot;}\">\n\t\t\t\t\t<div class=\"e-con-inner\">\n\t\t\t\t<div class=\"elementor-element elementor-element-c610d40 elementor-widget elementor-widget-heading\" data-id=\"c610d40\" data-element_type=\"widget\" data-e-type=\"widget\" data-widget_type=\"heading.default\">\n\t\t\t\t<div class=\"elementor-widget-container\">\n\t\t\t\t\t<h1 class=\"elementor-heading-title elementor-size-default\">Projects<\/h1>\t\t\t\t<\/div>\n\t\t\t\t<\/div>\n\t\t\t\t<div class=\"elementor-element elementor-element-10d2203 no-icon elementor-widget elementor-widget-heading\" data-id=\"10d2203\" data-element_type=\"widget\" data-e-type=\"widget\" data-widget_type=\"heading.default\">\n\t\t\t\t<div class=\"elementor-widget-container\">\n\t\t\t\t\t<h2 class=\"elementor-heading-title elementor-size-default\">2TRAIN<\/h2>\t\t\t\t<\/div>\n\t\t\t\t<\/div>\n\t\t\t\t\t<\/div>\n\t\t\t\t<\/div>\n\t\t<div data-particle_enable=\"false\" data-particle-mobile-disabled=\"false\" class=\"elementor-element elementor-element-ef44a59 e-flex e-con-boxed e-con e-parent\" data-id=\"ef44a59\" data-element_type=\"container\" data-e-type=\"container\">\n\t\t\t\t\t<div class=\"e-con-inner\">\n\t\t\t\t<div class=\"elementor-element elementor-element-9fc85de elementor-widget elementor-widget-text-editor\" data-id=\"9fc85de\" data-element_type=\"widget\" data-e-type=\"widget\" data-widget_type=\"text-editor.default\">\n\t\t\t\t<div class=\"elementor-widget-container\">\n\t\t\t\t\t\t\t\t\t<p>The 2Train project (training of train drivers in safety-relevant issues with validated and integrated computer-based technology) has been solved within the programme of the 6th ramework scientific &amp; research programme &#8211; Priority FP6-2005-Transport-4 &#8220;Sustainable development, global change and ecosystems&#8221;. The term of the project duration is 36 months (September 1, 2006 &#8211; September 30, 2009).   <\/p>\t\t\t\t\t\t\t\t<\/div>\n\t\t\t\t<\/div>\n\t\t\t\t<div class=\"elementor-element elementor-element-87eb6d7 elementor-widget elementor-widget-image\" data-id=\"87eb6d7\" data-element_type=\"widget\" data-e-type=\"widget\" data-widget_type=\"image.default\">\n\t\t\t\t<div class=\"elementor-widget-container\">\n\t\t\t\t\t\t\t\t\t\t\t\t\t\t\t<img decoding=\"async\" width=\"450\" height=\"84\" src=\"https:\/\/www.cdcargo.cz\/wp-content\/uploads\/2025\/07\/2TRAIN-logo.webp\" class=\"attachment-full size-full wp-image-1800\" alt=\"\" \/>\t\t\t\t\t\t\t\t\t\t\t\t\t\t\t<\/div>\n\t\t\t\t<\/div>\n\t\t\t\t<div class=\"elementor-element elementor-element-77d4dc5 elementor-widget elementor-widget-text-editor\" data-id=\"77d4dc5\" data-element_type=\"widget\" data-e-type=\"widget\" data-widget_type=\"text-editor.default\">\n\t\t\t\t<div class=\"elementor-widget-container\">\n\t\t\t\t\t\t\t\t\t<p>The main coordinator is the University of W\u00fcrzburg IZVW &#8211; Centre for Traffic Sciences. Among other partners are company operating rail transport (CD, DB AG and SNCF), prominent European manufacturers of simulators (UPM, CORYS T.E.S.S. and Kraus-MaffeiWegmann), as well as research institutions and universities (The Jan Perner Institute, The Rail Training Institute and the University of Passau).Mezi dal\u0161\u00ed partnery pat\u0159\u00ed spole\u010dnosti provozuj\u00edc\u00ed \u017eelezni\u010dn\u00ed dopravu (\u010cD, DB AG a SNCF), p\u0159edn\u00ed evrop\u0161t\u00ed v\u00fdrobci simul\u00e1tor\u016f (UPM, CORYS T.E.S.S. a Kraus-Maffei Wegmann) a v\u00fdzkumn\u00e9 instituce a univerzity (Institut Jana Pernera, Rail Training Institute a Univerzita Passau). <\/p><p>Total costs of the project for the entire project term will exceed \u20ac 3.7 million, whilst EU grant will be over \u20ac 2.1 millionCelkov\u00e9 n\u00e1klady projektu za cel\u00e9 projektov\u00e9 obdob\u00ed budou \u010dinit v\u00edce ne\u017e 3,7 mil \u20ac, p\u0159i\u010dem\u017e p\u0159\u00edsp\u011bvek z EU bude \u010dinit v\u00edce ne\u017e 2,1 mil \u20ac.<\/p><p>Since July 1, 2009, also the company CD Cargo, a.s. became one of the project partners. The company is responsible for the completion of the last work package No. 5, i.e. production of last final reports on the entire course of the project implementation, as well as for the provision of recommendation what direction the education of train drivers shall take in the future.  <\/p>\t\t\t\t\t\t\t\t<\/div>\n\t\t\t\t<\/div>\n\t\t\t\t<div class=\"elementor-element elementor-element-d78c19d elementor-widget elementor-widget-heading\" data-id=\"d78c19d\" data-element_type=\"widget\" data-e-type=\"widget\" data-widget_type=\"heading.default\">\n\t\t\t\t<div class=\"elementor-widget-container\">\n\t\t\t\t\t<h3 class=\"elementor-heading-title elementor-size-default\">Main project goals<\/h3>\t\t\t\t<\/div>\n\t\t\t\t<\/div>\n\t\t\t\t<div class=\"elementor-element elementor-element-e18d112 elementor-widget elementor-widget-text-editor\" data-id=\"e18d112\" data-element_type=\"widget\" data-e-type=\"widget\" data-widget_type=\"text-editor.default\">\n\t\t\t\t<div class=\"elementor-widget-container\">\n\t\t\t\t\t\t\t\t\t<p>Based on the past years&#8217; experiences, the aim of the 2TRAIN project is the elaboration of European standards for the training of train drivers, and the provision of the most convenient manual for efficient application of training technologies for the enhancement of safety, utilizing the newest computer technology. The initial point of the 2TRAIN project was a comparative (benchmarking) study of the training technology, content, models and methods that have already been used in Europe. <\/p><p>In order to harmonize the diversified current training technologies and facilitation of the standardized evaluation of train drivers, a common data interface will be created to be established in three simulation pilots (Spanish \/ French \/ German). Besides that, an e-learning tutorial pilot (Czech Republic) &#8211; CBT modules &#8211; will be implemented. In Phase II, common simulation CBT scenarios and modules will be created that will be focused mainly on the training of qualification and ability of crisis management for acting in rarely occurring emergency situations. The actual conduct of the training attendees will be compared to the defined target behaviour. Results will be saved in the evaluation database.     <\/p><p>The actual state and description of individual parts of the project implementation are published regularly in the Scientific-Technical Bulletin of the Czech Railways. Papers that have been published so far: <\/p>\t\t\t\t\t\t\t\t<\/div>\n\t\t\t\t<\/div>\n\t\t\t\t<div class=\"elementor-element elementor-element-20e7ea7 elementor-icon-list--layout-traditional elementor-list-item-link-full_width elementor-widget elementor-widget-icon-list\" data-id=\"20e7ea7\" data-element_type=\"widget\" data-e-type=\"widget\" data-widget_type=\"icon-list.default\">\n\t\t\t\t<div class=\"elementor-widget-container\">\n\t\t\t\t\t\t\t<ul class=\"elementor-icon-list-items\">\n\t\t\t\t\t\t\t<li class=\"elementor-icon-list-item\">\n\t\t\t\t\t\t\t\t\t\t\t<span class=\"elementor-icon-list-icon\">\n\t\t\t\t\t\t\t<svg aria-hidden=\"true\" class=\"e-font-icon-svg e-fas-long-arrow-alt-right\" viewBox=\"0 0 448 512\" xmlns=\"http:\/\/www.w3.org\/2000\/svg\"><path d=\"M313.941 216H12c-6.627 0-12 5.373-12 12v56c0 6.627 5.373 12 12 12h301.941v46.059c0 21.382 25.851 32.09 40.971 16.971l86.059-86.059c9.373-9.373 9.373-24.569 0-33.941l-86.059-86.059c-15.119-15.119-40.971-4.411-40.971 16.971V216z\"><\/path><\/svg>\t\t\t\t\t\t<\/span>\n\t\t\t\t\t\t\t\t\t\t<span class=\"elementor-icon-list-text\">Volume 1 - VTS 24 \"Main methods of using simulators for train drivers - bulletin of first outcomes of the 2Train project\"<\/span>\n\t\t\t\t\t\t\t\t\t<\/li>\n\t\t\t\t\t\t\t\t<li class=\"elementor-icon-list-item\">\n\t\t\t\t\t\t\t\t\t\t\t<span class=\"elementor-icon-list-icon\">\n\t\t\t\t\t\t\t<svg aria-hidden=\"true\" class=\"e-font-icon-svg e-fas-long-arrow-alt-right\" viewBox=\"0 0 448 512\" xmlns=\"http:\/\/www.w3.org\/2000\/svg\"><path d=\"M313.941 216H12c-6.627 0-12 5.373-12 12v56c0 6.627 5.373 12 12 12h301.941v46.059c0 21.382 25.851 32.09 40.971 16.971l86.059-86.059c9.373-9.373 9.373-24.569 0-33.941l-86.059-86.059c-15.119-15.119-40.971-4.411-40.971 16.971V216z\"><\/path><\/svg>\t\t\t\t\t\t<\/span>\n\t\t\t\t\t\t\t\t\t\t<span class=\"elementor-icon-list-text\">Volume 2 - VTS 26 \"Ceske drahy, a.s. (Czech Railways, joint stock company) extend education by new technologies.. The development of e-learning courses is in the final phase\"<\/span>\n\t\t\t\t\t\t\t\t\t<\/li>\n\t\t\t\t\t\t\t\t<li class=\"elementor-icon-list-item\">\n\t\t\t\t\t\t\t\t\t\t\t<span class=\"elementor-icon-list-icon\">\n\t\t\t\t\t\t\t<svg aria-hidden=\"true\" class=\"e-font-icon-svg e-fas-long-arrow-alt-right\" viewBox=\"0 0 448 512\" xmlns=\"http:\/\/www.w3.org\/2000\/svg\"><path d=\"M313.941 216H12c-6.627 0-12 5.373-12 12v56c0 6.627 5.373 12 12 12h301.941v46.059c0 21.382 25.851 32.09 40.971 16.971l86.059-86.059c9.373-9.373 9.373-24.569 0-33.941l-86.059-86.059c-15.119-15.119-40.971-4.411-40.971 16.971V216z\"><\/path><\/svg>\t\t\t\t\t\t<\/span>\n\t\t\t\t\t\t\t\t\t\t<span class=\"elementor-icon-list-text\">Volume 3 - VTS 27 \"Quality assessment of new education technologies within the 2Train project for train drivers is coming to an end\"<\/span>\n\t\t\t\t\t\t\t\t\t<\/li>\n\t\t\t\t\t\t<\/ul>\n\t\t\t\t\t\t<\/div>\n\t\t\t\t<\/div>\n\t\t\t\t<div class=\"elementor-element elementor-element-b6d0748 elementor-widget elementor-widget-heading\" data-id=\"b6d0748\" data-element_type=\"widget\" data-e-type=\"widget\" data-widget_type=\"heading.default\">\n\t\t\t\t<div class=\"elementor-widget-container\">\n\t\t\t\t\t<h3 class=\"elementor-heading-title elementor-size-default\">Project termination<\/h3>\t\t\t\t<\/div>\n\t\t\t\t<\/div>\n\t\t\t\t<div class=\"elementor-element elementor-element-1cac60e elementor-widget elementor-widget-text-editor\" data-id=\"1cac60e\" data-element_type=\"widget\" data-e-type=\"widget\" data-widget_type=\"text-editor.default\">\n\t\t\t\t<div class=\"elementor-widget-container\">\n\t\t\t\t\t\t\t\t\t<p>The project was terminated as of December 31, 2009, by handover of all final reports describing the complete course of the project, including the evaluation of achieving the project goals to the responsible employees of the European Commission. It can be summarized that the main project goals have been met. The systems of training evaluation for train drivers on simulator were developed within the project, without restricting national specifications of the requirements for train drivers&#8217; conduct. A collection of e-learning was developed in the Czech environment that has become the basis for the overall conception of distance learning in the companies CD, a.s. and CD Cargo, a.s.    <\/p><p>Individual outcomes of the scientific and development part of the project are summarized in two English reports.<\/p>\t\t\t\t\t\t\t\t<\/div>\n\t\t\t\t<\/div>\n\t\t\t\t<div class=\"elementor-element elementor-element-49ebe01 elementor-widget elementor-widget-wpdm_package_auto\" data-id=\"49ebe01\" data-element_type=\"widget\" data-e-type=\"widget\" data-widget_type=\"wpdm_package_auto.default\">\n\t\t\t\t<div class=\"elementor-widget-container\">\n\t\t\t\t\t<div class='w3eden'><!-- WPDM Link Template: Call to Action 3 (klikac\u00ed box & n\u00e1zev) -->\n\n<div class=\"well c2a3 cdcargo-dl-cta dl-box-clickable\">\n    <div class=\"dl-cta-flex\">\n        <div class=\"dl-cta-icon\">\n            <img decoding=\"async\" class=\"wpdm_icon\" alt=\"Icon\" src=\"https:\/\/www.cdcargo.cz\/wp-content\/plugins\/download-manager\/assets\/file-type-icons\/pdf.svg\" \/>\n        <\/div>\n        <div class=\"dl-cta-content\">\n            <h3 class=\"dl-cta-title dl-title-clickable no-icon\">\n                2TRAIN Benchmarking Report on computer-based Railway Training in Europe \n            <\/h3>\n            <div class=\"dl-cta-meta\">\n                <i class=\"fas fa-hdd\"><\/i> 2.80 MB\n                <i class=\"far fa-arrow-alt-circle-down\"><\/i> [download_count] sta\u017een\u00ed\n            <\/div>\n        <\/div>\n        <div class=\"dl-cta-download\">\n            <a class='wpdm-download-link download-on-click btn btn-primary ' rel='nofollow' href='#' data-downloadurl=\"https:\/\/www.cdcargo.cz\/en\/download\/2train-benchmarking-report-on-computer-based-railway-training-in-europe\/?wpdmdl=8779&refresh=69def2b70794e1776218807\">Download<\/a>\n        <\/div>\n    <\/div>\n<\/div>\n<style>\n.cdcargo-dl-cta { margin: 0 0 16px 0; padding: 10px 20px !important; border-radius: 12px; box-shadow: 0 2px 10px rgba(0,0,0,0.05); background: #f5f5f5 !important; border: 1px solid #eee; box-sizing: border-box;}\n.dl-cta-flex { display: flex; align-items: center; flex-wrap: wrap; gap: 16px;}\n.dl-cta-icon { flex: 0 0 48px; display: flex; align-items: center; justify-content: center;}\n.dl-cta-icon .wpdm_icon { height: 42px; width: auto;}\n.dl-cta-content { flex: 1 1 200px; min-width: 0;}\n.dl-cta-title { margin: 0 0 10px 0 !important; font-size: 18px !important; font-weight: 700; color: #002664 !important;}\n.dl-cta-meta { font-size: 0.9rem; font-weight: 400; color: #666; margin: -10px 0 10px 0 !important; display: block;}\n.dl-cta-download { flex: 0 0 auto; display: flex; align-items: center; justify-content: flex-end;}\n.dl-cta-download .btn, .dl-cta-download [class*=\"wpdm-\"] { background: #ffe900 !important; color: #003057 !important; border: none; padding: 10px 22px; font-size: 1rem; border-radius: 0 !important; min-width: 120px; font-weight: 700; text-transform: none; box-shadow: none; transition: background 0.15s, color 0.15s;}\n.dl-cta-download .btn:hover, .dl-cta-download [class*=\"wpdm-\"]:hover { background: #003057 !important; color: #ffe900 !important;}\n@media (max-width: 600px) {\n    .cdcargo-dl-cta { padding: 16px !important; background: #f5f5f5 !important;}\n    .dl-cta-flex { flex-direction: row; align-items: stretch; gap: 12px;}\n    .dl-cta-content { flex: 1 1 10px;}\n    .dl-cta-download { flex-direction: column; width: 100%; align-items: flex-end; justify-content: stretch; margin-top: 0px;}\n    .dl-cta-title { font-size: 16px !important; color: #002664 !important;}\n    .dl-cta-meta { margin-left: 0; display: block; margin-top: 0;}\n    .dl-cta-icon { justify-content: flex-start;}\n}\n<\/style>\n<script>\ndocument.addEventListener('DOMContentLoaded', function() {\n    document.querySelectorAll('.dl-box-clickable').forEach(function(box) {\n        var btn = box.querySelector('.dl-cta-download a, .dl-cta-download button');\n        if (!btn) return;\n        var url = btn.getAttribute('href') || btn.getAttribute('data-href');\n        if (!url) return;\n        \/\/ Kliknut\u00ed na box (krom\u011b tla\u010d\u00edtka)\n        box.addEventListener('click', function(e) {\n            if(e.target.closest('.dl-cta-download')) return;\n            btn.click();\n        });\n        \/\/ Kliknut\u00ed na n\u00e1zev\n        var title = box.querySelector('.dl-title-clickable');\n        if(title) {\n            title.style.cursor = 'pointer';\n            title.addEventListener('click', function(e) {\n                e.preventDefault();\n                window.location = url;\n            });\n        }\n        box.style.cursor = 'pointer';\n    });\n});\n<\/script><\/div>\t\t\t\t<\/div>\n\t\t\t\t<\/div>\n\t\t\t\t<div class=\"elementor-element elementor-element-aca5a60 elementor-widget elementor-widget-wpdm_package_auto\" data-id=\"aca5a60\" data-element_type=\"widget\" data-e-type=\"widget\" data-widget_type=\"wpdm_package_auto.default\">\n\t\t\t\t<div class=\"elementor-widget-container\">\n\t\t\t\t\t<div class='w3eden'><!-- WPDM Link Template: Call to Action 3 (klikac\u00ed box & n\u00e1zev) -->\n\n<div class=\"well c2a3 cdcargo-dl-cta dl-box-clickable\">\n    <div class=\"dl-cta-flex\">\n        <div class=\"dl-cta-icon\">\n            <img decoding=\"async\" class=\"wpdm_icon\" alt=\"Icon\" src=\"https:\/\/www.cdcargo.cz\/wp-content\/plugins\/download-manager\/assets\/file-type-icons\/pdf.svg\" \/>\n        <\/div>\n        <div class=\"dl-cta-content\">\n            <h3 class=\"dl-cta-title dl-title-clickable no-icon\">\n                2TRAIN Executive Summary Report on computer-based Railway Training in Europe \n            <\/h3>\n            <div class=\"dl-cta-meta\">\n                <i class=\"fas fa-hdd\"><\/i> 2.47 MB\n                <i class=\"far fa-arrow-alt-circle-down\"><\/i> [download_count] sta\u017een\u00ed\n            <\/div>\n        <\/div>\n        <div class=\"dl-cta-download\">\n            <a class='wpdm-download-link download-on-click btn btn-primary ' rel='nofollow' href='#' data-downloadurl=\"https:\/\/www.cdcargo.cz\/en\/download\/2train-executive-summary-report-on-computer-based-railway-training-in-europe\/?wpdmdl=8781&refresh=69def2b74e3071776218807\">Download<\/a>\n        <\/div>\n    <\/div>\n<\/div>\n<style>\n.cdcargo-dl-cta { margin: 0 0 16px 0; padding: 10px 20px !important; border-radius: 12px; box-shadow: 0 2px 10px rgba(0,0,0,0.05); background: #f5f5f5 !important; border: 1px solid #eee; box-sizing: border-box;}\n.dl-cta-flex { display: flex; align-items: center; flex-wrap: wrap; gap: 16px;}\n.dl-cta-icon { flex: 0 0 48px; display: flex; align-items: center; justify-content: center;}\n.dl-cta-icon .wpdm_icon { height: 42px; width: auto;}\n.dl-cta-content { flex: 1 1 200px; min-width: 0;}\n.dl-cta-title { margin: 0 0 10px 0 !important; font-size: 18px !important; font-weight: 700; color: #002664 !important;}\n.dl-cta-meta { font-size: 0.9rem; font-weight: 400; color: #666; margin: -10px 0 10px 0 !important; display: block;}\n.dl-cta-download { flex: 0 0 auto; display: flex; align-items: center; justify-content: flex-end;}\n.dl-cta-download .btn, .dl-cta-download [class*=\"wpdm-\"] { background: #ffe900 !important; color: #003057 !important; border: none; padding: 10px 22px; font-size: 1rem; border-radius: 0 !important; min-width: 120px; font-weight: 700; text-transform: none; box-shadow: none; transition: background 0.15s, color 0.15s;}\n.dl-cta-download .btn:hover, .dl-cta-download [class*=\"wpdm-\"]:hover { background: #003057 !important; color: #ffe900 !important;}\n@media (max-width: 600px) {\n    .cdcargo-dl-cta { padding: 16px !important; background: #f5f5f5 !important;}\n    .dl-cta-flex { flex-direction: row; align-items: stretch; gap: 12px;}\n    .dl-cta-content { flex: 1 1 10px;}\n    .dl-cta-download { flex-direction: column; width: 100%; align-items: flex-end; justify-content: stretch; margin-top: 0px;}\n    .dl-cta-title { font-size: 16px !important; color: #002664 !important;}\n    .dl-cta-meta { margin-left: 0; display: block; margin-top: 0;}\n    .dl-cta-icon { justify-content: flex-start;}\n}\n<\/style>\n<script>\ndocument.addEventListener('DOMContentLoaded', function() {\n    document.querySelectorAll('.dl-box-clickable').forEach(function(box) {\n        var btn = box.querySelector('.dl-cta-download a, .dl-cta-download button');\n        if (!btn) return;\n        var url = btn.getAttribute('href') || btn.getAttribute('data-href');\n        if (!url) return;\n        \/\/ Kliknut\u00ed na box (krom\u011b tla\u010d\u00edtka)\n        box.addEventListener('click', function(e) {\n            if(e.target.closest('.dl-cta-download')) return;\n            btn.click();\n        });\n        \/\/ Kliknut\u00ed na n\u00e1zev\n        var title = box.querySelector('.dl-title-clickable');\n        if(title) {\n            title.style.cursor = 'pointer';\n            title.addEventListener('click', function(e) {\n                e.preventDefault();\n                window.location = url;\n            });\n        }\n        box.style.cursor = 'pointer';\n    });\n});\n<\/script><\/div>\t\t\t\t<\/div>\n\t\t\t\t<\/div>\n\t\t\t\t<div class=\"elementor-element elementor-element-d6f0dce elementor-widget elementor-widget-text-editor\" data-id=\"d6f0dce\" data-element_type=\"widget\" data-e-type=\"widget\" data-widget_type=\"text-editor.default\">\n\t\t\t\t<div class=\"elementor-widget-container\">\n\t\t\t\t\t\t\t\t\t<div class=\"journal-content-article\"><p>The latter mentioned represents a brief extract of the final reports presented to the European Commission. The translation of the documents has currently been in progress. <\/p><p>The project guarantor for CD Cargo, a.s. is: Mgr. Dusan Pouzar, Human Resources Section, on: dusan.pouzar@cdcargo.cz. <\/p><\/div>\t\t\t\t\t\t\t\t<\/div>\n\t\t\t\t<\/div>\n\t\t\t\t\t<\/div>\n\t\t\t\t<\/div>\n\t\t\t\t<\/div>\n\t\t","protected":false},"excerpt":{"rendered":"<p>Projects 2TRAIN The 2Train project (training of train drivers in safety-relevant issues with validated and integrated computer-based technology) has been solved within the programme of the 6th ramework scientific &amp; research programme &#8211; Priority FP6-2005-Transport-4 &#8220;Sustainable development, global change and ecosystems&#8221;. The term of the project duration is 36 months (September 1, 2006 &#8211; September [&hellip;]<\/p>\n","protected":false},"author":1,"featured_media":1442,"parent":1651,"menu_order":0,"comment_status":"closed","ping_status":"closed","template":"","meta":{"_acf_changed":false,"footnotes":""},"class_list":["post-2121","page","type-page","status-publish","has-post-thumbnail","hentry"],"acf":[],"_links":{"self":[{"href":"https:\/\/www.cdcargo.cz\/en\/wp-json\/wp\/v2\/pages\/2121","targetHints":{"allow":["GET"]}}],"collection":[{"href":"https:\/\/www.cdcargo.cz\/en\/wp-json\/wp\/v2\/pages"}],"about":[{"href":"https:\/\/www.cdcargo.cz\/en\/wp-json\/wp\/v2\/types\/page"}],"author":[{"embeddable":true,"href":"https:\/\/www.cdcargo.cz\/en\/wp-json\/wp\/v2\/users\/1"}],"replies":[{"embeddable":true,"href":"https:\/\/www.cdcargo.cz\/en\/wp-json\/wp\/v2\/comments?post=2121"}],"version-history":[{"count":0,"href":"https:\/\/www.cdcargo.cz\/en\/wp-json\/wp\/v2\/pages\/2121\/revisions"}],"up":[{"embeddable":true,"href":"https:\/\/www.cdcargo.cz\/en\/wp-json\/wp\/v2\/pages\/1651"}],"wp:featuredmedia":[{"embeddable":true,"href":"https:\/\/www.cdcargo.cz\/en\/wp-json\/wp\/v2\/media\/1442"}],"wp:attachment":[{"href":"https:\/\/www.cdcargo.cz\/en\/wp-json\/wp\/v2\/media?parent=2121"}],"curies":[{"name":"wp","href":"https:\/\/api.w.org\/{rel}","templated":true}]}}