{"id":2161,"date":"2025-07-18T16:04:43","date_gmt":"2025-07-18T16:04:43","guid":{"rendered":"https:\/\/www.cdcargo.cz\/projects\/company-education-of-cd-cargo-a-s\/"},"modified":"2025-09-04T09:19:20","modified_gmt":"2025-09-04T09:19:20","slug":"company-education-of-cd-cargo-a-s","status":"publish","type":"page","link":"https:\/\/www.cdcargo.cz\/en\/projects\/company-education-of-cd-cargo-a-s\/","title":{"rendered":"Company Education of \u010cD Cargo, a.s."},"content":{"rendered":"\t\t<div data-elementor-type=\"wp-page\" data-elementor-id=\"2161\" class=\"elementor elementor-2161 elementor-1884\" data-elementor-post-type=\"page\">\n\t\t\t\t<div data-particle_enable=\"false\" data-particle-mobile-disabled=\"false\" class=\"elementor-element elementor-element-b4fbe20 e-flex e-con-boxed e-con e-parent\" data-id=\"b4fbe20\" data-element_type=\"container\" data-e-type=\"container\" data-settings=\"{&quot;background_background&quot;:&quot;classic&quot;}\">\n\t\t\t\t\t<div class=\"e-con-inner\">\n\t\t\t\t<div class=\"elementor-element elementor-element-c610d40 elementor-widget elementor-widget-heading\" data-id=\"c610d40\" data-element_type=\"widget\" data-e-type=\"widget\" data-widget_type=\"heading.default\">\n\t\t\t\t<div class=\"elementor-widget-container\">\n\t\t\t\t\t<h1 class=\"elementor-heading-title elementor-size-default\">Projects<\/h1>\t\t\t\t<\/div>\n\t\t\t\t<\/div>\n\t\t\t\t<div class=\"elementor-element elementor-element-3d5746e no-icon elementor-widget elementor-widget-heading\" data-id=\"3d5746e\" data-element_type=\"widget\" data-e-type=\"widget\" data-widget_type=\"heading.default\">\n\t\t\t\t<div class=\"elementor-widget-container\">\n\t\t\t\t\t<h2 class=\"elementor-heading-title elementor-size-default\">Company Education of \u010cD Cargo, a.s.<\/h2>\t\t\t\t<\/div>\n\t\t\t\t<\/div>\n\t\t\t\t\t<\/div>\n\t\t\t\t<\/div>\n\t\t<div data-particle_enable=\"false\" data-particle-mobile-disabled=\"false\" class=\"elementor-element elementor-element-ef44a59 e-flex e-con-boxed e-con e-parent\" data-id=\"ef44a59\" data-element_type=\"container\" data-e-type=\"container\">\n\t\t\t\t\t<div class=\"e-con-inner\">\n\t\t\t\t<div class=\"elementor-element elementor-element-f6f4374 elementor-widget elementor-widget-image\" data-id=\"f6f4374\" data-element_type=\"widget\" data-e-type=\"widget\" data-widget_type=\"image.default\">\n\t\t\t\t<div class=\"elementor-widget-container\">\n\t\t\t\t\t\t\t\t\t\t\t\t\t\t\t<img decoding=\"async\" width=\"450\" height=\"93\" src=\"https:\/\/www.cdcargo.cz\/wp-content\/uploads\/2025\/07\/logo-OPZ.webp\" class=\"attachment-2048x2048 size-2048x2048 wp-image-1890\" alt=\"\" \/>\t\t\t\t\t\t\t\t\t\t\t\t\t\t\t<\/div>\n\t\t\t\t<\/div>\n\t\t\t\t<div class=\"elementor-element elementor-element-a77d191 elementor-widget elementor-widget-heading\" data-id=\"a77d191\" data-element_type=\"widget\" data-e-type=\"widget\" data-widget_type=\"heading.default\">\n\t\t\t\t<div class=\"elementor-widget-container\">\n\t\t\t\t\t<h3 class=\"elementor-heading-title elementor-size-default\">General project data<\/h3>\t\t\t\t<\/div>\n\t\t\t\t<\/div>\n\t\t\t\t<div class=\"elementor-element elementor-element-0c722cf elementor-widget elementor-widget-text-editor\" data-id=\"0c722cf\" data-element_type=\"widget\" data-e-type=\"widget\" data-widget_type=\"text-editor.default\">\n\t\t\t\t<div class=\"elementor-widget-container\">\n\t\t\t\t\t\t\t\t\t<p><strong>Registration number:<\/strong> CZ.03.1.52\/0.0\/0.0\/16_043\/0004932<br><strong>Name and number of the appeal:<\/strong> 043, Education of company\u2019s employees<br><strong>Name and number of priority axis: <\/strong>1 &#8211; Employment support and workforce adaptability<br><strong>Investment priority:<\/strong> 1.3 Workforce adaptability<br><strong>Name of the programme:<\/strong> Operational programme Employment<\/p><p><strong>Term of project realisation:<\/strong> 1st April 2017 \u2013 31st March 2019  <br><strong>Total costs <\/strong>of the project: 4 305 332,- CZK<br><strong>Grants from ESF funds:<\/strong> 2 152 666,- CZK<\/p>\t\t\t\t\t\t\t\t<\/div>\n\t\t\t\t<\/div>\n\t\t\t\t<div class=\"elementor-element elementor-element-ab5a14c elementor-widget elementor-widget-heading\" data-id=\"ab5a14c\" data-element_type=\"widget\" data-e-type=\"widget\" data-widget_type=\"heading.default\">\n\t\t\t\t<div class=\"elementor-widget-container\">\n\t\t\t\t\t<h3 class=\"elementor-heading-title elementor-size-default\">Aims and activities of the project<\/h3>\t\t\t\t<\/div>\n\t\t\t\t<\/div>\n\t\t\t\t<div class=\"elementor-element elementor-element-b5f0700 elementor-widget elementor-widget-text-editor\" data-id=\"b5f0700\" data-element_type=\"widget\" data-e-type=\"widget\" data-widget_type=\"text-editor.default\">\n\t\t\t\t<div class=\"elementor-widget-container\">\n\t\t\t\t\t\t\t\t\t<p>The aim of the project was to improve the level of knowledge and skills of both the \u010cD Cargo, a.s., and partner organisation from Brno ALTWORX s.r.o. employees and secure the unity of their qualifications and competences with requirements for their work.<\/p><p>Number of people involved in the project (supported people): 225; of which 183 employees took part in courses for total of 40 hours minimum.<\/p><p>Project activities:<\/p><ol><li>Technical and other skilled education, welding lessons including periodical examinations \u2013 total of 95 welders, rail vehicle repairmen, electrical mechanics, operating electricians and railway engineers with total of 40 hours minimum;<\/li><li>Technical and other skilled educational activities, non-destructive testing courses including examinations \u2013 total of 3 supervisors, diagnosticians and rail vehicle repairmen with total of 40 hours minimum;<\/li><li>Soft skills, managerial ability activities \u2013 total participation of 76 headquarter division directors, operational unit and rail wagon repair centres directors, heads of operational workplaces and rail wagon repairs centres, or other directors or senior staff, total of 40 hours;<\/li><li>Specialised IT activity \u2013 total of 9 IS administrators and experts in the ICT area with courses of total of 40 hours minimum. Mainly ALTWORX s.r.o. employees took part in this activity. <\/li><\/ol><p>Projekt je v souladu se strategick\u00fdm c\u00edlem rozv\u00edjet syst\u00e9m intern\u00edho oprav\u00e1renstv\u00ed a d\u00edky podpo\u0159e syst\u00e9mu vzd\u011bl\u00e1v\u00e1n\u00ed b\u00fdt rovn\u011b\u017e vyhled\u00e1van\u00fdm zam\u011bstnavatelem. Projekt nav\u00edc zapojil do vzd\u011bl\u00e1v\u00e1n\u00ed i \u0159editele a vybran\u00e9 vedouc\u00ed zam\u011bstnance spole\u010dnosti. <\/p>\t\t\t\t\t\t\t\t<\/div>\n\t\t\t\t<\/div>\n\t\t\t\t<div class=\"elementor-element elementor-element-5533b2c elementor-widget elementor-widget-text-editor\" data-id=\"5533b2c\" data-element_type=\"widget\" data-e-type=\"widget\" data-widget_type=\"text-editor.default\">\n\t\t\t\t<div class=\"elementor-widget-container\">\n\t\t\t\t\t\t\t\t\t<p>The grant was provided for:<br>&#8211; Professional language education of train drivers<br>&#8211; Professional education in welding in an amount of CZK 806,920 for courses and wage subsidies<\/p>\t\t\t\t\t\t\t\t<\/div>\n\t\t\t\t<\/div>\n\t\t\t\t\t<\/div>\n\t\t\t\t<\/div>\n\t\t\t\t<\/div>\n\t\t","protected":false},"excerpt":{"rendered":"<p>Projects Company Education of \u010cD Cargo, a.s. General project data Registration number: CZ.03.1.52\/0.0\/0.0\/16_043\/0004932Name and number of the appeal: 043, Education of company\u2019s employeesName and number of priority axis: 1 &#8211; Employment support and workforce adaptabilityInvestment priority: 1.3 Workforce adaptabilityName of the programme: Operational programme Employment Term of project realisation: 1st April 2017 \u2013 31st March [&hellip;]<\/p>\n","protected":false},"author":1,"featured_media":1442,"parent":1651,"menu_order":0,"comment_status":"closed","ping_status":"closed","template":"","meta":{"_acf_changed":false,"footnotes":""},"class_list":["post-2161","page","type-page","status-publish","has-post-thumbnail","hentry"],"acf":[],"_links":{"self":[{"href":"https:\/\/www.cdcargo.cz\/en\/wp-json\/wp\/v2\/pages\/2161","targetHints":{"allow":["GET"]}}],"collection":[{"href":"https:\/\/www.cdcargo.cz\/en\/wp-json\/wp\/v2\/pages"}],"about":[{"href":"https:\/\/www.cdcargo.cz\/en\/wp-json\/wp\/v2\/types\/page"}],"author":[{"embeddable":true,"href":"https:\/\/www.cdcargo.cz\/en\/wp-json\/wp\/v2\/users\/1"}],"replies":[{"embeddable":true,"href":"https:\/\/www.cdcargo.cz\/en\/wp-json\/wp\/v2\/comments?post=2161"}],"version-history":[{"count":0,"href":"https:\/\/www.cdcargo.cz\/en\/wp-json\/wp\/v2\/pages\/2161\/revisions"}],"up":[{"embeddable":true,"href":"https:\/\/www.cdcargo.cz\/en\/wp-json\/wp\/v2\/pages\/1651"}],"wp:featuredmedia":[{"embeddable":true,"href":"https:\/\/www.cdcargo.cz\/en\/wp-json\/wp\/v2\/media\/1442"}],"wp:attachment":[{"href":"https:\/\/www.cdcargo.cz\/en\/wp-json\/wp\/v2\/media?parent=2161"}],"curies":[{"name":"wp","href":"https:\/\/api.w.org\/{rel}","templated":true}]}}