{"id":2188,"date":"2025-07-18T16:13:01","date_gmt":"2025-07-18T16:13:01","guid":{"rendered":"https:\/\/www.cdcargo.cz\/projects\/energy-saving\/"},"modified":"2025-09-04T09:19:21","modified_gmt":"2025-09-04T09:19:21","slug":"energy-saving","status":"publish","type":"page","link":"https:\/\/www.cdcargo.cz\/en\/projects\/energy-saving\/","title":{"rendered":"Energy saving"},"content":{"rendered":"\t\t<div data-elementor-type=\"wp-page\" data-elementor-id=\"2188\" class=\"elementor elementor-2188 elementor-1899\" data-elementor-post-type=\"page\">\n\t\t\t\t<div data-particle_enable=\"false\" data-particle-mobile-disabled=\"false\" class=\"elementor-element elementor-element-b4fbe20 e-flex e-con-boxed e-con e-parent\" data-id=\"b4fbe20\" data-element_type=\"container\" data-e-type=\"container\" data-settings=\"{&quot;background_background&quot;:&quot;classic&quot;}\">\n\t\t\t\t\t<div class=\"e-con-inner\">\n\t\t\t\t<div class=\"elementor-element elementor-element-c610d40 elementor-widget elementor-widget-heading\" data-id=\"c610d40\" data-element_type=\"widget\" data-e-type=\"widget\" data-widget_type=\"heading.default\">\n\t\t\t\t<div class=\"elementor-widget-container\">\n\t\t\t\t\t<h1 class=\"elementor-heading-title elementor-size-default\">Projects<\/h1>\t\t\t\t<\/div>\n\t\t\t\t<\/div>\n\t\t\t\t<div class=\"elementor-element elementor-element-3d5746e no-icon elementor-widget elementor-widget-heading\" data-id=\"3d5746e\" data-element_type=\"widget\" data-e-type=\"widget\" data-widget_type=\"heading.default\">\n\t\t\t\t<div class=\"elementor-widget-container\">\n\t\t\t\t\t<h2 class=\"elementor-heading-title elementor-size-default\">Energy saving<\/h2>\t\t\t\t<\/div>\n\t\t\t\t<\/div>\n\t\t\t\t\t<\/div>\n\t\t\t\t<\/div>\n\t\t<div data-particle_enable=\"false\" data-particle-mobile-disabled=\"false\" class=\"elementor-element elementor-element-ef44a59 e-flex e-con-boxed e-con e-parent\" data-id=\"ef44a59\" data-element_type=\"container\" data-e-type=\"container\">\n\t\t\t\t\t<div class=\"e-con-inner\">\n\t\t\t\t<div class=\"elementor-element elementor-element-f6f4374 elementor-widget elementor-widget-image\" data-id=\"f6f4374\" data-element_type=\"widget\" data-e-type=\"widget\" data-widget_type=\"image.default\">\n\t\t\t\t<div class=\"elementor-widget-container\">\n\t\t\t\t\t\t\t\t\t\t\t\t\t\t\t<img fetchpriority=\"high\" decoding=\"async\" width=\"800\" height=\"151\" src=\"https:\/\/www.cdcargo.cz\/wp-content\/uploads\/2025\/07\/EU_RR-MPO.webp\" class=\"attachment-2048x2048 size-2048x2048 wp-image-1905\" alt=\"\" \/>\t\t\t\t\t\t\t\t\t\t\t\t\t\t\t<\/div>\n\t\t\t\t<\/div>\n\t\t\t\t<div class=\"elementor-element elementor-element-4fd78d2 elementor-widget elementor-widget-text-editor\" data-id=\"4fd78d2\" data-element_type=\"widget\" data-e-type=\"widget\" data-widget_type=\"text-editor.default\">\n\t\t\t\t<div class=\"elementor-widget-container\">\n\t\t\t\t\t\t\t\t\t<p><strong>Name of the program:<\/strong> Operational Program Enterprise and Innovation for Competitiveness (hereinafter the &#8220;Program&#8221;)<\/p><p><strong>Call title:<\/strong> III. Call of the Energy Saving Support Program (hereinafter the \u201cCall&#8221;) <\/p><p><strong>Project title:<\/strong> SOKV \u010cesk\u00e9 Bud\u011bjovice, Assembly plant building \u2013 energy saving project (hereinafter the &#8220;Project&#8221;<\/p>\t\t\t\t\t\t\t\t<\/div>\n\t\t\t\t<\/div>\n\t\t\t\t<div class=\"elementor-element elementor-element-a77d191 elementor-widget elementor-widget-heading\" data-id=\"a77d191\" data-element_type=\"widget\" data-e-type=\"widget\" data-widget_type=\"heading.default\">\n\t\t\t\t<div class=\"elementor-widget-container\">\n\t\t\t\t\t<h3 class=\"elementor-heading-title elementor-size-default\">Basic information about the Operational Program<\/h3>\t\t\t\t<\/div>\n\t\t\t\t<\/div>\n\t\t\t\t<div class=\"elementor-element elementor-element-0c722cf elementor-widget elementor-widget-text-editor\" data-id=\"0c722cf\" data-element_type=\"widget\" data-e-type=\"widget\" data-widget_type=\"text-editor.default\">\n\t\t\t\t<div class=\"elementor-widget-container\">\n\t\t\t\t\t\t\t\t\t<p>\u010cD Cargo submitted an application for financial support for the implementation of a project concerning the heat insulation of the assembly plant building in \u010cesk\u00e9 Bud\u011bjovice within the Operational Program Enterprise and Innovation for Competitiveness 2014-2020 (support program &#8220;Energy Savings&#8221;, III. Call) whose managing authority is the Ministry of Industry and Trade<\/p><p>The aim of the Program as well as of the Call was to support reduction of energy intensity of the enterprise sector. The supported measures are intended to save final energy consumption. At the same time, the Program is to contribute to the fulfilment of Directive 2012\/27\/EU of the European Parliament and of the Council on energy efficiency, which stipulates the introduction of indicative national energy efficiency targets by 2020. The planned allocation of the Call was CZK 6 billion. The level of support for a &#8220;large enterprise&#8221;, the definition of which \u010cD Cargo meets within the Program, was provided up to 30% of eligible costs.     <\/p>\t\t\t\t\t\t\t\t<\/div>\n\t\t\t\t<\/div>\n\t\t\t\t<div class=\"elementor-element elementor-element-ab5a14c elementor-widget elementor-widget-heading\" data-id=\"ab5a14c\" data-element_type=\"widget\" data-e-type=\"widget\" data-widget_type=\"heading.default\">\n\t\t\t\t<div class=\"elementor-widget-container\">\n\t\t\t\t\t<h3 class=\"elementor-heading-title elementor-size-default\">Project description<\/h3>\t\t\t\t<\/div>\n\t\t\t\t<\/div>\n\t\t\t\t<div class=\"elementor-element elementor-element-b5f0700 elementor-widget elementor-widget-text-editor\" data-id=\"b5f0700\" data-element_type=\"widget\" data-e-type=\"widget\" data-widget_type=\"text-editor.default\">\n\t\t\t\t<div class=\"elementor-widget-container\">\n\t\t\t\t\t\t\t\t\t<p>The subject of this energy-saving project was the heat insulation of the building shell and replacement of the existing fluorescent lamps with LED lighting units. <strong>The assembly plant building located on the premises of the Rolling Stock Repair Centre in \u010cesk\u00e9 Bud\u011bjovice is owned by \u010cD Cargo, a.s., and it is used for component repairs of traction vehicles.<\/strong> The project concerns not only the main two-storey hall of the assembly plant, but also the adjacent MTZ warehouse and the single-storey hall. The building was built in 1952, which corresponds to its current state. <\/p><p>The assembly plant building consists of three parts \u2013 the hall of the building covering both floors, the adjoining ground floor warehouse with a ramp and an outdoor storage shelter. Furthermore, a single-storey hall adjoins the building, through which one track passes. In the main hall, which also includes workshops, there are four tracks where locomotive repairs are carried out. On the 2nd floor, there are changing rooms and sanitary facilities for employees.    <\/p><p>As mentioned above, the Project consisted of two parts:<\/p><ul><li>improvement of thermal technical properties of the shell building structures,<\/li><li>replacement of the existing hall lighting \u2013 installation of LED lighting units.<\/li><\/ul><p>As part of the heat insulation of the building shell, the perimeter structure and roof structure were insulated and the doors and windows replaced. The shape and architectural expression of the building was not changed, but the facade was be completely cleaned of unused and obsolete elements and only functional structures were left. The bearing and building structures remained intact. The insulated building shell was then designed in a colour corresponding to the Manual of the unified visual style of \u010cD Cargo, which achieved an appearance representing the company \u010cD Cargo, a.s.   <\/p><p>Projektem do\u0161lo k v\u00fdrazn\u00e9 ro\u010dn\u00ed \u00faspo\u0159e energie ve v\u00fd\u0161i 1363,12 GJ, co\u017e p\u0159edstavuje \u00fasporu 61,6 %. A doch\u00e1z\u00ed tak\u00e9 ke sn\u00ed\u017een\u00ed emis\u00ed CO2 ve v\u00fd\u0161i 284,46 t ro\u010dn\u011b. Je tak patrn\u00e9, \u017ee v\u00fdstupy projektu maj\u00ed pozitivn\u00ed dopady na \u017eivotn\u00ed prost\u0159ed\u00ed, a to bl\u00edzk\u00e9ho okol\u00ed, regionu i cel\u00e9 \u010cesk\u00e9 republiky, jako\u017eto \u010dlensk\u00e9ho st\u00e1tu EU. Pl\u00e1novan\u00e9 aktivity generuj\u00ed ni\u017e\u0161\u00ed pod\u00edl emis\u00ed, ni\u017e\u0161\u00ed energetickou spot\u0159ebu a zajist\u00e9 i zv\u00fd\u0161en\u00ed estetick\u00e9 hodnoty p\u0159edm\u011btn\u00e9 nemovitosti.   <\/p><p>The construction site was handed over to the selected contractor on 6 August 2018 and the implementation was finished on 29 April 2019 (taking the work over from the contractor), and the occupancy permit was issued on 30 August 2019. The total eligible costs of the \u010cD Cargo project amounted to CZK 14\u202f049\u202f458.08, out of which CZK 4\u202f214\u202f837.42 was covered by the provided subsidy. <\/p><p> <\/p>\t\t\t\t\t\t\t\t<\/div>\n\t\t\t\t<\/div>\n\t\t\t\t\t<\/div>\n\t\t\t\t<\/div>\n\t\t\t\t<\/div>\n\t\t","protected":false},"excerpt":{"rendered":"<p>Projects Energy saving Name of the program: Operational Program Enterprise and Innovation for Competitiveness (hereinafter the &#8220;Program&#8221;) Call title: III. Call of the Energy Saving Support Program (hereinafter the \u201cCall&#8221;) Project title: SOKV \u010cesk\u00e9 Bud\u011bjovice, Assembly plant building \u2013 energy saving project (hereinafter the &#8220;Project&#8221; Basic information about the Operational Program \u010cD Cargo submitted an [&hellip;]<\/p>\n","protected":false},"author":1,"featured_media":1442,"parent":1651,"menu_order":0,"comment_status":"closed","ping_status":"closed","template":"","meta":{"_acf_changed":false,"footnotes":""},"class_list":["post-2188","page","type-page","status-publish","has-post-thumbnail","hentry"],"acf":[],"_links":{"self":[{"href":"https:\/\/www.cdcargo.cz\/en\/wp-json\/wp\/v2\/pages\/2188","targetHints":{"allow":["GET"]}}],"collection":[{"href":"https:\/\/www.cdcargo.cz\/en\/wp-json\/wp\/v2\/pages"}],"about":[{"href":"https:\/\/www.cdcargo.cz\/en\/wp-json\/wp\/v2\/types\/page"}],"author":[{"embeddable":true,"href":"https:\/\/www.cdcargo.cz\/en\/wp-json\/wp\/v2\/users\/1"}],"replies":[{"embeddable":true,"href":"https:\/\/www.cdcargo.cz\/en\/wp-json\/wp\/v2\/comments?post=2188"}],"version-history":[{"count":0,"href":"https:\/\/www.cdcargo.cz\/en\/wp-json\/wp\/v2\/pages\/2188\/revisions"}],"up":[{"embeddable":true,"href":"https:\/\/www.cdcargo.cz\/en\/wp-json\/wp\/v2\/pages\/1651"}],"wp:featuredmedia":[{"embeddable":true,"href":"https:\/\/www.cdcargo.cz\/en\/wp-json\/wp\/v2\/media\/1442"}],"wp:attachment":[{"href":"https:\/\/www.cdcargo.cz\/en\/wp-json\/wp\/v2\/media?parent=2188"}],"curies":[{"name":"wp","href":"https:\/\/api.w.org\/{rel}","templated":true}]}}