{"id":2266,"date":"2025-07-19T07:42:19","date_gmt":"2025-07-19T07:42:19","guid":{"rendered":"https:\/\/www.cdcargo.cz\/projects\/cd-cargo-fve-breclav-ceske-budejovice\/"},"modified":"2026-01-15T08:47:23","modified_gmt":"2026-01-15T08:47:23","slug":"cd-cargo-fve-breclav-ceske-budejovice","status":"publish","type":"page","link":"https:\/\/www.cdcargo.cz\/en\/projects\/cd-cargo-fve-breclav-ceske-budejovice\/","title":{"rendered":"\u010cD Cargo &#8211; FVE Breclav, \u010cesk\u00e9 Bud\u011bjovice"},"content":{"rendered":"\t\t<div data-elementor-type=\"wp-page\" data-elementor-id=\"2266\" class=\"elementor elementor-2266 elementor-1975\" data-elementor-post-type=\"page\">\n\t\t\t\t<div data-particle_enable=\"false\" data-particle-mobile-disabled=\"false\" class=\"elementor-element elementor-element-b4fbe20 e-flex e-con-boxed e-con e-parent\" data-id=\"b4fbe20\" data-element_type=\"container\" data-e-type=\"container\" data-settings=\"{&quot;background_background&quot;:&quot;classic&quot;}\">\n\t\t\t\t\t<div class=\"e-con-inner\">\n\t\t\t\t<div class=\"elementor-element elementor-element-c610d40 elementor-widget elementor-widget-heading\" data-id=\"c610d40\" data-element_type=\"widget\" data-e-type=\"widget\" data-widget_type=\"heading.default\">\n\t\t\t\t<div class=\"elementor-widget-container\">\n\t\t\t\t\t<h1 class=\"elementor-heading-title elementor-size-default\">Projects<\/h1>\t\t\t\t<\/div>\n\t\t\t\t<\/div>\n\t\t\t\t<div class=\"elementor-element elementor-element-3d5746e no-icon elementor-widget elementor-widget-heading\" data-id=\"3d5746e\" data-element_type=\"widget\" data-e-type=\"widget\" data-widget_type=\"heading.default\">\n\t\t\t\t<div class=\"elementor-widget-container\">\n\t\t\t\t\t<h2 class=\"elementor-heading-title elementor-size-default\">\u010cD Cargo - FVE Breclav, \u010cesk\u00e9 Bud\u011bjovice<\/h2>\t\t\t\t<\/div>\n\t\t\t\t<\/div>\n\t\t\t\t\t<\/div>\n\t\t\t\t<\/div>\n\t\t<div data-particle_enable=\"false\" data-particle-mobile-disabled=\"false\" class=\"elementor-element elementor-element-ef44a59 e-flex e-con-boxed e-con e-parent\" data-id=\"ef44a59\" data-element_type=\"container\" data-e-type=\"container\">\n\t\t\t\t\t<div class=\"e-con-inner\">\n\t\t\t\t<div class=\"elementor-element elementor-element-f6f4374 elementor-widget elementor-widget-image\" data-id=\"f6f4374\" data-element_type=\"widget\" data-e-type=\"widget\" data-widget_type=\"image.default\">\n\t\t\t\t<div class=\"elementor-widget-container\">\n\t\t\t\t\t\t\t\t\t\t\t\t\t\t\t<img fetchpriority=\"high\" decoding=\"async\" width=\"1385\" height=\"112\" src=\"https:\/\/www.cdcargo.cz\/wp-content\/uploads\/2025\/07\/FVE_Breclav-logo.webp\" class=\"attachment-2048x2048 size-2048x2048 wp-image-1978\" alt=\"\" \/>\t\t\t\t\t\t\t\t\t\t\t\t\t\t\t<\/div>\n\t\t\t\t<\/div>\n\t\t\t\t<div class=\"elementor-element elementor-element-4fd78d2 elementor-widget elementor-widget-text-editor\" data-id=\"4fd78d2\" data-element_type=\"widget\" data-e-type=\"widget\" data-widget_type=\"text-editor.default\">\n\t\t\t\t<div class=\"elementor-widget-container\">\n\t\t\t\t\t\t\t\t\t<p><strong>Program title: <\/strong>2. New Renewable Sources in Energy RES+ Modernization fund (hereinafter referred to as &#8220;Program\u201d) <\/p><p><strong>Call No.:<\/strong> ModF \u2013 RES+ \u010d. 1\/2022 (herenafter referred to as \u201cCall\u201d) <\/p><p><strong>Project title:<\/strong> \u010cD Cargo &#8211; FVE B\u0159eclav, \u010cesk\u00e9 Bud\u011bjovice (hereinafter referred to as \u201cProject\u201c)<\/p><p><b>This project is co-co funded by the Modernization fund based on decision of the Minister of the Environment.<\/b><\/p>\t\t\t\t\t\t\t\t<\/div>\n\t\t\t\t<\/div>\n\t\t\t\t<div class=\"elementor-element elementor-element-a77d191 elementor-widget elementor-widget-heading\" data-id=\"a77d191\" data-element_type=\"widget\" data-e-type=\"widget\" data-widget_type=\"heading.default\">\n\t\t\t\t<div class=\"elementor-widget-container\">\n\t\t\t\t\t<h3 class=\"elementor-heading-title elementor-size-default\">Basic information about the Operational Program<\/h3>\t\t\t\t<\/div>\n\t\t\t\t<\/div>\n\t\t\t\t<div class=\"elementor-element elementor-element-0c722cf elementor-widget elementor-widget-text-editor\" data-id=\"0c722cf\" data-element_type=\"widget\" data-e-type=\"widget\" data-widget_type=\"text-editor.default\">\n\t\t\t\t<div class=\"elementor-widget-container\">\n\t\t\t\t\t\t\t\t\t<p>\u010cD Cargo submitted an application for financial support for the implementation of the project within the framework of the 2nd New Renewable Sources in Energy (RES+) program financed from the Modernization Fund within the ModF \u2013 RES+ call No. 1\/2022, whose managing body is the Ministry of the Environment of the Czech Republic, regarding the installation of photovoltaic power plants (PPP) on buildings owned by \u010cD Cargo, a.s., in \u010cesk\u00e9 Bud\u011bjovice and B\u0159eclav.  <\/p><p>The goal of the Program, as well as of the Call, is to support the implementation of projects that lead to a reduction in greenhouse gas emissions, modernization of energy systems and increase in the share of renewable energy sources in final energy consumption. Savings in final energy consumption are to be achieved with the aid of supported measures. The planned allocation of the Call was CZK 1.5 billion. The determination of the total maximum amount of support for the \u010cD Cargo project is based on the function of the dependence of the amount of eligible costs on the installed capacity.    <\/p>\t\t\t\t\t\t\t\t<\/div>\n\t\t\t\t<\/div>\n\t\t\t\t<div class=\"elementor-element elementor-element-c19d4a8 elementor-widget elementor-widget-heading\" data-id=\"c19d4a8\" data-element_type=\"widget\" data-e-type=\"widget\" data-widget_type=\"heading.default\">\n\t\t\t\t<div class=\"elementor-widget-container\">\n\t\t\t\t\t<h3 class=\"elementor-heading-title elementor-size-default\">Project description<\/h3>\t\t\t\t<\/div>\n\t\t\t\t<\/div>\n\t\t\t\t<div class=\"elementor-element elementor-element-f72d189 elementor-widget elementor-widget-text-editor\" data-id=\"f72d189\" data-element_type=\"widget\" data-e-type=\"widget\" data-widget_type=\"text-editor.default\">\n\t\t\t\t<div class=\"elementor-widget-container\">\n\t\t\t\t\t\t\t\t\tThe subject of this project is the implementation of energy-saving measures through the installation of a photovoltaic power plant on land owned by the applicant \u010cD Cargo, a.s. In order to meet the conditions of the Call, this is a combined PV project, which includes 2 sub-projects with 2 transfer points to the distribution system. The installed capacity of the combined project is then given by the sum of the installed capacities of the individual PV sub-projects. This combined project consists of the following sub-projects\/facilities located on the cadastral territory in Breclav (the PV plant will be located on one roof of a building in the OKV premises in Breclav) and in \u010cesk\u00e9 Bud\u011bjovice (the PV plant will be located on the roofs of four buildings in the SOKV \u010cesk\u00e9 Bud\u011bjovice premises).  \n\nThe project will achieve lower electricity consumption and costs through the installation of a photovoltaic power plant with a total capacity of 203.57 kWp.\n\nThe project will result in a significant reduction of primary non-renewable energy consumption of 406.87 MWh\/year. It is thus evident that the project outputs will have positive impacts on the environment, both in the surrounding area, the region and the Czech Republic as an EU Member State. The planned activities will also generate a lower share of emissions.  \n\nBefore the tender procedure, \u010cD Cargo set the total estimated cost of the project at CZK 12.3 million. CZK, of which the amount of support is CZK 1.6 million. CZK. The project should be completed by 31 March 2026.   \t\t\t\t\t\t\t\t<\/div>\n\t\t\t\t<\/div>\n\t\t\t\t\t<\/div>\n\t\t\t\t<\/div>\n\t\t\t\t<\/div>\n\t\t","protected":false},"excerpt":{"rendered":"<p>Projects \u010cD Cargo &#8211; FVE Breclav, \u010cesk\u00e9 Bud\u011bjovice Program title: 2. New Renewable Sources in Energy RES+ Modernization fund (hereinafter referred to as &#8220;Program\u201d) Call No.: ModF \u2013 RES+ \u010d. 1\/2022 (herenafter referred to as \u201cCall\u201d) Project title: \u010cD Cargo &#8211; FVE B\u0159eclav, \u010cesk\u00e9 Bud\u011bjovice (hereinafter referred to as \u201cProject\u201c) This project is co-co funded [&hellip;]<\/p>\n","protected":false},"author":1,"featured_media":1442,"parent":1651,"menu_order":0,"comment_status":"closed","ping_status":"closed","template":"","meta":{"_acf_changed":false,"footnotes":""},"class_list":["post-2266","page","type-page","status-publish","has-post-thumbnail","hentry"],"acf":[],"_links":{"self":[{"href":"https:\/\/www.cdcargo.cz\/en\/wp-json\/wp\/v2\/pages\/2266","targetHints":{"allow":["GET"]}}],"collection":[{"href":"https:\/\/www.cdcargo.cz\/en\/wp-json\/wp\/v2\/pages"}],"about":[{"href":"https:\/\/www.cdcargo.cz\/en\/wp-json\/wp\/v2\/types\/page"}],"author":[{"embeddable":true,"href":"https:\/\/www.cdcargo.cz\/en\/wp-json\/wp\/v2\/users\/1"}],"replies":[{"embeddable":true,"href":"https:\/\/www.cdcargo.cz\/en\/wp-json\/wp\/v2\/comments?post=2266"}],"version-history":[{"count":0,"href":"https:\/\/www.cdcargo.cz\/en\/wp-json\/wp\/v2\/pages\/2266\/revisions"}],"up":[{"embeddable":true,"href":"https:\/\/www.cdcargo.cz\/en\/wp-json\/wp\/v2\/pages\/1651"}],"wp:featuredmedia":[{"embeddable":true,"href":"https:\/\/www.cdcargo.cz\/en\/wp-json\/wp\/v2\/media\/1442"}],"wp:attachment":[{"href":"https:\/\/www.cdcargo.cz\/en\/wp-json\/wp\/v2\/media?parent=2266"}],"curies":[{"name":"wp","href":"https:\/\/api.w.org\/{rel}","templated":true}]}}