{"id":2317,"date":"2025-07-19T07:59:15","date_gmt":"2025-07-19T07:59:15","guid":{"rendered":"https:\/\/www.cdcargo.cz\/projects\/cef-2-2022\/"},"modified":"2025-09-04T09:19:26","modified_gmt":"2025-09-04T09:19:26","slug":"cef-2-2022","status":"publish","type":"page","link":"https:\/\/www.cdcargo.cz\/en\/projects\/cef-2-2022\/","title":{"rendered":"CEF 2 2022"},"content":{"rendered":"\t\t<div data-elementor-type=\"wp-page\" data-elementor-id=\"2317\" class=\"elementor elementor-2317 elementor-2022\" data-elementor-post-type=\"page\">\n\t\t\t\t<div data-particle_enable=\"false\" data-particle-mobile-disabled=\"false\" class=\"elementor-element elementor-element-b4fbe20 e-flex e-con-boxed e-con e-parent\" data-id=\"b4fbe20\" data-element_type=\"container\" data-e-type=\"container\" data-settings=\"{&quot;background_background&quot;:&quot;classic&quot;}\">\n\t\t\t\t\t<div class=\"e-con-inner\">\n\t\t\t\t<div class=\"elementor-element elementor-element-c610d40 elementor-widget elementor-widget-heading\" data-id=\"c610d40\" data-element_type=\"widget\" data-e-type=\"widget\" data-widget_type=\"heading.default\">\n\t\t\t\t<div class=\"elementor-widget-container\">\n\t\t\t\t\t<h1 class=\"elementor-heading-title elementor-size-default\">Projects<\/h1>\t\t\t\t<\/div>\n\t\t\t\t<\/div>\n\t\t\t\t<div class=\"elementor-element elementor-element-3d5746e no-icon elementor-widget elementor-widget-heading\" data-id=\"3d5746e\" data-element_type=\"widget\" data-e-type=\"widget\" data-widget_type=\"heading.default\">\n\t\t\t\t<div class=\"elementor-widget-container\">\n\t\t\t\t\t<h2 class=\"elementor-heading-title elementor-size-default\">CEF 2 2022 - Project to equip 99 locomotives with ETCS under CEF 2 2022\n<\/h2>\t\t\t\t<\/div>\n\t\t\t\t<\/div>\n\t\t\t\t\t<\/div>\n\t\t\t\t<\/div>\n\t\t<div data-particle_enable=\"false\" data-particle-mobile-disabled=\"false\" class=\"elementor-element elementor-element-ef44a59 e-flex e-con-boxed e-con e-parent\" data-id=\"ef44a59\" data-element_type=\"container\" data-e-type=\"container\">\n\t\t\t\t\t<div class=\"e-con-inner\">\n\t\t\t\t<div class=\"elementor-element elementor-element-f6f4374 elementor-widget elementor-widget-image\" data-id=\"f6f4374\" data-element_type=\"widget\" data-e-type=\"widget\" data-widget_type=\"image.default\">\n\t\t\t\t<div class=\"elementor-widget-container\">\n\t\t\t\t\t\t\t\t\t\t\t\t\t\t\t<img fetchpriority=\"high\" decoding=\"async\" width=\"1387\" height=\"326\" src=\"https:\/\/www.cdcargo.cz\/wp-content\/uploads\/2025\/07\/CEF_2_2021.webp\" class=\"attachment-2048x2048 size-2048x2048 wp-image-2011\" alt=\"\" \/>\t\t\t\t\t\t\t\t\t\t\t\t\t\t\t<\/div>\n\t\t\t\t<\/div>\n\t\t\t\t<div class=\"elementor-element elementor-element-4fd78d2 elementor-widget elementor-widget-text-editor\" data-id=\"4fd78d2\" data-element_type=\"widget\" data-e-type=\"widget\" data-widget_type=\"text-editor.default\">\n\t\t\t\t<div class=\"elementor-widget-container\">\n\t\t\t\t\t\t\t\t\t<p><strong>Connecting Europe Facility Transport: <\/strong>Connecting Europe Facility Transport<\/p><p><strong>N\u00e1zev v\u00fdzvy:<\/strong>CEF-T-2022-SIMOBCOEN<\/p><p><strong>Project title: <\/strong>Delivery and implementation of the ETCS on-board units L2B3 into selected traction vehicles of \u010cD Cargo, a.s.<\/p><p><strong>Registered project No.: <\/strong>101121883<\/p>\t\t\t\t\t\t\t\t<\/div>\n\t\t\t\t<\/div>\n\t\t\t\t<div class=\"elementor-element elementor-element-a77d191 elementor-widget elementor-widget-heading\" data-id=\"a77d191\" data-element_type=\"widget\" data-e-type=\"widget\" data-widget_type=\"heading.default\">\n\t\t\t\t<div class=\"elementor-widget-container\">\n\t\t\t\t\t<h3 class=\"elementor-heading-title elementor-size-default\">Program description<\/h3>\t\t\t\t<\/div>\n\t\t\t\t<\/div>\n\t\t\t\t<div class=\"elementor-element elementor-element-0c722cf elementor-widget elementor-widget-text-editor\" data-id=\"0c722cf\" data-element_type=\"widget\" data-e-type=\"widget\" data-widget_type=\"text-editor.default\">\n\t\t\t\t<div class=\"elementor-widget-container\">\n\t\t\t\t\t\t\t\t\t<p>The Connecting Europe Facility (hereinafter referred to as &#8220;CEF&#8221;) is aimed at providing European Union financial assistance for the development of trans-European networks through the support of projects of common interest in the sectors of transport, telecommunications, and energy infrastructures and to exploit the potential synergy between these sectors.<\/p><p>In the field of transport, CEF is focused on supporting investments in new transport infrastructure, or renewal and modernization of the existing one. It focuses mainly on cross-border sections and removing bottlenecks and missing sections of the main and global TEN-T network and supporting safe infrastructure. In addition, support can be used to adapt the TEN-T network to the needs of military mobility.  <\/p><p>CEF is administered by the European Executive Agency for Climate, Infrastructure and the Environment (hereafter &#8220;CINEA&#8221;), based in Brussels. CINEA manages European Commission programs that contribute to decarbonization and sustainable growth. <\/p>\t\t\t\t\t\t\t\t<\/div>\n\t\t\t\t<\/div>\n\t\t\t\t<div class=\"elementor-element elementor-element-c19d4a8 elementor-widget elementor-widget-heading\" data-id=\"c19d4a8\" data-element_type=\"widget\" data-e-type=\"widget\" data-widget_type=\"heading.default\">\n\t\t\t\t<div class=\"elementor-widget-container\">\n\t\t\t\t\t<h3 class=\"elementor-heading-title elementor-size-default\">Project description<\/h3>\t\t\t\t<\/div>\n\t\t\t\t<\/div>\n\t\t\t\t<div class=\"elementor-element elementor-element-f72d189 elementor-widget elementor-widget-text-editor\" data-id=\"f72d189\" data-element_type=\"widget\" data-e-type=\"widget\" data-widget_type=\"text-editor.default\">\n\t\t\t\t<div class=\"elementor-widget-container\">\n\t\t\t\t\t\t\t\t\t<p>The objective of the Project is to equip 99 locomotives with on-board ETCS components, compliant with Level 2 Baseline 3.<\/p><p>The project is divided into 2 work packages:<\/p><p>(1) Retrofitting of 29 serial locomotives of the 363.5 series, 28 serial locomotives of the 240 series and 25 serial locomotives of the 742.7 series, 363.5, 28 s\u00e9riov\u00fdch hnac\u00edch vozidel \u0159. 240 a 25 s\u00e9riov\u00fdch hnac\u00edch vozidel \u0159.   742.7,<\/p><p>(2) Fitment of 10 serial locomotives of the 383 series, 2 serial locomotives of the 393 series and 5 locomotives of the 388 series.   388.<\/p><p>Within each of the work packages, a maximum financial support is set in the form of a maximum (fixed) unit contribution. The value of the contribution (financial support) for retrofitting is equal to \u20ac 190,000 for each serial vehicle and for fitment, it amounts \u20ac 45,000\/vehicle. <\/p><p>Thanks to this Project, the implementation of the European Train Control System in the driving vehicles of the \u010cD Cargo fleet and the readiness for the exclusive operation of trains under the supervision of ETCS will be accelerated. At the same time, railway operation safety and interoperability will increase, leading to a more efficient single railway area not only in the Czech Republic. <\/p><p>The project started on 21\/12\/2022 with an expected completion date on 20\/9\/2025.<\/p>\t\t\t\t\t\t\t\t<\/div>\n\t\t\t\t<\/div>\n\t\t\t\t\t<\/div>\n\t\t\t\t<\/div>\n\t\t\t\t<\/div>\n\t\t","protected":false},"excerpt":{"rendered":"<p>Projects CEF 2 2022 &#8211; Project to equip 99 locomotives with ETCS under CEF 2 2022 Connecting Europe Facility Transport: Connecting Europe Facility Transport N\u00e1zev v\u00fdzvy:CEF-T-2022-SIMOBCOEN Project title: Delivery and implementation of the ETCS on-board units L2B3 into selected traction vehicles of \u010cD Cargo, a.s. Registered project No.: 101121883 Program description The Connecting Europe Facility [&hellip;]<\/p>\n","protected":false},"author":1,"featured_media":1442,"parent":1651,"menu_order":0,"comment_status":"closed","ping_status":"closed","template":"","meta":{"_acf_changed":false,"footnotes":""},"class_list":["post-2317","page","type-page","status-publish","has-post-thumbnail","hentry"],"acf":[],"_links":{"self":[{"href":"https:\/\/www.cdcargo.cz\/en\/wp-json\/wp\/v2\/pages\/2317","targetHints":{"allow":["GET"]}}],"collection":[{"href":"https:\/\/www.cdcargo.cz\/en\/wp-json\/wp\/v2\/pages"}],"about":[{"href":"https:\/\/www.cdcargo.cz\/en\/wp-json\/wp\/v2\/types\/page"}],"author":[{"embeddable":true,"href":"https:\/\/www.cdcargo.cz\/en\/wp-json\/wp\/v2\/users\/1"}],"replies":[{"embeddable":true,"href":"https:\/\/www.cdcargo.cz\/en\/wp-json\/wp\/v2\/comments?post=2317"}],"version-history":[{"count":0,"href":"https:\/\/www.cdcargo.cz\/en\/wp-json\/wp\/v2\/pages\/2317\/revisions"}],"up":[{"embeddable":true,"href":"https:\/\/www.cdcargo.cz\/en\/wp-json\/wp\/v2\/pages\/1651"}],"wp:featuredmedia":[{"embeddable":true,"href":"https:\/\/www.cdcargo.cz\/en\/wp-json\/wp\/v2\/media\/1442"}],"wp:attachment":[{"href":"https:\/\/www.cdcargo.cz\/en\/wp-json\/wp\/v2\/media?parent=2317"}],"curies":[{"name":"wp","href":"https:\/\/api.w.org\/{rel}","templated":true}]}}