{"id":2322,"date":"2025-07-19T08:05:17","date_gmt":"2025-07-19T08:05:17","guid":{"rendered":"https:\/\/www.cdcargo.cz\/projects\/i-call-sokv-ceske-budejovice-rotunda-ii-energy-saving-project\/"},"modified":"2026-01-21T10:00:55","modified_gmt":"2026-01-21T10:00:55","slug":"i-call-sokv-ceske-budejovice-rotunda-ii-energy-saving-project","status":"publish","type":"page","link":"https:\/\/www.cdcargo.cz\/en\/projects\/i-call-sokv-ceske-budejovice-rotunda-ii-energy-saving-project\/","title":{"rendered":"Call I &#8211; SOKV \u010cesk\u00e9 Bud\u011bjovice &#8211; Rotunda II &#8211; Energy saving project"},"content":{"rendered":"\t\t<div data-elementor-type=\"wp-page\" data-elementor-id=\"2322\" class=\"elementor elementor-2322 elementor-2031\" data-elementor-post-type=\"page\">\n\t\t\t\t<div data-particle_enable=\"false\" data-particle-mobile-disabled=\"false\" class=\"elementor-element elementor-element-b4fbe20 e-flex e-con-boxed e-con e-parent\" data-id=\"b4fbe20\" data-element_type=\"container\" data-e-type=\"container\" data-settings=\"{&quot;background_background&quot;:&quot;classic&quot;}\">\n\t\t\t\t\t<div class=\"e-con-inner\">\n\t\t\t\t<div class=\"elementor-element elementor-element-c610d40 elementor-widget elementor-widget-heading\" data-id=\"c610d40\" data-element_type=\"widget\" data-e-type=\"widget\" data-widget_type=\"heading.default\">\n\t\t\t\t<div class=\"elementor-widget-container\">\n\t\t\t\t\t<h1 class=\"elementor-heading-title elementor-size-default\">Projects<\/h1>\t\t\t\t<\/div>\n\t\t\t\t<\/div>\n\t\t\t\t<div class=\"elementor-element elementor-element-3d5746e no-icon elementor-widget elementor-widget-heading\" data-id=\"3d5746e\" data-element_type=\"widget\" data-e-type=\"widget\" data-widget_type=\"heading.default\">\n\t\t\t\t<div class=\"elementor-widget-container\">\n\t\t\t\t\t<h2 class=\"elementor-heading-title elementor-size-default\">Technologies and Applications for Competitiveness - Call I - SOKV \u010cesk\u00e9 Bud\u011bjovice - Rotunda II - Energy saving project <\/h2>\t\t\t\t<\/div>\n\t\t\t\t<\/div>\n\t\t\t\t\t<\/div>\n\t\t\t\t<\/div>\n\t\t<div data-particle_enable=\"false\" data-particle-mobile-disabled=\"false\" class=\"elementor-element elementor-element-ef44a59 e-flex e-con-boxed e-con e-parent\" data-id=\"ef44a59\" data-element_type=\"container\" data-e-type=\"container\">\n\t\t\t\t\t<div class=\"e-con-inner\">\n\t\t\t\t<div class=\"elementor-element elementor-element-f6f4374 elementor-widget elementor-widget-image\" data-id=\"f6f4374\" data-element_type=\"widget\" data-e-type=\"widget\" data-widget_type=\"image.default\">\n\t\t\t\t<div class=\"elementor-widget-container\">\n\t\t\t\t\t\t\t\t\t\t\t\t\t\t\t<img fetchpriority=\"high\" decoding=\"async\" width=\"800\" height=\"151\" src=\"https:\/\/www.cdcargo.cz\/wp-content\/uploads\/2025\/07\/EU_RR-MPO.webp\" class=\"attachment-2048x2048 size-2048x2048 wp-image-1905\" alt=\"\" \/>\t\t\t\t\t\t\t\t\t\t\t\t\t\t\t<\/div>\n\t\t\t\t<\/div>\n\t\t\t\t<div class=\"elementor-element elementor-element-4fd78d2 elementor-widget elementor-widget-text-editor\" data-id=\"4fd78d2\" data-element_type=\"widget\" data-e-type=\"widget\" data-widget_type=\"text-editor.default\">\n\t\t\t\t<div class=\"elementor-widget-container\">\n\t\t\t\t\t\t\t\t\t<p><strong>Program title: <\/strong>Technologies and applications for competitiveness (hereinafter referred to as &#8220;the Programme&#8221;)<\/p><p><strong>Call title:<\/strong> Energy savings \u2013 Call I. (hereinafter referred to as \u201cthe Call\u201c)<\/p><p><strong>Project title: <\/strong>SOKV \u010cesk\u00e9 Bud\u011bjovice \u2013 Rotunda II. \u2013 Energy saving project (\u201chereinafter referred to as \u201cthe Project\u201d) <\/p><p><b>This Project is co-funded by the European Union on the basis of a decision of the Ministry of Industry and Trade.<\/b><\/p>\t\t\t\t\t\t\t\t<\/div>\n\t\t\t\t<\/div>\n\t\t\t\t<div class=\"elementor-element elementor-element-a77d191 elementor-widget elementor-widget-heading\" data-id=\"a77d191\" data-element_type=\"widget\" data-e-type=\"widget\" data-widget_type=\"heading.default\">\n\t\t\t\t<div class=\"elementor-widget-container\">\n\t\t\t\t\t<h3 class=\"elementor-heading-title elementor-size-default\">Basic information about the Operational Program<\/h3>\t\t\t\t<\/div>\n\t\t\t\t<\/div>\n\t\t\t\t<div class=\"elementor-element elementor-element-0c722cf elementor-widget elementor-widget-text-editor\" data-id=\"0c722cf\" data-element_type=\"widget\" data-e-type=\"widget\" data-widget_type=\"text-editor.default\">\n\t\t\t\t<div class=\"elementor-widget-container\">\n\t\t\t\t\t\t\t\t\t<p>\u010cD Cargo has applied for financial support for the implementation of a project related to the reduction of the energy consumption of the Rotunda II building owned by the SOKV \u010cesk\u00e9 Bud\u011bjovice under the Technologies and Applications for Competitiveness Programme, Energy Savings &#8211; Call I, funded by the European Regional Development Fund, whose managing authority is the Ministry of Industry and Trade of the Czech Republic.<\/p><p>C\u00edlem Programu, a stejn\u011b tak V\u00fdzvy, byla podpora realizace projekt\u016f, kter\u00e9 vedou ke sn\u00ed\u017een\u00ed emis\u00ed sklen\u00edkov\u00fdch plyn\u016f, modernizaci energetick\u00fdch syst\u00e9m\u016f a zv\u00fd\u0161en\u00ed pod\u00edlu obnoviteln\u00fdch zdroj\u016f energie na kone\u010dn\u00e9 spot\u0159eb\u011b energie. Pomoc\u00ed podporovan\u00fdch opat\u0159en\u00ed pak bylo dosa\u017eeno \u00faspory kone\u010dn\u00e9 spot\u0159eby energie. Pl\u00e1novan\u00e1 alokace V\u00fdzvy \u010dinila pro roky 2021 \u2013 2027 celkem 81,5 mld. K\u010d. Stanoven\u00ed celkov\u00e9 maxim\u00e1ln\u00ed v\u00fd\u0161e podpory pro projekt \u010cD Cargo bylo nastaveno dle v\u00fd\u0161e zp\u016fsobil\u00fdch n\u00e1klad\u016f dle pravidel dota\u010dn\u00ed V\u00fdzvy.    <\/p>\t\t\t\t\t\t\t\t<\/div>\n\t\t\t\t<\/div>\n\t\t\t\t<div class=\"elementor-element elementor-element-c19d4a8 elementor-widget elementor-widget-heading\" data-id=\"c19d4a8\" data-element_type=\"widget\" data-e-type=\"widget\" data-widget_type=\"heading.default\">\n\t\t\t\t<div class=\"elementor-widget-container\">\n\t\t\t\t\t<h3 class=\"elementor-heading-title elementor-size-default\">Project description<\/h3>\t\t\t\t<\/div>\n\t\t\t\t<\/div>\n\t\t\t\t<div class=\"elementor-element elementor-element-f72d189 elementor-widget elementor-widget-text-editor\" data-id=\"f72d189\" data-element_type=\"widget\" data-e-type=\"widget\" data-widget_type=\"text-editor.default\">\n\t\t\t\t<div class=\"elementor-widget-container\">\n\t\t\t\t\t\t\t\t\t<p>The subject of this Project was to reduce the energy consumption of the Rotunda II building and related extensions on the premises of the Rolling Stock Repair Center in \u010cesk\u00e9 Bud\u011bjovice owned by \u010cD Cargo, a.s., by means of insulation of the shell building structure, replacement and renovation of doors and windows, replacement of lighting and other construction measures having a proven impact on the energy consumption of the buildings, including the installation of external shading elements. The Rotunda II building is used for the repair of rolling stock, with specialist workshops in the extensions. <\/p><p>These measures have led to a significant reduction in electricity and heating consumption and costs from non-renewable sources, amounting to 1,715.61 MWh\/year, which represents a saving of 68%. The annual energy savings show that the project&#8217;s outputs will have a very significant positive impact on the environment, both in the immediate vicinity, the region, and the entire Czech Republic as an EU member state. The activities in question also generate lower emissions through lower energy consumption.  <\/p><p>The total estimated cost of the project, as determined by \u010cD Cargo prior to the tender, was CZK 27.4 million, of which total eligible expenditure amounted to CZK 15.4 million. The amount of subsidy support from recognized eligible costs was CZK 5.4 million. The construction was completed on September 19, 2025, the date of issue of the occupancy permit.     <\/p>\t\t\t\t\t\t\t\t<\/div>\n\t\t\t\t<\/div>\n\t\t\t\t\t<\/div>\n\t\t\t\t<\/div>\n\t\t\t\t<\/div>\n\t\t","protected":false},"excerpt":{"rendered":"<p>Projects Technologies and Applications for Competitiveness &#8211; Call I &#8211; SOKV \u010cesk\u00e9 Bud\u011bjovice &#8211; Rotunda II &#8211; Energy saving project Program title: Technologies and applications for competitiveness (hereinafter referred to as &#8220;the Programme&#8221;) Call title: Energy savings \u2013 Call I. (hereinafter referred to as \u201cthe Call\u201c) Project title: SOKV \u010cesk\u00e9 Bud\u011bjovice \u2013 Rotunda II. \u2013 [&hellip;]<\/p>\n","protected":false},"author":1,"featured_media":1442,"parent":1651,"menu_order":0,"comment_status":"closed","ping_status":"closed","template":"","meta":{"_acf_changed":false,"footnotes":""},"class_list":["post-2322","page","type-page","status-publish","has-post-thumbnail","hentry"],"acf":[],"_links":{"self":[{"href":"https:\/\/www.cdcargo.cz\/en\/wp-json\/wp\/v2\/pages\/2322","targetHints":{"allow":["GET"]}}],"collection":[{"href":"https:\/\/www.cdcargo.cz\/en\/wp-json\/wp\/v2\/pages"}],"about":[{"href":"https:\/\/www.cdcargo.cz\/en\/wp-json\/wp\/v2\/types\/page"}],"author":[{"embeddable":true,"href":"https:\/\/www.cdcargo.cz\/en\/wp-json\/wp\/v2\/users\/1"}],"replies":[{"embeddable":true,"href":"https:\/\/www.cdcargo.cz\/en\/wp-json\/wp\/v2\/comments?post=2322"}],"version-history":[{"count":0,"href":"https:\/\/www.cdcargo.cz\/en\/wp-json\/wp\/v2\/pages\/2322\/revisions"}],"up":[{"embeddable":true,"href":"https:\/\/www.cdcargo.cz\/en\/wp-json\/wp\/v2\/pages\/1651"}],"wp:featuredmedia":[{"embeddable":true,"href":"https:\/\/www.cdcargo.cz\/en\/wp-json\/wp\/v2\/media\/1442"}],"wp:attachment":[{"href":"https:\/\/www.cdcargo.cz\/en\/wp-json\/wp\/v2\/media?parent=2322"}],"curies":[{"name":"wp","href":"https:\/\/api.w.org\/{rel}","templated":true}]}}