{"id":2349,"date":"2025-07-19T08:51:28","date_gmt":"2025-07-19T08:51:28","guid":{"rendered":"https:\/\/www.cdcargo.cz\/projects\/research-on-the-operational-aspects-of-the-intelligent-end-of-the-train\/"},"modified":"2025-09-04T09:19:28","modified_gmt":"2025-09-04T09:19:28","slug":"research-on-the-operational-aspects-of-the-intelligent-end-of-the-train","status":"publish","type":"page","link":"https:\/\/www.cdcargo.cz\/en\/projects\/research-on-the-operational-aspects-of-the-intelligent-end-of-the-train\/","title":{"rendered":"Research on the operational aspects of the intelligent end of the train"},"content":{"rendered":"\t\t<div data-elementor-type=\"wp-page\" data-elementor-id=\"2349\" class=\"elementor elementor-2349 elementor-2075\" data-elementor-post-type=\"page\">\n\t\t\t\t<div data-particle_enable=\"false\" data-particle-mobile-disabled=\"false\" class=\"elementor-element elementor-element-b4fbe20 e-flex e-con-boxed e-con e-parent\" data-id=\"b4fbe20\" data-element_type=\"container\" data-e-type=\"container\" data-settings=\"{&quot;background_background&quot;:&quot;classic&quot;}\">\n\t\t\t\t\t<div class=\"e-con-inner\">\n\t\t\t\t<div class=\"elementor-element elementor-element-c610d40 elementor-widget elementor-widget-heading\" data-id=\"c610d40\" data-element_type=\"widget\" data-e-type=\"widget\" data-widget_type=\"heading.default\">\n\t\t\t\t<div class=\"elementor-widget-container\">\n\t\t\t\t\t<h1 class=\"elementor-heading-title elementor-size-default\">Projects<\/h1>\t\t\t\t<\/div>\n\t\t\t\t<\/div>\n\t\t\t\t<div class=\"elementor-element elementor-element-3d5746e no-icon elementor-widget elementor-widget-heading\" data-id=\"3d5746e\" data-element_type=\"widget\" data-e-type=\"widget\" data-widget_type=\"heading.default\">\n\t\t\t\t<div class=\"elementor-widget-container\">\n\t\t\t\t\t<h2 class=\"elementor-heading-title elementor-size-default\">Research on the operational aspects of the intelligent end of the train<\/h2>\t\t\t\t<\/div>\n\t\t\t\t<\/div>\n\t\t\t\t\t<\/div>\n\t\t\t\t<\/div>\n\t\t<div data-particle_enable=\"false\" data-particle-mobile-disabled=\"false\" class=\"elementor-element elementor-element-ef44a59 e-flex e-con-boxed e-con e-parent\" data-id=\"ef44a59\" data-element_type=\"container\" data-e-type=\"container\">\n\t\t\t\t\t<div class=\"e-con-inner\">\n\t\t\t\t<div class=\"elementor-element elementor-element-f6f4374 elementor-widget elementor-widget-image\" data-id=\"f6f4374\" data-element_type=\"widget\" data-e-type=\"widget\" data-widget_type=\"image.default\">\n\t\t\t\t<div class=\"elementor-widget-container\">\n\t\t\t\t\t\t\t\t\t\t\t\t\t\t\t<img fetchpriority=\"high\" decoding=\"async\" width=\"650\" height=\"177\" src=\"https:\/\/www.cdcargo.cz\/wp-content\/uploads\/2025\/07\/tacr_doprava2020.webp\" class=\"attachment-full size-full wp-image-2078\" alt=\"\" \/>\t\t\t\t\t\t\t\t\t\t\t\t\t\t\t<\/div>\n\t\t\t\t<\/div>\n\t\t\t\t<div class=\"elementor-element elementor-element-4fd78d2 elementor-widget elementor-widget-text-editor\" data-id=\"4fd78d2\" data-element_type=\"widget\" data-e-type=\"widget\" data-widget_type=\"text-editor.default\">\n\t\t\t\t<div class=\"elementor-widget-container\">\n\t\t\t\t\t\t\t\t\t<p><b>Program title: <\/b>Programme for support of applied research, experimental development, and innovation in the field of transport \u2013 DOPRAVA 2020+ (hereinafter referred to as &#8220;the Programme&#8221;)<\/p><p><b>Project title: <\/b>Research on the operational aspects of the intelligent end of train (hereinafter referred to as the &#8220;Project&#8221;<\/p>\t\t\t\t\t\t\t\t<\/div>\n\t\t\t\t<\/div>\n\t\t\t\t<div class=\"elementor-element elementor-element-a77d191 elementor-widget elementor-widget-heading\" data-id=\"a77d191\" data-element_type=\"widget\" data-e-type=\"widget\" data-widget_type=\"heading.default\">\n\t\t\t\t<div class=\"elementor-widget-container\">\n\t\t\t\t\t<h3 class=\"elementor-heading-title elementor-size-default\">Basic information on the Programme<\/h3>\t\t\t\t<\/div>\n\t\t\t\t<\/div>\n\t\t\t\t<div class=\"elementor-element elementor-element-0c722cf elementor-widget elementor-widget-text-editor\" data-id=\"0c722cf\" data-element_type=\"widget\" data-e-type=\"widget\" data-widget_type=\"text-editor.default\">\n\t\t\t\t<div class=\"elementor-widget-container\">\n\t\t\t\t\t\t\t\t\t<p>Within the framework of the Programme for support of applied research, experimental development, and innovation in the field of transport \u2013 DOPRAVA 2020+, co-financed by the European Union, whose managing body is the Technology Agency of the Czech Republic, \u010cD Cargo has joined the application for financial support for the implementation of the project Research on operational aspects of the intelligent end of train as another applicant.<\/p><p>The aim of the Programme is to develop the transport sector through the outputs, results and impacts of the supported projects in a way that reflects societal needs, accelerates the technological and knowledge development of the country, and thus to contribute to the growth of the Czech Republic&#8217;s competitiveness. The planned allocation of the Programme for 2020 \u2013 2026 is CZK 1.95 billion. The expected average intensity of support for individual projects is 80%.   <\/p>\t\t\t\t\t\t\t\t<\/div>\n\t\t\t\t<\/div>\n\t\t\t\t<div class=\"elementor-element elementor-element-c19d4a8 elementor-widget elementor-widget-heading\" data-id=\"c19d4a8\" data-element_type=\"widget\" data-e-type=\"widget\" data-widget_type=\"heading.default\">\n\t\t\t\t<div class=\"elementor-widget-container\">\n\t\t\t\t\t<h3 class=\"elementor-heading-title elementor-size-default\">Project description<\/h3>\t\t\t\t<\/div>\n\t\t\t\t<\/div>\n\t\t\t\t<div class=\"elementor-element elementor-element-f72d189 elementor-widget elementor-widget-text-editor\" data-id=\"f72d189\" data-element_type=\"widget\" data-e-type=\"widget\" data-widget_type=\"text-editor.default\">\n\t\t\t\t<div class=\"elementor-widget-container\">\n\t\t\t\t\t\t\t\t\t<p>The main objective of the Project is the development and operational verification of a working sample of the &#8220;Intelligent End of Train&#8221; device. In particular, its transmission, measuring, control and power supply system will be implemented. The whole system will be verified in the operational conditions of rail freight transport. The resulting functional sample should contain components and functional algorithms to enable the realization of a prototype and subsequent mass production of a commercial product to be deployed as a constituent of interoperability on the EU railways.   <\/p>\n<p>This Project is implemented in cooperation with the Czech Technical University in Prague (the main beneficiary) and the companies TRS s.r.o. and V\u00fdzkumn\u00fd \u00dastav \u017delezni\u010dn\u00ed, a.s.<\/p>\n<p>The total estimated cost of the Project is CZK 9.89 million. The amount of subsidy for the entire Project is assumed to be CZK 7.29 million with the proportional part for \u010cD Cargo amounting to CZK 0.84 million. The implementation of the Project should be completed by December 31, 2024, in accordance with the terms of the Programme.     <\/p>\t\t\t\t\t\t\t\t<\/div>\n\t\t\t\t<\/div>\n\t\t\t\t\t<\/div>\n\t\t\t\t<\/div>\n\t\t\t\t<\/div>\n\t\t","protected":false},"excerpt":{"rendered":"<p>Projects Research on the operational aspects of the intelligent end of the train Program title: Programme for support of applied research, experimental development, and innovation in the field of transport \u2013 DOPRAVA 2020+ (hereinafter referred to as &#8220;the Programme&#8221;) Project title: Research on the operational aspects of the intelligent end of train (hereinafter referred to [&hellip;]<\/p>\n","protected":false},"author":1,"featured_media":1442,"parent":1651,"menu_order":0,"comment_status":"closed","ping_status":"closed","template":"","meta":{"_acf_changed":false,"footnotes":""},"class_list":["post-2349","page","type-page","status-publish","has-post-thumbnail","hentry"],"acf":[],"_links":{"self":[{"href":"https:\/\/www.cdcargo.cz\/en\/wp-json\/wp\/v2\/pages\/2349","targetHints":{"allow":["GET"]}}],"collection":[{"href":"https:\/\/www.cdcargo.cz\/en\/wp-json\/wp\/v2\/pages"}],"about":[{"href":"https:\/\/www.cdcargo.cz\/en\/wp-json\/wp\/v2\/types\/page"}],"author":[{"embeddable":true,"href":"https:\/\/www.cdcargo.cz\/en\/wp-json\/wp\/v2\/users\/1"}],"replies":[{"embeddable":true,"href":"https:\/\/www.cdcargo.cz\/en\/wp-json\/wp\/v2\/comments?post=2349"}],"version-history":[{"count":0,"href":"https:\/\/www.cdcargo.cz\/en\/wp-json\/wp\/v2\/pages\/2349\/revisions"}],"up":[{"embeddable":true,"href":"https:\/\/www.cdcargo.cz\/en\/wp-json\/wp\/v2\/pages\/1651"}],"wp:featuredmedia":[{"embeddable":true,"href":"https:\/\/www.cdcargo.cz\/en\/wp-json\/wp\/v2\/media\/1442"}],"wp:attachment":[{"href":"https:\/\/www.cdcargo.cz\/en\/wp-json\/wp\/v2\/media?parent=2349"}],"curies":[{"name":"wp","href":"https:\/\/api.w.org\/{rel}","templated":true}]}}