{"id":2426,"date":"2025-07-17T19:43:08","date_gmt":"2025-07-17T19:43:08","guid":{"rendered":"https:\/\/www.cdcargo.cz\/projects\/is-probis-specific-education-of-internal-lecturers-and-employees-of-cd-cargos-information-system-users\/"},"modified":"2025-09-04T09:19:13","modified_gmt":"2025-09-04T09:19:13","slug":"is-probis-specific-education-of-internal-lecturers-and-employees-of-cd-cargos-information-system-users","status":"publish","type":"page","link":"https:\/\/www.cdcargo.cz\/en\/projects\/is-probis-specific-education-of-internal-lecturers-and-employees-of-cd-cargos-information-system-users\/","title":{"rendered":"IS PROBIS &#8211; Specific education of internal lecturers and employees of \u2013 CD Cargo&#8217;s information system users"},"content":{"rendered":"\t\t<div data-elementor-type=\"wp-page\" data-elementor-id=\"2426\" class=\"elementor elementor-2426 elementor-1223\" data-elementor-post-type=\"page\">\n\t\t\t\t<div data-particle_enable=\"false\" data-particle-mobile-disabled=\"false\" class=\"elementor-element elementor-element-b4fbe20 e-flex e-con-boxed e-con e-parent\" data-id=\"b4fbe20\" data-element_type=\"container\" data-e-type=\"container\" data-settings=\"{&quot;background_background&quot;:&quot;classic&quot;}\">\n\t\t\t\t\t<div class=\"e-con-inner\">\n\t\t\t\t<div class=\"elementor-element elementor-element-c610d40 elementor-widget elementor-widget-heading\" data-id=\"c610d40\" data-element_type=\"widget\" data-e-type=\"widget\" data-widget_type=\"heading.default\">\n\t\t\t\t<div class=\"elementor-widget-container\">\n\t\t\t\t\t<h1 class=\"elementor-heading-title elementor-size-default\">Projects<\/h1>\t\t\t\t<\/div>\n\t\t\t\t<\/div>\n\t\t\t\t<div class=\"elementor-element elementor-element-3d5746e no-icon elementor-widget elementor-widget-heading\" data-id=\"3d5746e\" data-element_type=\"widget\" data-e-type=\"widget\" data-widget_type=\"heading.default\">\n\t\t\t\t<div class=\"elementor-widget-container\">\n\t\t\t\t\t<h2 class=\"elementor-heading-title elementor-size-default\">IS PROBIS - Education<\/h2>\t\t\t\t<\/div>\n\t\t\t\t<\/div>\n\t\t\t\t\t<\/div>\n\t\t\t\t<\/div>\n\t\t<div data-particle_enable=\"false\" data-particle-mobile-disabled=\"false\" class=\"elementor-element elementor-element-ef44a59 e-flex e-con-boxed e-con e-parent\" data-id=\"ef44a59\" data-element_type=\"container\" data-e-type=\"container\">\n\t\t\t\t\t<div class=\"e-con-inner\">\n\t\t\t\t<div class=\"elementor-element elementor-element-2a1bb5b elementor-widget elementor-widget-heading\" data-id=\"2a1bb5b\" data-element_type=\"widget\" data-e-type=\"widget\" data-widget_type=\"heading.default\">\n\t\t\t\t<div class=\"elementor-widget-container\">\n\t\t\t\t\t<h3 class=\"elementor-heading-title elementor-size-default\">Specific training of internal lecturers and employees \u2013 users of information systems of \u010cD Cargo, a.s.<\/h3>\t\t\t\t<\/div>\n\t\t\t\t<\/div>\n\t\t\t\t<div class=\"elementor-element elementor-element-9fc85de elementor-widget elementor-widget-text-editor\" data-id=\"9fc85de\" data-element_type=\"widget\" data-e-type=\"widget\" data-widget_type=\"text-editor.default\">\n\t\t\t\t<div class=\"elementor-widget-container\">\n\t\t\t\t\t\t\t\t\t<p>The project is co-funded from the resources of ESF and the Ministry of Industry &amp; Trade.<\/p><p><strong>Implementation period:<\/strong> March 2011 &#8211; October 2012<br><strong>Project budget: <\/strong>CZK 10,184,044.08<br><strong>Grant from the funds of ESF and state budget: <\/strong>CZK 2,546,011.02; 1.636 employees &#8211; CD Cargo&#8217;s information system users<br><strong>Target group: <\/strong>1,636 employees \u2013 users of \u010cD Cargo information systems<\/p>\t\t\t\t\t\t\t\t<\/div>\n\t\t\t\t<\/div>\n\t\t\t\t<div class=\"elementor-element elementor-element-f6f4374 elementor-widget elementor-widget-image\" data-id=\"f6f4374\" data-element_type=\"widget\" data-e-type=\"widget\" data-widget_type=\"image.default\">\n\t\t\t\t<div class=\"elementor-widget-container\">\n\t\t\t\t\t\t\t\t\t\t\t\t\t\t\t<img fetchpriority=\"high\" decoding=\"async\" width=\"1680\" height=\"182\" src=\"https:\/\/www.cdcargo.cz\/wp-content\/uploads\/2025\/07\/esf_logo.jpg\" class=\"attachment-full size-full wp-image-1642\" alt=\"\" srcset=\"https:\/\/www.cdcargo.cz\/wp-content\/uploads\/2025\/07\/esf_logo.jpg 1680w, https:\/\/www.cdcargo.cz\/wp-content\/uploads\/2025\/07\/esf_logo-300x33.jpg 300w, https:\/\/www.cdcargo.cz\/wp-content\/uploads\/2025\/07\/esf_logo-1024x111.jpg 1024w, https:\/\/www.cdcargo.cz\/wp-content\/uploads\/2025\/07\/esf_logo-768x83.jpg 768w, https:\/\/www.cdcargo.cz\/wp-content\/uploads\/2025\/07\/esf_logo-1536x166.jpg 1536w, https:\/\/www.cdcargo.cz\/wp-content\/uploads\/2025\/07\/esf_logo-18x2.jpg 18w\" sizes=\"(max-width: 1680px) 100vw, 1680px\" \/>\t\t\t\t\t\t\t\t\t\t\t\t\t\t\t<\/div>\n\t\t\t\t<\/div>\n\t\t\t\t<div class=\"elementor-element elementor-element-0c722cf elementor-widget elementor-widget-text-editor\" data-id=\"0c722cf\" data-element_type=\"widget\" data-e-type=\"widget\" data-widget_type=\"text-editor.default\">\n\t\t\t\t<div class=\"elementor-widget-container\">\n\t\t\t\t\t\t\t\t\t<p>The aim of the project is training of the operating employees, and creation of a concept of education in the area of information system that are used in the operational section of the company. Integral part is also creation of two electronic courses that will adequately complement the attendance training of employees. <\/p><p>The content of the project is creation of an educational system for rare information systems used across CD Cargo, such as DISC \u2013 operative management system, APS &#8211; system for registering the attendance of operating employees, EROZA &#8211; system interface for communication with customers, etc. Operating employees will be trained by internal lecturers selected from CD Cargo employees that are responsible for the administration and management of individual information systems.  <\/p><p>Besides the education in the area of operational information systems, the project will offer a possibility to get familiar with the CD Cargo&#8217;s application portal. It is a database environment created primarily for the needs of the company<\/p><p>Last but not lease, internal SAP lecturers will get trained that will get knowledge in the sphere of using specific CD-Cargo-tailor-made SAP tools<\/p><p>The content of two e-learning courses will focus on both the operational area and the application portal area. Both lessons will include a simulation software, user manual or trainings to be used by employee to test data entry.<br>The activities of the project are focused mostly on specific education that is intended to be utilized only for a selected group of CD Cargo, a.s. employees. <\/p>\t\t\t\t\t\t\t\t<\/div>\n\t\t\t\t<\/div>\n\t\t\t\t<div class=\"elementor-element elementor-element-74fa16b elementor-widget elementor-widget-wpdm_packages_auto\" data-id=\"74fa16b\" data-element_type=\"widget\" data-e-type=\"widget\" data-widget_type=\"wpdm_packages_auto.default\">\n\t\t\t\t<div class=\"elementor-widget-container\">\n\t\t\t\t\t<div class='w3eden'>\n    <div class=''>\n\n        \n        <div id=\"content_wpdm_package_1\">\n            <div class='row'><div class='col-lg-12 col-md-12 col-12'><!-- WPDM Link Template: Call to Action 3 (klikac\u00ed box & n\u00e1zev) -->\n\n<div class=\"well c2a3 cdcargo-dl-cta dl-box-clickable\">\n    <div class=\"dl-cta-flex\">\n        <div class=\"dl-cta-icon\">\n            <img decoding=\"async\" class=\"wpdm_icon\" alt=\"Icon\" src=\"https:\/\/www.cdcargo.cz\/wp-content\/plugins\/download-manager\/assets\/file-type-icons\/pdf.svg\" \/>\n        <\/div>\n        <div class=\"dl-cta-content\">\n            <h3 class=\"dl-cta-title dl-title-clickable no-icon\">\n                Final presentation of the project \n            <\/h3>\n            <div class=\"dl-cta-meta\">\n                <i class=\"fas fa-hdd\"><\/i> 0.00 KB\n                <i class=\"far fa-arrow-alt-circle-down\"><\/i> 1 sta\u017een\u00ed\n            <\/div>\n        <\/div>\n        <div class=\"dl-cta-download\">\n            <a class='wpdm-download-link download-on-click btn btn-primary ' rel='nofollow' href='#' data-downloadurl=\"https:\/\/www.cdcargo.cz\/en\/download\/final-presentation-of-the-project\/?wpdmdl=8789&refresh=69def82c9e7b11776220204\">Download<\/a>\n        <\/div>\n    <\/div>\n<\/div>\n<style>\n.cdcargo-dl-cta { margin: 0 0 16px 0; padding: 10px 20px !important; border-radius: 12px; box-shadow: 0 2px 10px rgba(0,0,0,0.05); background: #f5f5f5 !important; border: 1px solid #eee; box-sizing: border-box;}\n.dl-cta-flex { display: flex; align-items: center; flex-wrap: wrap; gap: 16px;}\n.dl-cta-icon { flex: 0 0 48px; display: flex; align-items: center; justify-content: center;}\n.dl-cta-icon .wpdm_icon { height: 42px; width: auto;}\n.dl-cta-content { flex: 1 1 200px; min-width: 0;}\n.dl-cta-title { margin: 0 0 10px 0 !important; font-size: 18px !important; font-weight: 700; color: #002664 !important;}\n.dl-cta-meta { font-size: 0.9rem; font-weight: 400; color: #666; margin: -10px 0 10px 0 !important; display: block;}\n.dl-cta-download { flex: 0 0 auto; display: flex; align-items: center; justify-content: flex-end;}\n.dl-cta-download .btn, .dl-cta-download [class*=\"wpdm-\"] { background: #ffe900 !important; color: #003057 !important; border: none; padding: 10px 22px; font-size: 1rem; border-radius: 0 !important; min-width: 120px; font-weight: 700; text-transform: none; box-shadow: none; transition: background 0.15s, color 0.15s;}\n.dl-cta-download .btn:hover, .dl-cta-download [class*=\"wpdm-\"]:hover { background: #003057 !important; color: #ffe900 !important;}\n@media (max-width: 600px) {\n    .cdcargo-dl-cta { padding: 16px !important; background: #f5f5f5 !important;}\n    .dl-cta-flex { flex-direction: row; align-items: stretch; gap: 12px;}\n    .dl-cta-content { flex: 1 1 10px;}\n    .dl-cta-download { flex-direction: column; width: 100%; align-items: flex-end; justify-content: stretch; margin-top: 0px;}\n    .dl-cta-title { font-size: 16px !important; color: #002664 !important;}\n    .dl-cta-meta { margin-left: 0; display: block; margin-top: 0;}\n    .dl-cta-icon { justify-content: flex-start;}\n}\n<\/style>\n<script>\ndocument.addEventListener('DOMContentLoaded', function() {\n    document.querySelectorAll('.dl-box-clickable').forEach(function(box) {\n        var btn = box.querySelector('.dl-cta-download a, .dl-cta-download button');\n        if (!btn) return;\n        var url = btn.getAttribute('href') || btn.getAttribute('data-href');\n        if (!url) return;\n        \/\/ Kliknut\u00ed na box (krom\u011b tla\u010d\u00edtka)\n        box.addEventListener('click', function(e) {\n            if(e.target.closest('.dl-cta-download')) return;\n            btn.click();\n        });\n        \/\/ Kliknut\u00ed na n\u00e1zev\n        var title = box.querySelector('.dl-title-clickable');\n        if(title) {\n            title.style.cursor = 'pointer';\n            title.addEventListener('click', function(e) {\n                e.preventDefault();\n                window.location = url;\n            });\n        }\n        box.style.cursor = 'pointer';\n    });\n});\n<\/script><\/div><div class='col-lg-12 col-md-12 col-12'><!-- WPDM Link Template: Call to Action 3 (klikac\u00ed box & n\u00e1zev) -->\n\n<div class=\"well c2a3 cdcargo-dl-cta dl-box-clickable\">\n    <div class=\"dl-cta-flex\">\n        <div class=\"dl-cta-icon\">\n            <img decoding=\"async\" class=\"wpdm_icon\" alt=\"Icon\" src=\"https:\/\/www.cdcargo.cz\/wp-content\/plugins\/download-manager\/assets\/file-type-icons\/pdf.svg\" \/>\n        <\/div>\n        <div class=\"dl-cta-content\">\n            <h3 class=\"dl-cta-title dl-title-clickable no-icon\">\n                Update August 2012 \n            <\/h3>\n            <div class=\"dl-cta-meta\">\n                <i class=\"fas fa-hdd\"><\/i> 0.00 KB\n                <i class=\"far fa-arrow-alt-circle-down\"><\/i> [download_count] sta\u017een\u00ed\n            <\/div>\n        <\/div>\n        <div class=\"dl-cta-download\">\n            <a class='wpdm-download-link download-on-click btn btn-primary ' rel='nofollow' href='#' data-downloadurl=\"https:\/\/www.cdcargo.cz\/en\/download\/update-august-2012\/?wpdmdl=8786&refresh=69def82cca3d01776220204\">Download<\/a>\n        <\/div>\n    <\/div>\n<\/div>\n<style>\n.cdcargo-dl-cta { margin: 0 0 16px 0; padding: 10px 20px !important; border-radius: 12px; box-shadow: 0 2px 10px rgba(0,0,0,0.05); background: #f5f5f5 !important; border: 1px solid #eee; box-sizing: border-box;}\n.dl-cta-flex { display: flex; align-items: center; flex-wrap: wrap; gap: 16px;}\n.dl-cta-icon { flex: 0 0 48px; display: flex; align-items: center; justify-content: center;}\n.dl-cta-icon .wpdm_icon { height: 42px; width: auto;}\n.dl-cta-content { flex: 1 1 200px; min-width: 0;}\n.dl-cta-title { margin: 0 0 10px 0 !important; font-size: 18px !important; font-weight: 700; color: #002664 !important;}\n.dl-cta-meta { font-size: 0.9rem; font-weight: 400; color: #666; margin: -10px 0 10px 0 !important; display: block;}\n.dl-cta-download { flex: 0 0 auto; display: flex; align-items: center; justify-content: flex-end;}\n.dl-cta-download .btn, .dl-cta-download [class*=\"wpdm-\"] { background: #ffe900 !important; color: #003057 !important; border: none; padding: 10px 22px; font-size: 1rem; border-radius: 0 !important; min-width: 120px; font-weight: 700; text-transform: none; box-shadow: none; transition: background 0.15s, color 0.15s;}\n.dl-cta-download .btn:hover, .dl-cta-download [class*=\"wpdm-\"]:hover { background: #003057 !important; color: #ffe900 !important;}\n@media (max-width: 600px) {\n    .cdcargo-dl-cta { padding: 16px !important; background: #f5f5f5 !important;}\n    .dl-cta-flex { flex-direction: row; align-items: stretch; gap: 12px;}\n    .dl-cta-content { flex: 1 1 10px;}\n    .dl-cta-download { flex-direction: column; width: 100%; align-items: flex-end; justify-content: stretch; margin-top: 0px;}\n    .dl-cta-title { font-size: 16px !important; color: #002664 !important;}\n    .dl-cta-meta { margin-left: 0; display: block; margin-top: 0;}\n    .dl-cta-icon { justify-content: flex-start;}\n}\n<\/style>\n<script>\ndocument.addEventListener('DOMContentLoaded', function() {\n    document.querySelectorAll('.dl-box-clickable').forEach(function(box) {\n        var btn = box.querySelector('.dl-cta-download a, .dl-cta-download button');\n        if (!btn) return;\n        var url = btn.getAttribute('href') || btn.getAttribute('data-href');\n        if (!url) return;\n        \/\/ Kliknut\u00ed na box (krom\u011b tla\u010d\u00edtka)\n        box.addEventListener('click', function(e) {\n            if(e.target.closest('.dl-cta-download')) return;\n            btn.click();\n        });\n        \/\/ Kliknut\u00ed na n\u00e1zev\n        var title = box.querySelector('.dl-title-clickable');\n        if(title) {\n            title.style.cursor = 'pointer';\n            title.addEventListener('click', function(e) {\n                e.preventDefault();\n                window.location = url;\n            });\n        }\n        box.style.cursor = 'pointer';\n    });\n});\n<\/script><\/div><div class='col-lg-12 col-md-12 col-12'><!-- WPDM Link Template: Call to Action 3 (klikac\u00ed box & n\u00e1zev) -->\n\n<div class=\"well c2a3 cdcargo-dl-cta dl-box-clickable\">\n    <div class=\"dl-cta-flex\">\n        <div class=\"dl-cta-icon\">\n            <img decoding=\"async\" class=\"wpdm_icon\" alt=\"Icon\" src=\"https:\/\/www.cdcargo.cz\/wp-content\/plugins\/download-manager\/assets\/file-type-icons\/pdf.svg\" \/>\n        <\/div>\n        <div class=\"dl-cta-content\">\n            <h3 class=\"dl-cta-title dl-title-clickable no-icon\">\n                Update January 2012 \n            <\/h3>\n            <div class=\"dl-cta-meta\">\n                <i class=\"fas fa-hdd\"><\/i> 0.00 KB\n                <i class=\"far fa-arrow-alt-circle-down\"><\/i> [download_count] sta\u017een\u00ed\n            <\/div>\n        <\/div>\n        <div class=\"dl-cta-download\">\n            <a class='wpdm-download-link download-on-click btn btn-primary ' rel='nofollow' href='#' data-downloadurl=\"https:\/\/www.cdcargo.cz\/en\/download\/update-january-2012\/?wpdmdl=8785&refresh=69def82d006691776220205\">Download<\/a>\n        <\/div>\n    <\/div>\n<\/div>\n<style>\n.cdcargo-dl-cta { margin: 0 0 16px 0; padding: 10px 20px !important; border-radius: 12px; box-shadow: 0 2px 10px rgba(0,0,0,0.05); background: #f5f5f5 !important; border: 1px solid #eee; box-sizing: border-box;}\n.dl-cta-flex { display: flex; align-items: center; flex-wrap: wrap; gap: 16px;}\n.dl-cta-icon { flex: 0 0 48px; display: flex; align-items: center; justify-content: center;}\n.dl-cta-icon .wpdm_icon { height: 42px; width: auto;}\n.dl-cta-content { flex: 1 1 200px; min-width: 0;}\n.dl-cta-title { margin: 0 0 10px 0 !important; font-size: 18px !important; font-weight: 700; color: #002664 !important;}\n.dl-cta-meta { font-size: 0.9rem; font-weight: 400; color: #666; margin: -10px 0 10px 0 !important; display: block;}\n.dl-cta-download { flex: 0 0 auto; display: flex; align-items: center; justify-content: flex-end;}\n.dl-cta-download .btn, .dl-cta-download [class*=\"wpdm-\"] { background: #ffe900 !important; color: #003057 !important; border: none; padding: 10px 22px; font-size: 1rem; border-radius: 0 !important; min-width: 120px; font-weight: 700; text-transform: none; box-shadow: none; transition: background 0.15s, color 0.15s;}\n.dl-cta-download .btn:hover, .dl-cta-download [class*=\"wpdm-\"]:hover { background: #003057 !important; color: #ffe900 !important;}\n@media (max-width: 600px) {\n    .cdcargo-dl-cta { padding: 16px !important; background: #f5f5f5 !important;}\n    .dl-cta-flex { flex-direction: row; align-items: stretch; gap: 12px;}\n    .dl-cta-content { flex: 1 1 10px;}\n    .dl-cta-download { flex-direction: column; width: 100%; align-items: flex-end; justify-content: stretch; margin-top: 0px;}\n    .dl-cta-title { font-size: 16px !important; color: #002664 !important;}\n    .dl-cta-meta { margin-left: 0; display: block; margin-top: 0;}\n    .dl-cta-icon { justify-content: flex-start;}\n}\n<\/style>\n<script>\ndocument.addEventListener('DOMContentLoaded', function() {\n    document.querySelectorAll('.dl-box-clickable').forEach(function(box) {\n        var btn = box.querySelector('.dl-cta-download a, .dl-cta-download button');\n        if (!btn) return;\n        var url = btn.getAttribute('href') || btn.getAttribute('data-href');\n        if (!url) return;\n        \/\/ Kliknut\u00ed na box (krom\u011b tla\u010d\u00edtka)\n        box.addEventListener('click', function(e) {\n            if(e.target.closest('.dl-cta-download')) return;\n            btn.click();\n        });\n        \/\/ Kliknut\u00ed na n\u00e1zev\n        var title = box.querySelector('.dl-title-clickable');\n        if(title) {\n            title.style.cursor = 'pointer';\n            title.addEventListener('click', function(e) {\n                e.preventDefault();\n                window.location = url;\n            });\n        }\n        box.style.cursor = 'pointer';\n    });\n});\n<\/script><\/div><\/div>                    <\/div>\n\n        <div style='clear:both'><\/div>\n    <\/div>\n<\/div>\n\t\t\t\t<\/div>\n\t\t\t\t<\/div>\n\t\t\t\t\t<\/div>\n\t\t\t\t<\/div>\n\t\t\t\t<\/div>\n\t\t","protected":false},"excerpt":{"rendered":"<p>Projects IS PROBIS &#8211; Education Specific training of internal lecturers and employees \u2013 users of information systems of \u010cD Cargo, a.s. The project is co-funded from the resources of ESF and the Ministry of Industry &amp; Trade. Implementation period: March 2011 &#8211; October 2012Project budget: CZK 10,184,044.08Grant from the funds of ESF and state budget: [&hellip;]<\/p>\n","protected":false},"author":1,"featured_media":1442,"parent":1651,"menu_order":0,"comment_status":"closed","ping_status":"closed","template":"","meta":{"_acf_changed":false,"footnotes":""},"class_list":["post-2426","page","type-page","status-publish","has-post-thumbnail","hentry"],"acf":[],"_links":{"self":[{"href":"https:\/\/www.cdcargo.cz\/en\/wp-json\/wp\/v2\/pages\/2426","targetHints":{"allow":["GET"]}}],"collection":[{"href":"https:\/\/www.cdcargo.cz\/en\/wp-json\/wp\/v2\/pages"}],"about":[{"href":"https:\/\/www.cdcargo.cz\/en\/wp-json\/wp\/v2\/types\/page"}],"author":[{"embeddable":true,"href":"https:\/\/www.cdcargo.cz\/en\/wp-json\/wp\/v2\/users\/1"}],"replies":[{"embeddable":true,"href":"https:\/\/www.cdcargo.cz\/en\/wp-json\/wp\/v2\/comments?post=2426"}],"version-history":[{"count":0,"href":"https:\/\/www.cdcargo.cz\/en\/wp-json\/wp\/v2\/pages\/2426\/revisions"}],"up":[{"embeddable":true,"href":"https:\/\/www.cdcargo.cz\/en\/wp-json\/wp\/v2\/pages\/1651"}],"wp:featuredmedia":[{"embeddable":true,"href":"https:\/\/www.cdcargo.cz\/en\/wp-json\/wp\/v2\/media\/1442"}],"wp:attachment":[{"href":"https:\/\/www.cdcargo.cz\/en\/wp-json\/wp\/v2\/media?parent=2426"}],"curies":[{"name":"wp","href":"https:\/\/api.w.org\/{rel}","templated":true}]}}