{"id":2481,"date":"2025-07-21T12:07:29","date_gmt":"2025-07-21T12:07:29","guid":{"rendered":"https:\/\/www.cdcargo.cz\/transport-restriction-and-suspension-zan\/"},"modified":"2025-09-04T09:19:30","modified_gmt":"2025-09-04T09:19:30","slug":"transport-restriction-and-suspension-zan","status":"publish","type":"page","link":"https:\/\/www.cdcargo.cz\/en\/applications\/transport-restriction-and-suspension-zan\/","title":{"rendered":"Transport restriction and suspension (ZAN)"},"content":{"rendered":"\t\t<div data-elementor-type=\"wp-page\" data-elementor-id=\"2481\" class=\"elementor elementor-2481 elementor-2456\" data-elementor-post-type=\"page\">\n\t\t\t\t<div data-particle_enable=\"false\" data-particle-mobile-disabled=\"false\" class=\"elementor-element elementor-element-417fc9e e-flex e-con-boxed e-con e-parent\" data-id=\"417fc9e\" data-element_type=\"container\" data-e-type=\"container\" data-settings=\"{&quot;background_background&quot;:&quot;classic&quot;}\">\n\t\t\t\t\t<div class=\"e-con-inner\">\n\t\t\t\t<div class=\"elementor-element elementor-element-eec8cd1 elementor-widget elementor-widget-heading\" data-id=\"eec8cd1\" data-element_type=\"widget\" data-e-type=\"widget\" data-widget_type=\"heading.default\">\n\t\t\t\t<div class=\"elementor-widget-container\">\n\t\t\t\t\t<h1 class=\"elementor-heading-title elementor-size-default\">Transport restriction and suspension (ZAN)<\/h1>\t\t\t\t<\/div>\n\t\t\t\t<\/div>\n\t\t\t\t<div class=\"elementor-element elementor-element-911a8a7 no-icon elementor-widget elementor-widget-heading\" data-id=\"911a8a7\" data-element_type=\"widget\" data-e-type=\"widget\" data-widget_type=\"heading.default\">\n\t\t\t\t<div class=\"elementor-widget-container\">\n\t\t\t\t\t<h2 class=\"elementor-heading-title elementor-size-default\">Transport restriction and suspension (ZAN)<\/h2>\t\t\t\t<\/div>\n\t\t\t\t<\/div>\n\t\t\t\t\t<\/div>\n\t\t\t\t<\/div>\n\t\t<div data-particle_enable=\"false\" data-particle-mobile-disabled=\"false\" class=\"elementor-element elementor-element-3c5ace6 e-flex e-con-boxed e-con e-parent\" data-id=\"3c5ace6\" data-element_type=\"container\" data-e-type=\"container\">\n\t\t\t\t\t<div class=\"e-con-inner\">\n\t\t\t\t<div class=\"elementor-element elementor-element-1ad5766 elementor-widget elementor-widget-text-editor\" data-id=\"1ad5766\" data-element_type=\"widget\" data-e-type=\"widget\" data-widget_type=\"text-editor.default\">\n\t\t\t\t<div class=\"elementor-widget-container\">\n\t\t\t\t\t\t\t\t\t<p>The transport restriction and suspension or loading of wagon loads (ZAN) are announced upon the following facts:<\/p>\t\t\t\t\t\t\t\t<\/div>\n\t\t\t\t<\/div>\n\t\t\t\t<div class=\"elementor-element elementor-element-1436927 elementor-icon-list--layout-traditional elementor-list-item-link-full_width elementor-widget elementor-widget-icon-list\" data-id=\"1436927\" data-element_type=\"widget\" data-e-type=\"widget\" data-widget_type=\"icon-list.default\">\n\t\t\t\t<div class=\"elementor-widget-container\">\n\t\t\t\t\t\t\t<ul class=\"elementor-icon-list-items\">\n\t\t\t\t\t\t\t<li class=\"elementor-icon-list-item\">\n\t\t\t\t\t\t\t\t\t\t\t<span class=\"elementor-icon-list-icon\">\n\t\t\t\t\t\t\t<svg aria-hidden=\"true\" class=\"e-font-icon-svg e-fas-long-arrow-alt-right\" viewBox=\"0 0 448 512\" xmlns=\"http:\/\/www.w3.org\/2000\/svg\"><path d=\"M313.941 216H12c-6.627 0-12 5.373-12 12v56c0 6.627 5.373 12 12 12h301.941v46.059c0 21.382 25.851 32.09 40.971 16.971l86.059-86.059c9.373-9.373 9.373-24.569 0-33.941l-86.059-86.059c-15.119-15.119-40.971-4.411-40.971 16.971V216z\"><\/path><\/svg>\t\t\t\t\t\t<\/span>\n\t\t\t\t\t\t\t\t\t\t<span class=\"elementor-icon-list-text\">measures issued by the rail administration authority;<\/span>\n\t\t\t\t\t\t\t\t\t<\/li>\n\t\t\t\t\t\t\t\t<li class=\"elementor-icon-list-item\">\n\t\t\t\t\t\t\t\t\t\t\t<span class=\"elementor-icon-list-icon\">\n\t\t\t\t\t\t\t<svg aria-hidden=\"true\" class=\"e-font-icon-svg e-fas-long-arrow-alt-right\" viewBox=\"0 0 448 512\" xmlns=\"http:\/\/www.w3.org\/2000\/svg\"><path d=\"M313.941 216H12c-6.627 0-12 5.373-12 12v56c0 6.627 5.373 12 12 12h301.941v46.059c0 21.382 25.851 32.09 40.971 16.971l86.059-86.059c9.373-9.373 9.373-24.569 0-33.941l-86.059-86.059c-15.119-15.119-40.971-4.411-40.971 16.971V216z\"><\/path><\/svg>\t\t\t\t\t\t<\/span>\n\t\t\t\t\t\t\t\t\t\t<span class=\"elementor-icon-list-text\">measures issued by the administrative authorities entitled to take decisions in the veterinary, phytosanitary, sanitary services, waste management or under an international contract to which the Czech Republic is bound and which was published in the in the Collection of Laws;<\/span>\n\t\t\t\t\t\t\t\t\t<\/li>\n\t\t\t\t\t\t\t\t<li class=\"elementor-icon-list-item\">\n\t\t\t\t\t\t\t\t\t\t\t<span class=\"elementor-icon-list-icon\">\n\t\t\t\t\t\t\t<svg aria-hidden=\"true\" class=\"e-font-icon-svg e-fas-long-arrow-alt-right\" viewBox=\"0 0 448 512\" xmlns=\"http:\/\/www.w3.org\/2000\/svg\"><path d=\"M313.941 216H12c-6.627 0-12 5.373-12 12v56c0 6.627 5.373 12 12 12h301.941v46.059c0 21.382 25.851 32.09 40.971 16.971l86.059-86.059c9.373-9.373 9.373-24.569 0-33.941l-86.059-86.059c-15.119-15.119-40.971-4.411-40.971 16.971V216z\"><\/path><\/svg>\t\t\t\t\t\t<\/span>\n\t\t\t\t\t\t\t\t\t\t<span class=\"elementor-icon-list-text\">unsuitability of the track due to natural disasters, strikes, accidents or reconstruction of the track;<\/span>\n\t\t\t\t\t\t\t\t\t<\/li>\n\t\t\t\t\t\t\t\t<li class=\"elementor-icon-list-item\">\n\t\t\t\t\t\t\t\t\t\t\t<span class=\"elementor-icon-list-icon\">\n\t\t\t\t\t\t\t<svg aria-hidden=\"true\" class=\"e-font-icon-svg e-fas-long-arrow-alt-right\" viewBox=\"0 0 448 512\" xmlns=\"http:\/\/www.w3.org\/2000\/svg\"><path d=\"M313.941 216H12c-6.627 0-12 5.373-12 12v56c0 6.627 5.373 12 12 12h301.941v46.059c0 21.382 25.851 32.09 40.971 16.971l86.059-86.059c9.373-9.373 9.373-24.569 0-33.941l-86.059-86.059c-15.119-15.119-40.971-4.411-40.971 16.971V216z\"><\/path><\/svg>\t\t\t\t\t\t<\/span>\n\t\t\t\t\t\t\t\t\t\t<span class=\"elementor-icon-list-text\">unforeseen interference with the operational capability of the track;<\/span>\n\t\t\t\t\t\t\t\t\t<\/li>\n\t\t\t\t\t\t\t\t<li class=\"elementor-icon-list-item\">\n\t\t\t\t\t\t\t\t\t\t\t<span class=\"elementor-icon-list-icon\">\n\t\t\t\t\t\t\t<svg aria-hidden=\"true\" class=\"e-font-icon-svg e-fas-long-arrow-alt-right\" viewBox=\"0 0 448 512\" xmlns=\"http:\/\/www.w3.org\/2000\/svg\"><path d=\"M313.941 216H12c-6.627 0-12 5.373-12 12v56c0 6.627 5.373 12 12 12h301.941v46.059c0 21.382 25.851 32.09 40.971 16.971l86.059-86.059c9.373-9.373 9.373-24.569 0-33.941l-86.059-86.059c-15.119-15.119-40.971-4.411-40.971 16.971V216z\"><\/path><\/svg>\t\t\t\t\t\t<\/span>\n\t\t\t\t\t\t\t\t\t\t<span class=\"elementor-icon-list-text\">accumulation of transported vehicles or goods on a siding;<\/span>\n\t\t\t\t\t\t\t\t\t<\/li>\n\t\t\t\t\t\t\t\t<li class=\"elementor-icon-list-item\">\n\t\t\t\t\t\t\t\t\t\t\t<span class=\"elementor-icon-list-icon\">\n\t\t\t\t\t\t\t<svg aria-hidden=\"true\" class=\"e-font-icon-svg e-fas-long-arrow-alt-right\" viewBox=\"0 0 448 512\" xmlns=\"http:\/\/www.w3.org\/2000\/svg\"><path d=\"M313.941 216H12c-6.627 0-12 5.373-12 12v56c0 6.627 5.373 12 12 12h301.941v46.059c0 21.382 25.851 32.09 40.971 16.971l86.059-86.059c9.373-9.373 9.373-24.569 0-33.941l-86.059-86.059c-15.119-15.119-40.971-4.411-40.971 16.971V216z\"><\/path><\/svg>\t\t\t\t\t\t<\/span>\n\t\t\t\t\t\t\t\t\t\t<span class=\"elementor-icon-list-text\">accumulation of vehicles or consignments on the track;<\/span>\n\t\t\t\t\t\t\t\t\t<\/li>\n\t\t\t\t\t\t\t\t<li class=\"elementor-icon-list-item\">\n\t\t\t\t\t\t\t\t\t\t\t<span class=\"elementor-icon-list-icon\">\n\t\t\t\t\t\t\t<svg aria-hidden=\"true\" class=\"e-font-icon-svg e-fas-long-arrow-alt-right\" viewBox=\"0 0 448 512\" xmlns=\"http:\/\/www.w3.org\/2000\/svg\"><path d=\"M313.941 216H12c-6.627 0-12 5.373-12 12v56c0 6.627 5.373 12 12 12h301.941v46.059c0 21.382 25.851 32.09 40.971 16.971l86.059-86.059c9.373-9.373 9.373-24.569 0-33.941l-86.059-86.059c-15.119-15.119-40.971-4.411-40.971 16.971V216z\"><\/path><\/svg>\t\t\t\t\t\t<\/span>\n\t\t\t\t\t\t\t\t\t\t<span class=\"elementor-icon-list-text\">at the request of the customer;<\/span>\n\t\t\t\t\t\t\t\t\t<\/li>\n\t\t\t\t\t\t\t\t<li class=\"elementor-icon-list-item\">\n\t\t\t\t\t\t\t\t\t\t\t<span class=\"elementor-icon-list-icon\">\n\t\t\t\t\t\t\t<svg aria-hidden=\"true\" class=\"e-font-icon-svg e-fas-long-arrow-alt-right\" viewBox=\"0 0 448 512\" xmlns=\"http:\/\/www.w3.org\/2000\/svg\"><path d=\"M313.941 216H12c-6.627 0-12 5.373-12 12v56c0 6.627 5.373 12 12 12h301.941v46.059c0 21.382 25.851 32.09 40.971 16.971l86.059-86.059c9.373-9.373 9.373-24.569 0-33.941l-86.059-86.059c-15.119-15.119-40.971-4.411-40.971 16.971V216z\"><\/path><\/svg>\t\t\t\t\t\t<\/span>\n\t\t\t\t\t\t\t\t\t\t<span class=\"elementor-icon-list-text\">poor payment behavior of the customer towards the carrier.<\/span>\n\t\t\t\t\t\t\t\t\t<\/li>\n\t\t\t\t\t\t<\/ul>\n\t\t\t\t\t\t<\/div>\n\t\t\t\t<\/div>\n\t\t\t\t<div class=\"elementor-element elementor-element-95ee599 elementor-widget elementor-widget-text-editor\" data-id=\"95ee599\" data-element_type=\"widget\" data-e-type=\"widget\" data-widget_type=\"text-editor.default\">\n\t\t\t\t<div class=\"elementor-widget-container\">\n\t\t\t\t\t\t\t\t\t<p>\u010cD Cargo responds to these facts by issuing a ZAN document, which lists the various elements of the issued restrictions on services. If there is a ZAN announcement at the request of the customer, the issue of ZAN is charged according to the tariff for the transportation of wagon loads. The ZAN structure is described in <a href=\"https:\/\/www.cdcargo.cz\/en\/shipping-terms\/carriage-conditions\/\">SPP.<\/a>  <\/p><p>The application is accessible only to users after conclusion of the contract. If you are interested, please contact us at <a href=\"mailto:CDCEroza@cdcargo.cz\">CDCEroza@cdcargo.cz.<\/a> <\/p>\t\t\t\t\t\t\t\t<\/div>\n\t\t\t\t<\/div>\n\t\t\t\t<div class=\"elementor-element elementor-element-5ca47d4 elementor-widget elementor-widget-heading\" data-id=\"5ca47d4\" data-element_type=\"widget\" data-e-type=\"widget\" data-widget_type=\"heading.default\">\n\t\t\t\t<div class=\"elementor-widget-container\">\n\t\t\t\t\t<h3 class=\"elementor-heading-title elementor-size-default\">Contact<\/h3>\t\t\t\t<\/div>\n\t\t\t\t<\/div>\n\t\t\t\t<div class=\"elementor-element elementor-element-9851870 elementor-widget__width-inherit elementor-grid-tablet-1 elementor-grid-3 elementor-grid-mobile-1 elementor-widget elementor-widget-loop-grid\" data-id=\"9851870\" data-element_type=\"widget\" data-e-type=\"widget\" data-settings=\"{&quot;template_id&quot;:7841,&quot;columns_tablet&quot;:1,&quot;_skin&quot;:&quot;post&quot;,&quot;columns&quot;:&quot;3&quot;,&quot;columns_mobile&quot;:&quot;1&quot;,&quot;edit_handle_selector&quot;:&quot;[data-elementor-type=\\&quot;loop-item\\&quot;]&quot;,&quot;row_gap&quot;:{&quot;unit&quot;:&quot;px&quot;,&quot;size&quot;:&quot;&quot;,&quot;sizes&quot;:[]},&quot;row_gap_laptop&quot;:{&quot;unit&quot;:&quot;px&quot;,&quot;size&quot;:&quot;&quot;,&quot;sizes&quot;:[]},&quot;row_gap_tablet&quot;:{&quot;unit&quot;:&quot;px&quot;,&quot;size&quot;:&quot;&quot;,&quot;sizes&quot;:[]},&quot;row_gap_mobile&quot;:{&quot;unit&quot;:&quot;px&quot;,&quot;size&quot;:&quot;&quot;,&quot;sizes&quot;:[]}}\" data-widget_type=\"loop-grid.post\">\n\t\t\t\t<div class=\"elementor-widget-container\">\n\t\t\t\t\t\t\t<div class=\"elementor-loop-container elementor-grid\" role=\"list\">\n\t\t<style id=\"loop-7841\">.elementor-7841 .elementor-element.elementor-element-53aaa05{--display:flex;--flex-direction:column;--container-widget-width:100%;--container-widget-height:initial;--container-widget-flex-grow:0;--container-widget-align-self:initial;--flex-wrap-mobile:wrap;--justify-content:space-between;--padding-top:36px;--padding-bottom:36px;--padding-left:36px;--padding-right:36px;}.elementor-7841 .elementor-element.elementor-element-53aaa05:not(.elementor-motion-effects-element-type-background), .elementor-7841 .elementor-element.elementor-element-53aaa05 > .elementor-motion-effects-container > .elementor-motion-effects-layer{background-color:var( --e-global-color-3006314 );}.elementor-7841 .elementor-element.elementor-element-759a51c .elementor-heading-title{color:var( --e-global-color-primary );}.elementor-7841 .elementor-element.elementor-element-72661e6{font-family:var( --e-global-typography-ca5d283-font-family ), Sans-serif;font-size:var( --e-global-typography-ca5d283-font-size );font-weight:var( --e-global-typography-ca5d283-font-weight );line-height:var( --e-global-typography-ca5d283-line-height );letter-spacing:var( --e-global-typography-ca5d283-letter-spacing );word-spacing:var( --e-global-typography-ca5d283-word-spacing );color:var( --e-global-color-primary );}.elementor-7841 .elementor-element.elementor-element-72661e6 > .elementor-widget-container{margin:0px 0px 0px 0px;}.elementor-7841 .elementor-element.elementor-element-acc22fd{font-family:var( --e-global-typography-ca5d283-font-family ), Sans-serif;font-size:var( --e-global-typography-ca5d283-font-size );font-weight:var( --e-global-typography-ca5d283-font-weight );line-height:var( --e-global-typography-ca5d283-line-height );letter-spacing:var( --e-global-typography-ca5d283-letter-spacing );word-spacing:var( --e-global-typography-ca5d283-word-spacing );color:var( --e-global-color-primary );}.elementor-7841 .elementor-element.elementor-element-acc22fd > .elementor-widget-container{margin:-10px 0px 0px 0px;}.elementor-7841 .elementor-element.elementor-element-cc1f542{font-family:var( --e-global-typography-ca5d283-font-family ), Sans-serif;font-size:var( --e-global-typography-ca5d283-font-size );font-weight:var( --e-global-typography-ca5d283-font-weight );line-height:var( --e-global-typography-ca5d283-line-height );letter-spacing:var( --e-global-typography-ca5d283-letter-spacing );word-spacing:var( --e-global-typography-ca5d283-word-spacing );color:var( --e-global-color-primary );}.elementor-7841 .elementor-element.elementor-element-cc1f542 > .elementor-widget-container{margin:-10px 0px 0px 0px;}.elementor-7841 .elementor-element.elementor-element-faa7b53 .elementor-icon-list-items:not(.elementor-inline-items) .elementor-icon-list-item:not(:last-child){padding-block-end:calc(8px\/2);}.elementor-7841 .elementor-element.elementor-element-faa7b53 .elementor-icon-list-items:not(.elementor-inline-items) .elementor-icon-list-item:not(:first-child){margin-block-start:calc(8px\/2);}.elementor-7841 .elementor-element.elementor-element-faa7b53 .elementor-icon-list-items.elementor-inline-items .elementor-icon-list-item{margin-inline:calc(8px\/2);}.elementor-7841 .elementor-element.elementor-element-faa7b53 .elementor-icon-list-items.elementor-inline-items{margin-inline:calc(-8px\/2);}.elementor-7841 .elementor-element.elementor-element-faa7b53 .elementor-icon-list-items.elementor-inline-items .elementor-icon-list-item:after{inset-inline-end:calc(-8px\/2);}.elementor-7841 .elementor-element.elementor-element-faa7b53 .elementor-icon-list-icon i{transition:color 0.3s;}.elementor-7841 .elementor-element.elementor-element-faa7b53 .elementor-icon-list-icon svg{transition:fill 0.3s;}.elementor-7841 .elementor-element.elementor-element-faa7b53{--e-icon-list-icon-size:16px;--icon-vertical-offset:0px;}.elementor-7841 .elementor-element.elementor-element-faa7b53 .elementor-icon-list-item > .elementor-icon-list-text, .elementor-7841 .elementor-element.elementor-element-faa7b53 .elementor-icon-list-item > a{font-family:var( --e-global-typography-ca5d283-font-family ), Sans-serif;font-size:var( --e-global-typography-ca5d283-font-size );font-weight:var( --e-global-typography-ca5d283-font-weight );line-height:var( --e-global-typography-ca5d283-line-height );letter-spacing:var( --e-global-typography-ca5d283-letter-spacing );word-spacing:var( --e-global-typography-ca5d283-word-spacing );}.elementor-7841 .elementor-element.elementor-element-faa7b53 .elementor-icon-list-text{transition:color 0.3s;}.elementor-7841 .elementor-element.elementor-element-faa7b53.elementor-element{--order:99999 \/* order end hack *\/;}@media(max-width:1366px){.elementor-7841 .elementor-element.elementor-element-72661e6{font-size:var( --e-global-typography-ca5d283-font-size );line-height:var( --e-global-typography-ca5d283-line-height );letter-spacing:var( --e-global-typography-ca5d283-letter-spacing );word-spacing:var( --e-global-typography-ca5d283-word-spacing );}.elementor-7841 .elementor-element.elementor-element-acc22fd{font-size:var( --e-global-typography-ca5d283-font-size );line-height:var( --e-global-typography-ca5d283-line-height );letter-spacing:var( --e-global-typography-ca5d283-letter-spacing );word-spacing:var( --e-global-typography-ca5d283-word-spacing );}.elementor-7841 .elementor-element.elementor-element-cc1f542{font-size:var( --e-global-typography-ca5d283-font-size );line-height:var( --e-global-typography-ca5d283-line-height );letter-spacing:var( --e-global-typography-ca5d283-letter-spacing );word-spacing:var( --e-global-typography-ca5d283-word-spacing );}.elementor-7841 .elementor-element.elementor-element-faa7b53 .elementor-icon-list-item > .elementor-icon-list-text, .elementor-7841 .elementor-element.elementor-element-faa7b53 .elementor-icon-list-item > a{font-size:var( --e-global-typography-ca5d283-font-size );line-height:var( --e-global-typography-ca5d283-line-height );letter-spacing:var( --e-global-typography-ca5d283-letter-spacing );word-spacing:var( --e-global-typography-ca5d283-word-spacing );}}@media(max-width:1024px){.elementor-7841 .elementor-element.elementor-element-72661e6{font-size:var( --e-global-typography-ca5d283-font-size );line-height:var( --e-global-typography-ca5d283-line-height );letter-spacing:var( --e-global-typography-ca5d283-letter-spacing );word-spacing:var( --e-global-typography-ca5d283-word-spacing );}.elementor-7841 .elementor-element.elementor-element-acc22fd{font-size:var( --e-global-typography-ca5d283-font-size );line-height:var( --e-global-typography-ca5d283-line-height );letter-spacing:var( --e-global-typography-ca5d283-letter-spacing );word-spacing:var( --e-global-typography-ca5d283-word-spacing );}.elementor-7841 .elementor-element.elementor-element-cc1f542{font-size:var( --e-global-typography-ca5d283-font-size );line-height:var( --e-global-typography-ca5d283-line-height );letter-spacing:var( --e-global-typography-ca5d283-letter-spacing );word-spacing:var( --e-global-typography-ca5d283-word-spacing );}.elementor-7841 .elementor-element.elementor-element-faa7b53 .elementor-icon-list-item > .elementor-icon-list-text, .elementor-7841 .elementor-element.elementor-element-faa7b53 .elementor-icon-list-item > a{font-size:var( --e-global-typography-ca5d283-font-size );line-height:var( --e-global-typography-ca5d283-line-height );letter-spacing:var( --e-global-typography-ca5d283-letter-spacing );word-spacing:var( --e-global-typography-ca5d283-word-spacing );}}@media(max-width:767px){.elementor-7841 .elementor-element.elementor-element-72661e6{font-size:var( --e-global-typography-ca5d283-font-size );line-height:var( --e-global-typography-ca5d283-line-height );letter-spacing:var( --e-global-typography-ca5d283-letter-spacing );word-spacing:var( --e-global-typography-ca5d283-word-spacing );}.elementor-7841 .elementor-element.elementor-element-acc22fd{font-size:var( --e-global-typography-ca5d283-font-size );line-height:var( --e-global-typography-ca5d283-line-height );letter-spacing:var( --e-global-typography-ca5d283-letter-spacing );word-spacing:var( --e-global-typography-ca5d283-word-spacing );}.elementor-7841 .elementor-element.elementor-element-cc1f542{font-size:var( --e-global-typography-ca5d283-font-size );line-height:var( --e-global-typography-ca5d283-line-height );letter-spacing:var( --e-global-typography-ca5d283-letter-spacing );word-spacing:var( --e-global-typography-ca5d283-word-spacing );}.elementor-7841 .elementor-element.elementor-element-faa7b53 .elementor-icon-list-item > .elementor-icon-list-text, .elementor-7841 .elementor-element.elementor-element-faa7b53 .elementor-icon-list-item > a{font-size:var( --e-global-typography-ca5d283-font-size );line-height:var( --e-global-typography-ca5d283-line-height );letter-spacing:var( --e-global-typography-ca5d283-letter-spacing );word-spacing:var( --e-global-typography-ca5d283-word-spacing );}}\/* Start custom CSS for icon-list, class: .elementor-element-faa7b53 *\/.elementor-7841 .elementor-element.elementor-element-faa7b53 a {\n    text-decoration: underline;\n}\/* End custom CSS *\/<\/style>\t\t<div data-elementor-type=\"loop-item\" data-elementor-id=\"7841\" class=\"elementor elementor-7841 e-loop-item e-loop-item-5730 post-5730 kontakt type-kontakt status-publish hentry rubrika-kontaktu-customs-services rubrika-kontaktu-customs-services-en rubrika-kontaktu-zan-consents-for-transportation-puv-on-1-nl\" data-elementor-post-type=\"elementor_library\" data-custom-edit-handle=\"1\">\n\t\t\t<div data-particle_enable=\"false\" data-particle-mobile-disabled=\"false\" class=\"elementor-element elementor-element-53aaa05 e-flex e-con-boxed e-con e-parent\" data-id=\"53aaa05\" data-element_type=\"container\" data-e-type=\"container\" data-settings=\"{&quot;background_background&quot;:&quot;classic&quot;}\">\n\t\t\t\t\t<div class=\"e-con-inner\">\n\t\t\t\t<div class=\"elementor-element elementor-element-759a51c no-icon elementor-widget elementor-widget-heading\" data-id=\"759a51c\" data-element_type=\"widget\" data-e-type=\"widget\" data-widget_type=\"heading.default\">\n\t\t\t\t<div class=\"elementor-widget-container\">\n\t\t\t\t\t<h5 class=\"elementor-heading-title elementor-size-default\">Szczeponiecov\u00e1 Kate\u0159ina<\/h5>\t\t\t\t<\/div>\n\t\t\t\t<\/div>\n\t\t\t\t<div class=\"elementor-element elementor-element-72661e6 elementor-widget elementor-widget-text-editor\" data-id=\"72661e6\" data-element_type=\"widget\" data-e-type=\"widget\" data-widget_type=\"text-editor.default\">\n\t\t\t\t<div class=\"elementor-widget-container\">\n\t\t\t\t\t\t\t\t\t\u010cD Cargo, a.s.\t\t\t\t\t\t\t\t<\/div>\n\t\t\t\t<\/div>\n\t\t\t\t<div class=\"elementor-element elementor-element-acc22fd elementor-widget elementor-widget-text-editor\" data-id=\"acc22fd\" data-element_type=\"widget\" data-e-type=\"widget\" data-widget_type=\"text-editor.default\">\n\t\t\t\t<div class=\"elementor-widget-container\">\n\t\t\t\t\t\t\t\t\tN\u00e1dra\u017en\u00ed 88\/192\t\t\t\t\t\t\t\t<\/div>\n\t\t\t\t<\/div>\n\t\t\t\t<div class=\"elementor-element elementor-element-cc1f542 elementor-widget elementor-widget-text-editor\" data-id=\"cc1f542\" data-element_type=\"widget\" data-e-type=\"widget\" data-widget_type=\"text-editor.default\">\n\t\t\t\t<div class=\"elementor-widget-container\">\n\t\t\t\t\t\t\t\t\t702 00 Ostrava\t\t\t\t\t\t\t\t<\/div>\n\t\t\t\t<\/div>\n\t\t\t\t<div class=\"elementor-element elementor-element-faa7b53 elementor-icon-list--layout-traditional elementor-list-item-link-full_width elementor-widget elementor-widget-icon-list\" data-id=\"faa7b53\" data-element_type=\"widget\" data-e-type=\"widget\" data-widget_type=\"icon-list.default\">\n\t\t\t\t<div class=\"elementor-widget-container\">\n\t\t\t\t\t\t\t<ul class=\"elementor-icon-list-items\">\n\t\t\t\t\t\t\t<li class=\"elementor-icon-list-item\">\n\t\t\t\t\t\t\t\t\t\t\t<a href=\"tel:+420602516405\">\n\n\t\t\t\t\t\t\t\t\t\t\t\t<span class=\"elementor-icon-list-icon\">\n\t\t\t\t\t\t\t<svg xmlns=\"http:\/\/www.w3.org\/2000\/svg\" width=\"16\" height=\"16\"><path d=\"M15.067 16a13.343 13.343 0 0 1-5.489-1.211 16.418 16.418 0 0 1-4.933-3.433 16.418 16.418 0 0 1-3.433-4.933A13.342 13.342 0 0 1 0 .933.9.9 0 0 1 .267.266a.9.9 0 0 1 .667-.267h3.6A.826.826 0 0 1 5.09.21a.812.812 0 0 1 .289.5l.578 3.111a1.567 1.567 0 0 1-.022.6.935.935 0 0 1-.244.422L3.535 7.021A10.751 10.751 0 0 0 4.591 8.61a15.639 15.639 0 0 0 1.344 1.478 15.654 15.654 0 0 0 1.444 1.278 14.052 14.052 0 0 0 1.6 1.078l2.089-2.089a1.244 1.244 0 0 1 .522-.3 1.429 1.429 0 0 1 .633-.056l3.067.622a1.028 1.028 0 0 1 .511.322.783.783 0 0 1 .2.522v3.6a.9.9 0 0 1-.267.667.9.9 0 0 1-.667.268ZM2.689 5.333l1.467-1.467-.378-2.089H1.8q.111.911.311 1.8a9.732 9.732 0 0 0 .578 1.756Zm7.956 7.956a11.03 11.03 0 0 0 1.767.6 10.85 10.85 0 0 0 1.811.289v-1.956l-2.089-.422ZM2.689 5.333Zm7.955 7.956Z\" fill=\"#009fda\"><\/path><\/svg>\t\t\t\t\t\t<\/span>\n\t\t\t\t\t\t\t\t\t\t<span class=\"elementor-icon-list-text\">+420 602 516 405<\/span>\n\t\t\t\t\t\t\t\t\t\t\t<\/a>\n\t\t\t\t\t\t\t\t\t<\/li>\n\t\t\t\t\t\t\t\t<li class=\"elementor-icon-list-item\">\n\t\t\t\t\t\t\t\t\t\t\t<a href=\"mailto:katerina.szczeponiecova@cdcargo.cz\">\n\n\t\t\t\t\t\t\t\t\t\t\t\t<span class=\"elementor-icon-list-icon\">\n\t\t\t\t\t\t\t<svg xmlns=\"http:\/\/www.w3.org\/2000\/svg\" width=\"16\" height=\"12.8\"><path d=\"M1.6 12.8a1.541 1.541 0 0 1-1.13-.47A1.541 1.541 0 0 1 0 11.2V1.6A1.541 1.541 0 0 1 .47.47 1.541 1.541 0 0 1 1.6 0h12.8a1.541 1.541 0 0 1 1.13.47A1.541 1.541 0 0 1 16 1.6v9.6a1.541 1.541 0 0 1-.47 1.13 1.541 1.541 0 0 1-1.13.47ZM8 7.2l-6.4-4v8h12.8v-8Zm0-1.6 6.4-4H1.6ZM1.6 3.2Z\" fill=\"#009fda\"><\/path><\/svg>\t\t\t\t\t\t<\/span>\n\t\t\t\t\t\t\t\t\t\t<span class=\"elementor-icon-list-text\">katerina.szczeponiecova@cdcargo.cz<\/span>\n\t\t\t\t\t\t\t\t\t\t\t<\/a>\n\t\t\t\t\t\t\t\t\t<\/li>\n\t\t\t\t\t\t<\/ul>\n\t\t\t\t\t\t<\/div>\n\t\t\t\t<\/div>\n\t\t\t\t\t<\/div>\n\t\t\t\t<\/div>\n\t\t\t\t<\/div>\n\t\t\t\t<\/div>\n\t\t\n\t\t\t\t\t\t<\/div>\n\t\t\t\t<\/div>\n\t\t\t\t\t<\/div>\n\t\t\t\t<\/div>\n\t\t\t\t<\/div>\n\t\t","protected":false},"excerpt":{"rendered":"<p>Jako jeden z prvn\u00edch \u017eelezni\u010dn\u00edch n\u00e1kladn\u00edch dopravc\u016f jsme pro V\u00e1s p\u0159ipravili revolu\u010dn\u00ed mo\u017enost jak sledovat Objedn\u00e1vky. A to prost\u0159ednictv\u00edm mobiln\u00ed aplikace \u010cDCgo. Chcete m\u00edt p\u0159ehled o objednan\u00e9 p\u0159eprav\u011b u \u010cD Cargo? St\u00e1hn\u011bte si aplikaci \u010cDCgo a sledujte stav p\u0159epravy pr\u00e1zdn\u00fdch a lo\u017een\u00fdch voz\u016f v\u010detn\u011b p\u0159edpokl\u00e1dan\u00e9ho p\u0159\u00edjezdu do stanice ur\u010den\u00ed.   <\/p>\n","protected":false},"author":1,"featured_media":1492,"parent":6109,"menu_order":0,"comment_status":"closed","ping_status":"closed","template":"","meta":{"_acf_changed":false,"footnotes":""},"class_list":["post-2481","page","type-page","status-publish","has-post-thumbnail","hentry"],"acf":[],"_links":{"self":[{"href":"https:\/\/www.cdcargo.cz\/en\/wp-json\/wp\/v2\/pages\/2481","targetHints":{"allow":["GET"]}}],"collection":[{"href":"https:\/\/www.cdcargo.cz\/en\/wp-json\/wp\/v2\/pages"}],"about":[{"href":"https:\/\/www.cdcargo.cz\/en\/wp-json\/wp\/v2\/types\/page"}],"author":[{"embeddable":true,"href":"https:\/\/www.cdcargo.cz\/en\/wp-json\/wp\/v2\/users\/1"}],"replies":[{"embeddable":true,"href":"https:\/\/www.cdcargo.cz\/en\/wp-json\/wp\/v2\/comments?post=2481"}],"version-history":[{"count":0,"href":"https:\/\/www.cdcargo.cz\/en\/wp-json\/wp\/v2\/pages\/2481\/revisions"}],"up":[{"embeddable":true,"href":"https:\/\/www.cdcargo.cz\/en\/wp-json\/wp\/v2\/pages\/6109"}],"wp:featuredmedia":[{"embeddable":true,"href":"https:\/\/www.cdcargo.cz\/en\/wp-json\/wp\/v2\/media\/1492"}],"wp:attachment":[{"href":"https:\/\/www.cdcargo.cz\/en\/wp-json\/wp\/v2\/media?parent=2481"}],"curies":[{"name":"wp","href":"https:\/\/api.w.org\/{rel}","templated":true}]}}