{"id":2734,"date":"2025-07-02T12:10:49","date_gmt":"2025-07-02T12:10:49","guid":{"rendered":"https:\/\/www.cdcargo.cz\/notification-of-the-infringement\/"},"modified":"2025-09-04T09:18:59","modified_gmt":"2025-09-04T09:18:59","slug":"notification-of-the-infringement","status":"publish","type":"page","link":"https:\/\/www.cdcargo.cz\/en\/notification-of-the-infringement\/","title":{"rendered":"Notification of the infringement"},"content":{"rendered":"\t\t<div data-elementor-type=\"wp-page\" data-elementor-id=\"2734\" class=\"elementor elementor-2734 elementor-490\" data-elementor-post-type=\"page\">\n\t\t\t\t<div data-particle_enable=\"false\" data-particle-mobile-disabled=\"false\" class=\"elementor-element elementor-element-b4fbe20 e-flex e-con-boxed e-con e-parent\" data-id=\"b4fbe20\" data-element_type=\"container\" data-e-type=\"container\" data-settings=\"{&quot;background_background&quot;:&quot;classic&quot;}\">\n\t\t\t\t\t<div class=\"e-con-inner\">\n\t\t\t\t<div class=\"elementor-element elementor-element-c610d40 elementor-widget elementor-widget-heading\" data-id=\"c610d40\" data-element_type=\"widget\" data-e-type=\"widget\" data-widget_type=\"heading.default\">\n\t\t\t\t<div class=\"elementor-widget-container\">\n\t\t\t\t\t<h1 class=\"elementor-heading-title elementor-size-default\">Notification of the infringement<\/h1>\t\t\t\t<\/div>\n\t\t\t\t<\/div>\n\t\t\t\t<div class=\"elementor-element elementor-element-c370a47 elementor-widget elementor-widget-heading\" data-id=\"c370a47\" data-element_type=\"widget\" data-e-type=\"widget\" data-widget_type=\"heading.default\">\n\t\t\t\t<div class=\"elementor-widget-container\">\n\t\t\t\t\t<h2 class=\"elementor-heading-title elementor-size-default\">Whistleblowing<\/h2>\t\t\t\t<\/div>\n\t\t\t\t<\/div>\n\t\t\t\t<div class=\"elementor-element elementor-element-fa96e61 elementor-widget__width-initial elementor-widget elementor-widget-text-editor\" data-id=\"fa96e61\" data-element_type=\"widget\" data-e-type=\"widget\" data-widget_type=\"text-editor.default\">\n\t\t\t\t<div class=\"elementor-widget-container\">\n\t\t\t\t\t\t\t\t\t<p>\u010cD Cargo, a.s. accepts notifications from natural persons containing information about a possible unlawful act of which the notifier has become aware in connection with work or other similar activity for \u010cD Cargo, a.s. and which has the characteristics of a criminal offence or misdemeanour or violates a legal regulation or a regulation of the European Union<\/p>\t\t\t\t\t\t\t\t<\/div>\n\t\t\t\t<\/div>\n\t\t\t\t\t<\/div>\n\t\t\t\t<\/div>\n\t\t<div data-particle_enable=\"false\" data-particle-mobile-disabled=\"false\" class=\"elementor-element elementor-element-46b15bf e-flex e-con-boxed e-con e-parent\" data-id=\"46b15bf\" data-element_type=\"container\" data-e-type=\"container\" data-settings=\"{&quot;background_background&quot;:&quot;classic&quot;}\">\n\t\t\t\t\t<div class=\"e-con-inner\">\n\t\t\t\t<div class=\"elementor-element elementor-element-851980b elementor-widget elementor-widget-heading\" data-id=\"851980b\" data-element_type=\"widget\" data-e-type=\"widget\" data-widget_type=\"heading.default\">\n\t\t\t\t<div class=\"elementor-widget-container\">\n\t\t\t\t\t<h3 class=\"elementor-heading-title elementor-size-default\">Basic information<\/h3>\t\t\t\t<\/div>\n\t\t\t\t<\/div>\n\t\t\t\t<div class=\"elementor-element elementor-element-3f88440 elementor-widget elementor-widget-text-editor\" data-id=\"3f88440\" data-element_type=\"widget\" data-e-type=\"widget\" data-widget_type=\"text-editor.default\">\n\t\t\t\t<div class=\"elementor-widget-container\">\n\t\t\t\t\t\t\t\t\t<p>\u010cD Cargo, a.s. accepts notifications from natural persons containing information about a possible unlawful act of which the notifier has become aware in connection with work or other similar activity for \u010cD Cargo, a.s. and which has the characteristics of a criminal offence or misdemeanour or violates a legal regulation or a regulation of the European Union, pursuant to Act No. 171\/2023 Coll., on the protection of whistleblowers, as amended (the &#8220;<strong>Notification<\/strong>&#8221; and the <strong>&#8220;Act<\/strong>&#8220;).<\/p><p>The notification can be submitted through the internal notification system of \u010cD Cargo, a.s. or through the Ministry of Justice. The notification may be made in person, in writing \u2013 in paper form or electronically (by e-mail) \u2013 or by telephone. <\/p>\t\t\t\t\t\t\t\t<\/div>\n\t\t\t\t<\/div>\n\t\t\t\t\t<\/div>\n\t\t\t\t<\/div>\n\t\t<div data-particle_enable=\"false\" data-particle-mobile-disabled=\"false\" class=\"elementor-element elementor-element-abc8e54 e-flex e-con-boxed e-con e-parent\" data-id=\"abc8e54\" data-element_type=\"container\" data-e-type=\"container\" data-settings=\"{&quot;background_background&quot;:&quot;classic&quot;}\">\n\t\t\t\t\t<div class=\"e-con-inner\">\n\t\t\t\t<div class=\"elementor-element elementor-element-75e1dd3 elementor-widget elementor-widget-heading\" data-id=\"75e1dd3\" data-element_type=\"widget\" data-e-type=\"widget\" data-widget_type=\"heading.default\">\n\t\t\t\t<div class=\"elementor-widget-container\">\n\t\t\t\t\t<h3 class=\"elementor-heading-title elementor-size-default\">In writing<\/h3>\t\t\t\t<\/div>\n\t\t\t\t<\/div>\n\t\t\t\t<div class=\"elementor-element elementor-element-40fb43f elementor-widget elementor-widget-text-editor\" data-id=\"40fb43f\" data-element_type=\"widget\" data-e-type=\"widget\" data-widget_type=\"text-editor.default\">\n\t\t\t\t<div class=\"elementor-widget-container\">\n\t\t\t\t\t\t\t\t\t<ol><li>electronically at the e-mail <a href=\"mailto:stiznosti@cdcargo.cz\">stiznosti@cdcargo.cz<\/a><\/li><li>in paper form to:<ul><li>\u010cD Cargo, a. s. <p>Odbor intern\u00edho auditu a compliance (O17)<strong><br><\/strong>Jankovcova 1569\/2c<br>17000 Praha 7 &#8211; Hole\u0161ovice<br>s ozna\u010den\u00edm ob\u00e1lky \u201eWhistleblowing \u2013 NEOTV\u00cdRAT\u201c<\/p><\/li><\/ul><\/li><\/ol>\t\t\t\t\t\t\t\t<\/div>\n\t\t\t\t<\/div>\n\t\t\t\t\t<\/div>\n\t\t\t\t<\/div>\n\t\t<div data-particle_enable=\"false\" data-particle-mobile-disabled=\"false\" class=\"elementor-element elementor-element-6870ded e-flex e-con-boxed e-con e-parent\" data-id=\"6870ded\" data-element_type=\"container\" data-e-type=\"container\" data-settings=\"{&quot;background_background&quot;:&quot;classic&quot;}\">\n\t\t\t\t\t<div class=\"e-con-inner\">\n\t\t\t\t<div class=\"elementor-element elementor-element-0db4f62 elementor-widget elementor-widget-heading\" data-id=\"0db4f62\" data-element_type=\"widget\" data-e-type=\"widget\" data-widget_type=\"heading.default\">\n\t\t\t\t<div class=\"elementor-widget-container\">\n\t\t\t\t\t<h3 class=\"elementor-heading-title elementor-size-default\">Orally<\/h3>\t\t\t\t<\/div>\n\t\t\t\t<\/div>\n\t\t\t\t<div class=\"elementor-element elementor-element-7f0053c elementor-widget elementor-widget-text-editor\" data-id=\"7f0053c\" data-element_type=\"widget\" data-e-type=\"widget\" data-widget_type=\"text-editor.default\">\n\t\t\t\t<div class=\"elementor-widget-container\">\n\t\t\t\t\t\t\t\t\t<ol><li>by telephone at +420 607 039 712 (Monday &#8211; Friday 9.00 &#8211; 15.00 p.m.)<\/li><li>at the request of the whistleblower and in person by prior agreement with the relevant person in the building:<ul><li>\u010cD Cargo, a. s.<br>Odbor intern\u00edho auditu a compliance (O17)<br>Jankovcova 1569\/2c<br>17000 Praha 7 \u2013 Hole\u0161ovice <\/li><\/ul><\/li><\/ol>\t\t\t\t\t\t\t\t<\/div>\n\t\t\t\t<\/div>\n\t\t\t\t\t<\/div>\n\t\t\t\t<\/div>\n\t\t<div data-particle_enable=\"false\" data-particle-mobile-disabled=\"false\" class=\"elementor-element elementor-element-740cf40 e-flex e-con-boxed e-con e-parent\" data-id=\"740cf40\" data-element_type=\"container\" data-e-type=\"container\" data-settings=\"{&quot;background_background&quot;:&quot;classic&quot;}\">\n\t\t\t\t\t<div class=\"e-con-inner\">\n\t\t\t\t<div class=\"elementor-element elementor-element-84301c8 elementor-widget elementor-widget-text-editor\" data-id=\"84301c8\" data-element_type=\"widget\" data-e-type=\"widget\" data-widget_type=\"text-editor.default\">\n\t\t\t\t<div class=\"elementor-widget-container\">\n\t\t\t\t\t\t\t\t\t<p>The competent person who receives and assesses the reasonableness and truthfulness of the Notification is Tom\u00e1\u0161 Paulus, and a substitute in his absence is Aneta Mikl\u00e1\u0161ov\u00e1.<\/p><p>\u010cD Cargo a.s. vylu\u010duje p\u0159ij\u00edm\u00e1n\u00ed Ozn\u00e1men\u00ed od osoby, kter\u00e1 pro \u010cD Cargo, a.s. nevykon\u00e1v\u00e1 pr\u00e1ci nebo jinou obdobnou \u010dinnost podle \u00a7 2 odst. 3 p\u00edsm. a), b), h) nebo i) Z\u00e1kona , tj. kter\u00e9 pro \u010cD Cargo, a.s. nevykon\u00e1vaj\u00ed z\u00e1vislou pr\u00e1ci vykon\u00e1vanou v z\u00e1kladn\u00edm pracovn\u011bpr\u00e1vn\u00edm vztahu, dobrovolnickou \u010dinnost nebo odbornou praxi \u010di st\u00e1\u017e. \u010cD Cargo a.s. vylu\u010duje p\u0159ij\u00edm\u00e1n\u00ed anonymn\u00edch ozn\u00e1men\u00ed. Anonymn\u00edm oznamovatel\u016fm nen\u00e1le\u017e\u00ed ochrana dle Z\u00e1kona.        <\/p><p>The notifier must be aware of his responsibility for a knowingly false notification, including criminal liability, especially for offenses of defamation in accordance with the provisions of Section 184 of the Criminal Code and\/or of a criminal charge under Section 345 of the Criminal Code, when making the notification. Notifications must not be misused with the intent to harm others. <\/p>\t\t\t\t\t\t\t\t<\/div>\n\t\t\t\t<\/div>\n\t\t\t\t\t<\/div>\n\t\t\t\t<\/div>\n\t\t\t\t<\/div>\n\t\t","protected":false},"excerpt":{"rendered":"<p>Whistleblowing \u010cD Cargo, a.s. accepts notifications from natural persons containing information about a possible unlawful act of which the notifier has become aware in connection with work or other similar activity for \u010cD Cargo, a.s. and which has the characteristics of a criminal offence or misdemeanour or violates a legal regulation or a regulation of [&hellip;]<\/p>\n","protected":false},"author":1,"featured_media":1442,"parent":0,"menu_order":0,"comment_status":"closed","ping_status":"closed","template":"","meta":{"_acf_changed":false,"footnotes":""},"class_list":["post-2734","page","type-page","status-publish","has-post-thumbnail","hentry"],"acf":[],"_links":{"self":[{"href":"https:\/\/www.cdcargo.cz\/en\/wp-json\/wp\/v2\/pages\/2734","targetHints":{"allow":["GET"]}}],"collection":[{"href":"https:\/\/www.cdcargo.cz\/en\/wp-json\/wp\/v2\/pages"}],"about":[{"href":"https:\/\/www.cdcargo.cz\/en\/wp-json\/wp\/v2\/types\/page"}],"author":[{"embeddable":true,"href":"https:\/\/www.cdcargo.cz\/en\/wp-json\/wp\/v2\/users\/1"}],"replies":[{"embeddable":true,"href":"https:\/\/www.cdcargo.cz\/en\/wp-json\/wp\/v2\/comments?post=2734"}],"version-history":[{"count":0,"href":"https:\/\/www.cdcargo.cz\/en\/wp-json\/wp\/v2\/pages\/2734\/revisions"}],"wp:featuredmedia":[{"embeddable":true,"href":"https:\/\/www.cdcargo.cz\/en\/wp-json\/wp\/v2\/media\/1442"}],"wp:attachment":[{"href":"https:\/\/www.cdcargo.cz\/en\/wp-json\/wp\/v2\/media?parent=2734"}],"curies":[{"name":"wp","href":"https:\/\/api.w.org\/{rel}","templated":true}]}}