{"id":2761,"date":"2025-07-22T13:00:49","date_gmt":"2025-07-22T13:00:49","guid":{"rendered":"https:\/\/www.cdcargo.cz\/cim-smgs\/"},"modified":"2025-09-04T09:19:37","modified_gmt":"2025-09-04T09:19:37","slug":"cim-smgs","status":"publish","type":"page","link":"https:\/\/www.cdcargo.cz\/en\/shipping-terms\/cim-smgs\/","title":{"rendered":"CIM\/SMGS"},"content":{"rendered":"\t\t<div data-elementor-type=\"wp-page\" data-elementor-id=\"2761\" class=\"elementor elementor-2761 elementor-2706\" data-elementor-post-type=\"page\">\n\t\t\t\t<div data-particle_enable=\"false\" data-particle-mobile-disabled=\"false\" class=\"elementor-element elementor-element-b4fbe20 e-flex e-con-boxed e-con e-parent\" data-id=\"b4fbe20\" data-element_type=\"container\" data-e-type=\"container\" data-settings=\"{&quot;background_background&quot;:&quot;classic&quot;}\">\n\t\t\t\t\t<div class=\"e-con-inner\">\n\t\t\t\t<div class=\"elementor-element elementor-element-c610d40 elementor-widget elementor-widget-heading\" data-id=\"c610d40\" data-element_type=\"widget\" data-e-type=\"widget\" data-widget_type=\"heading.default\">\n\t\t\t\t<div class=\"elementor-widget-container\">\n\t\t\t\t\t<h1 class=\"elementor-heading-title elementor-size-default\">CIM\/SMGS<\/h1>\t\t\t\t<\/div>\n\t\t\t\t<\/div>\n\t\t\t\t<div class=\"elementor-element elementor-element-10d2203 no-icon elementor-widget elementor-widget-heading\" data-id=\"10d2203\" data-element_type=\"widget\" data-e-type=\"widget\" data-widget_type=\"heading.default\">\n\t\t\t\t<div class=\"elementor-widget-container\">\n\t\t\t\t\t<h2 class=\"elementor-heading-title elementor-size-default\">For many years, \u010cD Cargo has been focusing on the cooperation with Eastern European states, and for this purpose it supports and promotes the unified consignment note CIM\/SMGS<\/h2>\t\t\t\t<\/div>\n\t\t\t\t<\/div>\n\t\t\t\t\t<\/div>\n\t\t\t\t<\/div>\n\t\t<div data-particle_enable=\"false\" data-particle-mobile-disabled=\"false\" class=\"elementor-element elementor-element-7f3aac3 e-flex e-con-boxed e-con e-parent\" data-id=\"7f3aac3\" data-element_type=\"container\" data-e-type=\"container\">\n\t\t\t\t\t<div class=\"e-con-inner\">\n\t\t\t\t<div class=\"elementor-element elementor-element-e2e63d9 elementor-widget elementor-widget-text-editor\" data-id=\"e2e63d9\" data-element_type=\"widget\" data-e-type=\"widget\" data-widget_type=\"text-editor.default\">\n\t\t\t\t<div class=\"elementor-widget-container\">\n\t\t\t\t\t\t\t\t\t<p>During the railway transport to the \u201eEast&#8221; (simply the CIS states, China, etc.), it is necessary to tranship the goods from standard gauge wagons (1435 mm) to broad gauge wagons (1520 mm), and complete then so called reconsignment, i.e. data transfer from CN CIM to CN SMGS. Analogical situation is in the opposite direction, i.e. during the import from that countries. The matter of reconsignment results from the existence of two carriage rights, Convention concerning International Carriage by Rail (COTIF), which, together with Uniform Rules Concerning the Contract of International Carriage of Goods by Rail (CIM), controls the \u201eWestern&#8221; countries, and Agreement on International Goods Transport by Rail (SMGS), applies in CIS countries and some European and Asian countries.<\/p><p>At the end of the nineties, involved international organization (OSJD, OTIF) participated, and the International Rail Transport Committee coordinated the unification by means of creating a new consignment note CIM\/SMGS. This new consignment note which combines the consignment notes CIM and SMGS, became valid on 01.09.06. Since then, individual carriers, or more precisely consignors can use it.    <\/p><p>The use of combined consignment note CIM\/SMGS introduces three main advantages:<\/p><ol><li>Reduction of costs of consignors for reconsignment (approx 40 EUR\/CN)<\/li><li>Acceleration of transport (approx 40 min\/CN)<\/li><li>Increases the quality of the transport process by preventing errors during the CN transcription (the errors cannot be objectively avoided during the CN transcription in case of large volumes)<\/li><\/ol><p> <\/p><p>The consignment note as indicated by statistics of \u010cD Cargo, and also of other railways e.g. RZD and UZ, grew in popularity. In \u010cD Cargo, the use of CN CIM\/SMGS is predominant during the export to Russian Federation, where the note is used in almost 90% of all completed shipments. During the import from Russian Federation, where the consent of all participating subjects is necessary, reaches 30% of use.  <\/p><p>In the beginning of the new \u201eproduct&#8221; implementation, it was necessary to pre-agree all shipments. on the consignment note CIM\/SMGS with the interested parties, i.e. the customers and participating railways. Currently, it is not necessary to pre-agree all transports \u2013 specific rules are specified in the CIM\/SMGS Consignment Note Manual , which can be received in electronic format on pages www.cdcargo.cz. Special attention is required for the transport of dangerous goods (RID), where it is necessary to ensure that the consignor during the export from the Czech Republic correctly specifies the description of the goods as per annex 2 to SMGS (Rules for the Transport of Dangerous Goods).   <\/p>\t\t\t\t\t\t\t\t<\/div>\n\t\t\t\t<\/div>\n\t\t\t\t<div class=\"elementor-element elementor-element-cb8443e elementor-widget elementor-widget-wpdm_packages_auto\" data-id=\"cb8443e\" data-element_type=\"widget\" data-e-type=\"widget\" data-widget_type=\"wpdm_packages_auto.default\">\n\t\t\t\t<div class=\"elementor-widget-container\">\n\t\t\t\t\t<div class='w3eden'>\n    <div class=''>\n\n        \n        <div id=\"content_wpdm_package_1\">\n            <div class='row'><div class='col-lg-12 col-md-12 col-12'><!-- WPDM Link Template: Compact (klikac\u00ed box & n\u00e1zev) -->\n\n<div class=\"well c2a3 cdcargo-dl-cta-compact dl-box-clickable\">\n    <div class=\"dl-cta-compact-flex\">\n        <div class=\"dl-cta-compact-title dl-title-clickable\">\n            CIM\/SMGS Consignment Note Manual (GLV-CIM\/SMGS) \n        <\/div>\n        <div class=\"dl-cta-compact-download\">\n            <a class='wpdm-download-link download-on-click btn btn-primary ' rel='nofollow' href='#' data-downloadurl=\"https:\/\/www.cdcargo.cz\/en\/download\/cim-smgs-consignment-note-manual-glv-cim-smgs\/?wpdmdl=7356&refresh=69e4bf7eeea641776598910\">Download<\/a>\n        <\/div>\n    <\/div>\n<\/div>\n<style>\n.cdcargo-dl-cta-compact { margin: 0 0 10px 0; padding: 6px 14px !important; border-radius: 8px; background: #f5f5f5 !important; border: 1px solid #eee; box-sizing: border-box; box-shadow: none;}\n.dl-cta-compact-flex { display: flex; align-items: center; justify-content: space-between; gap: 10px;}\n.dl-cta-compact-title { font-size: 15px; color: #002664 !important;font-weight: 500; white-space: nowrap; overflow: hidden; text-overflow: ellipsis;}\n\n\/* \u0161t\u00edtek \"platnost od:\" \u2013 stejn\u00e9 chov\u00e1n\u00ed jako v prvn\u00ed \u0161ablon\u011b *\/\n.wpdm-valid-from-inline { margin-left: .5rem; font-size: .9em; color: #666; font-weight: 600; white-space: nowrap; }\n\n.dl-cta-compact-download .btn, .dl-cta-compact-download [class*=\"wpdm-\"] { background: #ffe900 !important; color: #003057 !important; border: none; padding: 4px 16px; font-size: 0.95rem; border-radius: 0 !important; min-width: 80px; font-weight: 700; text-transform: none; box-shadow: none; transition: background 0.15s, color 0.15s;}\n.dl-cta-compact-download .btn:hover, .dl-cta-compact-download [class*=\"wpdm-\"]:hover { background: #003057 !important; color: #ffe900 !important;}\n\n@media (max-width: 600px) {\n    .cdcargo-dl-cta-compact { padding: 10px !important; background: #f5f5f5 !important;}\n    .dl-cta-compact-flex { flex-direction: column; align-items: stretch; gap: 6px;}\n    .dl-cta-compact-title { font-size: 14px; text-align: left; white-space: normal; color: #002664 !important;} \/* dovol\u00ed zalomen\u00ed na mobilu *\/\n    .dl-cta-compact-download { align-self: flex-end;}\n}\n<\/style>\n<script>\ndocument.addEventListener('DOMContentLoaded', function() {\n    document.querySelectorAll('.dl-box-clickable').forEach(function(box) {\n        var btn = box.querySelector('.dl-cta-compact-download a, .dl-cta-compact-download button, .dl-cta-download a, .dl-cta-download button');\n        if (!btn) return;\n        var url = btn.getAttribute('href') || btn.getAttribute('data-href');\n        if (!url) return;\n        box.addEventListener('click', function(e) {\n            if(e.target.closest('.dl-cta-compact-download, .dl-cta-download')) return;\n            btn.click();\n        });\n        var title = box.querySelector('.dl-title-clickable');\n        if(title) {\n            title.style.cursor = 'pointer';\n            title.addEventListener('click', function(e) {\n                e.preventDefault();\n                window.location = url;\n            });\n        }\n        box.style.cursor = 'pointer';\n    });\n});\n<\/script><\/div><div class='col-lg-12 col-md-12 col-12'><!-- WPDM Link Template: Compact (klikac\u00ed box & n\u00e1zev) -->\n\n<div class=\"well c2a3 cdcargo-dl-cta-compact dl-box-clickable\">\n    <div class=\"dl-cta-compact-flex\">\n        <div class=\"dl-cta-compact-title dl-title-clickable\">\n            CIM\/SMGS container list (printed form) \n        <\/div>\n        <div class=\"dl-cta-compact-download\">\n            <a class='wpdm-download-link download-on-click btn btn-primary ' rel='nofollow' href='#' data-downloadurl=\"https:\/\/www.cdcargo.cz\/en\/download\/cim-smgs-container-list-printed-form\/?wpdmdl=7370&refresh=69e4bf7f29d511776598911\">Download<\/a>\n        <\/div>\n    <\/div>\n<\/div>\n<style>\n.cdcargo-dl-cta-compact { margin: 0 0 10px 0; padding: 6px 14px !important; border-radius: 8px; background: #f5f5f5 !important; border: 1px solid #eee; box-sizing: border-box; box-shadow: none;}\n.dl-cta-compact-flex { display: flex; align-items: center; justify-content: space-between; gap: 10px;}\n.dl-cta-compact-title { font-size: 15px; color: #002664 !important;font-weight: 500; white-space: nowrap; overflow: hidden; text-overflow: ellipsis;}\n\n\/* \u0161t\u00edtek \"platnost od:\" \u2013 stejn\u00e9 chov\u00e1n\u00ed jako v prvn\u00ed \u0161ablon\u011b *\/\n.wpdm-valid-from-inline { margin-left: .5rem; font-size: .9em; color: #666; font-weight: 600; white-space: nowrap; }\n\n.dl-cta-compact-download .btn, .dl-cta-compact-download [class*=\"wpdm-\"] { background: #ffe900 !important; color: #003057 !important; border: none; padding: 4px 16px; font-size: 0.95rem; border-radius: 0 !important; min-width: 80px; font-weight: 700; text-transform: none; box-shadow: none; transition: background 0.15s, color 0.15s;}\n.dl-cta-compact-download .btn:hover, .dl-cta-compact-download [class*=\"wpdm-\"]:hover { background: #003057 !important; color: #ffe900 !important;}\n\n@media (max-width: 600px) {\n    .cdcargo-dl-cta-compact { padding: 10px !important; background: #f5f5f5 !important;}\n    .dl-cta-compact-flex { flex-direction: column; align-items: stretch; gap: 6px;}\n    .dl-cta-compact-title { font-size: 14px; text-align: left; white-space: normal; color: #002664 !important;} \/* dovol\u00ed zalomen\u00ed na mobilu *\/\n    .dl-cta-compact-download { align-self: flex-end;}\n}\n<\/style>\n<script>\ndocument.addEventListener('DOMContentLoaded', function() {\n    document.querySelectorAll('.dl-box-clickable').forEach(function(box) {\n        var btn = box.querySelector('.dl-cta-compact-download a, .dl-cta-compact-download button, .dl-cta-download a, .dl-cta-download button');\n        if (!btn) return;\n        var url = btn.getAttribute('href') || btn.getAttribute('data-href');\n        if (!url) return;\n        box.addEventListener('click', function(e) {\n            if(e.target.closest('.dl-cta-compact-download, .dl-cta-download')) return;\n            btn.click();\n        });\n        var title = box.querySelector('.dl-title-clickable');\n        if(title) {\n            title.style.cursor = 'pointer';\n            title.addEventListener('click', function(e) {\n                e.preventDefault();\n                window.location = url;\n            });\n        }\n        box.style.cursor = 'pointer';\n    });\n});\n<\/script><\/div><div class='col-lg-12 col-md-12 col-12'><!-- WPDM Link Template: Compact (klikac\u00ed box & n\u00e1zev) -->\n\n<div class=\"well c2a3 cdcargo-dl-cta-compact dl-box-clickable\">\n    <div class=\"dl-cta-compact-flex\">\n        <div class=\"dl-cta-compact-title dl-title-clickable\">\n            CIM\/SMGS wagon list (printed form) \n        <\/div>\n        <div class=\"dl-cta-compact-download\">\n            <a class='wpdm-download-link download-on-click btn btn-primary ' rel='nofollow' href='#' data-downloadurl=\"https:\/\/www.cdcargo.cz\/en\/download\/cim-smgs-wagon-list-printed-form\/?wpdmdl=7368&refresh=69e4bf7f574f51776598911\">Download<\/a>\n        <\/div>\n    <\/div>\n<\/div>\n<style>\n.cdcargo-dl-cta-compact { margin: 0 0 10px 0; padding: 6px 14px !important; border-radius: 8px; background: #f5f5f5 !important; border: 1px solid #eee; box-sizing: border-box; box-shadow: none;}\n.dl-cta-compact-flex { display: flex; align-items: center; justify-content: space-between; gap: 10px;}\n.dl-cta-compact-title { font-size: 15px; color: #002664 !important;font-weight: 500; white-space: nowrap; overflow: hidden; text-overflow: ellipsis;}\n\n\/* \u0161t\u00edtek \"platnost od:\" \u2013 stejn\u00e9 chov\u00e1n\u00ed jako v prvn\u00ed \u0161ablon\u011b *\/\n.wpdm-valid-from-inline { margin-left: .5rem; font-size: .9em; color: #666; font-weight: 600; white-space: nowrap; }\n\n.dl-cta-compact-download .btn, .dl-cta-compact-download [class*=\"wpdm-\"] { background: #ffe900 !important; color: #003057 !important; border: none; padding: 4px 16px; font-size: 0.95rem; border-radius: 0 !important; min-width: 80px; font-weight: 700; text-transform: none; box-shadow: none; transition: background 0.15s, color 0.15s;}\n.dl-cta-compact-download .btn:hover, .dl-cta-compact-download [class*=\"wpdm-\"]:hover { background: #003057 !important; color: #ffe900 !important;}\n\n@media (max-width: 600px) {\n    .cdcargo-dl-cta-compact { padding: 10px !important; background: #f5f5f5 !important;}\n    .dl-cta-compact-flex { flex-direction: column; align-items: stretch; gap: 6px;}\n    .dl-cta-compact-title { font-size: 14px; text-align: left; white-space: normal; color: #002664 !important;} \/* dovol\u00ed zalomen\u00ed na mobilu *\/\n    .dl-cta-compact-download { align-self: flex-end;}\n}\n<\/style>\n<script>\ndocument.addEventListener('DOMContentLoaded', function() {\n    document.querySelectorAll('.dl-box-clickable').forEach(function(box) {\n        var btn = box.querySelector('.dl-cta-compact-download a, .dl-cta-compact-download button, .dl-cta-download a, .dl-cta-download button');\n        if (!btn) return;\n        var url = btn.getAttribute('href') || btn.getAttribute('data-href');\n        if (!url) return;\n        box.addEventListener('click', function(e) {\n            if(e.target.closest('.dl-cta-compact-download, .dl-cta-download')) return;\n            btn.click();\n        });\n        var title = box.querySelector('.dl-title-clickable');\n        if(title) {\n            title.style.cursor = 'pointer';\n            title.addEventListener('click', function(e) {\n                e.preventDefault();\n                window.location = url;\n            });\n        }\n        box.style.cursor = 'pointer';\n    });\n});\n<\/script><\/div><div class='col-lg-12 col-md-12 col-12'><!-- WPDM Link Template: Compact (klikac\u00ed box & n\u00e1zev) -->\n\n<div class=\"well c2a3 cdcargo-dl-cta-compact dl-box-clickable\">\n    <div class=\"dl-cta-compact-flex\">\n        <div class=\"dl-cta-compact-title dl-title-clickable\">\n            Specimen of the CIM\/SMGS consignment note 5. \n        <\/div>\n        <div class=\"dl-cta-compact-download\">\n            <a class='wpdm-download-link download-on-click btn btn-primary ' rel='nofollow' href='#' data-downloadurl=\"https:\/\/www.cdcargo.cz\/en\/download\/specimen-of-the-cim-smgs-consignment-note-5\/?wpdmdl=7360&refresh=69e4bf7f853411776598911\">Download<\/a>\n        <\/div>\n    <\/div>\n<\/div>\n<style>\n.cdcargo-dl-cta-compact { margin: 0 0 10px 0; padding: 6px 14px !important; border-radius: 8px; background: #f5f5f5 !important; border: 1px solid #eee; box-sizing: border-box; box-shadow: none;}\n.dl-cta-compact-flex { display: flex; align-items: center; justify-content: space-between; gap: 10px;}\n.dl-cta-compact-title { font-size: 15px; color: #002664 !important;font-weight: 500; white-space: nowrap; overflow: hidden; text-overflow: ellipsis;}\n\n\/* \u0161t\u00edtek \"platnost od:\" \u2013 stejn\u00e9 chov\u00e1n\u00ed jako v prvn\u00ed \u0161ablon\u011b *\/\n.wpdm-valid-from-inline { margin-left: .5rem; font-size: .9em; color: #666; font-weight: 600; white-space: nowrap; }\n\n.dl-cta-compact-download .btn, .dl-cta-compact-download [class*=\"wpdm-\"] { background: #ffe900 !important; color: #003057 !important; border: none; padding: 4px 16px; font-size: 0.95rem; border-radius: 0 !important; min-width: 80px; font-weight: 700; text-transform: none; box-shadow: none; transition: background 0.15s, color 0.15s;}\n.dl-cta-compact-download .btn:hover, .dl-cta-compact-download [class*=\"wpdm-\"]:hover { background: #003057 !important; color: #ffe900 !important;}\n\n@media (max-width: 600px) {\n    .cdcargo-dl-cta-compact { padding: 10px !important; background: #f5f5f5 !important;}\n    .dl-cta-compact-flex { flex-direction: column; align-items: stretch; gap: 6px;}\n    .dl-cta-compact-title { font-size: 14px; text-align: left; white-space: normal; color: #002664 !important;} \/* dovol\u00ed zalomen\u00ed na mobilu *\/\n    .dl-cta-compact-download { align-self: flex-end;}\n}\n<\/style>\n<script>\ndocument.addEventListener('DOMContentLoaded', function() {\n    document.querySelectorAll('.dl-box-clickable').forEach(function(box) {\n        var btn = box.querySelector('.dl-cta-compact-download a, .dl-cta-compact-download button, .dl-cta-download a, .dl-cta-download button');\n        if (!btn) return;\n        var url = btn.getAttribute('href') || btn.getAttribute('data-href');\n        if (!url) return;\n        box.addEventListener('click', function(e) {\n            if(e.target.closest('.dl-cta-compact-download, .dl-cta-download')) return;\n            btn.click();\n        });\n        var title = box.querySelector('.dl-title-clickable');\n        if(title) {\n            title.style.cursor = 'pointer';\n            title.addEventListener('click', function(e) {\n                e.preventDefault();\n                window.location = url;\n            });\n        }\n        box.style.cursor = 'pointer';\n    });\n});\n<\/script><\/div><\/div>                    <\/div>\n\n        <div style='clear:both'><\/div>\n    <\/div>\n<\/div>\n\t\t\t\t<\/div>\n\t\t\t\t<\/div>\n\t\t\t\t\t<\/div>\n\t\t\t\t<\/div>\n\t\t\t\t<\/div>\n\t\t","protected":false},"excerpt":{"rendered":"<p>For many years, \u010cD Cargo has been focusing on the cooperation with Eastern European states, and for this purpose it supports and promotes the unified consignment note CIM\/SMGS During the railway transport to the \u201eEast&#8221; (simply the CIS states, China, etc.), it is necessary to tranship the goods from standard gauge wagons (1435 mm) to [&hellip;]<\/p>\n","protected":false},"author":1,"featured_media":1442,"parent":6101,"menu_order":0,"comment_status":"closed","ping_status":"closed","template":"","meta":{"_acf_changed":false,"footnotes":""},"class_list":["post-2761","page","type-page","status-publish","has-post-thumbnail","hentry"],"acf":[],"_links":{"self":[{"href":"https:\/\/www.cdcargo.cz\/en\/wp-json\/wp\/v2\/pages\/2761","targetHints":{"allow":["GET"]}}],"collection":[{"href":"https:\/\/www.cdcargo.cz\/en\/wp-json\/wp\/v2\/pages"}],"about":[{"href":"https:\/\/www.cdcargo.cz\/en\/wp-json\/wp\/v2\/types\/page"}],"author":[{"embeddable":true,"href":"https:\/\/www.cdcargo.cz\/en\/wp-json\/wp\/v2\/users\/1"}],"replies":[{"embeddable":true,"href":"https:\/\/www.cdcargo.cz\/en\/wp-json\/wp\/v2\/comments?post=2761"}],"version-history":[{"count":0,"href":"https:\/\/www.cdcargo.cz\/en\/wp-json\/wp\/v2\/pages\/2761\/revisions"}],"up":[{"embeddable":true,"href":"https:\/\/www.cdcargo.cz\/en\/wp-json\/wp\/v2\/pages\/6101"}],"wp:featuredmedia":[{"embeddable":true,"href":"https:\/\/www.cdcargo.cz\/en\/wp-json\/wp\/v2\/media\/1442"}],"wp:attachment":[{"href":"https:\/\/www.cdcargo.cz\/en\/wp-json\/wp\/v2\/media?parent=2761"}],"curies":[{"name":"wp","href":"https:\/\/api.w.org\/{rel}","templated":true}]}}